{"id":6322,"date":"2026-05-11T14:14:03","date_gmt":"2026-05-11T12:14:03","guid":{"rendered":"https:\/\/cpcorella.educacion.navarra.es\/blogs\/?page_id=6322"},"modified":"2026-05-11T14:15:34","modified_gmt":"2026-05-11T12:15:34","slug":"linea-pedagogica-del-colegio-ciudad-de-corella","status":"publish","type":"page","link":"https:\/\/cpcorella.educacion.navarra.es\/blogs\/linea-pedagogica-del-colegio-ciudad-de-corella\/","title":{"rendered":"L\u00ednea Pedag\u00f3gica del Colegio Ciudad de Corella"},"content":{"rendered":"\n<p>La l\u00ednea pedag\u00f3gica del <span class=\"hover:entity-accent entity-underline inline cursor-pointer align-baseline\"><span class=\"whitespace-normal\">Colegio Ciudad de Corella<\/span><\/span> se fundamenta en una educaci\u00f3n integral, innovadora y centrada en las personas, promoviendo el desarrollo acad\u00e9mico, emocional y social del alumnado dentro de un entorno seguro, participativo y enriquecedor.<\/p>\n<div class=\"qMYqUG_convSearchResultHighlightRoot\">\n<div class=\"\" data-turn-id-container=\"request-WEB:ed4579e6-864b-41cb-aed9-6fb37a60d487-2\" data-is-intersecting=\"true\">\n<div class=\"relative w-full overflow-visible\">\n<section class=\"text-token-text-primary w-full focus:outline-none [--shadow-height:45px] has-data-writing-block:pointer-events-none has-data-writing-block:-mt-(--shadow-height) has-data-writing-block:pt-(--shadow-height) [&amp;:has([data-writing-block])&gt;*]:pointer-events-auto R6Vx5W_threadScrollVars scroll-mb-[calc(var(--scroll-root-safe-area-inset-bottom,0px)+var(--thread-response-height))] scroll-mt-[calc(var(--header-height)+min(200px,max(70px,20svh)))]\" dir=\"auto\" data-turn-id=\"request-WEB:ed4579e6-864b-41cb-aed9-6fb37a60d487-2\" data-turn-id-container=\"request-WEB:ed4579e6-864b-41cb-aed9-6fb37a60d487-2\" data-testid=\"conversation-turn-6\" data-scroll-anchor=\"false\" data-turn=\"assistant\">\n<div class=\"text-base my-auto mx-auto pb-10 [--thread-content-margin:var(--thread-content-margin-xs,calc(var(--spacing)*4))] @w-sm\/main:[--thread-content-margin:var(--thread-content-margin-sm,calc(var(--spacing)*6))] @w-lg\/main:[--thread-content-margin:var(--thread-content-margin-lg,calc(var(--spacing)*16))] px-(--thread-content-margin)\">\n<div class=\"[--thread-content-max-width:40rem] @w-lg\/main:[--thread-content-max-width:48rem] mx-auto max-w-(--thread-content-max-width) flex-1 group\/turn-messages focus-visible:outline-hidden relative flex w-full min-w-0 flex-col agent-turn\">\n<div class=\"flex max-w-full flex-col gap-4 grow\">\n<div class=\"min-h-8 text-message relative flex w-full flex-col items-end gap-2 text-start break-words whitespace-normal outline-none keyboard-focused:focus-ring [.text-message+&amp;]:mt-1\" dir=\"auto\" tabindex=\"0\" data-message-author-role=\"assistant\" data-message-id=\"69f48a04-88ec-4651-aa17-dcfbf2696d1d\" data-message-model-slug=\"gpt-5-5\" data-turn-start-message=\"true\">\n<div class=\"flex w-full flex-col gap-1 empty:hidden\">\n<div class=\"markdown prose dark:prose-invert wrap-break-word w-full light markdown-new-styling\">\n<h1 data-section-id=\"b1mdt7\" data-start=\"62\" data-end=\"68\">\ud83c\udf31\u00a0COMPROMETIDA<\/h1>\n<p data-start=\"86\" data-end=\"331\">Fomentamos valores como la solidaridad, la colaboraci\u00f3n, el respeto y la igualdad en todas sus dimensiones. Educamos en el compromiso con la sostenibilidad, el cuidado del medio ambiente y la construcci\u00f3n de una sociedad m\u00e1s justa y responsable.<\/p>\n<hr data-start=\"333\" data-end=\"336\" \/>\n<h1 data-section-id=\"b1phma\" data-start=\"338\" data-end=\"344\">\ud83c\udfa8\u00a0CREATIVA<\/h1>\n<p data-start=\"358\" data-end=\"581\">Impulsamos propuestas y proyectos originales, saludables y reflexivos que nacen de toda la comunidad educativa. Potenciamos la imaginaci\u00f3n, la curiosidad y el pensamiento cr\u00edtico mediante metodolog\u00edas activas e innovadoras.<\/p>\n<hr data-start=\"583\" data-end=\"586\" \/>\n<h1 data-section-id=\"b1vwn9\" data-start=\"588\" data-end=\"594\">\ud83e\udd1dABIERTA<\/h1>\n<p data-start=\"607\" data-end=\"832\">Somos una escuela participativa, comunicativa, integradora y cercana. Favorecemos la colaboraci\u00f3n entre alumnado, familias, profesorado y entorno social, construyendo una comunidad educativa unida y conectada con la realidad.<\/p>\n<hr data-start=\"834\" data-end=\"837\" \/>\n<h1 data-section-id=\"b1v1ls\" data-start=\"839\" data-end=\"845\">\ud83d\udc9bC\u00c1LIDA<\/h1>\n<p data-start=\"857\" data-end=\"1041\">Creamos un ambiente de seguridad, tranquilidad, acogida y escucha, donde cada persona se siente valorada y acompa\u00f1ada. Nuestro centro es un espacio vivo, motivador y seguro para todos.<\/p>\n<hr data-start=\"1043\" data-end=\"1046\" \/>\n<h1 data-section-id=\"b21jzp\" data-start=\"1048\" data-end=\"1054\">\ud83e\uddedCOHERENTE<\/h1>\n<p data-start=\"1069\" data-end=\"1229\">Mantenemos una l\u00ednea educativa clara y uniforme, basada en valores compartidos y pr\u00e1cticas coherentes que sirven de referencia para toda la comunidad educativa.<\/p>\n<hr data-start=\"1231\" data-end=\"1234\" \/>\n<h1 data-section-id=\"b1p97s\" data-start=\"1236\" data-end=\"1242\">\ud83c\udfb2DIVERTIDA<\/h1>\n<p data-start=\"1257\" data-end=\"1427\">Entendemos el aprendizaje desde el juego, la experimentaci\u00f3n, la manipulaci\u00f3n y las vivencias enriquecedoras. Aprender disfrutando es la base de nuestra actividad diaria.<\/p>\n<hr data-start=\"1429\" data-end=\"1432\" \/>\n<h1 data-section-id=\"b1lvbr\" data-start=\"1434\" data-end=\"1440\">\ud83c\udf0dPLURILING\u00dcE<\/h1>\n<p data-start=\"1457\" data-end=\"1614\">Promovemos el enriquecimiento ling\u00fc\u00edstico y cultural, favoreciendo la m\u00e1xima competencia en las distintas lenguas vehiculares y una visi\u00f3n abierta del mundo.<\/p>\n<hr data-start=\"1616\" data-end=\"1619\" \/>\n<h1 data-section-id=\"1clrnpb\" data-start=\"1621\" data-end=\"1627\">\u2696\ufe0fCOEDUCADORA E IGUALITARIA<\/h1>\n<p data-start=\"1658\" data-end=\"1835\" data-is-last-node=\"\" data-is-only-node=\"\">Basamos nuestra acci\u00f3n educativa en la igualdad de oportunidades, la coeducaci\u00f3n, el respeto mutuo y la convivencia positiva, formando personas libres, cr\u00edticas y comprometidas.<\/p>\n<\/div>\n<\/div>\n<\/div>\n<\/div>\n<div class=\"mt-3 w-full empty:hidden\">\n<div class=\"text-center\">\u00a0<\/div>\n<\/div>\n<\/div>\n<\/div>\n<\/section>\n<div class=\"contents\">\u00a0<\/div>\n<\/div>\n<\/div>\n<\/div>\n<div class=\"pointer-events-none -mt-px h-px translate-y-[calc(var(--scroll-root-safe-area-inset-bottom)-14*var(--spacing))]\" aria-hidden=\"true\">\u00a0<\/div>\n","protected":false},"excerpt":{"rendered":"<p>La l\u00ednea pedag\u00f3gica del Colegio Ciudad de Corella se fundamenta en una educaci\u00f3n integral, innovadora y centrada en las personas, promoviendo el desarrollo acad\u00e9mico, emocional y social del alumnado dentro de un entorno seguro, participativo y enriquecedor. \ud83c\udf31\u00a0COMPROMETIDA Fomentamos valores como la solidaridad, la colaboraci\u00f3n, el respeto y la igualdad en todas sus dimensiones. Educamos &hellip; <\/p>\n<p><a class=\"more-link btn\" href=\"https:\/\/cpcorella.educacion.navarra.es\/blogs\/linea-pedagogica-del-colegio-ciudad-de-corella\/\">Continue reading<\/a><\/p>\n","protected":false},"author":6,"featured_media":0,"parent":0,"menu_order":0,"comment_status":"closed","ping_status":"closed","template":"","meta":[],"_links":{"self":[{"href":"https:\/\/cpcorella.educacion.navarra.es\/blogs\/wp-json\/wp\/v2\/pages\/6322"}],"collection":[{"href":"https:\/\/cpcorella.educacion.navarra.es\/blogs\/wp-json\/wp\/v2\/pages"}],"about":[{"href":"https:\/\/cpcorella.educacion.navarra.es\/blogs\/wp-json\/wp\/v2\/types\/page"}],"author":[{"embeddable":true,"href":"https:\/\/cpcorella.educacion.navarra.es\/blogs\/wp-json\/wp\/v2\/users\/6"}],"replies":[{"embeddable":true,"href":"https:\/\/cpcorella.educacion.navarra.es\/blogs\/wp-json\/wp\/v2\/comments?post=6322"}],"version-history":[{"count":2,"href":"https:\/\/cpcorella.educacion.navarra.es\/blogs\/wp-json\/wp\/v2\/pages\/6322\/revisions"}],"predecessor-version":[{"id":6326,"href":"https:\/\/cpcorella.educacion.navarra.es\/blogs\/wp-json\/wp\/v2\/pages\/6322\/revisions\/6326"}],"wp:attachment":[{"href":"https:\/\/cpcorella.educacion.navarra.es\/blogs\/wp-json\/wp\/v2\/media?parent=6322"}],"curies":[{"name":"wp","href":"https:\/\/api.w.org\/{rel}","templated":true}]}}