{"id":6025,"date":"2024-10-23T18:29:14","date_gmt":"2024-10-23T16:29:14","guid":{"rendered":"https:\/\/cpcorella.educacion.navarra.es\/blogs\/?page_id=6025"},"modified":"2024-10-23T18:29:15","modified_gmt":"2024-10-23T16:29:15","slug":"claudio-coello-y-sus-retablos-en-corella","status":"publish","type":"page","link":"https:\/\/cpcorella.educacion.navarra.es\/blogs\/claudio-coello-y-sus-retablos-en-corella\/","title":{"rendered":"CLAUDIO COELLO Y SUS RETABLOS EN CORELLA"},"content":{"rendered":"\n<p><img loading=\"lazy\" class=\"size-medium wp-image-6027 aligncenter\" src=\"https:\/\/cpcorella.educacion.navarra.es\/blogs\/wp-content\/uploads\/2024\/10\/002-2-300x225.png\" alt=\"\" width=\"300\" height=\"225\" srcset=\"https:\/\/cpcorella.educacion.navarra.es\/blogs\/wp-content\/uploads\/2024\/10\/002-2-300x225.png 300w, https:\/\/cpcorella.educacion.navarra.es\/blogs\/wp-content\/uploads\/2024\/10\/002-2.png 320w\" sizes=\"(max-width: 300px) 100vw, 300px\" \/><\/p>\n<p>Somos alumnos\/as de la clase de 6\u00ba D y hemos investigado relacionado con el convento de la Encarnaci\u00f3n de Monjas Benedictinas de Corella, hoy transformado en Museo Arrese. Nuestro grupo est\u00e1 formado por Sara, Fadwa, Asier, Ayman y Juan ha investigado sobre la vida del pintor Claudio Coello as\u00ed como dos lienzos grandes que se conservan pintados por \u00e9l en Corella.<\/p>\n<p>\u00a0<\/p>\n<p>Claudio Coello (Madrid, 1642-1693) fue un pintor espa\u00f1ol, destacado representante del pleno barroco madrile\u00f1o. Formado con Francisco Rizi, en 1683 fue nombrado pintor del rey Carlos II, cargo en el que acometer\u00e1 su m\u00e1s importante obra: La Adoraci\u00f3n de la Sagrada Forma de la sacrist\u00eda del Monasterio de El Escorial. Pintor de grandes telas de altar para las iglesias y conventos de Madrid y sus alrededores, fue tambi\u00e9n pintor al fresco y de arquitecturas ef\u00edmeras siempre con gran sentido escenogr\u00e1fico.<\/p>\n<p>Claudio Claudio Coello naci\u00f3 en 1642 en Madrid y falleci\u00f3 en 1693. Fue un destacado representante del pleno barroco madrile\u00f1o. Formado con Francisco Rizi, en 1683 fue nombrado pintor del rey Carlos II, cargo en el que acometi\u00f3 su obra m\u00e1s importante: La Adoraci\u00f3n de la Sagrada Forma, de la sacrist\u00eda del Monasterio de El Escorial. Pintor de grandes telas de altar para las iglesias y conventos de Madrid y sus alrededores, tambi\u00e9n se destac\u00f3 como pintor al fresco y en arquitecturas ef\u00edmeras, siempre con un gran sentido escenogr\u00e1fico.<\/p>\n<p>En el Museo Arrese de Corella, antiguo convento de Madres Benedictinas son destacables los impresionantes lienzos que se conservan de Claudio Coello: el martirio de San Pl\u00e1cido y las Bodas m\u00edsticas de Santa Gertrudis.<\/p>\n<p>Los dos retablos fueron donados en 1753 por Teresa \u00c1greda, casada con Pedro Go\u00f1i y Loyola, quintos abuelos de Mar\u00eda Teresa S\u00e1enz de Heredia y Arteta, fundadora junto a su marido Jos\u00e9 Luis Arrese de este Museo.<\/p>\n<p><br \/>Albergan dos magn\u00edficos lienzos pintados por Claudio Coello (1642-1693) que representan las \u201c<em>Bodas m\u00edsticas de Santa Gertrudis<\/em>\u201d y el \u201c<em>Martirio de San Pl\u00e1cido<\/em>\u201d, pintados al parecer entre 1680 y 1683, en que el autor se traslad\u00f3 a Zaragoza a pintar la iglesia de los Agustinos, conocida como la Manter\u00eda.<\/p>\n<p>El primer lienzo, seg\u00fan el profesor Jos\u00e9 Hern\u00e1ndez D\u00edaz, director de la Real Academia de Bellas Artes de Santa Isabel de Hungr\u00eda, de Sevilla y presidente del Patronato del Patrimonio Art\u00edstico Nacional, como una de las pinturas m\u00e1s importantes de Claudio Coello.<\/p>\n<p>El lienzo del \u201cMartirio de San Pl\u00e1cido\u201d es tambi\u00e9n una obra importante aunque sin la categor\u00eda del anterior.\u00a0<\/p>\n<p>Son importantes obras de arte en un museo local que merece la pena visitar.<\/p>\n<p>\u00a0<\/p>\n<p>El martirio de San Pl\u00e1cido, por Claudio Coello<\/p>\n<p><img loading=\"lazy\" class=\"size-full wp-image-6026 aligncenter\" src=\"https:\/\/cpcorella.educacion.navarra.es\/blogs\/wp-content\/uploads\/2024\/10\/001-7.png\" alt=\"\" width=\"225\" height=\"224\" srcset=\"https:\/\/cpcorella.educacion.navarra.es\/blogs\/wp-content\/uploads\/2024\/10\/001-7.png 225w, https:\/\/cpcorella.educacion.navarra.es\/blogs\/wp-content\/uploads\/2024\/10\/001-7-150x150.png 150w\" sizes=\"(max-width: 225px) 100vw, 225px\" \/><\/p>\n<p>\u00a0<\/p>\n<p>En el retablo del crucero, situado junto a la Virgen de Nuestra Se\u00f1ora del Socorro, hay un cuadro que representa el martirio de San Pl\u00e1cido, seg\u00fan la versi\u00f3n equivocada de Pedro Di\u00e1cono. Es de Claudio Coello, est\u00e1 sin firmar y, al igual que su pareja de enfrente, que se encuentra en la pared m\u00e1s h\u00fameda de la iglesia, necesita una cuidadosa atenci\u00f3n que, aunque hoy todav\u00eda resulta sencilla, podr\u00eda llegar a ser complicada con el tiempo.<\/p>\n<p>\u00a0<\/p>\n<p>El cuadro es an\u00e1logo en tama\u00f1o a los otros tres y, comparado con ellos, resulta el m\u00e1s d\u00e9bil en cuanto a dibujo, aunque, naturalmente, dentro de la correcci\u00f3n que caracteriza todas las obras de Coello. El semidesnudo sarraceno que forma el motivo central de este lienzo, aunque muestra todo el estudio anat\u00f3mico de su musculatura en fuerte contraste con la suavidad y entrega del Santo, no armoniza con \u00e9l, ni se explica bien la postura un tanto forzada del verdugo.<\/p>\n<p>\u00a0<\/p>\n<p><img loading=\"lazy\" class=\"size-medium wp-image-6028 aligncenter\" src=\"https:\/\/cpcorella.educacion.navarra.es\/blogs\/wp-content\/uploads\/2024\/10\/003-3-230x300.png\" alt=\"\" width=\"230\" height=\"300\" srcset=\"https:\/\/cpcorella.educacion.navarra.es\/blogs\/wp-content\/uploads\/2024\/10\/003-3-230x300.png 230w, https:\/\/cpcorella.educacion.navarra.es\/blogs\/wp-content\/uploads\/2024\/10\/003-3-555x723.png 555w, https:\/\/cpcorella.educacion.navarra.es\/blogs\/wp-content\/uploads\/2024\/10\/003-3.png 614w\" sizes=\"(max-width: 230px) 100vw, 230px\" \/><\/p>\n<p>\u00a0<\/p>\n<p>Este es uno de los retablos de Claudio Coello en Madrid.<\/p>\n","protected":false},"excerpt":{"rendered":"<p>Somos alumnos\/as de la clase de 6\u00ba D y hemos investigado relacionado con el convento de la Encarnaci\u00f3n de Monjas Benedictinas de Corella, hoy transformado en Museo Arrese. Nuestro grupo est\u00e1 formado por Sara, Fadwa, Asier, Ayman y Juan ha investigado sobre la vida del pintor Claudio Coello as\u00ed como dos lienzos grandes que se &hellip; <\/p>\n<p><a class=\"more-link btn\" href=\"https:\/\/cpcorella.educacion.navarra.es\/blogs\/claudio-coello-y-sus-retablos-en-corella\/\">Continue reading<\/a><\/p>\n","protected":false},"author":6,"featured_media":0,"parent":0,"menu_order":0,"comment_status":"closed","ping_status":"closed","template":"","meta":[],"_links":{"self":[{"href":"https:\/\/cpcorella.educacion.navarra.es\/blogs\/wp-json\/wp\/v2\/pages\/6025"}],"collection":[{"href":"https:\/\/cpcorella.educacion.navarra.es\/blogs\/wp-json\/wp\/v2\/pages"}],"about":[{"href":"https:\/\/cpcorella.educacion.navarra.es\/blogs\/wp-json\/wp\/v2\/types\/page"}],"author":[{"embeddable":true,"href":"https:\/\/cpcorella.educacion.navarra.es\/blogs\/wp-json\/wp\/v2\/users\/6"}],"replies":[{"embeddable":true,"href":"https:\/\/cpcorella.educacion.navarra.es\/blogs\/wp-json\/wp\/v2\/comments?post=6025"}],"version-history":[{"count":1,"href":"https:\/\/cpcorella.educacion.navarra.es\/blogs\/wp-json\/wp\/v2\/pages\/6025\/revisions"}],"predecessor-version":[{"id":6031,"href":"https:\/\/cpcorella.educacion.navarra.es\/blogs\/wp-json\/wp\/v2\/pages\/6025\/revisions\/6031"}],"wp:attachment":[{"href":"https:\/\/cpcorella.educacion.navarra.es\/blogs\/wp-json\/wp\/v2\/media?parent=6025"}],"curies":[{"name":"wp","href":"https:\/\/api.w.org\/{rel}","templated":true}]}}