{"id":6017,"date":"2024-10-23T18:25:19","date_gmt":"2024-10-23T16:25:19","guid":{"rendered":"https:\/\/cpcorella.educacion.navarra.es\/blogs\/?page_id=6017"},"modified":"2024-10-23T18:25:20","modified_gmt":"2024-10-23T16:25:20","slug":"el-cristo-de-la-columna","status":"publish","type":"page","link":"https:\/\/cpcorella.educacion.navarra.es\/blogs\/el-cristo-de-la-columna\/","title":{"rendered":"EL CRISTO DE LA COLUMNA"},"content":{"rendered":"\n<p><img loading=\"lazy\" class=\"wp-image-6019 aligncenter\" src=\"https:\/\/cpcorella.educacion.navarra.es\/blogs\/wp-content\/uploads\/2024\/10\/001-6.png\" alt=\"\" width=\"144\" height=\"217\" srcset=\"https:\/\/cpcorella.educacion.navarra.es\/blogs\/wp-content\/uploads\/2024\/10\/001-6.png 681w, https:\/\/cpcorella.educacion.navarra.es\/blogs\/wp-content\/uploads\/2024\/10\/001-6-200x300.png 200w, https:\/\/cpcorella.educacion.navarra.es\/blogs\/wp-content\/uploads\/2024\/10\/001-6-555x835.png 555w\" sizes=\"(max-width: 144px) 100vw, 144px\" \/><\/p>\n<p>Somos alumnos\/as de la clase de 6\u00ba D y hemos investigado relacionado con el convento de la Encarnaci\u00f3n de Monjas Benedictinas de Corella, hoy transformado en Museo Arrese. Nuestro grupo est\u00e1 formado por Nicol\u00e1s, Levi, Ilyas, Julieta y Malak y se ha centrado en una de las esculturas m\u00e1s importantes del Museo como es el Cristo de la Columna de Gregorio Fern\u00e1ndez, propiedad de la Parroquia del Rosario de Corella y que se encuentra en dep\u00f3sito en el Museo Arrese, perteneciente a la Fundaci\u00f3n Arrese.<\/p>\n<p>\u00a0<\/p>\n<p>La imagen del Cristo atado a la columna es una de las obras escult\u00f3ricas m\u00e1s importantes de Corella junto con la imagen principal de la Virgen del Carmen de Corella.<\/p>\n<p>\u00a0<\/p>\n<p>Jesucristo aparece atado a una columna de fuste alto \u2013sin acompa\u00f1antes, extrapolado de la escena de la flagelaci\u00f3n\u2013 que permite al escultor hacer una esbelta composici\u00f3n y dar un atrevido contraposto a la imagen de Jesucristo.<\/p>\n<p>La\u00a0 cabeza\u00a0 est\u00e1\u00a0 girada\u00a0 hacia\u00a0 el\u00a0 lado\u00a0 izquierdo\u00a0 y\u00a0 ligeramente\u00a0 ca\u00edda\u00a0 hacia adelante en gesto sumiso. Los m\u00fasculos del lado derecho del cuello est\u00e1n tensos, con extensi\u00f3n del m\u00fasculo esternocleidomastoideo.<\/p>\n<p>Lleva corona sobrepuesta, trenzada y con punzantes espinas de hierro, colocada\u00a0 tiempo\u00a0 despu\u00e9s\u00a0 de\u00a0 haber\u00a0 sido\u00a0 tallada\u00a0 la\u00a0 imagen,\u00a0 pues\u00a0 es\u00a0 una\u00a0 incongruencia hist\u00f3rica e iconogr\u00e1fica en la que no incurri\u00f3 el escultor, pero que debi\u00f3 ser reclamada por la piedad de los feligreses de la parroquia del Rosario.<\/p>\n<p>\u00a0<\/p>\n<p>El torso muestra una buena y bien proporcionada anatom\u00eda de talla, acentuada\u00a0 por\u00a0 la\u00a0 torsi\u00f3n\u00a0 del\u00a0 cuerpo.\u00a0 Bien\u00a0 a\u00a0 la\u00a0 vista\u00a0 queda\u00a0 la\u00a0 contractura\u00a0 de\u00a0 los m\u00fasculos abdominales y del serrato mayor. Cabe tambi\u00e9n destacar la perfecci\u00f3n de la anatom\u00eda de los brazos, piernas y dorso de toda la imagen con destacados m\u00fasculos y tendones.<\/p>\n<p>\u00a0<\/p>\n<p>El pa\u00f1o de pureza desciende desde la cadera izquierda hacia el lado derecho, dejando a la vista el abdomen. El pa\u00f1o lleva un pliegue horizontal en forma de banda al centro y se anuda a la derecha. Presenta gotas y regueros de sangre.<\/p>\n<p>\u00a0<\/p>\n<p>Es\u00a0 especialmente cruenta\u00a0 en\u00a0 la\u00a0 espalda\u00a0 donde\u00a0 se\u00a0 aprecian\u00a0 las\u00a0 lesiones\u00a0 de\u00a0 la\u00a0 flagelaci\u00f3n.<\/p>\n<p>\u00a0<\/p>\n<p>La escultura es atribuida a Gregorio Fern\u00e1ndez (1576-1636) quien estuviera dos largas temporadas residiendo en el Convento de los PP. Carmelitas de Corella y desde donde realiz\u00f3 las esculturas de la Virgen del Carmen de Corella y Calahorra, el San Miguel Arc\u00e1ngel de Alfaro as\u00ed como la escultura del Cristo atado a la columna y del Cristo de la ca\u00f1a para la Parroquia del Rosario de Corella.<\/p>\n<p>\u00a0<\/p>\n<p>Lo bonito de la escultura es que durante el a\u00f1o se puede ver en el Museo Arrese mientras que el d\u00eda de Viernes Santo sale en procesi\u00f3n dentro de un gran cortejo barroco que todav\u00eda recuerda la teatralidad que tuvo la Semana Santa de Corella.<\/p>\n<p><img loading=\"lazy\" class=\" wp-image-6020 aligncenter\" src=\"https:\/\/cpcorella.educacion.navarra.es\/blogs\/wp-content\/uploads\/2024\/10\/002-1-290x300.png\" alt=\"\" width=\"368\" height=\"381\" srcset=\"https:\/\/cpcorella.educacion.navarra.es\/blogs\/wp-content\/uploads\/2024\/10\/002-1-290x300.png 290w, https:\/\/cpcorella.educacion.navarra.es\/blogs\/wp-content\/uploads\/2024\/10\/002-1-989x1024.png 989w, https:\/\/cpcorella.educacion.navarra.es\/blogs\/wp-content\/uploads\/2024\/10\/002-1-768x795.png 768w, https:\/\/cpcorella.educacion.navarra.es\/blogs\/wp-content\/uploads\/2024\/10\/002-1-555x574.png 555w, https:\/\/cpcorella.educacion.navarra.es\/blogs\/wp-content\/uploads\/2024\/10\/002-1.png 1000w\" sizes=\"(max-width: 368px) 100vw, 368px\" \/><\/p>\n","protected":false},"excerpt":{"rendered":"<p>Somos alumnos\/as de la clase de 6\u00ba D y hemos investigado relacionado con el convento de la Encarnaci\u00f3n de Monjas Benedictinas de Corella, hoy transformado en Museo Arrese. Nuestro grupo est\u00e1 formado por Nicol\u00e1s, Levi, Ilyas, Julieta y Malak y se ha centrado en una de las esculturas m\u00e1s importantes del Museo como es el &hellip; <\/p>\n<p><a class=\"more-link btn\" href=\"https:\/\/cpcorella.educacion.navarra.es\/blogs\/el-cristo-de-la-columna\/\">Continue reading<\/a><\/p>\n","protected":false},"author":6,"featured_media":0,"parent":0,"menu_order":0,"comment_status":"closed","ping_status":"closed","template":"","meta":[],"_links":{"self":[{"href":"https:\/\/cpcorella.educacion.navarra.es\/blogs\/wp-json\/wp\/v2\/pages\/6017"}],"collection":[{"href":"https:\/\/cpcorella.educacion.navarra.es\/blogs\/wp-json\/wp\/v2\/pages"}],"about":[{"href":"https:\/\/cpcorella.educacion.navarra.es\/blogs\/wp-json\/wp\/v2\/types\/page"}],"author":[{"embeddable":true,"href":"https:\/\/cpcorella.educacion.navarra.es\/blogs\/wp-json\/wp\/v2\/users\/6"}],"replies":[{"embeddable":true,"href":"https:\/\/cpcorella.educacion.navarra.es\/blogs\/wp-json\/wp\/v2\/comments?post=6017"}],"version-history":[{"count":1,"href":"https:\/\/cpcorella.educacion.navarra.es\/blogs\/wp-json\/wp\/v2\/pages\/6017\/revisions"}],"predecessor-version":[{"id":6023,"href":"https:\/\/cpcorella.educacion.navarra.es\/blogs\/wp-json\/wp\/v2\/pages\/6017\/revisions\/6023"}],"wp:attachment":[{"href":"https:\/\/cpcorella.educacion.navarra.es\/blogs\/wp-json\/wp\/v2\/media?parent=6017"}],"curies":[{"name":"wp","href":"https:\/\/api.w.org\/{rel}","templated":true}]}}