{"id":6010,"date":"2024-10-23T18:21:57","date_gmt":"2024-10-23T16:21:57","guid":{"rendered":"https:\/\/cpcorella.educacion.navarra.es\/blogs\/?page_id=6010"},"modified":"2024-10-23T18:21:57","modified_gmt":"2024-10-23T16:21:57","slug":"jose-luis-de-arrese-maria-teresa-saenz-de-heredia-y-antonio-gonzalez-ruiz","status":"publish","type":"page","link":"https:\/\/cpcorella.educacion.navarra.es\/blogs\/jose-luis-de-arrese-maria-teresa-saenz-de-heredia-y-antonio-gonzalez-ruiz\/","title":{"rendered":"JOS\u00c9 LUIS DE ARRESE, MAR\u00cdA TERESA S\u00c1ENZ DE HEREDIA Y ANTONIO GONZ\u00c1LEZ RUIZ"},"content":{"rendered":"\n<p>Somos alumnos\/as de la clase de 6\u00ba D y hemos investigado relacionado con el convento de la Encarnaci\u00f3n de Monjas Benedictinas de Corella, hoy transformado en Museo Arrese la vida de los fundadores del museo: Jos\u00e9 Luis de Arrese y Mar\u00eda Teresa S\u00e1enz de Heredia as\u00ed como de un pintor corellano importante en la historia de Espa\u00f1a. Nuestro grupo est\u00e1 formado por Unax, Cristian, Dayana, Aimar e Ibti.<\/p>\n<p>\u00a0<\/p>\n<p><strong>JOS\u00c9 LUIS DE ARRESE Y MAGRA<img loading=\"lazy\" class=\"wp-image-6011 aligncenter\" src=\"https:\/\/cpcorella.educacion.navarra.es\/blogs\/wp-content\/uploads\/2024\/10\/001-5.png\" alt=\"\" width=\"320\" height=\"185\" srcset=\"https:\/\/cpcorella.educacion.navarra.es\/blogs\/wp-content\/uploads\/2024\/10\/001-5.png 540w, https:\/\/cpcorella.educacion.navarra.es\/blogs\/wp-content\/uploads\/2024\/10\/001-5-300x173.png 300w\" sizes=\"(max-width: 320px) 100vw, 320px\" \/><\/strong><\/p>\n<p>Jos\u00e9 Luis de Arrese Magra naci\u00f3 en Bilbao el 15 de abril de 1905 y falleci\u00f3 en Corella el 6 de abril de 1986. Cas\u00f3 con Mar\u00eda Teresa S\u00e1enz de Heredia y juntos fundaron la Fundaci\u00f3n Arrese, comprando un antiguo convento y creando el Museo de Arte Sacro de Corella con m\u00faltiples objetos art\u00edsticos.<\/p>\n<p>Fue un arquitecto y pol\u00edtico espa\u00f1ol, militante de FET y de las JONS, y uno de los principales te\u00f3ricos del r\u00e9gimen franquista en sus primeros a\u00f1os.<\/p>\n<p>Adscrito inicialmente a la facci\u00f3n falangista <em>hedillista<\/em> y contrario al Decreto de Unificaci\u00f3n, permaneci\u00f3 encarcelado un tiempo hasta ser liberado.<\/p>\n<p>Tras el final de la Guerra Civil, en diciembre de 1939, fue nombrado gobernador civil de la provincia de M\u00e1laga, constituyendo el primero de una serie de cargos que ocup\u00f3 a lo largo de la dictadura.<\/p>\n<p>En la primavera de 1941 ser\u00eda nombrado ministro-secretario general de FET y de las JONS, llevando a cabo una importante depuraci\u00f3n dentro del partido \u00fanico, que a partir de aquel momento se volvi\u00f3 mucho m\u00e1s d\u00f3cil ante el poder de Franco.<\/p>\n<p>Posteriormente fue puesto al frente del Ministerio de la Vivienda, siendo el primer titular de este departamento gubernamental. Adem\u00e1s de sus puestos pol\u00edticos, fue acad\u00e9mico de n\u00famero de la Real Academia de Bellas Artes de San Fernando o acad\u00e9mico de honor de la de San Telmo de M\u00e1laga.<\/p>\n<p>\u00a0<\/p>\n<p><strong>MAR\u00cdA TERESA S\u00c1ENZ DE HEREDIA<img loading=\"lazy\" class=\"wp-image-6012 aligncenter\" src=\"https:\/\/cpcorella.educacion.navarra.es\/blogs\/wp-content\/uploads\/2024\/10\/002.png\" alt=\"\" width=\"190\" height=\"221\" srcset=\"https:\/\/cpcorella.educacion.navarra.es\/blogs\/wp-content\/uploads\/2024\/10\/002.png 396w, https:\/\/cpcorella.educacion.navarra.es\/blogs\/wp-content\/uploads\/2024\/10\/002-258x300.png 258w\" sizes=\"(max-width: 190px) 100vw, 190px\" \/><\/strong><\/p>\n<p>Mar\u00eda Teresa, nacida en Madrid el 24 de febrero de 1910, era de ascendencia corellana, siendo hija de Mar\u00eda Arteta Go\u00f1i y Gregorio S\u00e1enz de Heredia y Su\u00e1rez Argud\u00edn.<\/p>\n<p>Era nieta, por v\u00eda materna, de Andr\u00e9s Arteta y J\u00e1uregui nacido en Corella el 30 de noviembre de 1848, que fue varias veces Diputado y Senador del Reino, casado con Asunci\u00f3n Go\u00f1i y Escudero, hija de Jos\u00e9 Mar\u00eda Go\u00f1i y Vidarte y Asunci\u00f3n Escudero Sesma, a su vez hija de Francisco de Paula Escudero y Ram\u00edrez de Arellano, corellano ilustre que fue Ministro de Marina en 1821; descendiente pues, de ilustres familias corellanas.<\/p>\n<p>Su padre Gregorio, era hermano de Casilda, esposa del General Miguel Primo de Rivera y Orbaneja, Marqu\u00e9s de Estella y padres de Jos\u00e9 Antonio Primo de Rivera y S\u00e1enz de Heredia, fundador de Falange Espa\u00f1ola.<\/p>\n<p>Mar\u00eda Teresa contrajo matrimonio, el 21 de diciembre de 1932, con el arquitecto bilba\u00edno Jos\u00e9 Luis de Arrese y Magra, dos veces Ministro Secretario General y primer Ministro de la Vivienda en el r\u00e9gimen de Franco.<\/p>\n<p>Siendo Mar\u00eda Teresa propietaria de la casa de los Arteta, edificio situado entre las calles del Vallejo y San Miguel, en compa\u00f1\u00eda de su marido Arrese, acometieron varias reformas del edificio, siguiendo una est\u00e9tica eclecticista para conciliar los diversos estilos existentes con los nuevos propuestos, transform\u00e1ndola finalmente en la actual Casa-Museo Arrese.<\/p>\n<p>El matrimonio alternaba su estancia entre Madrid y Corella, siendo esta segunda donde fijaron su residencia definitiva, una vez que el Sr. Arrese se apart\u00f3 de la pol\u00edtica, el a\u00f1o 1960. El matrimonio permaneci\u00f3 en su casa de Corella hasta su fallecimiento. Jos\u00e9 Luis de Arrese y Magra falleci\u00f3 el 6 de Abril de 1986 y M\u00aa Teresa S\u00e1enz de Heredia y Arteta el 23 de enero de 1994, estando enterrados en el pante\u00f3n familiar en el cementerio municipal de Corella.<\/p>\n<p><br \/><strong>ANTONIO GONZ\u00c1LEZ RUIZ<img loading=\"lazy\" class=\"wp-image-6013 aligncenter\" src=\"https:\/\/cpcorella.educacion.navarra.es\/blogs\/wp-content\/uploads\/2024\/10\/003-1-1.png\" alt=\"\" width=\"228\" height=\"280\" srcset=\"https:\/\/cpcorella.educacion.navarra.es\/blogs\/wp-content\/uploads\/2024\/10\/003-1-1.png 1116w, https:\/\/cpcorella.educacion.navarra.es\/blogs\/wp-content\/uploads\/2024\/10\/003-1-1-244x300.png 244w, https:\/\/cpcorella.educacion.navarra.es\/blogs\/wp-content\/uploads\/2024\/10\/003-1-1-833x1024.png 833w, https:\/\/cpcorella.educacion.navarra.es\/blogs\/wp-content\/uploads\/2024\/10\/003-1-1-768x944.png 768w, https:\/\/cpcorella.educacion.navarra.es\/blogs\/wp-content\/uploads\/2024\/10\/003-1-1-555x682.png 555w\" sizes=\"(max-width: 228px) 100vw, 228px\" \/><\/strong><\/p>\n<p>Antonio Gonz\u00e1lez Ruiz naci\u00f3 en Corella el 14 de julio de 1711 y falleci\u00f3 en Madrid el 1 de abril de 1788. siendo un destacado pintor del barroco espa\u00f1ol.<\/p>\n<p>El 13 de julio de 1744 el Rey firm\u00f3 el Decreto Real por el que se creaba la Junta Preparatoria para estudiar la fundaci\u00f3n de una Real Academia de Bellas Artes, a imitaci\u00f3n de las que, desde hac\u00eda ya mucho tiempo, se hab\u00edan creado en Europa. El director de dicha Junta fue Olivieri, amigo de Antonio, y qued\u00f3 dividida en tres secciones, cada una dedicada a las tres artes principales; el franc\u00e9s Van Loo y Gonz\u00e1lez Ruiz fueron nombrados directores de la secci\u00f3n de Pintura, primeros entre los seis profesores que a ella fueron destinados \u2014a los citados se sumaron Pe\u00f1a, Calleja, Bonav\u00eda y Men\u00e9ndez\u2014. El 18 de julio de ese mismo a\u00f1o se celebr\u00f3 en casa de Olivieri la primera reuni\u00f3n.<\/p>\n<p>La creaci\u00f3n de la Junta Preparatoria fue celebrada por Gonz\u00e1lez Ruiz con un ampuloso cuadro aleg\u00f3rico que hoy custodia la Academia de San Fernando, creada unos a\u00f1os despu\u00e9s, el 12 de abril de 1752, cuando el nuevo rey, Fernando VI, firm\u00f3 el decreto que sancionaba el nacimiento de la Real Academia de Bellas Artes bajo la advocaci\u00f3n de San Fernando y con protecci\u00f3n real. A las tres secciones de la Junta Preparatoria se a\u00f1adi\u00f3 la de Grabado, y en la de Pintura siguieron como directores Gonz\u00e1lez Ruiz y Van Loo.<\/p>\n<p>Antonio se mantuvo en el puesto hasta su muerte.<\/p>\n<p>Durante los a\u00f1os siguientes Gonz\u00e1lez Ruiz debi\u00f3 de mantenerse especialmente fiel a la Academia, pues en 1760 recibi\u00f3 un certificado honor\u00edfico y una medalla de oro \u201c<em>teniendo la Academia esta expresi\u00f3n por la m\u00e1s propia, m\u00e1s decorosa y m\u00e1s significativa de la muy singular estimaci\u00f3n que hac\u00eda de su Persona, de sus talentos y de sus apreciables circunstancias<\/em>\u201d.<\/p>\n<p>Orgulloso debi\u00f3 de quedar el pintor, pues cada vez que se autorretrat\u00f3, lo hizo adornado con esta medalla.<\/p>\n<p>El a\u00f1o 1768 ser\u00eda especialmente afortunado para \u00e9l, pues fue nombrado acad\u00e9mico de m\u00e9rito de la Academia de San Carlos de Valencia, creada por Carlos III el a\u00f1o anterior, y sucedi\u00f3 a Ventura Rodr\u00edguez al frente de la direcci\u00f3n de la de San Fernando. Tom\u00f3 posesi\u00f3n del cargo el 1 de enero del a\u00f1o siguiente, y su asistencia fue diaria hasta pocos meses antes de su muerte, cuando la enfermedad se lo imped\u00eda. El a\u00f1o 1771 confirm\u00f3 los honores recibidos, pues fue nombrado miembro de honor de la Academia Imperial de San Petersburgo. La emperatriz de Rusia envi\u00f3 a Madrid tres t\u00edtulos de miembros honorarios para que all\u00ed se otorgaran a aquellos que fueran juzgados como los mejores, y Gonz\u00e1lez Ruiz recibi\u00f3 uno de ellos.<\/p>\n<p>Colmado de honores transcurrieron sus \u00faltimos a\u00f1os de vida, hasta que muri\u00f3 el 1 de abril de 1788. Fue enterrado en la parroquia de San Andr\u00e9s de Madrid, a cuya colaci\u00f3n pertenec\u00eda. Francisco Bayeu, suegro del que vendr\u00eda a sacudir la pintura espa\u00f1ola y la europea, Francisco de Goya, le sucedi\u00f3 en la direcci\u00f3n de la secci\u00f3n de Pintura de la Real de San Fernando, que dejaba vacante.<\/p>\n<p>En definitiva, han sido tres personajes importantes para la historia de Corella.<\/p>\n","protected":false},"excerpt":{"rendered":"<p>Somos alumnos\/as de la clase de 6\u00ba D y hemos investigado relacionado con el convento de la Encarnaci\u00f3n de Monjas Benedictinas de Corella, hoy transformado en Museo Arrese la vida de los fundadores del museo: Jos\u00e9 Luis de Arrese y Mar\u00eda Teresa S\u00e1enz de Heredia as\u00ed como de un pintor corellano importante en la historia &hellip; <\/p>\n<p><a class=\"more-link btn\" href=\"https:\/\/cpcorella.educacion.navarra.es\/blogs\/jose-luis-de-arrese-maria-teresa-saenz-de-heredia-y-antonio-gonzalez-ruiz\/\">Continue reading<\/a><\/p>\n","protected":false},"author":6,"featured_media":0,"parent":0,"menu_order":0,"comment_status":"closed","ping_status":"closed","template":"","meta":[],"_links":{"self":[{"href":"https:\/\/cpcorella.educacion.navarra.es\/blogs\/wp-json\/wp\/v2\/pages\/6010"}],"collection":[{"href":"https:\/\/cpcorella.educacion.navarra.es\/blogs\/wp-json\/wp\/v2\/pages"}],"about":[{"href":"https:\/\/cpcorella.educacion.navarra.es\/blogs\/wp-json\/wp\/v2\/types\/page"}],"author":[{"embeddable":true,"href":"https:\/\/cpcorella.educacion.navarra.es\/blogs\/wp-json\/wp\/v2\/users\/6"}],"replies":[{"embeddable":true,"href":"https:\/\/cpcorella.educacion.navarra.es\/blogs\/wp-json\/wp\/v2\/comments?post=6010"}],"version-history":[{"count":1,"href":"https:\/\/cpcorella.educacion.navarra.es\/blogs\/wp-json\/wp\/v2\/pages\/6010\/revisions"}],"predecessor-version":[{"id":6016,"href":"https:\/\/cpcorella.educacion.navarra.es\/blogs\/wp-json\/wp\/v2\/pages\/6010\/revisions\/6016"}],"wp:attachment":[{"href":"https:\/\/cpcorella.educacion.navarra.es\/blogs\/wp-json\/wp\/v2\/media?parent=6010"}],"curies":[{"name":"wp","href":"https:\/\/api.w.org\/{rel}","templated":true}]}}