{"id":6004,"date":"2024-10-23T18:17:44","date_gmt":"2024-10-23T16:17:44","guid":{"rendered":"https:\/\/cpcorella.educacion.navarra.es\/blogs\/?page_id=6004"},"modified":"2024-10-23T18:17:44","modified_gmt":"2024-10-23T16:17:44","slug":"convento-de-monjas-benedictas","status":"publish","type":"page","link":"https:\/\/cpcorella.educacion.navarra.es\/blogs\/convento-de-monjas-benedictas\/","title":{"rendered":"CONVENTO DE MONJAS BENEDICTAS"},"content":{"rendered":"\n<p><img loading=\"lazy\" class=\"size-full wp-image-6005 aligncenter\" src=\"https:\/\/cpcorella.educacion.navarra.es\/blogs\/wp-content\/uploads\/2024\/10\/001-5.jpg\" alt=\"\" width=\"573\" height=\"254\" srcset=\"https:\/\/cpcorella.educacion.navarra.es\/blogs\/wp-content\/uploads\/2024\/10\/001-5.jpg 573w, https:\/\/cpcorella.educacion.navarra.es\/blogs\/wp-content\/uploads\/2024\/10\/001-5-300x133.jpg 300w, https:\/\/cpcorella.educacion.navarra.es\/blogs\/wp-content\/uploads\/2024\/10\/001-5-555x246.jpg 555w\" sizes=\"(max-width: 573px) 100vw, 573px\" \/><\/p>\n<p>Somos alumnos\/as de la clase de 6\u00ba D y hemos investigado sobre el convento de la Encarnaci\u00f3n de Monjas Benedictinas de Corella, hoy transformado en Museo Arrese. Nuestro grupo formado por Nassim, Adam, Naia, Luc\u00eda y Anas vamos a centrarnos dar a conocer la historia del edificio.<\/p>\n<p><strong><em>\u00a0<\/em><\/strong>A d\u00eda de hoy, hay 13.000 monjas benedictinas repartidas por los cinco continentes habitables.. El d\u00eda a d\u00eda de las monjas benedictinas consiste en levantarse para rezar y meditar, y luego comenzar sus tareas diarias. No pueden poseer ning\u00fan tipo de propiedad personal y se alimentan de carne, sopas, verduras, legumbres, ra\u00edces, queso y huevos.<\/p>\n<p>La tradici\u00f3n cuenta qui\u00e9n fue Santa Escol\u00e1stica, hermana de San Benito, quien logr\u00f3 imponer la Regla de los monasterios femeninos. Esta regla pone en el centro de la vida mon\u00e1stica el amor a Cristo y su seguimiento mediante la oraci\u00f3n, el trabajo y la pr\u00e1ctica de las virtudes.<\/p>\n<p>Una de las caracter\u00edsticas distintivas de la Orden Benedictina es la idea de vivir para Dios en comunidad. Estas leyes no recibieron una acogida inmediata, puesto que los monasterios alemanes e ingleses eran m\u00e1s un tipo de colegiata de canonistas que verdaderas monjas benedictinas. Se ha llegado a afirmar que, antes del siglo XII, s\u00f3lo exist\u00eda el monasterio de Santa Mar\u00eda.<\/p>\n<p>La reforma protestante hizo que buena parte de los monasterios de la orden desaparecieran en Inglaterra y otras partes de Europa central y septentrional. En Francia, durante los siglos XVII y XVIII, se vivi\u00f3 un florecimiento de las fundaciones benedictinas femeninas. Los domingos son d\u00edas de contemplaci\u00f3n, descanso, tiempo libre y fraternidad, aunque el horario de oraci\u00f3n comunitaria es similar al de un d\u00eda normal. Esto garantiza seguridad, educaci\u00f3n y formaci\u00f3n religiosa para las jovencitas.<\/p>\n<p>El color mon\u00e1stico habitual es el negro, s\u00edmbolo de arrepentimiento y sencillez. Las monjas no cobran ning\u00fan sueldo por vivir en el convento ni por llevar a cabo sus acciones y rutinas religiosas.<\/p>\n<p>El origen de esta obra mon\u00e1stica de estilo barroco est\u00e1 asociado a la figura del corellano Pedro de Baigorri. En el momento de mayor poder\u00edo de Baigorri, corresponde su iniciativa de levantar el convento de religiosas. En el a\u00f1o 1659, hab\u00eda dos monasterios ocupados: uno por los carmelitas y otro por los recientes mercedarios, pero ninguno ten\u00eda hijas de Corella que quisieran profesar en su lugar natal.<\/p>\n<p>Al fin, en 1669, se consider\u00f3 que el Se\u00f1or Maestre de Campo hac\u00eda seis a\u00f1os que no hab\u00eda escrito y que la f\u00e1brica padec\u00eda ruinas considerables, estando sin habitaci\u00f3n. Tambi\u00e9n lleg\u00f3 a sus o\u00eddos el deseo funcional de cierta dama de Madrid.<\/p>\n<p>En definitiva, es un edificio conventual construido por el ilustre corellano D. Pedro de Baigorri. En 1669 las monjas benedictinas ocuparon dicho convento hasta que se trasladaron a Zaragoza y lo pusieron en venta . Fue en 1970 cuando el matrimonio Arrese lo compr\u00f3 y lo convirti\u00f3 en museo, siendo inaugurado como tal, el 28 de Junio de 1973.<\/p>\n<p>En el marco del arte sacro, el visitante se puede encontrar\u00e1 una gran variedad piezas de gran importancia, como el relieve de alabastro de Gil de Silo\u00e9 o el cristo atado a la columna, en\u00a0 principio atribuido a Gregorio Fern\u00e1ndez aunque tambi\u00e9n se apunta que pudo ser obra de Juan de Bini\u00e9s. Dicha escultura tambi\u00e9n se puede contemplar a\u00f1o tras a\u00f1o en la procesi\u00f3n del Viernes Santo.<\/p>\n<p>Destacables tambi\u00e9n los impresionantes lienzos del pintor barroco Claudio Coello, El martirio de San Pl\u00e1cido y las bodas m\u00edsticas de Santa Gertrudis. O la colecci\u00f3n de ornamentos lit\u00fargicos, entre los que destacan los ternos, o la custodia de bronce dorado y coral, que se encuentran en el piso superior. Tambi\u00e9n hay una peque\u00f1a sala dedicada al pintor corellano Antonio Gonz\u00e1lez Ruiz que lleg\u00f3 a ser director de la secci\u00f3n de pintura de la Real Academia de Bellas artes.<\/p>\n<p>\u00a0<\/p>\n","protected":false},"excerpt":{"rendered":"<p>Somos alumnos\/as de la clase de 6\u00ba D y hemos investigado sobre el convento de la Encarnaci\u00f3n de Monjas Benedictinas de Corella, hoy transformado en Museo Arrese. Nuestro grupo formado por Nassim, Adam, Naia, Luc\u00eda y Anas vamos a centrarnos dar a conocer la historia del edificio. \u00a0A d\u00eda de hoy, hay 13.000 monjas benedictinas &hellip; <\/p>\n<p><a class=\"more-link btn\" href=\"https:\/\/cpcorella.educacion.navarra.es\/blogs\/convento-de-monjas-benedictas\/\">Continue reading<\/a><\/p>\n","protected":false},"author":6,"featured_media":0,"parent":0,"menu_order":0,"comment_status":"closed","ping_status":"closed","template":"","meta":[],"_links":{"self":[{"href":"https:\/\/cpcorella.educacion.navarra.es\/blogs\/wp-json\/wp\/v2\/pages\/6004"}],"collection":[{"href":"https:\/\/cpcorella.educacion.navarra.es\/blogs\/wp-json\/wp\/v2\/pages"}],"about":[{"href":"https:\/\/cpcorella.educacion.navarra.es\/blogs\/wp-json\/wp\/v2\/types\/page"}],"author":[{"embeddable":true,"href":"https:\/\/cpcorella.educacion.navarra.es\/blogs\/wp-json\/wp\/v2\/users\/6"}],"replies":[{"embeddable":true,"href":"https:\/\/cpcorella.educacion.navarra.es\/blogs\/wp-json\/wp\/v2\/comments?post=6004"}],"version-history":[{"count":1,"href":"https:\/\/cpcorella.educacion.navarra.es\/blogs\/wp-json\/wp\/v2\/pages\/6004\/revisions"}],"predecessor-version":[{"id":6008,"href":"https:\/\/cpcorella.educacion.navarra.es\/blogs\/wp-json\/wp\/v2\/pages\/6004\/revisions\/6008"}],"wp:attachment":[{"href":"https:\/\/cpcorella.educacion.navarra.es\/blogs\/wp-json\/wp\/v2\/media?parent=6004"}],"curies":[{"name":"wp","href":"https:\/\/api.w.org\/{rel}","templated":true}]}}