{"id":5954,"date":"2024-10-23T13:46:40","date_gmt":"2024-10-23T11:46:40","guid":{"rendered":"https:\/\/cpcorella.educacion.navarra.es\/blogs\/?page_id=5954"},"modified":"2024-10-23T13:49:24","modified_gmt":"2024-10-23T11:49:24","slug":"historia-del-convento-del-carmen","status":"publish","type":"page","link":"https:\/\/cpcorella.educacion.navarra.es\/blogs\/historia-del-convento-del-carmen\/","title":{"rendered":"HISTORIA DEL CONVENTO DEL CARMEN"},"content":{"rendered":"\n<p><img loading=\"lazy\" class=\" wp-image-5948 aligncenter\" src=\"https:\/\/cpcorella.educacion.navarra.es\/blogs\/wp-content\/uploads\/2024\/10\/001-2-1024x773.jpg\" alt=\"\" width=\"268\" height=\"202\" srcset=\"https:\/\/cpcorella.educacion.navarra.es\/blogs\/wp-content\/uploads\/2024\/10\/001-2-1024x773.jpg 1024w, https:\/\/cpcorella.educacion.navarra.es\/blogs\/wp-content\/uploads\/2024\/10\/001-2-300x226.jpg 300w, https:\/\/cpcorella.educacion.navarra.es\/blogs\/wp-content\/uploads\/2024\/10\/001-2-768x580.jpg 768w, https:\/\/cpcorella.educacion.navarra.es\/blogs\/wp-content\/uploads\/2024\/10\/001-2-1536x1159.jpg 1536w, https:\/\/cpcorella.educacion.navarra.es\/blogs\/wp-content\/uploads\/2024\/10\/001-2-555x419.jpg 555w, https:\/\/cpcorella.educacion.navarra.es\/blogs\/wp-content\/uploads\/2024\/10\/001-2.jpg 1680w\" sizes=\"(max-width: 268px) 100vw, 268px\" \/><\/p>\n<p>Somos alumnos\/as del Colegio P\u00fablico Ciudad de Corella y con motivo de las Jornadas Barrocas que se celebran en la localidad este fin de semana (del 25 al 27 de octubre de 2024) hemos realizado investigaciones sobre edificios importantes de Corella para darlos a conocer mediante el uso de c\u00f3digos QR. En nuestro caso, la clase de 6\u00ba F ha investigado sobre el Convento del Carmen de Corella y, m\u00e1s concretamente, nuestro grupo formado por Luc\u00eda, Mario, Juan, Adam y June vamos a dar a conocer Historia del Convento del Carmen.<\/p>\n<p>\u00a0<\/p>\n<p>El convento barroco de los Carmelitas Descalzos, ubicado en la Calle del Carmen, n\u00famero 66 fue fundado en 1595 gracias a un acuerdo entre la Orden de los Carmelitas Descalzos y el Ayuntamiento de la villa de Corella que, a cambio de su patronato sufrag\u00f3 las obras del convento e iglesia que se inauguraron en 1621.<\/p>\n<p>La iglesia vino a sustituir a la antigua ermita de San Pedro, con el objetivo de que una \u00f3rden religiosa llegase a la ciudad para establecerse, ya que no hab\u00eda hasta entonces ninguna orden religiosa en Corella.<\/p>\n<p>La residencia conventual se estructur\u00f3 en torno a un patio cuadrangular llamado claustro. Todo el conjunto fue dise\u00f1ado por Fray Alonso de San Jos\u00e9, uno de los tracistas de la Orden de los Carmelitas m\u00e1s destacado y que adem\u00e1s dise\u00f1\u00f3 conventos de frailes y monjas carmelitas repartidos por toda Espa\u00f1a.<\/p>\n<p>El templo, dedicado a la Sant\u00edsima Virgen del Monte Carmelo, m\u00e1s popularmente conocida como Virgen del Carmen sigue las directrices manieristas propias de principios del s. XVII al poseer planta de cruz latina y una sola nave con cinco tramos, cabecera recta y un coro que se prolonga por las tribunas laterales.<\/p>\n<p>La fachada principal est\u00e1 construida en piedra y ladrillo y compuesta por tres calles. La central presenta un p\u00f3rtico enmarcado por pilastras y dos vanos laterales a modo de ventanas arqueadas; contiene una hornacina con la escultura de Nuestra Se\u00f1ora del Carmen; y una ventana para el coro as\u00ed como otra con forma de \u00f3culo que posee un gran reloj. Todo el conjunto acaba rematado por un front\u00f3n triangular y torrecillas con bolas. Las dos calles laterales muestran puertas adinteladas remarcadas por cintas y enlazadas al bloque central por aletones curvos.<\/p>\n<p>El interior del templo lo cubren b\u00f3vedas de medio ca\u00f1\u00f3n con lunetos y una c\u00fapula de media naranja el crucero, estando este \u00faltimo espacio decorado con lienzos, ovalados en las pechinas y el emblema de la orden en la clave de la c\u00fapula.<\/p>\n<p>\u00a0<\/p>\n<p>A ello se suman tres capillas -la erigida en 1639 por los sanitarios de la ciudad a sus patronos San Cosme y San Dami\u00e1n en 1639; la de Santa Teresa, adquirida en 1653 por la familia corellana de los Escudero; y la capilla de las \u00c1nimas del Purgatorio, construida a principios del s. XVIII para dar sepultura a la familia Mi\u00f1ano-Sesma que enriquecen el conjunto con sus valiosas cubiertas, decoraciones y obras pict\u00f3ricas.<\/p>\n<p>\u00a0<\/p>\n<p>Destacan, as\u00ed mismo, el retablo mayor realizado en 1639 por fray Alonso de San Jos\u00e9 en un estilo clasicista, en cuyo camar\u00edn se aloja la Virgen del Carmen obra del escultor vallisoletano Gregorio Fern\u00e1ndez, y los laterales, dedicados a San Jos\u00e9 y Santa Teresa, con sus ricas esculturas.<\/p>\n<p><img loading=\"lazy\" class=\"wp-image-5955 aligncenter\" src=\"https:\/\/cpcorella.educacion.navarra.es\/blogs\/wp-content\/uploads\/2024\/10\/0022.png\" alt=\"\" width=\"574\" height=\"380\" srcset=\"https:\/\/cpcorella.educacion.navarra.es\/blogs\/wp-content\/uploads\/2024\/10\/0022.png 906w, https:\/\/cpcorella.educacion.navarra.es\/blogs\/wp-content\/uploads\/2024\/10\/0022-300x199.png 300w, https:\/\/cpcorella.educacion.navarra.es\/blogs\/wp-content\/uploads\/2024\/10\/0022-768x509.png 768w, https:\/\/cpcorella.educacion.navarra.es\/blogs\/wp-content\/uploads\/2024\/10\/0022-555x368.png 555w\" sizes=\"(max-width: 574px) 100vw, 574px\" \/><\/p>\n","protected":false},"excerpt":{"rendered":"<p>Somos alumnos\/as del Colegio P\u00fablico Ciudad de Corella y con motivo de las Jornadas Barrocas que se celebran en la localidad este fin de semana (del 25 al 27 de octubre de 2024) hemos realizado investigaciones sobre edificios importantes de Corella para darlos a conocer mediante el uso de c\u00f3digos QR. En nuestro caso, la &hellip; <\/p>\n<p><a class=\"more-link btn\" href=\"https:\/\/cpcorella.educacion.navarra.es\/blogs\/historia-del-convento-del-carmen\/\">Continue reading<\/a><\/p>\n","protected":false},"author":6,"featured_media":0,"parent":0,"menu_order":0,"comment_status":"closed","ping_status":"closed","template":"","meta":[],"_links":{"self":[{"href":"https:\/\/cpcorella.educacion.navarra.es\/blogs\/wp-json\/wp\/v2\/pages\/5954"}],"collection":[{"href":"https:\/\/cpcorella.educacion.navarra.es\/blogs\/wp-json\/wp\/v2\/pages"}],"about":[{"href":"https:\/\/cpcorella.educacion.navarra.es\/blogs\/wp-json\/wp\/v2\/types\/page"}],"author":[{"embeddable":true,"href":"https:\/\/cpcorella.educacion.navarra.es\/blogs\/wp-json\/wp\/v2\/users\/6"}],"replies":[{"embeddable":true,"href":"https:\/\/cpcorella.educacion.navarra.es\/blogs\/wp-json\/wp\/v2\/comments?post=5954"}],"version-history":[{"count":2,"href":"https:\/\/cpcorella.educacion.navarra.es\/blogs\/wp-json\/wp\/v2\/pages\/5954\/revisions"}],"predecessor-version":[{"id":5967,"href":"https:\/\/cpcorella.educacion.navarra.es\/blogs\/wp-json\/wp\/v2\/pages\/5954\/revisions\/5967"}],"wp:attachment":[{"href":"https:\/\/cpcorella.educacion.navarra.es\/blogs\/wp-json\/wp\/v2\/media?parent=5954"}],"curies":[{"name":"wp","href":"https:\/\/api.w.org\/{rel}","templated":true}]}}