{"id":5930,"date":"2024-10-23T13:30:08","date_gmt":"2024-10-23T11:30:08","guid":{"rendered":"https:\/\/cpcorella.educacion.navarra.es\/blogs\/?page_id=5930"},"modified":"2024-10-23T18:29:56","modified_gmt":"2024-10-23T16:29:56","slug":"museo-arrese-convento-de-la-encarnacion","status":"publish","type":"page","link":"https:\/\/cpcorella.educacion.navarra.es\/blogs\/museo-arrese-convento-de-la-encarnacion\/","title":{"rendered":"MUSEO ARRESE (CONVENTO DE LA ENCARNACI\u00d3N)"},"content":{"rendered":"\n<ul>\n<li><a href=\"https:\/\/cpcorella.educacion.navarra.es\/blogs\/convento-de-monjas-benedictas\/\">CONVENTO DE MONJAS BENEDICTAS<\/a><\/li>\n<li><a href=\"https:\/\/cpcorella.educacion.navarra.es\/blogs\/jose-luis-de-arrese-maria-teresa-saenz-de-heredia-y-antonio-gonzalez-ruiz\/\">JOS\u00c9 LUIS ARRESE, MAR\u00cdA TERESA S\u00c1ENZ DE HEREDIA Y ANTONIO GONZ\u00c1LEZ RUIZ<\/a><\/li>\n<li><a href=\"https:\/\/cpcorella.educacion.navarra.es\/blogs\/el-cristo-de-la-columna\/\">EL CRISTO DE LA COLUMNA<\/a><\/li>\n<li><a href=\"https:\/\/cpcorella.educacion.navarra.es\/blogs\/claudio-coello-y-sus-retablos-en-corella\/\" data-wplink-edit=\"true\">CLAUDIO COELLO<\/a><\/li>\n<\/ul>\n","protected":false},"excerpt":{"rendered":"<p>CONVENTO DE MONJAS BENEDICTAS JOS\u00c9 LUIS ARRESE, MAR\u00cdA TERESA S\u00c1ENZ DE HEREDIA Y ANTONIO GONZ\u00c1LEZ RUIZ EL CRISTO DE LA COLUMNA CLAUDIO COELLO<\/p>\n","protected":false},"author":6,"featured_media":0,"parent":0,"menu_order":0,"comment_status":"closed","ping_status":"closed","template":"","meta":[],"_links":{"self":[{"href":"https:\/\/cpcorella.educacion.navarra.es\/blogs\/wp-json\/wp\/v2\/pages\/5930"}],"collection":[{"href":"https:\/\/cpcorella.educacion.navarra.es\/blogs\/wp-json\/wp\/v2\/pages"}],"about":[{"href":"https:\/\/cpcorella.educacion.navarra.es\/blogs\/wp-json\/wp\/v2\/types\/page"}],"author":[{"embeddable":true,"href":"https:\/\/cpcorella.educacion.navarra.es\/blogs\/wp-json\/wp\/v2\/users\/6"}],"replies":[{"embeddable":true,"href":"https:\/\/cpcorella.educacion.navarra.es\/blogs\/wp-json\/wp\/v2\/comments?post=5930"}],"version-history":[{"count":6,"href":"https:\/\/cpcorella.educacion.navarra.es\/blogs\/wp-json\/wp\/v2\/pages\/5930\/revisions"}],"predecessor-version":[{"id":6033,"href":"https:\/\/cpcorella.educacion.navarra.es\/blogs\/wp-json\/wp\/v2\/pages\/5930\/revisions\/6033"}],"wp:attachment":[{"href":"https:\/\/cpcorella.educacion.navarra.es\/blogs\/wp-json\/wp\/v2\/media?parent=5930"}],"curies":[{"name":"wp","href":"https:\/\/api.w.org\/{rel}","templated":true}]}}