{"id":5909,"date":"2024-10-23T12:54:30","date_gmt":"2024-10-23T10:54:30","guid":{"rendered":"https:\/\/cpcorella.educacion.navarra.es\/blogs\/?page_id=5909"},"modified":"2024-10-23T13:22:17","modified_gmt":"2024-10-23T11:22:17","slug":"venta-de-lana-y-la-moda-de-la-epoca-barroca","status":"publish","type":"page","link":"https:\/\/cpcorella.educacion.navarra.es\/blogs\/venta-de-lana-y-la-moda-de-la-epoca-barroca\/","title":{"rendered":"VENTA DE LANA Y LA MODA DE LA \u00c9POCA BARROCA \u00a0\u00a0\u00a0"},"content":{"rendered":"\n<p><span style=\"font-weight: 400;\"><img loading=\"lazy\" class=\"alignnone  wp-image-5910\" src=\"https:\/\/cpcorella.educacion.navarra.es\/blogs\/wp-content\/uploads\/2024\/10\/001-1.png\" alt=\"\" width=\"270\" height=\"202\" srcset=\"https:\/\/cpcorella.educacion.navarra.es\/blogs\/wp-content\/uploads\/2024\/10\/001-1.png 676w, https:\/\/cpcorella.educacion.navarra.es\/blogs\/wp-content\/uploads\/2024\/10\/001-1-300x225.png 300w, https:\/\/cpcorella.educacion.navarra.es\/blogs\/wp-content\/uploads\/2024\/10\/001-1-555x416.png 555w\" sizes=\"(max-width: 270px) 100vw, 270px\" \/>Somos alumnos\/as de la clase de 6\u00ba A y hemos investigado sobre el palacio de Agust\u00edn de Sesma y Sierra, conocido como la Casa de las Cadenas. Nuestro grupo formado por Javier, Unai, Martina, Akram, Douaae y Hossam vamos a centrarnos en el comercio de la lana y la moda de la \u00e9poca barroca en las vestimentas de la poblaci\u00f3n.<\/span><\/p>\n<p>\u00a0<\/p>\n<p><span style=\"font-weight: 400;\">La informaci\u00f3n que vamos a investigar la daremos a conocer mediante c\u00f3digos QR en las fachadas de los edificios para que todos los visitantes puedan conocer m\u00e1s a fondo la historia de cada palacio y templo dentro de las Jornadas Barrocas que tendr\u00e1n lugar entre el 25 y el 27 de octubre.\u00a0<\/span><\/p>\n<p>\u00a0<\/p>\n<p><span style=\"font-weight: 400;\">El tema lo hemos querido relacionar ya que la familia de Agust\u00edn de Sesma y Sierra (que tambi\u00e9n fue alcalde de Corella) viv\u00eda del comercio de la lana, lo que le permiti\u00f3 tener el dinero suficiente para construir su casa palacio y vivir en \u00e9l con todo lujo de detalles. Adem\u00e1s, queremos dar a conocer c\u00f3mo era la ropa en la \u00e9poca del barroco y qu\u00e9 trajes vest\u00edan los habitantes de esta casa, relacion\u00e1ndolo con los tejidos, accesorios, peinados, etc.<\/span><\/p>\n<p>\u00a0<\/p>\n<p><span style=\"font-weight: 400;\">Cuando hablamos de la \u00e9poca barroca nos referimos a los siglos XVI y XVII, por lo que en este trabajo vamos a centrar nuestra investigaci\u00f3n en c\u00f3mo las familias nobles pod\u00edan ganar dinero gracias a su trabajo en el comercio de la lana as\u00ed como dar a conocer el vestuario, costumbres y complementos de la \u00e9poca barroca.<\/span><\/p>\n<p>\u00a0<\/p>\n<p><span style=\"font-weight: 400;\">Entre el siglo XVI y XVII las familias nobles asentadas en nuestra zona pr\u00f3xima a la ribera del r\u00edo Ebro se dedicaban al comercio de la lana, comprando lana a los ganaderos de la zona de Soria para venderla al extranjero y exportarla, lo que hac\u00eda que ganaran mucho dinero y con ese dinero poder invertir en la construcci\u00f3n de casas palacio, mantener a multitud de hijos y al servicio de la casa as\u00ed como en invertir en art\u00edculos de lujo en ropa de \u00e9poca.<\/span><\/p>\n<p>\u00a0<\/p>\n<p><span style=\"font-weight: 400;\">La lana fue una riqueza natural que abund\u00f3 en Espa\u00f1a, de manera exclusiva, en los siglos medievales y modernos desde antes del siglo XIII hasta comienzos del siglo XIX. Su comercializaci\u00f3n dio lugar a importantes y variadas formas de negocios que hasta ahora eran poco conocidos, haciendo de ese sencillo material un bien preciado para la fabricaci\u00f3n de tejidos y de ropajes.<\/span><\/p>\n<p>\u00a0<\/p>\n<p><span style=\"font-weight: 400;\">Los cambios m\u00e1s significativos del estilo Barroco en todas sus facetas (arquitectura, pintura, vestuario, costumbres, etc.) se dieron a partir del reinado de Luis XIII (1610-1643), quien emprendi\u00f3 el camino hacia el absolutismo mon\u00e1rquico que se consolidaba, con su hijo y sucesor, el \u201cRey Sol\u201d (Luis XIV).<\/span><\/p>\n<p>\u00a0<\/p>\n<p><span style=\"font-weight: 400;\">Centr\u00e1ndonos ahora en la moda de la \u00e9poca barroca, esa que se pod\u00eda ver en los salones de la Casa de las Cadenas, pasamos a distinguir los tipos entre g\u00e9nero y clases sociales.<\/span><\/p>\n<p>\u00a0<\/p>\n<p><span style=\"font-weight: 400;\">La ropa de mujer era m\u00e1s estilizada, la parte delantera de la falda estaba partida dejando ver las enaguas. En las caderas la prenda iba muy ajustada y la falda se levantaba ligeramente con aros de hierro. El cuerpo iba atado con lazos. El pelo se llevaba recogido a capas con un alambre y con adornos.<\/span><\/p>\n<p>\u00a0<\/p>\n<p><span style=\"font-weight: 400;\">\u00a0La ropa de hombre consist\u00eda en un justillo ajustado y largo que a finales del siglo XVII iba decorado con bordados y cintas. Las mangas iban vueltas revelando la camisa muy ornamentada tambi\u00e9n. La parte delantera del justillo revelaba un chaleco que se extend\u00eda hasta la rodilla. La camisa sol\u00eda llevar los pu\u00f1os atados con cordones y cuello alto. Los pantalones van hasta la rodilla y se llevaban con calcetines de seda normalmente blancos. La peluca era parte de la vestimenta. Esta forma de vestirse cre\u00f3 las bases del traje de chaqueta de hoy, compuesto de chaqueta, pantal\u00f3n y chaleco.<\/span><\/p>\n<p>\u00a0<\/p>\n<p><span style=\"font-weight: 400;\">La nobleza tambi\u00e9n hac\u00eda gala de costosos atuendos: joyas, guantes perfumados, pa\u00f1uelos de seda, etc. que ayudaban a engalanar m\u00e1s si cabe las fiestas, acontecimientos sociales, reuniones y sacramentos.<\/span><\/p>\n<p>\u00a0<\/p>\n<p><span style=\"font-weight: 400;\">Los materiales que se utilizaban para hacer ropa eran la seda, terciopelo, forro polar, algod\u00f3n y lana. Las telas utilizadas eran la seda, telas adamascadas y de algod\u00f3n. <\/span><span style=\"font-weight: 400;\">Mientras que en la clase baja vest\u00edan de un solo color y con telas de menor calidad la nobleza no se privaba de grandes ostentaciones, siendo las joyas un elemento distintivo no s\u00f3lo de la nobleza, sino tambi\u00e9n de la nueva clase burguesa de las ciudades.<\/span><\/p>\n<p>\u00a0<\/p>\n<p><span style=\"font-weight: 400;\">La ropa de la \u00e9poca barroca se distingue por prendas amplias y muy ornamentadas por el uso de colores vivos, brocados de seda y encaje.\u00a0\u00a0\u00a0\u00a0\u00a0\u00a0\u00a0\u00a0\u00a0\u00a0\u00a0\u00a0\u00a0\u00a0\u00a0\u00a0\u00a0\u00a0\u00a0\u00a0<\/span><\/p>\n<p>\u00a0<\/p>\n<p><span style=\"font-weight: 400;\">Adem\u00e1s del vestuario, el complemento indispensable para la clase acomodada era el uso de pelucas que transmit\u00edan elegancia, sofisticaci\u00f3n y un toque de excentricidad por medio de los peinados, siendo altos y \u00fanicos. Tambi\u00e9n, decoraban el pelo con flores o diademas.<\/span><\/p>\n<p><img loading=\"lazy\" class=\"alignnone  wp-image-5911\" src=\"https:\/\/cpcorella.educacion.navarra.es\/blogs\/wp-content\/uploads\/2024\/10\/002-3.jpg\" alt=\"\" width=\"828\" height=\"814\" srcset=\"https:\/\/cpcorella.educacion.navarra.es\/blogs\/wp-content\/uploads\/2024\/10\/002-3.jpg 651w, https:\/\/cpcorella.educacion.navarra.es\/blogs\/wp-content\/uploads\/2024\/10\/002-3-300x295.jpg 300w, https:\/\/cpcorella.educacion.navarra.es\/blogs\/wp-content\/uploads\/2024\/10\/002-3-555x546.jpg 555w\" sizes=\"(max-width: 828px) 100vw, 828px\" \/><\/p>\n","protected":false},"excerpt":{"rendered":"<p>Somos alumnos\/as de la clase de 6\u00ba A y hemos investigado sobre el palacio de Agust\u00edn de Sesma y Sierra, conocido como la Casa de las Cadenas. Nuestro grupo formado por Javier, Unai, Martina, Akram, Douaae y Hossam vamos a centrarnos en el comercio de la lana y la moda de la \u00e9poca barroca en &hellip; <\/p>\n<p><a class=\"more-link btn\" href=\"https:\/\/cpcorella.educacion.navarra.es\/blogs\/venta-de-lana-y-la-moda-de-la-epoca-barroca\/\">Continue reading<\/a><\/p>\n","protected":false},"author":6,"featured_media":0,"parent":0,"menu_order":0,"comment_status":"closed","ping_status":"closed","template":"","meta":[],"_links":{"self":[{"href":"https:\/\/cpcorella.educacion.navarra.es\/blogs\/wp-json\/wp\/v2\/pages\/5909"}],"collection":[{"href":"https:\/\/cpcorella.educacion.navarra.es\/blogs\/wp-json\/wp\/v2\/pages"}],"about":[{"href":"https:\/\/cpcorella.educacion.navarra.es\/blogs\/wp-json\/wp\/v2\/types\/page"}],"author":[{"embeddable":true,"href":"https:\/\/cpcorella.educacion.navarra.es\/blogs\/wp-json\/wp\/v2\/users\/6"}],"replies":[{"embeddable":true,"href":"https:\/\/cpcorella.educacion.navarra.es\/blogs\/wp-json\/wp\/v2\/comments?post=5909"}],"version-history":[{"count":2,"href":"https:\/\/cpcorella.educacion.navarra.es\/blogs\/wp-json\/wp\/v2\/pages\/5909\/revisions"}],"predecessor-version":[{"id":5916,"href":"https:\/\/cpcorella.educacion.navarra.es\/blogs\/wp-json\/wp\/v2\/pages\/5909\/revisions\/5916"}],"wp:attachment":[{"href":"https:\/\/cpcorella.educacion.navarra.es\/blogs\/wp-json\/wp\/v2\/media?parent=5909"}],"curies":[{"name":"wp","href":"https:\/\/api.w.org\/{rel}","templated":true}]}}