{"id":5416,"date":"2022-10-14T10:27:08","date_gmt":"2022-10-14T08:27:08","guid":{"rendered":"https:\/\/cpcorella.educacion.navarra.es\/blogs\/?page_id=5416"},"modified":"2022-10-14T10:31:54","modified_gmt":"2022-10-14T08:31:54","slug":"recursos-desde-casa","status":"publish","type":"page","link":"https:\/\/cpcorella.educacion.navarra.es\/blogs\/recursos-desde-casa\/","title":{"rendered":"RECURSOS DESDE CASA"},"content":{"rendered":"\n<table style=\"border-collapse: collapse; width: 100%; height: 2083px;\">\n<tbody>\n<tr style=\"height: 328px;\">\n<td style=\"width: 50%; height: 328px;\">\n<p><a href=\"https:\/\/cpcorella.educacion.navarra.es\/blogs\/primero\/\">1\u00ba CURSO<\/a><\/p>\n<p><a href=\"http:\/\/edubook.vicensvives.com\/es\/inicio\">LIBROS<\/a><\/p>\n<p><a href=\"https:\/\/meet.google.com\/\">AULA ONLINE:<\/a><\/p>\n<p>1\u00ba A : CPCORELLA1A<br \/>1\u00ba B: CPCORELLA1B<br \/>1\u00ba C : CPCORELLA1C<br \/>1\u00ba D: CPCORELLA1D<\/p>\n<\/td>\n<td style=\"width: 50%; height: 328px;\">\n<ul>\n<li><a href=\"https:\/\/cpcorella.educacion.navarra.es\/blogs\/1ciclo\/\">MATEM\u00c1TICAS<\/a><\/li>\n<li><a href=\"https:\/\/cpcorella.educacion.navarra.es\/blogs\/primero\/\">LENGUA<\/a><\/li>\n<li><a href=\"https:\/\/themagicenglishcornerprimary.blogspot.com\/\">ENGLISH<\/a><\/li>\n<li><a href=\"https:\/\/cpcorella.educacion.navarra.es\/blogs\/primero\/category\/english\/\">SCIENCES<\/a><\/li>\n<li><a href=\"https:\/\/cpcorella.educacion.navarra.es\/blogs\/1ciclo\/\">SOCIALES<\/a><\/li>\n<li><a href=\"https:\/\/cpcorella.educacion.navarra.es\/blogs\/edfis\/\">E.F.<\/a><\/li>\n<li><a href=\"https:\/\/musicacorella.wordpress.com\/\">M\u00daSICA<\/a><\/li>\n<li><a href=\"https:\/\/cpcorella.educacion.navarra.es\/blogs\/religion\/2020\/03\/18\/tarea-cuarentena-1o\/\">RELIGI\u00d3N<\/a><\/li>\n<\/ul>\n<\/td>\n<\/tr>\n<tr style=\"height: 351px;\">\n<td style=\"width: 50%; height: 351px;\">\n<p><a href=\"https:\/\/cpcorella.educacion.navarra.es\/blogs\/1ciclo\/\">2\u00ba CURSO<\/a><\/p>\n<p><a href=\"http:\/\/edubook.vicensvives.com\/es\/inicio\">LIBROS<\/a><\/p>\n<p><a href=\"https:\/\/meet.google.com\/\">AULA ONLINE:<\/a><\/p>\n<p>2\u00ba A : CPCORELLA2A<br \/>2\u00ba B: CPCORELLA2B<br \/>2\u00ba C : CPCORELLA2C<br \/>2\u00ba D: CPCORELLA2D<\/p>\n<p>2\u00ba E: CPCORELLA2E<\/p>\n<\/td>\n<td style=\"width: 50%; height: 351px;\">\n<ul>\n<li><a href=\"https:\/\/cpcorella.educacion.navarra.es\/blogs\/primero\/category\/matematicas\/\">MATEM\u00c1TICAS<\/a><\/li>\n<li><a href=\"https:\/\/cpcorella.educacion.navarra.es\/blogs\/primero\/category\/lengua\/\">LENGUA<\/a><\/li>\n<li><a href=\"https:\/\/covidenglish.blogspot.com\/\">ENGLISH<\/a><\/li>\n<li><a href=\"https:\/\/cpcorella.educacion.navarra.es\/blogs\/1ciclo\/#\">SCIENCES<\/a><\/li>\n<li><a href=\"https:\/\/cpcorella.educacion.navarra.es\/blogs\/1ciclo\/category\/sociales\/\">SOCIALES<\/a><\/li>\n<li><a href=\"https:\/\/cpcorella.educacion.navarra.es\/blogs\/edfis\/\">E.F.<\/a><\/li>\n<li><a href=\"https:\/\/musicacorella.wordpress.com\/\">M\u00daSICA<\/a><\/li>\n<li><a href=\"https:\/\/cpcorella.educacion.navarra.es\/blogs\/religion\/2020\/03\/18\/tarea-cuarentena-2o\/\">RELIGI\u00d3N<\/a><\/li>\n<li><a href=\"https:\/\/drive.google.com\/drive\/folders\/1ZENXjwJGs-PNOzU5LO65eV2OuHpOHWOY?usp=sharing\">VALORES<\/a><\/li>\n<\/ul>\n<\/td>\n<\/tr>\n<tr style=\"height: 351px;\">\n<td style=\"width: 50%; height: 351px;\">\n<p><a href=\"https:\/\/cpcorella.educacion.navarra.es\/blogs\/tercero\/\">3\u00ba CURSO<\/a><\/p>\n<p><a href=\"http:\/\/edubook.vicensvives.com\/es\/inicio\">LIBROS<\/a><\/p>\n<p><a href=\"https:\/\/meet.google.com\/\">AULA ONLINE:<\/a><\/p>\n<p>3\u00ba A : CPCORELLA6A<br \/>3\u00ba B: CPCORELLA6B<br \/>3\u00ba C : CPCORELLA6C<br \/>3\u00ba D: CPCORELLA6D<\/p>\n<\/td>\n<td style=\"width: 50%; height: 351px;\">\n<ul>\n<li><a href=\"https:\/\/cpcorella.educacion.navarra.es\/blogs\/cuarto\/category\/matematicas\/\">MATEM\u00c1TICAS<\/a><\/li>\n<li><a href=\"https:\/\/cpcorella.educacion.navarra.es\/blogs\/cuarto\/category\/lengua\/\">LENGUA<\/a><\/li>\n<li><a href=\"https:\/\/es.padlet.com\/efraileses\/ahcctwckmvvm\">ENGLISH<\/a><\/li>\n<li><a href=\"https:\/\/cpcorella.educacion.navarra.es\/blogs\/cuarto\/category\/natural-science\/\">SCIENCES<\/a><\/li>\n<li><a href=\"https:\/\/cpcorella.educacion.navarra.es\/blogs\/cuarto\/category\/c-s\/\">SOCIALES<\/a><\/li>\n<li><a href=\"https:\/\/cpcorella.educacion.navarra.es\/blogs\/edfis\/\">E.F.<\/a><\/li>\n<li><a href=\"https:\/\/cpcorella.educacion.navarra.es\/blogs\/music\/category\/music-3\/\">M\u00daSICA<\/a><\/li>\n<li><a href=\"https:\/\/cpcorella.educacion.navarra.es\/blogs\/religion\/category\/tercero\/\">RELIGI\u00d3N<\/a><\/li>\n<\/ul>\n<\/td>\n<\/tr>\n<tr style=\"height: 351px;\">\n<td style=\"width: 50%; height: 351px;\">\n<p><a href=\"https:\/\/cpcorella.educacion.navarra.es\/blogs\/cuarto\/\">4\u00ba CURSO<\/a><\/p>\n<p><a href=\"http:\/\/edubook.vicensvives.com\/es\/inicio\">LIBROS<\/a><\/p>\n<p><a href=\"https:\/\/meet.google.com\/\">AULA ONLINE:<\/a><\/p>\n<p>4\u00ba A : CPCORELLA4A<br \/>4\u00ba B: CPCORELLA4B<br \/>4\u00ba C : CPCORELLA4C<br \/>4\u00ba D: CPCORELLA4D<\/p>\n<\/td>\n<td style=\"width: 50%; height: 351px;\">\n<ul>\n<li><a href=\"https:\/\/cpcorella.educacion.navarra.es\/blogs\/tercero\/\">MATEM\u00c1TICAS<\/a><\/li>\n<li><a href=\"https:\/\/cpcorella.educacion.navarra.es\/blogs\/tercero\/\">LENGUA<\/a><\/li>\n<li><a href=\"https:\/\/es.padlet.com\/efraileses\/teacherstarstarfraile\">ENGLISH<\/a><\/li>\n<li><a href=\"https:\/\/drive.google.com\/open?id=11XEOWpBx4M_7j6EsToF4heW8-b1-I_dU\">SCIENCES<\/a><\/li>\n<li><a href=\"https:\/\/cpcorella.educacion.navarra.es\/blogs\/tercero\/\">SOCIALES<\/a><\/li>\n<li><a href=\"https:\/\/cpcorella.educacion.navarra.es\/blogs\/edfis\/\">E.F.<\/a><\/li>\n<li><a href=\"https:\/\/musicacorella.wordpress.com\/\">M\u00daSICA<\/a><\/li>\n<li><a href=\"https:\/\/cpcorella.educacion.navarra.es\/blogs\/religion\/2020\/03\/18\/tarea-cuarentena-4o\/\">RELIGI\u00d3N<\/a><\/li>\n<\/ul>\n<\/td>\n<\/tr>\n<tr style=\"height: 351px;\">\n<td style=\"width: 50%; height: 351px;\">\n<p>5\u00ba CURSO<\/p>\n<p><a href=\"http:\/\/edubook.vicensvives.com\/es\/inicio\">LIBROS\u00a0<\/a> \u00a0\u00a0\u00a0\u00a0<a href=\"https:\/\/cpcorella.educacion.navarra.es\/moodle2\/\">AULA VIRTUAL<\/a><\/p>\n<p><a href=\"https:\/\/meet.google.com\/\">AULA ONLINE:<\/a><\/p>\n<p>5\u00ba A : CPCORELLA5A<br \/>5\u00ba B: CPCORELLA5B<br \/>5\u00ba C : CPCORELLA5C<br \/>5\u00ba D: CPCORELLA5D\u00a0 \u00a0<\/p>\n<\/td>\n<td style=\"width: 50%; height: 351px;\">\n<ul>\n<li><a href=\"https:\/\/cpcorella.educacion.navarra.es\/moodle2\/\">MATEM\u00c1TICAS<\/a><\/li>\n<li><a href=\"https:\/\/cpcorella.educacion.navarra.es\/moodle2\/\">LENGUA<\/a><\/li>\n<li><a href=\"https:\/\/drive.google.com\/drive\/folders\/1jF_XmU9CFnM2CpI2kaZFWGOd5nv_v8cL?usp=sharing\">ENGLISH<\/a><\/li>\n<li><a href=\"https:\/\/cpcorella.educacion.navarra.es\/blogs\/quinto\/category\/sciences\/\">SCIENCES<\/a><\/li>\n<li><a href=\"https:\/\/cpcorella.educacion.navarra.es\/moodle2\/\">SOCIALES<\/a><\/li>\n<li><a href=\"https:\/\/drive.google.com\/drive\/folders\/1J0Fs7CeS_nCi1-gCoFzlBfBRHU-ZwJTq?usp=sharing\">ALUMNADO NICOL\u00c1S<\/a><\/li>\n<li><a href=\"https:\/\/cpcorella.educacion.navarra.es\/blogs\/edfis\/\">E.F.<\/a><\/li>\n<li><a href=\"https:\/\/musicacorella.wordpress.com\/\">M\u00daSICA<\/a><\/li>\n<li><a href=\"https:\/\/cpcorella.educacion.navarra.es\/blogs\/religion\/2020\/03\/18\/tarea-cuarentena-5o\/\">RELIGI\u00d3N<\/a><\/li>\n<\/ul>\n<\/td>\n<\/tr>\n<tr style=\"height: 351px;\">\n<td style=\"width: 50%; height: 351px;\">\n<p>6\u00ba CURSO<\/p>\n<p><a href=\"http:\/\/edubook.vicensvives.com\/es\/inicio\">LIBROS<\/a><\/p>\n<p><a href=\"https:\/\/meet.google.com\/\">AULA ONLINE:<\/a><\/p>\n<p>6\u00ba A : CPCORELLA6A<br \/>6\u00ba B: CPCORELLA6B<br \/>6\u00ba C : CPCORELLA6C<br \/>6\u00ba D: CPCORELLA6D<\/p>\n<\/td>\n<td style=\"width: 50%; height: 351px;\">\n<ul>\n<li><a href=\"https:\/\/cpcorella.educacion.navarra.es\/moodle2\/\">MATEM\u00c1TICAS<\/a><\/li>\n<li><a href=\"https:\/\/cpcorella.educacion.navarra.es\/moodle2\/\">LENGUA<\/a><\/li>\n<li><a href=\"https:\/\/drive.google.com\/drive\/folders\/1eDTQUHrwQa361DC8473TgxX58xqIU9ke?usp=sharing\">ENGLISH<\/a><\/li>\n<li><a href=\"https:\/\/drive.google.com\/drive\/folders\/1ndrl_E9ZTM44VEHdY1dZUJT6tF_hFlpv?usp=sharing\">ENGLISH SARA<\/a><\/li>\n<li><a href=\"https:\/\/cpcorella.educacion.navarra.es\/moodle2\/\">SCIENCES<\/a><\/li>\n<li><a href=\"https:\/\/cpcorella.educacion.navarra.es\/moodle2\/\">SOCIALES<\/a><\/li>\n<li><a href=\"https:\/\/drive.google.com\/drive\/folders\/1qk_NukOrV69ulKXZMmXFVKH2WaCKqmep?usp=sharing\">ALUMNADO NICOL\u00c1S<\/a><\/li>\n<li><a href=\"https:\/\/cpcorella.educacion.navarra.es\/blogs\/edfis\/\">E.F.<\/a><\/li>\n<li><a href=\"https:\/\/musicacorella.wordpress.com\/\">M\u00daSICA<\/a><\/li>\n<li><a href=\"https:\/\/cpcorella.educacion.navarra.es\/blogs\/religion\/2020\/03\/18\/tarea-cuarentena-6o\/\">RELIGI\u00d3N<\/a><\/li>\n<\/ul>\n<\/td>\n<\/tr>\n<\/tbody>\n<\/table>\n","protected":false},"excerpt":{"rendered":"<p>1\u00ba CURSO LIBROS AULA ONLINE: 1\u00ba A : CPCORELLA1A1\u00ba B: CPCORELLA1B1\u00ba C : CPCORELLA1C1\u00ba D: CPCORELLA1D MATEM\u00c1TICAS LENGUA ENGLISH SCIENCES SOCIALES E.F. M\u00daSICA RELIGI\u00d3N 2\u00ba CURSO LIBROS AULA ONLINE: 2\u00ba A : CPCORELLA2A2\u00ba B: CPCORELLA2B2\u00ba C : CPCORELLA2C2\u00ba D: CPCORELLA2D 2\u00ba E: CPCORELLA2E MATEM\u00c1TICAS LENGUA ENGLISH SCIENCES SOCIALES E.F. M\u00daSICA RELIGI\u00d3N VALORES 3\u00ba CURSO LIBROS &hellip; <\/p>\n<p><a class=\"more-link btn\" href=\"https:\/\/cpcorella.educacion.navarra.es\/blogs\/recursos-desde-casa\/\">Continue reading<\/a><\/p>\n","protected":false},"author":6,"featured_media":0,"parent":0,"menu_order":0,"comment_status":"closed","ping_status":"closed","template":"","meta":[],"_links":{"self":[{"href":"https:\/\/cpcorella.educacion.navarra.es\/blogs\/wp-json\/wp\/v2\/pages\/5416"}],"collection":[{"href":"https:\/\/cpcorella.educacion.navarra.es\/blogs\/wp-json\/wp\/v2\/pages"}],"about":[{"href":"https:\/\/cpcorella.educacion.navarra.es\/blogs\/wp-json\/wp\/v2\/types\/page"}],"author":[{"embeddable":true,"href":"https:\/\/cpcorella.educacion.navarra.es\/blogs\/wp-json\/wp\/v2\/users\/6"}],"replies":[{"embeddable":true,"href":"https:\/\/cpcorella.educacion.navarra.es\/blogs\/wp-json\/wp\/v2\/comments?post=5416"}],"version-history":[{"count":3,"href":"https:\/\/cpcorella.educacion.navarra.es\/blogs\/wp-json\/wp\/v2\/pages\/5416\/revisions"}],"predecessor-version":[{"id":5422,"href":"https:\/\/cpcorella.educacion.navarra.es\/blogs\/wp-json\/wp\/v2\/pages\/5416\/revisions\/5422"}],"wp:attachment":[{"href":"https:\/\/cpcorella.educacion.navarra.es\/blogs\/wp-json\/wp\/v2\/media?parent=5416"}],"curies":[{"name":"wp","href":"https:\/\/api.w.org\/{rel}","templated":true}]}}