{"id":4712,"date":"2020-03-16T17:52:39","date_gmt":"2020-03-16T16:52:39","guid":{"rendered":"https:\/\/cpcorella.educacion.navarra.es\/blogs\/?page_id=4712"},"modified":"2020-03-16T18:04:13","modified_gmt":"2020-03-16T17:04:13","slug":"navego-seguro","status":"publish","type":"page","link":"https:\/\/cpcorella.educacion.navarra.es\/blogs\/navego-seguro\/","title":{"rendered":"NAVEGO SEGURO"},"content":{"rendered":"\n<p><strong>Recursos (Fuente: intef)<\/strong><\/p>\n<p><strong><a href=\"http:\/\/www.tudecideseninternet.es\/\">T\u00fa decides en Internet <img class=\"alignright\" src=\"http:\/\/educalab.es\/documents\/10180\/34040\/the+pandi.jpg\/ae8faa7a-0bcc-4d59-a82f-9177cda02cba?t=1384523247000\" alt=\"The PANDI - T\u00fa decides en internet.\" \/><\/a><\/strong><\/p>\n<p>Web de la Agencia espa\u00f1ola de Protecci\u00f3n de Datos en colaboraci\u00f3n con el INTEF, cuyo objetivo es ofrecer informaci\u00f3n, consejos, materiales y recursos con las claves necesarias para el uso seguro y responsable de los datos personales en la Red.\u00a0<a href=\"http:\/\/www.tudecideseninternet.es\/\">Web del recurso t\u00fa decides en internet.<\/a><\/p>\n<p><strong><a href=\"http:\/\/recursostic.educacion.es\/heda\/version\/v2\/es\/familias-conectads\/navegacion-segura\">Familias conectad@s, navegaci\u00f3n segura <img class=\"alignright\" src=\"http:\/\/educalab.es\/documents\/10180\/34040\/familias+conectadas.jpg\/f926b282-b7de-4925-b5ee-4df3e8c84572?t=1385979407700\" alt=\"Familias conectadas\" \/><\/a><\/strong><\/p>\n<p>Art\u00edculos sobre distintos temas relacionados con la navegaci\u00f3n segura en Internet: Ciberbullying.com, Navegaci\u00f3n segura con Generaciones Interactivas, Tu sentido com\u00fan, aprende a usarlo, etc.\u00a0<a href=\"http:\/\/recursostic.educacion.es\/heda\/version\/v2\/es\/familias-conectads\/navegacion-segura\">Web del recurso Familias conectadas.<\/a><\/p>\n<p><strong><a href=\"http:\/\/recursostic.educacion.es\/observatorio\/web\/es\/component\/content\/article\/805-monografico-seguridad-en-internet\">Monogr\u00e1fico \u00abSeguridad en Internet\u00bb <img class=\"alignright\" src=\"http:\/\/educalab.es\/documents\/10180\/34040\/seguridad+en+internet.jpg\/2e86a855-9353-4fef-b9cf-dea525a5e7e1?t=1385979407461\" alt=\"Monogr\u00e1fico Seguridad en Internet\" \/><\/a><\/strong><\/p>\n<p>La seguridad en Internet es un reto fundamental en estos tiempos. El acceso ala red de redes se ha generalizado y un colectivo especialmente vulnerable es el de los j\u00f3venes que acceden desde sus casas y escuelas. La sensaci\u00f3n de anonimato, la necesidad de relacionarse, el n\u00famero de servicios accesibles para los j\u00f3venes etc., son factores a tener en cuenta y que requieren medidas formativas. En este monogr\u00e1fico se analiza esta realidad poniendo especial hincapi\u00e9 en los m\u00e9todos de protecci\u00f3n.\u00a0<a href=\"http:\/\/recursostic.educacion.es\/observatorio\/web\/es\/component\/content\/article\/805-monografico-seguridad-en-internet\">Web del recurso Seguridad en Internet.<\/a><\/p>\n<p><strong>\u00a0<\/strong><strong><a href=\"http:\/\/menores.osi.es\/\">Menores OSI<\/a><\/strong><\/p>\n<p>Iniciativa puesta en marcha por la\u00a0<a href=\"http:\/\/www.osi.es\/\">Oficina de Seguridad del Internauta<\/a>\u00a0con el <a href=\"http:\/\/menores.osi.es\/\"><img class=\"alignright\" src=\"http:\/\/educalab.es\/documents\/10180\/34040\/menores+osi.jpg\/6f859aca-d606-4474-9543-8fb59074a042?t=1384523249000\" alt=\"MEnores OSI\" \/><\/a>firme objetivo de fomentar la cultura de la seguridad en Internet entre los m\u00e1s peque\u00f1os. Se pueden encontrar gu\u00edas sobre distintos aspectos de la seguridad en Internet (<a href=\"http:\/\/menores.osi.es\/sites\/default\/files\/Guia_lucha_ciberacoso_menores_osi.pdf\">ciberacoso<\/a>,\u00a0<a href=\"http:\/\/menores.osi.es\/sites\/default\/files\/SOS_ciberbullying_padres.pdf\">ciberbullying<\/a>,\u00a0<a href=\"http:\/\/menores.osi.es\/sites\/default\/files\/SOS_grooming.pdf\">grooming<\/a>\u2026) y recursos para ni\u00f1os, familia y educadores.<\/p>\n<p>Tambi\u00e9n colabora con INTECO en una l\u00ednea de informaci\u00f3n para la prevenci\u00f3n y la detecci\u00f3n de todo tipo de situaciones de acoso a trav\u00e9s de Internet, en la que esta entidad ofrece informaci\u00f3n sobre los problemas a los que pueden enfrentarse los menores en la red y se facilita el acceso a l\u00edneas de ayuda.\u00a0<a href=\"http:\/\/menores.osi.es\/\">Web del recurso Menores OSI.<\/a><\/p>\n<p>Atenci\u00f3n al Internauta: 901 111 121<\/p>\n<p><iframe loading=\"lazy\" src=\"\/\/www.youtube.com\/embed\/aVLN-iOMySY\" width=\"300\" height=\"150\" frameborder=\"0\" allowfullscreen=\"allowfullscreen\"><\/iframe><\/p>\n<p><strong><a href=\"http:\/\/www.chaval.es\/chavales\/\">Chaval.es<\/a><\/strong><\/p>\n<p>Chaval.es es una iniciativa de la Secretar\u00eda de Estado de Telecomunicaciones y para la Sociedad de la Informaci\u00f3n (Minetur), puesta en marcha para responder a<a href=\"http:\/\/www.chaval.es\/chavales\/\"><img class=\"alignright\" src=\"http:\/\/educalab.es\/documents\/10180\/34040\/chaval.jpg\/ce90cdb9-7d9a-4b3c-a5e1-504c79a647ec?t=1384523248000\" alt=\"Chaval.es\" \/><\/a> la necesidad de salvar la brecha digital entre padres, madres, tutores y educadores respecto al avance de los menores y j\u00f3venes en el uso de las TIC. Su objetivo es formar e informar sobre las ventajas y posibles riesgos que ofrece el panorama tecnol\u00f3gico actual.\u00a0<a href=\"http:\/\/www.chaval.es\/chavales\/\">Web del recurso Chaval.es.<\/a><\/p>\n<p><strong><a href=\"http:\/\/www.viveinternet.es\/\">Vive Internet<\/a><\/strong><\/p>\n<p>Portal web para la promoci\u00f3n y buen uso de Internet entre los menores, los <a href=\"http:\/\/www.viveinternet.es\/\"><img class=\"alignright\" src=\"http:\/\/educalab.es\/documents\/10180\/34040\/internet17M.jpg\/50263330-8f40-4166-9578-d25011c7e842?t=1384523248000\" alt=\"Vive Internet - 17 de mayo.\" \/><\/a>padres y los educadores. Ofrece documentos y consejos para que los menores y los j\u00f3venes puedan navegar seguros por la red y aprovechen todas las posibilidades de la sociedad del conocimiento.\u00a0<a href=\"http:\/\/www.viveinternet.es\/\">Web del recurso Vive Internet.<\/a><\/p>\n<p><strong><a href=\"http:\/\/www.internetenfamilia.org\/\">Internet en familia<\/a><\/strong><\/p>\n<p>Portal web promovido por la fundaci\u00f3n Cibervoluntarios y Telef\u00f3nica, en colaboraci\u00f3n con la Comunidad de Madrid, que realiza formaci\u00f3n en contenidos y<a href=\"http:\/\/www.internetenfamilia.org\/\"><img class=\"alignright\" src=\"http:\/\/educalab.es\/documents\/10180\/34040\/internet+en+familia.jpg\/19ca6b3f-9624-46f1-9ba4-7f252f52fa82?t=1384523249000\" alt=\"Internet en familia\" \/><\/a> servicios seguros, dirigida al menor y su entorno m\u00e1s cercano, especialmente la familia.Tiene como uno de sus objetivos difundir y fomentar usos, contenidos, aplicaciones y servicios tecnol\u00f3gicos que garanticen una navegaci\u00f3n segura, dando voz a expertos y a los propios implicados, especialmente los ni\u00f1os y adolescentes.\u00a0<a href=\"http:\/\/www.internetenfamilia.org\/\">Web del recurso Internet en familia.<\/a><\/p>\n<p><strong><a href=\"http:\/\/www.protegeles.com\/\">Prot\u00e9geles.com<\/a><\/strong><\/p>\n<p>Prot\u00e9geles es el Centro de Seguridad en Internet para los menores en Espa\u00f1a, dependiente del Safer Internet Programme de la COMISI\u00d3N EUROPEA. Es una organizaci\u00f3n eminentemente pr\u00e1ctica, cuyo objetivo no es s\u00f3lo la sensibilizaci\u00f3n social y la denuncia, sino tambi\u00e9n el desarrollo de Campa\u00f1as y la elaboraci\u00f3n de materiales did\u00e1cticos espec\u00edficos dirigidos hacia los menores.<a href=\"http:\/\/www.protegeles.com\/\"><img class=\"alignright\" src=\"http:\/\/educalab.es\/documents\/10180\/34040\/protegeles.jpg\/5e66c908-1175-4d4b-86a6-b985ed4b88b7?t=1384523249000\" alt=\"Prot\u00e9geles.com\" \/><\/a><\/p>\n<p>La l\u00ednea de denuncia permite a cualquier usuario denunciar de forma an\u00f3nima aquellos contenidos que pueda encontrar relativos tanto a im\u00e1genes o filmaciones de abusos sexuales a menores de edad (pornograf\u00eda infantil) como a situaciones de grooming o acoso sexual a menores en internet.\u00a0<a href=\"http:\/\/www.protegeles.com\/\">Web del recurso Prot\u00e9geles.com.<\/a><\/p>\n<p><strong><a href=\"http:\/\/www.pantallasamigas.net\/\">Pantallas Amigas<img class=\"alignright\" src=\"http:\/\/educalab.es\/documents\/10180\/34040\/pantallas+amigas.jpg\/680b4842-47a8-4bb5-81de-cb45b3f74fc9?t=1384523249000\" alt=\"Pantallas Amigas\" \/><\/a><\/strong><\/p>\n<p>PantallasAmigas es una iniciativa por la promoci\u00f3n del uso seguro y saludable de las nuevas tecnolog\u00edas y el fomento de la ciudadan\u00eda digital responsable en la infancia y la adolescencia.\u00a0<a href=\"http:\/\/www.pantallasamigas.net\/\">Web del recurso Pantallas amigas.<\/a><\/p>\n<p><strong><a href=\"http:\/\/www.alia2.org\/\">Fundaci\u00f3n alia2<img class=\"alignright\" src=\"http:\/\/educalab.es\/documents\/10180\/34040\/fundaci%C3%B3n+aliados.jpg\/2d54e3b0-ec2a-4e95-830d-9fce80f47741?t=1384523248000\" alt=\"Fundaci\u00f3n alia2\" \/><\/a><\/strong><\/p>\n<p>La Fundaci\u00f3n Alia2 tiene como misi\u00f3n de salvaguardar la integridad y el desarrollo emocional e intelectual del menor de edad y para ello lleva a cabo tres l\u00edneas de acci\u00f3n: informar y sensibilizar al personal docente y especialista que trabaja con la infancia, a los padres y los propios ni\u00f1os; desarrollar herramientas inform\u00e1ticas para los usuarios y la Polic\u00eda que rastrean la Red para detectar, controlar y erradicar contenidos y comportamientos il\u00edcitos; canalizar y apoyar las iniciativas de todos los sectores de la sociedad.\u00a0<a href=\"http:\/\/www.alia2.org\/\">Web del recurso Fundaci\u00f3n alia2.<\/a><\/p>\n<p>\u00a0<\/p>\n","protected":false},"excerpt":{"rendered":"<p>Recursos (Fuente: intef) T\u00fa decides en Internet Web de la Agencia espa\u00f1ola de Protecci\u00f3n de Datos en colaboraci\u00f3n con el INTEF, cuyo objetivo es ofrecer informaci\u00f3n, consejos, materiales y recursos con las claves necesarias para el uso seguro y responsable de los datos personales en la Red.\u00a0Web del recurso t\u00fa decides en internet. Familias conectad@s, &hellip; <\/p>\n<p><a class=\"more-link btn\" href=\"https:\/\/cpcorella.educacion.navarra.es\/blogs\/navego-seguro\/\">Continue reading<\/a><\/p>\n","protected":false},"author":6,"featured_media":0,"parent":0,"menu_order":0,"comment_status":"closed","ping_status":"closed","template":"","meta":[],"_links":{"self":[{"href":"https:\/\/cpcorella.educacion.navarra.es\/blogs\/wp-json\/wp\/v2\/pages\/4712"}],"collection":[{"href":"https:\/\/cpcorella.educacion.navarra.es\/blogs\/wp-json\/wp\/v2\/pages"}],"about":[{"href":"https:\/\/cpcorella.educacion.navarra.es\/blogs\/wp-json\/wp\/v2\/types\/page"}],"author":[{"embeddable":true,"href":"https:\/\/cpcorella.educacion.navarra.es\/blogs\/wp-json\/wp\/v2\/users\/6"}],"replies":[{"embeddable":true,"href":"https:\/\/cpcorella.educacion.navarra.es\/blogs\/wp-json\/wp\/v2\/comments?post=4712"}],"version-history":[{"count":7,"href":"https:\/\/cpcorella.educacion.navarra.es\/blogs\/wp-json\/wp\/v2\/pages\/4712\/revisions"}],"predecessor-version":[{"id":4725,"href":"https:\/\/cpcorella.educacion.navarra.es\/blogs\/wp-json\/wp\/v2\/pages\/4712\/revisions\/4725"}],"wp:attachment":[{"href":"https:\/\/cpcorella.educacion.navarra.es\/blogs\/wp-json\/wp\/v2\/media?parent=4712"}],"curies":[{"name":"wp","href":"https:\/\/api.w.org\/{rel}","templated":true}]}}