{"id":4644,"date":"2020-03-13T09:54:50","date_gmt":"2020-03-13T08:54:50","guid":{"rendered":"https:\/\/cpcorella.educacion.navarra.es\/blogs\/?page_id=4644"},"modified":"2020-03-13T10:00:37","modified_gmt":"2020-03-13T09:00:37","slug":"recursos-1o-e-p","status":"publish","type":"page","link":"https:\/\/cpcorella.educacion.navarra.es\/blogs\/recursos-1o-e-p\/","title":{"rendered":"RECURSOS 1\u00ba E.P."},"content":{"rendered":"\n<table style=\"border-collapse: collapse; width: 100%;\">\n<tbody>\n<tr>\n<td style=\"width: 50%;\"><a href=\"https:\/\/docs.google.com\/document\/d\/1hzZZRge-UpSvsrw-XQVehJrGMP0pDU9SguMLZTRFdIA\/pub\"><img loading=\"lazy\" class=\"aligncenter size-full wp-image-4571\" src=\"https:\/\/cpcorella.educacion.navarra.es\/blogs\/wp-content\/uploads\/2020\/03\/button-1.png\" alt=\"\" width=\"146\" height=\"50\" \/><\/a><\/td>\n<td style=\"width: 50%;\"><a href=\"https:\/\/docs.google.com\/document\/d\/1e-jyXUaDbiKHpsgned50tMC6RyOi6rbGY4001xOq_Q4\/pub\"><img loading=\"lazy\" class=\"aligncenter size-full wp-image-4570\" src=\"https:\/\/cpcorella.educacion.navarra.es\/blogs\/wp-content\/uploads\/2020\/03\/button.png\" alt=\"\" width=\"194\" height=\"50\" \/><\/a><\/td>\n<\/tr>\n<tr>\n<td style=\"width: 50%;\"><a href=\"https:\/\/docs.google.com\/document\/d\/1nUn25VBOuPcRUndmqWONVY_sezzZf4ZxlwJxaWIp9Z4\/pub\"><img loading=\"lazy\" class=\"aligncenter size-full wp-image-4567\" src=\"https:\/\/cpcorella.educacion.navarra.es\/blogs\/wp-content\/uploads\/2020\/03\/button-2.png\" alt=\"\" width=\"180\" height=\"50\" \/><\/a><\/td>\n<td style=\"width: 50%;\"><a href=\"http:\/\/www.ceiploreto.es\/sugerencias\/science1.html\"><img loading=\"lazy\" class=\"aligncenter size-full wp-image-4569\" src=\"https:\/\/cpcorella.educacion.navarra.es\/blogs\/wp-content\/uploads\/2020\/03\/button-4.png\" alt=\"\" width=\"160\" height=\"50\" \/><\/a><\/td>\n<\/tr>\n<tr>\n<td style=\"width: 50%;\">\n<p><span style=\"background-color: #00ff00;\"><strong>Juegos educativos<\/strong><\/span><\/p>\n<div class=\"menu_sidebar\">\n<ul class=\"sidebar_ul\">\n<li><a href=\"https:\/\/www.mundoprimaria.com\/juegos-educativos\/juegos-matematicas\">Juegos de Matem\u00e1ticas<\/a><\/li>\n<li><a href=\"https:\/\/www.mundoprimaria.com\/juegos-educativos\/juegos-lenguaje\">Juegos de Lenguaje<\/a><\/li>\n<li><a href=\"https:\/\/www.mundoprimaria.com\/juegos-educativos\/juegos-de-ingles\">Juegos de Ingl\u00e9s<\/a><\/li>\n<li><a href=\"https:\/\/www.mundoprimaria.com\/juegos-educativos\/juegos-ciencias\">Juegos de Ciencias<\/a><\/li>\n<li><a href=\"https:\/\/www.mundoprimaria.com\/juegos-educativos\/juegos-mapas-espana\">Juegos de Mapas<\/a><\/li>\n<\/ul>\n<\/div>\n<\/td>\n<td style=\"width: 50%;\">\n<p><strong><span style=\"background-color: #ffff00;\">Juegos mentales<\/span><\/strong><\/p>\n<div class=\"menu_sidebar\">\n<ul class=\"sidebar_ul\">\n<li><a href=\"https:\/\/www.mundoprimaria.com\/juegos-educativos\/juegos-de-memoria-infantiles\">Juegos de memoria<\/a><\/li>\n<li><a href=\"https:\/\/www.mundoprimaria.com\/juegos-educativos\/juegos-de-atencion-infantil\">Juegos de atenci\u00f3n<\/a><\/li>\n<li><a href=\"https:\/\/www.mundoprimaria.com\/juegos-educativos\/juegos-de-logica-para-ninos\">Juegos de l\u00f3gica<\/a><\/li>\n<li><a href=\"https:\/\/www.mundoprimaria.com\/juegos-educativos\/conceptos-basicos\">Conceptos b\u00e1sicos<\/a><\/li>\n<li><a href=\"https:\/\/www.mundoprimaria.com\/juegos-educativos\/juegos-de-letras\">Juegos de letras<\/a><\/li>\n<li><a href=\"https:\/\/www.mundoprimaria.com\/juegos-educativos\/juegos-musica-ninos\">Juegos de m\u00fasica<\/a><\/li>\n<\/ul>\n<\/div>\n<\/td>\n<\/tr>\n<tr>\n<td style=\"width: 50%;\">\u00a0<\/td>\n<td style=\"width: 50%;\">\u00a0<\/td>\n<\/tr>\n<tr>\n<td style=\"width: 50%;\">\u00a0<\/td>\n<td style=\"width: 50%;\">\u00a0<\/td>\n<\/tr>\n<\/tbody>\n<\/table>\n","protected":false},"excerpt":{"rendered":"<p>Juegos educativos Juegos de Matem\u00e1ticas Juegos de Lenguaje Juegos de Ingl\u00e9s Juegos de Ciencias Juegos de Mapas Juegos mentales Juegos de memoria Juegos de atenci\u00f3n Juegos de l\u00f3gica Conceptos b\u00e1sicos Juegos de letras Juegos de m\u00fasica \u00a0 \u00a0 \u00a0 \u00a0<\/p>\n","protected":false},"author":6,"featured_media":0,"parent":0,"menu_order":0,"comment_status":"closed","ping_status":"closed","template":"","meta":[],"_links":{"self":[{"href":"https:\/\/cpcorella.educacion.navarra.es\/blogs\/wp-json\/wp\/v2\/pages\/4644"}],"collection":[{"href":"https:\/\/cpcorella.educacion.navarra.es\/blogs\/wp-json\/wp\/v2\/pages"}],"about":[{"href":"https:\/\/cpcorella.educacion.navarra.es\/blogs\/wp-json\/wp\/v2\/types\/page"}],"author":[{"embeddable":true,"href":"https:\/\/cpcorella.educacion.navarra.es\/blogs\/wp-json\/wp\/v2\/users\/6"}],"replies":[{"embeddable":true,"href":"https:\/\/cpcorella.educacion.navarra.es\/blogs\/wp-json\/wp\/v2\/comments?post=4644"}],"version-history":[{"count":2,"href":"https:\/\/cpcorella.educacion.navarra.es\/blogs\/wp-json\/wp\/v2\/pages\/4644\/revisions"}],"predecessor-version":[{"id":4647,"href":"https:\/\/cpcorella.educacion.navarra.es\/blogs\/wp-json\/wp\/v2\/pages\/4644\/revisions\/4647"}],"wp:attachment":[{"href":"https:\/\/cpcorella.educacion.navarra.es\/blogs\/wp-json\/wp\/v2\/media?parent=4644"}],"curies":[{"name":"wp","href":"https:\/\/api.w.org\/{rel}","templated":true}]}}