{"id":4627,"date":"2020-03-12T14:17:27","date_gmt":"2020-03-12T13:17:27","guid":{"rendered":"https:\/\/cpcorella.educacion.navarra.es\/blogs\/?page_id=4627"},"modified":"2026-03-12T11:41:14","modified_gmt":"2026-03-12T10:41:14","slug":"4o-curso-ed-primaria","status":"publish","type":"page","link":"https:\/\/cpcorella.educacion.navarra.es\/blogs\/4o-curso-ed-primaria\/","title":{"rendered":"4\u00ba CURSO ED. PRIMARIA"},"content":{"rendered":"\n<p>\u00a0<\/p>\n<table style=\"border-collapse: collapse; width: 100%; height: 323px;\">\n<tbody>\n<tr style=\"height: 20px;\">\n<td style=\"width: 55.5173%; text-align: center; height: 20px;\">\n<h2><strong>HORARIOS<\/strong><\/h2>\n<\/td>\n<td style=\"width: 44.4827%; text-align: center; height: 20px;\">\n<h2><strong>PROGRAMACIONES<\/strong><\/h2>\n<\/td>\n<\/tr>\n<tr style=\"height: 39px;\">\n<td style=\"width: 55.5173%; height: 39px;\"><a href=\"https:\/\/drive.google.com\/file\/d\/19SNb_WDRKWvzeqOa4NwO4DEeUFeaIOjk\/view?usp=drive_link\"><img loading=\"lazy\" class=\"aligncenter wp-image-4575 size-full\" src=\"https:\/\/cpcorella.educacion.navarra.es\/blogs\/wp-content\/uploads\/2020\/03\/e6249584-3349-46ab-9d5f-719a9e118a45.png\" alt=\"\" width=\"141\" height=\"51\" \/><\/a>Arellano L\u00f3pez, Cristina<\/td>\n<td style=\"width: 44.4827%; height: 156px; text-align: center;\" rowspan=\"4\"><a href=\"https:\/\/drive.google.com\/file\/d\/19yl2BrvuJIMTlnb0uILKSpRakBcZIlLc\/view?usp=sharing\" target=\"_blank\" rel=\"noopener noreferrer\"><img loading=\"lazy\" class=\"alignnone wp-image-6287 \" src=\"https:\/\/cpcorella.educacion.navarra.es\/blogs\/wp-content\/uploads\/2026\/03\/ChatGPT-Image-5-mar-2026-14_07_30-2.png\" alt=\"\" width=\"183\" height=\"122\" srcset=\"https:\/\/cpcorella.educacion.navarra.es\/blogs\/wp-content\/uploads\/2026\/03\/ChatGPT-Image-5-mar-2026-14_07_30-2.png 1536w, https:\/\/cpcorella.educacion.navarra.es\/blogs\/wp-content\/uploads\/2026\/03\/ChatGPT-Image-5-mar-2026-14_07_30-2-300x200.png 300w, https:\/\/cpcorella.educacion.navarra.es\/blogs\/wp-content\/uploads\/2026\/03\/ChatGPT-Image-5-mar-2026-14_07_30-2-1024x683.png 1024w, https:\/\/cpcorella.educacion.navarra.es\/blogs\/wp-content\/uploads\/2026\/03\/ChatGPT-Image-5-mar-2026-14_07_30-2-768x512.png 768w, https:\/\/cpcorella.educacion.navarra.es\/blogs\/wp-content\/uploads\/2026\/03\/ChatGPT-Image-5-mar-2026-14_07_30-2-555x370.png 555w\" sizes=\"(max-width: 183px) 100vw, 183px\" \/><\/a><br \/><a href=\"https:\/\/drive.google.com\/file\/d\/1TcIcQfvnZzKqbizbbmQIE-JzMdvV4Qte\/view?usp=sharing\" target=\"_blank\" rel=\"noopener noreferrer\"><img loading=\"lazy\" class=\"alignnone wp-image-6288 \" src=\"https:\/\/cpcorella.educacion.navarra.es\/blogs\/wp-content\/uploads\/2026\/03\/ChatGPT-Image-5-mar-2026-14_07_52-2.png\" alt=\"\" width=\"171\" height=\"114\" srcset=\"https:\/\/cpcorella.educacion.navarra.es\/blogs\/wp-content\/uploads\/2026\/03\/ChatGPT-Image-5-mar-2026-14_07_52-2.png 1536w, https:\/\/cpcorella.educacion.navarra.es\/blogs\/wp-content\/uploads\/2026\/03\/ChatGPT-Image-5-mar-2026-14_07_52-2-300x200.png 300w, https:\/\/cpcorella.educacion.navarra.es\/blogs\/wp-content\/uploads\/2026\/03\/ChatGPT-Image-5-mar-2026-14_07_52-2-1024x683.png 1024w, https:\/\/cpcorella.educacion.navarra.es\/blogs\/wp-content\/uploads\/2026\/03\/ChatGPT-Image-5-mar-2026-14_07_52-2-768x512.png 768w, https:\/\/cpcorella.educacion.navarra.es\/blogs\/wp-content\/uploads\/2026\/03\/ChatGPT-Image-5-mar-2026-14_07_52-2-555x370.png 555w\" sizes=\"(max-width: 171px) 100vw, 171px\" \/><\/a><br \/><a href=\"https:\/\/drive.google.com\/file\/d\/1zbQzZAiRIDgLxAV4B49Rz-nx5076wMKL\/view?usp=sharing\" target=\"_blank\" rel=\"noopener noreferrer\"><img loading=\"lazy\" class=\"alignnone wp-image-6289 \" src=\"https:\/\/cpcorella.educacion.navarra.es\/blogs\/wp-content\/uploads\/2026\/03\/ChatGPT-Image-5-mar-2026-14_08_50.png\" alt=\"\" width=\"170\" height=\"113\" srcset=\"https:\/\/cpcorella.educacion.navarra.es\/blogs\/wp-content\/uploads\/2026\/03\/ChatGPT-Image-5-mar-2026-14_08_50.png 1536w, https:\/\/cpcorella.educacion.navarra.es\/blogs\/wp-content\/uploads\/2026\/03\/ChatGPT-Image-5-mar-2026-14_08_50-300x200.png 300w, https:\/\/cpcorella.educacion.navarra.es\/blogs\/wp-content\/uploads\/2026\/03\/ChatGPT-Image-5-mar-2026-14_08_50-1024x683.png 1024w, https:\/\/cpcorella.educacion.navarra.es\/blogs\/wp-content\/uploads\/2026\/03\/ChatGPT-Image-5-mar-2026-14_08_50-768x512.png 768w, https:\/\/cpcorella.educacion.navarra.es\/blogs\/wp-content\/uploads\/2026\/03\/ChatGPT-Image-5-mar-2026-14_08_50-555x370.png 555w\" sizes=\"(max-width: 170px) 100vw, 170px\" \/><\/a><br \/><a href=\"https:\/\/drive.google.com\/file\/d\/15v6vsnUCOLIWAo6-IBQ-sSERlLhlrBbe\/view?usp=sharing\" target=\"_blank\" rel=\"noopener noreferrer\"><img loading=\"lazy\" class=\"alignnone wp-image-6290 \" src=\"https:\/\/cpcorella.educacion.navarra.es\/blogs\/wp-content\/uploads\/2026\/03\/ChatGPT-Image-5-mar-2026-14_09_48-1.png\" alt=\"\" width=\"171\" height=\"114\" srcset=\"https:\/\/cpcorella.educacion.navarra.es\/blogs\/wp-content\/uploads\/2026\/03\/ChatGPT-Image-5-mar-2026-14_09_48-1.png 1536w, https:\/\/cpcorella.educacion.navarra.es\/blogs\/wp-content\/uploads\/2026\/03\/ChatGPT-Image-5-mar-2026-14_09_48-1-300x200.png 300w, https:\/\/cpcorella.educacion.navarra.es\/blogs\/wp-content\/uploads\/2026\/03\/ChatGPT-Image-5-mar-2026-14_09_48-1-1024x683.png 1024w, https:\/\/cpcorella.educacion.navarra.es\/blogs\/wp-content\/uploads\/2026\/03\/ChatGPT-Image-5-mar-2026-14_09_48-1-768x512.png 768w, https:\/\/cpcorella.educacion.navarra.es\/blogs\/wp-content\/uploads\/2026\/03\/ChatGPT-Image-5-mar-2026-14_09_48-1-555x370.png 555w\" sizes=\"(max-width: 171px) 100vw, 171px\" \/><\/a><br \/><a href=\"https:\/\/drive.google.com\/file\/d\/1cztp8fbC7Lkc4Sfm0B4ltFhbr_V0FfyH\/view?usp=sharing\" target=\"_blank\" rel=\"noopener noreferrer\"><img loading=\"lazy\" class=\"alignnone wp-image-6300 \" src=\"https:\/\/cpcorella.educacion.navarra.es\/blogs\/wp-content\/uploads\/2026\/03\/ChatGPT-Image-12-mar-2026-10_01_45.png\" alt=\"\" width=\"170\" height=\"113\" srcset=\"https:\/\/cpcorella.educacion.navarra.es\/blogs\/wp-content\/uploads\/2026\/03\/ChatGPT-Image-12-mar-2026-10_01_45.png 1536w, https:\/\/cpcorella.educacion.navarra.es\/blogs\/wp-content\/uploads\/2026\/03\/ChatGPT-Image-12-mar-2026-10_01_45-300x200.png 300w, https:\/\/cpcorella.educacion.navarra.es\/blogs\/wp-content\/uploads\/2026\/03\/ChatGPT-Image-12-mar-2026-10_01_45-1024x683.png 1024w, https:\/\/cpcorella.educacion.navarra.es\/blogs\/wp-content\/uploads\/2026\/03\/ChatGPT-Image-12-mar-2026-10_01_45-768x512.png 768w, https:\/\/cpcorella.educacion.navarra.es\/blogs\/wp-content\/uploads\/2026\/03\/ChatGPT-Image-12-mar-2026-10_01_45-555x370.png 555w\" sizes=\"(max-width: 170px) 100vw, 170px\" \/><\/a><br \/><a href=\"https:\/\/drive.google.com\/file\/d\/1DBS0-BSXhPLYtFSNozvyfruZ3dOUTP_8\/view?usp=sharing\" target=\"_blank\" rel=\"noopener noreferrer\"><img loading=\"lazy\" class=\"alignnone wp-image-6299 \" src=\"https:\/\/cpcorella.educacion.navarra.es\/blogs\/wp-content\/uploads\/2026\/03\/ChatGPT-Image-12-mar-2026-09_59_50.png\" alt=\"\" width=\"173\" height=\"115\" srcset=\"https:\/\/cpcorella.educacion.navarra.es\/blogs\/wp-content\/uploads\/2026\/03\/ChatGPT-Image-12-mar-2026-09_59_50.png 1536w, https:\/\/cpcorella.educacion.navarra.es\/blogs\/wp-content\/uploads\/2026\/03\/ChatGPT-Image-12-mar-2026-09_59_50-300x200.png 300w, https:\/\/cpcorella.educacion.navarra.es\/blogs\/wp-content\/uploads\/2026\/03\/ChatGPT-Image-12-mar-2026-09_59_50-1024x683.png 1024w, https:\/\/cpcorella.educacion.navarra.es\/blogs\/wp-content\/uploads\/2026\/03\/ChatGPT-Image-12-mar-2026-09_59_50-768x512.png 768w, https:\/\/cpcorella.educacion.navarra.es\/blogs\/wp-content\/uploads\/2026\/03\/ChatGPT-Image-12-mar-2026-09_59_50-555x370.png 555w\" sizes=\"(max-width: 173px) 100vw, 173px\" \/><\/a><br \/>\u00a0<\/td>\n<\/tr>\n<tr style=\"height: 39px;\">\n<td style=\"width: 55.5173%; height: 39px;\"><a href=\"https:\/\/drive.google.com\/file\/d\/120_YwL0kDg3GbrzsO5oDHnSks5U7_Cfa\/view?usp=drive_link\" target=\"_blank\" rel=\"noopener noreferrer\"><img loading=\"lazy\" class=\"aligncenter wp-image-4592 size-full\" src=\"https:\/\/cpcorella.educacion.navarra.es\/blogs\/wp-content\/uploads\/2020\/03\/8c27eca9-277f-425b-8d39-fcf53c1e0e71.png\" alt=\"\" width=\"140\" height=\"51\" \/><\/a>Villarroya Gonzalez, David<\/td>\n<\/tr>\n<tr style=\"height: 39px;\">\n<td style=\"width: 55.5173%; height: 39px;\"><a href=\"https:\/\/drive.google.com\/file\/d\/1Bxdoc4KDWpu6nMuzXGo4rTfdVg2bO1Tl\/view?usp=drive_link\" target=\"_blank\" rel=\"noopener noreferrer\"><img loading=\"lazy\" class=\"aligncenter wp-image-4578 size-full\" src=\"https:\/\/cpcorella.educacion.navarra.es\/blogs\/wp-content\/uploads\/2020\/03\/4C.png\" alt=\"\" width=\"140\" height=\"51\" \/><\/a>Tomas Dominguez, Mar\u00eda Josefa<\/td>\n<\/tr>\n<tr style=\"height: 39px;\">\n<td style=\"width: 55.5173%; height: 39px;\"><a href=\"https:\/\/drive.google.com\/file\/d\/1jY7nZQasNfjobsqL5Zb8ylx2PUKFx7zH\/view?usp=drive_link\" target=\"_blank\" rel=\"noopener noreferrer\"><img loading=\"lazy\" class=\"aligncenter wp-image-4579 size-full\" src=\"https:\/\/cpcorella.educacion.navarra.es\/blogs\/wp-content\/uploads\/2020\/03\/4D.png\" alt=\"\" width=\"141\" height=\"51\" \/><\/a>L\u00e1zaro Monreal, Santiago<\/td>\n<\/tr>\n<tr style=\"height: 147px;\">\n<td style=\"width: 55.5173%; height: 147px;\">\n<p><a href=\"http:\/\/https:\/\/drive.google.com\/file\/d\/10AhMDc2cO2z7A572LKA7w747-DUvUd_K\/view?usp=drive_link\"><img loading=\"lazy\" class=\"aligncenter wp-image-5441\" src=\"https:\/\/cpcorella.educacion.navarra.es\/blogs\/wp-content\/uploads\/2022\/10\/4oE.png\" alt=\"\" width=\"158\" height=\"47\" \/><\/a><\/p>\n<p>Qui\u00f1ones Casares, Milagrosa<\/p>\n<p>\u00a0<\/p>\n<\/td>\n<td style=\"width: 44.4827%; text-align: center; height: 147px;\"><a href=\"https:\/\/drive.google.com\/file\/d\/1rH_3ASCyvjZxD0b6Eh4hYTSfe7uVu41T\/view?usp=sharing\" target=\"_blank\" rel=\"noopener noreferrer\"><img loading=\"lazy\" class=\"alignnone wp-image-6291 \" src=\"https:\/\/cpcorella.educacion.navarra.es\/blogs\/wp-content\/uploads\/2026\/03\/ChatGPT-Image-5-mar-2026-14_10_48.png\" alt=\"\" width=\"170\" height=\"113\" srcset=\"https:\/\/cpcorella.educacion.navarra.es\/blogs\/wp-content\/uploads\/2026\/03\/ChatGPT-Image-5-mar-2026-14_10_48.png 1536w, https:\/\/cpcorella.educacion.navarra.es\/blogs\/wp-content\/uploads\/2026\/03\/ChatGPT-Image-5-mar-2026-14_10_48-300x200.png 300w, https:\/\/cpcorella.educacion.navarra.es\/blogs\/wp-content\/uploads\/2026\/03\/ChatGPT-Image-5-mar-2026-14_10_48-1024x683.png 1024w, https:\/\/cpcorella.educacion.navarra.es\/blogs\/wp-content\/uploads\/2026\/03\/ChatGPT-Image-5-mar-2026-14_10_48-768x512.png 768w, https:\/\/cpcorella.educacion.navarra.es\/blogs\/wp-content\/uploads\/2026\/03\/ChatGPT-Image-5-mar-2026-14_10_48-555x370.png 555w\" sizes=\"(max-width: 170px) 100vw, 170px\" \/><\/a><\/td>\n<\/tr>\n<\/tbody>\n<\/table>\n","protected":false},"excerpt":{"rendered":"<p>\u00a0 HORARIOS PROGRAMACIONES Arellano L\u00f3pez, Cristina \u00a0 Villarroya Gonzalez, David Tomas Dominguez, Mar\u00eda Josefa L\u00e1zaro Monreal, Santiago Qui\u00f1ones Casares, Milagrosa \u00a0<\/p>\n","protected":false},"author":6,"featured_media":0,"parent":0,"menu_order":0,"comment_status":"closed","ping_status":"closed","template":"","meta":[],"_links":{"self":[{"href":"https:\/\/cpcorella.educacion.navarra.es\/blogs\/wp-json\/wp\/v2\/pages\/4627"}],"collection":[{"href":"https:\/\/cpcorella.educacion.navarra.es\/blogs\/wp-json\/wp\/v2\/pages"}],"about":[{"href":"https:\/\/cpcorella.educacion.navarra.es\/blogs\/wp-json\/wp\/v2\/types\/page"}],"author":[{"embeddable":true,"href":"https:\/\/cpcorella.educacion.navarra.es\/blogs\/wp-json\/wp\/v2\/users\/6"}],"replies":[{"embeddable":true,"href":"https:\/\/cpcorella.educacion.navarra.es\/blogs\/wp-json\/wp\/v2\/comments?post=4627"}],"version-history":[{"count":14,"href":"https:\/\/cpcorella.educacion.navarra.es\/blogs\/wp-json\/wp\/v2\/pages\/4627\/revisions"}],"predecessor-version":[{"id":6312,"href":"https:\/\/cpcorella.educacion.navarra.es\/blogs\/wp-json\/wp\/v2\/pages\/4627\/revisions\/6312"}],"wp:attachment":[{"href":"https:\/\/cpcorella.educacion.navarra.es\/blogs\/wp-json\/wp\/v2\/media?parent=4627"}],"curies":[{"name":"wp","href":"https:\/\/api.w.org\/{rel}","templated":true}]}}