{"id":4622,"date":"2020-03-12T13:44:35","date_gmt":"2020-03-12T12:44:35","guid":{"rendered":"https:\/\/cpcorella.educacion.navarra.es\/blogs\/?page_id=4622"},"modified":"2026-03-12T11:37:28","modified_gmt":"2026-03-12T10:37:28","slug":"3o-curso-ed-primaria","status":"publish","type":"page","link":"https:\/\/cpcorella.educacion.navarra.es\/blogs\/3o-curso-ed-primaria\/","title":{"rendered":"3\u00ba CURSO ED. PRIMARIA"},"content":{"rendered":"\n<p>\u00a0<\/p>\n<table style=\"border-collapse: collapse; width: 100%; height: 186px;\">\n<tbody>\n<tr style=\"height: 20px;\">\n<td style=\"width: 55.5173%; text-align: center; height: 20px;\">\n<h2><strong>HORARIOS<\/strong><\/h2>\n<\/td>\n<td style=\"width: 44.4827%; text-align: center; height: 20px;\">\n<h2><strong>PROGRAMACIONES<\/strong><\/h2>\n<\/td>\n<\/tr>\n<tr style=\"height: 39px;\">\n<td style=\"width: 55.5173%; height: 39px;\"><a href=\"https:\/\/drive.google.com\/file\/d\/1G4CFE1vntUxSzGr8YTjndtofD2E8uUr5\/view?usp=drive_link\" target=\"_blank\" rel=\"noopener noreferrer\"><img loading=\"lazy\" class=\"aligncenter wp-image-4574 size-full\" src=\"https:\/\/cpcorella.educacion.navarra.es\/blogs\/wp-content\/uploads\/2020\/03\/dd2651b9-acd3-41b0-8816-912242c88c5d.png\" alt=\"\" width=\"141\" height=\"51\" \/><\/a>Gonzalez Perez, Francisco Javier<\/td>\n<td style=\"width: 44.4827%; height: 166px; text-align: center;\" rowspan=\"4\"><a href=\"https:\/\/drive.google.com\/file\/d\/11mWbIhb3gQXTm7QmIIfZZAuVVHCSNQGh\/view?usp=sharing\" target=\"_blank\" rel=\"noopener noreferrer\"><img loading=\"lazy\" class=\"alignnone wp-image-6287 \" src=\"https:\/\/cpcorella.educacion.navarra.es\/blogs\/wp-content\/uploads\/2026\/03\/ChatGPT-Image-5-mar-2026-14_07_30-2.png\" alt=\"\" width=\"206\" height=\"137\" srcset=\"https:\/\/cpcorella.educacion.navarra.es\/blogs\/wp-content\/uploads\/2026\/03\/ChatGPT-Image-5-mar-2026-14_07_30-2.png 1536w, https:\/\/cpcorella.educacion.navarra.es\/blogs\/wp-content\/uploads\/2026\/03\/ChatGPT-Image-5-mar-2026-14_07_30-2-300x200.png 300w, https:\/\/cpcorella.educacion.navarra.es\/blogs\/wp-content\/uploads\/2026\/03\/ChatGPT-Image-5-mar-2026-14_07_30-2-1024x683.png 1024w, https:\/\/cpcorella.educacion.navarra.es\/blogs\/wp-content\/uploads\/2026\/03\/ChatGPT-Image-5-mar-2026-14_07_30-2-768x512.png 768w, https:\/\/cpcorella.educacion.navarra.es\/blogs\/wp-content\/uploads\/2026\/03\/ChatGPT-Image-5-mar-2026-14_07_30-2-555x370.png 555w\" sizes=\"(max-width: 206px) 100vw, 206px\" \/><\/a><br \/><a href=\"https:\/\/drive.google.com\/file\/d\/1KQpXwQAyxn1pPC9sDnuWMc76bGynb5Dt\/view?usp=sharing\" target=\"_blank\" rel=\"noopener noreferrer\"><img loading=\"lazy\" class=\"alignnone wp-image-6288 \" src=\"https:\/\/cpcorella.educacion.navarra.es\/blogs\/wp-content\/uploads\/2026\/03\/ChatGPT-Image-5-mar-2026-14_07_52-2.png\" alt=\"\" width=\"197\" height=\"131\" srcset=\"https:\/\/cpcorella.educacion.navarra.es\/blogs\/wp-content\/uploads\/2026\/03\/ChatGPT-Image-5-mar-2026-14_07_52-2.png 1536w, https:\/\/cpcorella.educacion.navarra.es\/blogs\/wp-content\/uploads\/2026\/03\/ChatGPT-Image-5-mar-2026-14_07_52-2-300x200.png 300w, https:\/\/cpcorella.educacion.navarra.es\/blogs\/wp-content\/uploads\/2026\/03\/ChatGPT-Image-5-mar-2026-14_07_52-2-1024x683.png 1024w, https:\/\/cpcorella.educacion.navarra.es\/blogs\/wp-content\/uploads\/2026\/03\/ChatGPT-Image-5-mar-2026-14_07_52-2-768x512.png 768w, https:\/\/cpcorella.educacion.navarra.es\/blogs\/wp-content\/uploads\/2026\/03\/ChatGPT-Image-5-mar-2026-14_07_52-2-555x370.png 555w\" sizes=\"(max-width: 197px) 100vw, 197px\" \/><\/a><br \/><a href=\"https:\/\/drive.google.com\/file\/d\/1kP1swh42Kf-XcqC0JygGQjInrYBjHADu\/view?usp=sharing\" target=\"_blank\" rel=\"noopener noreferrer\"><img loading=\"lazy\" class=\"alignnone wp-image-6289 \" src=\"https:\/\/cpcorella.educacion.navarra.es\/blogs\/wp-content\/uploads\/2026\/03\/ChatGPT-Image-5-mar-2026-14_08_50.png\" alt=\"\" width=\"207\" height=\"138\" srcset=\"https:\/\/cpcorella.educacion.navarra.es\/blogs\/wp-content\/uploads\/2026\/03\/ChatGPT-Image-5-mar-2026-14_08_50.png 1536w, https:\/\/cpcorella.educacion.navarra.es\/blogs\/wp-content\/uploads\/2026\/03\/ChatGPT-Image-5-mar-2026-14_08_50-300x200.png 300w, https:\/\/cpcorella.educacion.navarra.es\/blogs\/wp-content\/uploads\/2026\/03\/ChatGPT-Image-5-mar-2026-14_08_50-1024x683.png 1024w, https:\/\/cpcorella.educacion.navarra.es\/blogs\/wp-content\/uploads\/2026\/03\/ChatGPT-Image-5-mar-2026-14_08_50-768x512.png 768w, https:\/\/cpcorella.educacion.navarra.es\/blogs\/wp-content\/uploads\/2026\/03\/ChatGPT-Image-5-mar-2026-14_08_50-555x370.png 555w\" sizes=\"(max-width: 207px) 100vw, 207px\" \/><\/a><br \/><a href=\"https:\/\/drive.google.com\/file\/d\/1qqcO0UgKJbNQDkI3TcC_yz_Di5M8lROF\/view?usp=sharing\" target=\"_blank\" rel=\"noopener noreferrer\"><img loading=\"lazy\" class=\"alignnone wp-image-6290 \" src=\"https:\/\/cpcorella.educacion.navarra.es\/blogs\/wp-content\/uploads\/2026\/03\/ChatGPT-Image-5-mar-2026-14_09_48-1.png\" alt=\"\" width=\"219\" height=\"146\" srcset=\"https:\/\/cpcorella.educacion.navarra.es\/blogs\/wp-content\/uploads\/2026\/03\/ChatGPT-Image-5-mar-2026-14_09_48-1.png 1536w, https:\/\/cpcorella.educacion.navarra.es\/blogs\/wp-content\/uploads\/2026\/03\/ChatGPT-Image-5-mar-2026-14_09_48-1-300x200.png 300w, https:\/\/cpcorella.educacion.navarra.es\/blogs\/wp-content\/uploads\/2026\/03\/ChatGPT-Image-5-mar-2026-14_09_48-1-1024x683.png 1024w, https:\/\/cpcorella.educacion.navarra.es\/blogs\/wp-content\/uploads\/2026\/03\/ChatGPT-Image-5-mar-2026-14_09_48-1-768x512.png 768w, https:\/\/cpcorella.educacion.navarra.es\/blogs\/wp-content\/uploads\/2026\/03\/ChatGPT-Image-5-mar-2026-14_09_48-1-555x370.png 555w\" sizes=\"(max-width: 219px) 100vw, 219px\" \/><\/a><br \/><a href=\"https:\/\/drive.google.com\/file\/d\/1_vRwGQX9_1IP3GE0lWwqdzxEGZxu8BZb\/view?usp=sharing\" target=\"_blank\" rel=\"noopener noreferrer\"><img loading=\"lazy\" class=\"alignnone wp-image-6300 \" src=\"https:\/\/cpcorella.educacion.navarra.es\/blogs\/wp-content\/uploads\/2026\/03\/ChatGPT-Image-12-mar-2026-10_01_45.png\" alt=\"\" width=\"182\" height=\"121\" srcset=\"https:\/\/cpcorella.educacion.navarra.es\/blogs\/wp-content\/uploads\/2026\/03\/ChatGPT-Image-12-mar-2026-10_01_45.png 1536w, https:\/\/cpcorella.educacion.navarra.es\/blogs\/wp-content\/uploads\/2026\/03\/ChatGPT-Image-12-mar-2026-10_01_45-300x200.png 300w, https:\/\/cpcorella.educacion.navarra.es\/blogs\/wp-content\/uploads\/2026\/03\/ChatGPT-Image-12-mar-2026-10_01_45-1024x683.png 1024w, https:\/\/cpcorella.educacion.navarra.es\/blogs\/wp-content\/uploads\/2026\/03\/ChatGPT-Image-12-mar-2026-10_01_45-768x512.png 768w, https:\/\/cpcorella.educacion.navarra.es\/blogs\/wp-content\/uploads\/2026\/03\/ChatGPT-Image-12-mar-2026-10_01_45-555x370.png 555w\" sizes=\"(max-width: 182px) 100vw, 182px\" \/><\/a><br \/><a href=\"https:\/\/drive.google.com\/file\/d\/1L-_VmyYMMh4y_Qqn6ErNSVfMa1ZMJBUE\/view?usp=sharing\" target=\"_blank\" rel=\"noopener noreferrer\"><img loading=\"lazy\" class=\"alignnone wp-image-6299 \" src=\"https:\/\/cpcorella.educacion.navarra.es\/blogs\/wp-content\/uploads\/2026\/03\/ChatGPT-Image-12-mar-2026-09_59_50.png\" alt=\"\" width=\"200\" height=\"133\" srcset=\"https:\/\/cpcorella.educacion.navarra.es\/blogs\/wp-content\/uploads\/2026\/03\/ChatGPT-Image-12-mar-2026-09_59_50.png 1536w, https:\/\/cpcorella.educacion.navarra.es\/blogs\/wp-content\/uploads\/2026\/03\/ChatGPT-Image-12-mar-2026-09_59_50-300x200.png 300w, https:\/\/cpcorella.educacion.navarra.es\/blogs\/wp-content\/uploads\/2026\/03\/ChatGPT-Image-12-mar-2026-09_59_50-1024x683.png 1024w, https:\/\/cpcorella.educacion.navarra.es\/blogs\/wp-content\/uploads\/2026\/03\/ChatGPT-Image-12-mar-2026-09_59_50-768x512.png 768w, https:\/\/cpcorella.educacion.navarra.es\/blogs\/wp-content\/uploads\/2026\/03\/ChatGPT-Image-12-mar-2026-09_59_50-555x370.png 555w\" sizes=\"(max-width: 200px) 100vw, 200px\" \/><\/a><br \/>\u00a0<\/td>\n<\/tr>\n<tr style=\"height: 39px;\">\n<td style=\"width: 55.5173%; height: 39px;\"><a href=\"https:\/\/drive.google.com\/file\/d\/1lYFFKg3iBcKUq5p7r2Q0mfhqnhmPKupM\/view?usp=drive_link\" target=\"_blank\" rel=\"noopener noreferrer\"><img loading=\"lazy\" class=\"aligncenter wp-image-4594 size-full\" src=\"https:\/\/cpcorella.educacion.navarra.es\/blogs\/wp-content\/uploads\/2020\/03\/50bc1f52-08b2-45db-a551-9b807a968931.png\" alt=\"\" width=\"140\" height=\"51\" \/><\/a>Rodr\u00edguez Tres, M\u00edriam<\/td>\n<\/tr>\n<tr style=\"height: 39px;\">\n<td style=\"width: 55.5173%; height: 39px;\"><a href=\"https:\/\/drive.google.com\/file\/d\/1eTQfYdCtOz1pKldQxUwViffh0fbavNDT\/view?usp=drive_link\" target=\"_blank\" rel=\"noopener noreferrer\"><img loading=\"lazy\" class=\"aligncenter wp-image-4595 size-full\" src=\"https:\/\/cpcorella.educacion.navarra.es\/blogs\/wp-content\/uploads\/2020\/03\/61784094-c37c-4331-8428-658ef3383e82.png\" alt=\"\" width=\"140\" height=\"51\" \/><\/a>Requena Zaratiegui, Consuelo<\/td>\n<\/tr>\n<tr style=\"height: 39px;\">\n<td style=\"width: 55.5173%; height: 39px;\">\n<p><a href=\"https:\/\/drive.google.com\/file\/d\/1NMumrbn4Ftwjq590h5ZycjSR9-YtHt91\/view?usp=drive_link\"><img loading=\"lazy\" class=\"aligncenter wp-image-4576 size-full\" src=\"https:\/\/cpcorella.educacion.navarra.es\/blogs\/wp-content\/uploads\/2020\/03\/ff39e4ba-625c-4927-a5ea-19917c7dfe2c.png\" alt=\"\" width=\"141\" height=\"51\" \/><\/a><\/p>\n<p>Colmenero Nicuesa, V\u00edctor<\/p>\n<\/td>\n<\/tr>\n<tr>\n<td style=\"width: 55.5173%;\">\n<p><a href=\"https:\/\/drive.google.com\/file\/d\/1WSSV8_UtcGFqhmVM8-EgmDOgMh4LIhFF\/view?usp=drive_link\"><img loading=\"lazy\" class=\"aligncenter wp-image-4596 size-full\" src=\"https:\/\/cpcorella.educacion.navarra.es\/blogs\/wp-content\/uploads\/2020\/03\/a5644514-2a89-44af-bd73-c78e6aeb11d6.png\" alt=\"\" width=\"138\" height=\"51\" \/><\/a><\/p>\n<p>Serrano Martin, Mar\u00eda Remedios<\/p>\n<\/td>\n<td style=\"width: 44.4827%; text-align: center;\"><a href=\"https:\/\/drive.google.com\/file\/d\/1NlsKI3j2BlUcCCkyVWo2yuxiYjIs2H4z\/view?usp=sharing\" target=\"_blank\" rel=\"noopener noreferrer\"><img loading=\"lazy\" class=\"alignnone wp-image-6291 \" src=\"https:\/\/cpcorella.educacion.navarra.es\/blogs\/wp-content\/uploads\/2026\/03\/ChatGPT-Image-5-mar-2026-14_10_48.png\" alt=\"\" width=\"179\" height=\"119\" srcset=\"https:\/\/cpcorella.educacion.navarra.es\/blogs\/wp-content\/uploads\/2026\/03\/ChatGPT-Image-5-mar-2026-14_10_48.png 1536w, https:\/\/cpcorella.educacion.navarra.es\/blogs\/wp-content\/uploads\/2026\/03\/ChatGPT-Image-5-mar-2026-14_10_48-300x200.png 300w, https:\/\/cpcorella.educacion.navarra.es\/blogs\/wp-content\/uploads\/2026\/03\/ChatGPT-Image-5-mar-2026-14_10_48-1024x683.png 1024w, https:\/\/cpcorella.educacion.navarra.es\/blogs\/wp-content\/uploads\/2026\/03\/ChatGPT-Image-5-mar-2026-14_10_48-768x512.png 768w, https:\/\/cpcorella.educacion.navarra.es\/blogs\/wp-content\/uploads\/2026\/03\/ChatGPT-Image-5-mar-2026-14_10_48-555x370.png 555w\" sizes=\"(max-width: 179px) 100vw, 179px\" \/><\/a><\/td>\n<\/tr>\n<\/tbody>\n<\/table>\n","protected":false},"excerpt":{"rendered":"<p>\u00a0 HORARIOS PROGRAMACIONES Gonzalez Perez, Francisco Javier \u00a0 Rodr\u00edguez Tres, M\u00edriam Requena Zaratiegui, Consuelo Colmenero Nicuesa, V\u00edctor Serrano Martin, Mar\u00eda Remedios<\/p>\n","protected":false},"author":6,"featured_media":0,"parent":0,"menu_order":0,"comment_status":"closed","ping_status":"closed","template":"","meta":[],"_links":{"self":[{"href":"https:\/\/cpcorella.educacion.navarra.es\/blogs\/wp-json\/wp\/v2\/pages\/4622"}],"collection":[{"href":"https:\/\/cpcorella.educacion.navarra.es\/blogs\/wp-json\/wp\/v2\/pages"}],"about":[{"href":"https:\/\/cpcorella.educacion.navarra.es\/blogs\/wp-json\/wp\/v2\/types\/page"}],"author":[{"embeddable":true,"href":"https:\/\/cpcorella.educacion.navarra.es\/blogs\/wp-json\/wp\/v2\/users\/6"}],"replies":[{"embeddable":true,"href":"https:\/\/cpcorella.educacion.navarra.es\/blogs\/wp-json\/wp\/v2\/comments?post=4622"}],"version-history":[{"count":15,"href":"https:\/\/cpcorella.educacion.navarra.es\/blogs\/wp-json\/wp\/v2\/pages\/4622\/revisions"}],"predecessor-version":[{"id":6310,"href":"https:\/\/cpcorella.educacion.navarra.es\/blogs\/wp-json\/wp\/v2\/pages\/4622\/revisions\/6310"}],"wp:attachment":[{"href":"https:\/\/cpcorella.educacion.navarra.es\/blogs\/wp-json\/wp\/v2\/media?parent=4622"}],"curies":[{"name":"wp","href":"https:\/\/api.w.org\/{rel}","templated":true}]}}