{"id":4612,"date":"2020-03-12T13:03:37","date_gmt":"2020-03-12T12:03:37","guid":{"rendered":"https:\/\/cpcorella.educacion.navarra.es\/blogs\/?page_id=4612"},"modified":"2026-03-12T10:12:48","modified_gmt":"2026-03-12T09:12:48","slug":"1o-curso-ed-pri","status":"publish","type":"page","link":"https:\/\/cpcorella.educacion.navarra.es\/blogs\/1o-curso-ed-pri\/","title":{"rendered":"1\u00ba CURSO ED. PRI."},"content":{"rendered":"\n<p>\u00a0<\/p>\n<table style=\"border-collapse: collapse; width: 100%; height: 186px;\">\n<tbody>\n<tr style=\"height: 20px;\">\n<td style=\"width: 55.5173%; text-align: center; height: 20px;\">\n<h2><strong>HORARIOS<\/strong><\/h2>\n<\/td>\n<td style=\"width: 44.4827%; text-align: center; height: 20px;\">\n<h2><strong>PROGRAMACIONES<\/strong><\/h2>\n<\/td>\n<\/tr>\n<tr style=\"height: 39px;\">\n<td style=\"width: 55.5173%; height: 39px;\"><a href=\"https:\/\/drive.google.com\/file\/d\/1Zj9cDVVvfOczfY5HnGcFmDzZlEMUf8MC\/view?usp=sharing\" target=\"_blank\" rel=\"noopener noreferrer\"><img loading=\"lazy\" class=\"aligncenter wp-image-4563 size-full\" src=\"https:\/\/cpcorella.educacion.navarra.es\/blogs\/wp-content\/uploads\/2020\/03\/1\u00baA.png\" alt=\"\" width=\"141\" height=\"51\" \/><\/a>Del Viejo Garde, Laura<\/td>\n<td style=\"width: 44.4827%; height: 166px; text-align: center;\" rowspan=\"7\"><a href=\"https:\/\/drive.google.com\/file\/d\/1YrlFPJ_HtA9-N3PinTR82yTYPO3CmxKQ\/view?usp=sharing\"><img loading=\"lazy\" class=\"alignnone wp-image-6282\" src=\"https:\/\/cpcorella.educacion.navarra.es\/blogs\/wp-content\/uploads\/2026\/03\/ChatGPT-Image-5-mar-2026-14_07_30.png\" alt=\"\" width=\"161\" height=\"107\" \/><\/a><br \/><a href=\"https:\/\/drive.google.com\/file\/d\/1gZdPYofdP-jnqiRwHf4WcWiR5mKnVK_z\/view?usp=sharing\"><img loading=\"lazy\" class=\"alignnone wp-image-6281\" src=\"https:\/\/cpcorella.educacion.navarra.es\/blogs\/wp-content\/uploads\/2026\/03\/ChatGPT-Image-5-mar-2026-14_07_52.png\" alt=\"\" width=\"183\" height=\"122\" \/><\/a><br \/><a href=\"https:\/\/drive.google.com\/file\/d\/1WmnAsOzm8ROsxRRvtjgFduOx7T4ziJE-\/view?usp=sharing\"><img loading=\"lazy\" class=\"alignnone wp-image-6289\" src=\"https:\/\/cpcorella.educacion.navarra.es\/blogs\/wp-content\/uploads\/2026\/03\/ChatGPT-Image-5-mar-2026-14_08_50.png\" alt=\"\" width=\"164\" height=\"109\" srcset=\"https:\/\/cpcorella.educacion.navarra.es\/blogs\/wp-content\/uploads\/2026\/03\/ChatGPT-Image-5-mar-2026-14_08_50.png 1536w, https:\/\/cpcorella.educacion.navarra.es\/blogs\/wp-content\/uploads\/2026\/03\/ChatGPT-Image-5-mar-2026-14_08_50-300x200.png 300w, https:\/\/cpcorella.educacion.navarra.es\/blogs\/wp-content\/uploads\/2026\/03\/ChatGPT-Image-5-mar-2026-14_08_50-1024x683.png 1024w, https:\/\/cpcorella.educacion.navarra.es\/blogs\/wp-content\/uploads\/2026\/03\/ChatGPT-Image-5-mar-2026-14_08_50-768x512.png 768w, https:\/\/cpcorella.educacion.navarra.es\/blogs\/wp-content\/uploads\/2026\/03\/ChatGPT-Image-5-mar-2026-14_08_50-555x370.png 555w\" sizes=\"(max-width: 164px) 100vw, 164px\" \/><\/a><br \/><br \/><a href=\"https:\/\/drive.google.com\/file\/d\/1_KZuxhJfq9UMmUCxuRptaiCXLM8Ii_-f\/view?usp=sharing\"><img loading=\"lazy\" class=\"alignnone wp-image-6290\" src=\"https:\/\/cpcorella.educacion.navarra.es\/blogs\/wp-content\/uploads\/2026\/03\/ChatGPT-Image-5-mar-2026-14_09_48-1.png\" alt=\"\" width=\"185\" height=\"123\" srcset=\"https:\/\/cpcorella.educacion.navarra.es\/blogs\/wp-content\/uploads\/2026\/03\/ChatGPT-Image-5-mar-2026-14_09_48-1.png 1536w, https:\/\/cpcorella.educacion.navarra.es\/blogs\/wp-content\/uploads\/2026\/03\/ChatGPT-Image-5-mar-2026-14_09_48-1-300x200.png 300w, https:\/\/cpcorella.educacion.navarra.es\/blogs\/wp-content\/uploads\/2026\/03\/ChatGPT-Image-5-mar-2026-14_09_48-1-1024x683.png 1024w, https:\/\/cpcorella.educacion.navarra.es\/blogs\/wp-content\/uploads\/2026\/03\/ChatGPT-Image-5-mar-2026-14_09_48-1-768x512.png 768w, https:\/\/cpcorella.educacion.navarra.es\/blogs\/wp-content\/uploads\/2026\/03\/ChatGPT-Image-5-mar-2026-14_09_48-1-555x370.png 555w\" sizes=\"(max-width: 185px) 100vw, 185px\" \/><\/a><br \/><a href=\"https:\/\/drive.google.com\/file\/d\/1Y-_Z8wruMK5OHsS5zMhenwC0bhoJ6tTr\/view?usp=sharing\"><img loading=\"lazy\" class=\"alignnone wp-image-6299\" src=\"https:\/\/cpcorella.educacion.navarra.es\/blogs\/wp-content\/uploads\/2026\/03\/ChatGPT-Image-12-mar-2026-09_59_50.png\" alt=\"\" width=\"185\" height=\"124\" srcset=\"https:\/\/cpcorella.educacion.navarra.es\/blogs\/wp-content\/uploads\/2026\/03\/ChatGPT-Image-12-mar-2026-09_59_50.png 1536w, https:\/\/cpcorella.educacion.navarra.es\/blogs\/wp-content\/uploads\/2026\/03\/ChatGPT-Image-12-mar-2026-09_59_50-300x200.png 300w, https:\/\/cpcorella.educacion.navarra.es\/blogs\/wp-content\/uploads\/2026\/03\/ChatGPT-Image-12-mar-2026-09_59_50-1024x683.png 1024w, https:\/\/cpcorella.educacion.navarra.es\/blogs\/wp-content\/uploads\/2026\/03\/ChatGPT-Image-12-mar-2026-09_59_50-768x512.png 768w, https:\/\/cpcorella.educacion.navarra.es\/blogs\/wp-content\/uploads\/2026\/03\/ChatGPT-Image-12-mar-2026-09_59_50-555x370.png 555w\" sizes=\"(max-width: 185px) 100vw, 185px\" \/><\/a><br \/><a href=\"https:\/\/drive.google.com\/file\/d\/1VC7wmNLZwOiodZR9LdaBSBPHubdYEEob\/view?usp=sharing\"><img loading=\"lazy\" class=\"alignnone wp-image-6291\" src=\"https:\/\/cpcorella.educacion.navarra.es\/blogs\/wp-content\/uploads\/2026\/03\/ChatGPT-Image-5-mar-2026-14_10_48.png\" alt=\"\" width=\"170\" height=\"113\" srcset=\"https:\/\/cpcorella.educacion.navarra.es\/blogs\/wp-content\/uploads\/2026\/03\/ChatGPT-Image-5-mar-2026-14_10_48.png 1536w, https:\/\/cpcorella.educacion.navarra.es\/blogs\/wp-content\/uploads\/2026\/03\/ChatGPT-Image-5-mar-2026-14_10_48-300x200.png 300w, https:\/\/cpcorella.educacion.navarra.es\/blogs\/wp-content\/uploads\/2026\/03\/ChatGPT-Image-5-mar-2026-14_10_48-1024x683.png 1024w, https:\/\/cpcorella.educacion.navarra.es\/blogs\/wp-content\/uploads\/2026\/03\/ChatGPT-Image-5-mar-2026-14_10_48-768x512.png 768w, https:\/\/cpcorella.educacion.navarra.es\/blogs\/wp-content\/uploads\/2026\/03\/ChatGPT-Image-5-mar-2026-14_10_48-555x370.png 555w\" sizes=\"(max-width: 170px) 100vw, 170px\" \/><\/a> <a href=\"https:\/\/drive.google.com\/file\/d\/18667fOewIyBnRdgFj0o70qmYjBdiJJga\/view?usp=sharing\"><img loading=\"lazy\" class=\"alignnone wp-image-6300\" src=\"https:\/\/cpcorella.educacion.navarra.es\/blogs\/wp-content\/uploads\/2026\/03\/ChatGPT-Image-12-mar-2026-10_01_45.png\" alt=\"\" width=\"194\" height=\"129\" srcset=\"https:\/\/cpcorella.educacion.navarra.es\/blogs\/wp-content\/uploads\/2026\/03\/ChatGPT-Image-12-mar-2026-10_01_45.png 1536w, https:\/\/cpcorella.educacion.navarra.es\/blogs\/wp-content\/uploads\/2026\/03\/ChatGPT-Image-12-mar-2026-10_01_45-300x200.png 300w, https:\/\/cpcorella.educacion.navarra.es\/blogs\/wp-content\/uploads\/2026\/03\/ChatGPT-Image-12-mar-2026-10_01_45-1024x683.png 1024w, https:\/\/cpcorella.educacion.navarra.es\/blogs\/wp-content\/uploads\/2026\/03\/ChatGPT-Image-12-mar-2026-10_01_45-768x512.png 768w, https:\/\/cpcorella.educacion.navarra.es\/blogs\/wp-content\/uploads\/2026\/03\/ChatGPT-Image-12-mar-2026-10_01_45-555x370.png 555w\" sizes=\"(max-width: 194px) 100vw, 194px\" \/><\/a><\/td>\n<\/tr>\n<tr style=\"height: 39px;\">\n<td style=\"width: 55.5173%; height: 39px;\"><a href=\"https:\/\/drive.google.com\/file\/d\/14HRvt8_TxvxZiK0bBP_7bFOAcZ_P0fCk\/view?usp=drive_link\"><img loading=\"lazy\" class=\"aligncenter wp-image-4564 size-full\" src=\"https:\/\/cpcorella.educacion.navarra.es\/blogs\/wp-content\/uploads\/2020\/03\/1\u00baB.png\" alt=\"\" width=\"140\" height=\"51\" \/><\/a>Heredero Alvarez, Alicia<\/td>\n<\/tr>\n<tr style=\"height: 39px;\">\n<td style=\"width: 55.5173%; height: 39px;\"><a href=\"https:\/\/drive.google.com\/file\/d\/10Dj0FVsehb4SjG69KXPN_V0EuG0TeUcG\/view?usp=drive_link\" target=\"_blank\" rel=\"noopener noreferrer\"><img loading=\"lazy\" class=\"aligncenter wp-image-4565 size-full\" src=\"https:\/\/cpcorella.educacion.navarra.es\/blogs\/wp-content\/uploads\/2020\/03\/1\u00baC.png\" alt=\"\" width=\"140\" height=\"51\" \/><\/a>Mart\u00edn Armenteros, Luc\u00eda<\/td>\n<\/tr>\n<tr style=\"height: 39px;\">\n<td style=\"width: 55.5173%; height: 39px;\"><a href=\"https:\/\/drive.google.com\/file\/d\/1zL4_ObkpG7iMN-0uIXbqZ2TnRWLenajF\/view?usp=drive_link\" target=\"_blank\" rel=\"noopener noreferrer\"><img loading=\"lazy\" class=\"aligncenter wp-image-4566 size-full\" src=\"https:\/\/cpcorella.educacion.navarra.es\/blogs\/wp-content\/uploads\/2020\/03\/1\u00bad.png\" alt=\"\" width=\"141\" height=\"51\" \/><\/a>Fraile Sesma, Estrella<\/td>\n<\/tr>\n<tr style=\"height: 39px;\">\n<td style=\"width: 55.5173%; height: 10px;\" rowspan=\"3\">\n<p><img loading=\"lazy\" class=\"aligncenter wp-image-4558 size-full\" src=\"https:\/\/cpcorella.educacion.navarra.es\/blogs\/wp-content\/uploads\/2020\/03\/1\u00baE.png\" alt=\"\" width=\"138\" height=\"51\" \/><\/p>\n<p>Valenzuela Fernandez, Mar\u00eda<\/p>\n<\/td>\n<\/tr>\n<\/tbody>\n<\/table>\n","protected":false},"excerpt":{"rendered":"<p>\u00a0 HORARIOS PROGRAMACIONES Del Viejo Garde, Laura Heredero Alvarez, Alicia Mart\u00edn Armenteros, Luc\u00eda Fraile Sesma, Estrella Valenzuela Fernandez, Mar\u00eda<\/p>\n","protected":false},"author":6,"featured_media":0,"parent":0,"menu_order":0,"comment_status":"closed","ping_status":"closed","template":"","meta":[],"_links":{"self":[{"href":"https:\/\/cpcorella.educacion.navarra.es\/blogs\/wp-json\/wp\/v2\/pages\/4612"}],"collection":[{"href":"https:\/\/cpcorella.educacion.navarra.es\/blogs\/wp-json\/wp\/v2\/pages"}],"about":[{"href":"https:\/\/cpcorella.educacion.navarra.es\/blogs\/wp-json\/wp\/v2\/types\/page"}],"author":[{"embeddable":true,"href":"https:\/\/cpcorella.educacion.navarra.es\/blogs\/wp-json\/wp\/v2\/users\/6"}],"replies":[{"embeddable":true,"href":"https:\/\/cpcorella.educacion.navarra.es\/blogs\/wp-json\/wp\/v2\/comments?post=4612"}],"version-history":[{"count":21,"href":"https:\/\/cpcorella.educacion.navarra.es\/blogs\/wp-json\/wp\/v2\/pages\/4612\/revisions"}],"predecessor-version":[{"id":6303,"href":"https:\/\/cpcorella.educacion.navarra.es\/blogs\/wp-json\/wp\/v2\/pages\/4612\/revisions\/6303"}],"wp:attachment":[{"href":"https:\/\/cpcorella.educacion.navarra.es\/blogs\/wp-json\/wp\/v2\/media?parent=4612"}],"curies":[{"name":"wp","href":"https:\/\/api.w.org\/{rel}","templated":true}]}}