{"id":4557,"date":"2020-03-10T17:21:47","date_gmt":"2020-03-10T16:21:47","guid":{"rendered":"https:\/\/cpcorella.educacion.navarra.es\/blogs\/?page_id=4557"},"modified":"2026-03-12T10:24:33","modified_gmt":"2026-03-12T09:24:33","slug":"2o-curso","status":"publish","type":"page","link":"https:\/\/cpcorella.educacion.navarra.es\/blogs\/2o-curso\/","title":{"rendered":"2\u00ba CURSO"},"content":{"rendered":"\n<p>\u200b<\/p>\n<table style=\"border-collapse: collapse; width: 75.9762%; height: 225px;\">\n<tbody>\n<tr style=\"height: 39px;\">\n<td style=\"width: 50.9654%; height: 39px; text-align: center;\"><span style=\"background-color: #00ccff;\"><strong>HORARIO<\/strong><\/span><\/td>\n<td style=\"width: 32.3218%; height: 39px; text-align: center;\"><span style=\"background-color: #ff0000;\"><strong>PROGRAMACI\u00d3N<\/strong><\/span><\/td>\n<\/tr>\n<tr style=\"height: 59px;\">\n<td style=\"width: 50.9654%; height: 59px;\">Fraile Sesma, Patricia<br \/><a href=\"https:\/\/drive.google.com\/file\/d\/1EiIs7i4dr1aykCo3KhyVzypQV03WpBeb\/view?usp=drive_link\"><img loading=\"lazy\" class=\"alignleft wp-image-4559 size-full\" src=\"https:\/\/cpcorella.educacion.navarra.es\/blogs\/wp-content\/uploads\/2020\/03\/2\u00ba-a.png\" alt=\"\" width=\"141\" height=\"51\" \/><\/a><\/td>\n<td style=\"width: 32.3218%; height: 186px; text-align: center;\" rowspan=\"7\"><a href=\"https:\/\/drive.google.com\/file\/d\/1YZfZ92RipUBLs2EveJDZG_5FhJCPBNP3\/view?usp=sharing\" target=\"_blank\" rel=\"noopener noreferrer\"><img loading=\"lazy\" class=\"alignnone wp-image-6287 size-full\" src=\"https:\/\/cpcorella.educacion.navarra.es\/blogs\/wp-content\/uploads\/2026\/03\/ChatGPT-Image-5-mar-2026-14_07_30-2.png\" alt=\"\" width=\"1536\" height=\"1024\" srcset=\"https:\/\/cpcorella.educacion.navarra.es\/blogs\/wp-content\/uploads\/2026\/03\/ChatGPT-Image-5-mar-2026-14_07_30-2.png 1536w, https:\/\/cpcorella.educacion.navarra.es\/blogs\/wp-content\/uploads\/2026\/03\/ChatGPT-Image-5-mar-2026-14_07_30-2-300x200.png 300w, https:\/\/cpcorella.educacion.navarra.es\/blogs\/wp-content\/uploads\/2026\/03\/ChatGPT-Image-5-mar-2026-14_07_30-2-1024x683.png 1024w, https:\/\/cpcorella.educacion.navarra.es\/blogs\/wp-content\/uploads\/2026\/03\/ChatGPT-Image-5-mar-2026-14_07_30-2-768x512.png 768w, https:\/\/cpcorella.educacion.navarra.es\/blogs\/wp-content\/uploads\/2026\/03\/ChatGPT-Image-5-mar-2026-14_07_30-2-555x370.png 555w\" sizes=\"(max-width: 1536px) 100vw, 1536px\" \/><\/a><br \/><a href=\"https:\/\/drive.google.com\/file\/d\/1YOxqwxiLaeCFAGuW784j0--yJNZ0d_bA\/view?usp=sharing\" target=\"_blank\" rel=\"noopener noreferrer\"><img loading=\"lazy\" class=\"alignnone wp-image-6288 size-full\" src=\"https:\/\/cpcorella.educacion.navarra.es\/blogs\/wp-content\/uploads\/2026\/03\/ChatGPT-Image-5-mar-2026-14_07_52-2.png\" alt=\"\" width=\"1536\" height=\"1024\" srcset=\"https:\/\/cpcorella.educacion.navarra.es\/blogs\/wp-content\/uploads\/2026\/03\/ChatGPT-Image-5-mar-2026-14_07_52-2.png 1536w, https:\/\/cpcorella.educacion.navarra.es\/blogs\/wp-content\/uploads\/2026\/03\/ChatGPT-Image-5-mar-2026-14_07_52-2-300x200.png 300w, https:\/\/cpcorella.educacion.navarra.es\/blogs\/wp-content\/uploads\/2026\/03\/ChatGPT-Image-5-mar-2026-14_07_52-2-1024x683.png 1024w, https:\/\/cpcorella.educacion.navarra.es\/blogs\/wp-content\/uploads\/2026\/03\/ChatGPT-Image-5-mar-2026-14_07_52-2-768x512.png 768w, https:\/\/cpcorella.educacion.navarra.es\/blogs\/wp-content\/uploads\/2026\/03\/ChatGPT-Image-5-mar-2026-14_07_52-2-555x370.png 555w\" sizes=\"(max-width: 1536px) 100vw, 1536px\" \/><\/a><br \/><a href=\"https:\/\/drive.google.com\/file\/d\/1LlbQeFudPIRwgCaeWcItMLzhHDIj1JZu\/view?usp=sharing\" target=\"_blank\" rel=\"noopener noreferrer\"><img loading=\"lazy\" class=\"alignnone wp-image-6289 size-full\" src=\"https:\/\/cpcorella.educacion.navarra.es\/blogs\/wp-content\/uploads\/2026\/03\/ChatGPT-Image-5-mar-2026-14_08_50.png\" alt=\"\" width=\"1536\" height=\"1024\" srcset=\"https:\/\/cpcorella.educacion.navarra.es\/blogs\/wp-content\/uploads\/2026\/03\/ChatGPT-Image-5-mar-2026-14_08_50.png 1536w, https:\/\/cpcorella.educacion.navarra.es\/blogs\/wp-content\/uploads\/2026\/03\/ChatGPT-Image-5-mar-2026-14_08_50-300x200.png 300w, https:\/\/cpcorella.educacion.navarra.es\/blogs\/wp-content\/uploads\/2026\/03\/ChatGPT-Image-5-mar-2026-14_08_50-1024x683.png 1024w, https:\/\/cpcorella.educacion.navarra.es\/blogs\/wp-content\/uploads\/2026\/03\/ChatGPT-Image-5-mar-2026-14_08_50-768x512.png 768w, https:\/\/cpcorella.educacion.navarra.es\/blogs\/wp-content\/uploads\/2026\/03\/ChatGPT-Image-5-mar-2026-14_08_50-555x370.png 555w\" sizes=\"(max-width: 1536px) 100vw, 1536px\" \/><\/a><br \/><a href=\"https:\/\/drive.google.com\/file\/d\/1jCrBibE5DzJLCbBkSuSdZm8D2z91-vPi\/view?usp=sharing\" target=\"_blank\" rel=\"noopener noreferrer\"><img loading=\"lazy\" class=\"alignnone wp-image-6290 size-full\" src=\"https:\/\/cpcorella.educacion.navarra.es\/blogs\/wp-content\/uploads\/2026\/03\/ChatGPT-Image-5-mar-2026-14_09_48-1.png\" alt=\"\" width=\"1536\" height=\"1024\" srcset=\"https:\/\/cpcorella.educacion.navarra.es\/blogs\/wp-content\/uploads\/2026\/03\/ChatGPT-Image-5-mar-2026-14_09_48-1.png 1536w, https:\/\/cpcorella.educacion.navarra.es\/blogs\/wp-content\/uploads\/2026\/03\/ChatGPT-Image-5-mar-2026-14_09_48-1-300x200.png 300w, https:\/\/cpcorella.educacion.navarra.es\/blogs\/wp-content\/uploads\/2026\/03\/ChatGPT-Image-5-mar-2026-14_09_48-1-1024x683.png 1024w, https:\/\/cpcorella.educacion.navarra.es\/blogs\/wp-content\/uploads\/2026\/03\/ChatGPT-Image-5-mar-2026-14_09_48-1-768x512.png 768w, https:\/\/cpcorella.educacion.navarra.es\/blogs\/wp-content\/uploads\/2026\/03\/ChatGPT-Image-5-mar-2026-14_09_48-1-555x370.png 555w\" sizes=\"(max-width: 1536px) 100vw, 1536px\" \/><\/a><br \/><a href=\"https:\/\/drive.google.com\/file\/d\/1ZFt4WTzAl-Aq5RqtGynXsv_DVlpIx05l\/view?usp=sharing\" target=\"_blank\" rel=\"noopener noreferrer\"><img loading=\"lazy\" class=\"alignnone wp-image-6300 size-full\" src=\"https:\/\/cpcorella.educacion.navarra.es\/blogs\/wp-content\/uploads\/2026\/03\/ChatGPT-Image-12-mar-2026-10_01_45.png\" alt=\"\" width=\"1536\" height=\"1024\" srcset=\"https:\/\/cpcorella.educacion.navarra.es\/blogs\/wp-content\/uploads\/2026\/03\/ChatGPT-Image-12-mar-2026-10_01_45.png 1536w, https:\/\/cpcorella.educacion.navarra.es\/blogs\/wp-content\/uploads\/2026\/03\/ChatGPT-Image-12-mar-2026-10_01_45-300x200.png 300w, https:\/\/cpcorella.educacion.navarra.es\/blogs\/wp-content\/uploads\/2026\/03\/ChatGPT-Image-12-mar-2026-10_01_45-1024x683.png 1024w, https:\/\/cpcorella.educacion.navarra.es\/blogs\/wp-content\/uploads\/2026\/03\/ChatGPT-Image-12-mar-2026-10_01_45-768x512.png 768w, https:\/\/cpcorella.educacion.navarra.es\/blogs\/wp-content\/uploads\/2026\/03\/ChatGPT-Image-12-mar-2026-10_01_45-555x370.png 555w\" sizes=\"(max-width: 1536px) 100vw, 1536px\" \/><\/a><br \/><a href=\"https:\/\/drive.google.com\/file\/d\/1hWmpuo5dyKRKc2bPcS634irEkrKVzgO9\/view?usp=sharing\" target=\"_blank\" rel=\"noopener noreferrer\"><img loading=\"lazy\" class=\"alignnone wp-image-6299 size-full\" src=\"https:\/\/cpcorella.educacion.navarra.es\/blogs\/wp-content\/uploads\/2026\/03\/ChatGPT-Image-12-mar-2026-09_59_50.png\" alt=\"\" width=\"1536\" height=\"1024\" srcset=\"https:\/\/cpcorella.educacion.navarra.es\/blogs\/wp-content\/uploads\/2026\/03\/ChatGPT-Image-12-mar-2026-09_59_50.png 1536w, https:\/\/cpcorella.educacion.navarra.es\/blogs\/wp-content\/uploads\/2026\/03\/ChatGPT-Image-12-mar-2026-09_59_50-300x200.png 300w, https:\/\/cpcorella.educacion.navarra.es\/blogs\/wp-content\/uploads\/2026\/03\/ChatGPT-Image-12-mar-2026-09_59_50-1024x683.png 1024w, https:\/\/cpcorella.educacion.navarra.es\/blogs\/wp-content\/uploads\/2026\/03\/ChatGPT-Image-12-mar-2026-09_59_50-768x512.png 768w, https:\/\/cpcorella.educacion.navarra.es\/blogs\/wp-content\/uploads\/2026\/03\/ChatGPT-Image-12-mar-2026-09_59_50-555x370.png 555w\" sizes=\"(max-width: 1536px) 100vw, 1536px\" \/><\/a><br \/><a href=\"https:\/\/drive.google.com\/file\/d\/1X9vwB7lqhs38oCacn7aPKuPCqPVfuj-B\/view?usp=sharing\" target=\"_blank\" rel=\"noopener noreferrer\"><img loading=\"lazy\" class=\"alignnone wp-image-6291 size-full\" src=\"https:\/\/cpcorella.educacion.navarra.es\/blogs\/wp-content\/uploads\/2026\/03\/ChatGPT-Image-5-mar-2026-14_10_48.png\" alt=\"\" width=\"1536\" height=\"1024\" srcset=\"https:\/\/cpcorella.educacion.navarra.es\/blogs\/wp-content\/uploads\/2026\/03\/ChatGPT-Image-5-mar-2026-14_10_48.png 1536w, https:\/\/cpcorella.educacion.navarra.es\/blogs\/wp-content\/uploads\/2026\/03\/ChatGPT-Image-5-mar-2026-14_10_48-300x200.png 300w, https:\/\/cpcorella.educacion.navarra.es\/blogs\/wp-content\/uploads\/2026\/03\/ChatGPT-Image-5-mar-2026-14_10_48-1024x683.png 1024w, https:\/\/cpcorella.educacion.navarra.es\/blogs\/wp-content\/uploads\/2026\/03\/ChatGPT-Image-5-mar-2026-14_10_48-768x512.png 768w, https:\/\/cpcorella.educacion.navarra.es\/blogs\/wp-content\/uploads\/2026\/03\/ChatGPT-Image-5-mar-2026-14_10_48-555x370.png 555w\" sizes=\"(max-width: 1536px) 100vw, 1536px\" \/><\/a><\/td>\n<\/tr>\n<tr style=\"height: 39px;\">\n<td style=\"width: 50.9654%; height: 39px;\">\n<div class=\"webix_cell\" role=\"gridcell\" aria-rowindex=\"22\" aria-colindex=\"2\" aria-expanded=\"false\" aria-level=\"1\">Aguirre Mart\u00ednez, Ana Luisa<\/div>\n<a href=\"https:\/\/drive.google.com\/file\/d\/1l2UxrlB91srro7Z5Ji4gLOcDGomUSgQ1\/view?usp=drive_link\"><img loading=\"lazy\" class=\"alignleft wp-image-4561 size-full\" src=\"https:\/\/cpcorella.educacion.navarra.es\/blogs\/wp-content\/uploads\/2020\/03\/2\u00bab.png\" alt=\"\" width=\"140\" height=\"51\" \/><\/a><\/td>\n<\/tr>\n<tr style=\"height: 39px;\">\n<td style=\"width: 50.9654%; height: 39px;\">Echavarren Hualde, Berta<br \/><a href=\"https:\/\/drive.google.com\/file\/d\/1uje9FNzB0HBrW42LKwziKIGiw8xN5VdY\/view?usp=drive_link\"><img loading=\"lazy\" class=\"alignleft wp-image-4562 size-full\" src=\"https:\/\/cpcorella.educacion.navarra.es\/blogs\/wp-content\/uploads\/2020\/03\/2\u00bac.png\" alt=\"\" width=\"140\" height=\"51\" \/><\/a><\/td>\n<\/tr>\n<tr style=\"height: 39px;\">\n<td style=\"width: 50.9654%; height: 39px;\">Mart\u00ednez-Losa Valer, Yohana<br \/><a href=\"https:\/\/drive.google.com\/file\/d\/15eh4xZZSshFls2J8qcVZhu7io_2gLS2k\/view?usp=drive_link\"><img loading=\"lazy\" class=\"alignleft wp-image-4560 size-full\" src=\"https:\/\/cpcorella.educacion.navarra.es\/blogs\/wp-content\/uploads\/2020\/03\/2\u00ba-d.png\" alt=\"\" width=\"141\" height=\"51\" \/><\/a><\/td>\n<\/tr>\n<tr style=\"height: 39px;\">\n<td style=\"width: 50.9654%; height: 10px;\" rowspan=\"3\">\n<p>Gil de G\u00f3mez Arp\u00f3n, Sandra<\/p>\n<p><a href=\"https:\/\/drive.google.com\/file\/d\/1JSxzrepL_8gXYU2j5WJu_hhHtZaimbYz\/view?usp=drive_link\"><img loading=\"lazy\" class=\"alignnone wp-image-5436\" src=\"https:\/\/cpcorella.educacion.navarra.es\/blogs\/wp-content\/uploads\/2022\/10\/2o-E.png\" alt=\"\" width=\"145\" height=\"43\" \/><\/a><\/p>\n<\/td>\n<\/tr>\n<\/tbody>\n<\/table>\n","protected":false},"excerpt":{"rendered":"<p>\u200b HORARIO PROGRAMACI\u00d3N Fraile Sesma, Patricia Aguirre Mart\u00ednez, Ana Luisa Echavarren Hualde, Berta Mart\u00ednez-Losa Valer, Yohana Gil de G\u00f3mez Arp\u00f3n, Sandra<\/p>\n","protected":false},"author":6,"featured_media":0,"parent":0,"menu_order":0,"comment_status":"closed","ping_status":"closed","template":"","meta":[],"_links":{"self":[{"href":"https:\/\/cpcorella.educacion.navarra.es\/blogs\/wp-json\/wp\/v2\/pages\/4557"}],"collection":[{"href":"https:\/\/cpcorella.educacion.navarra.es\/blogs\/wp-json\/wp\/v2\/pages"}],"about":[{"href":"https:\/\/cpcorella.educacion.navarra.es\/blogs\/wp-json\/wp\/v2\/types\/page"}],"author":[{"embeddable":true,"href":"https:\/\/cpcorella.educacion.navarra.es\/blogs\/wp-json\/wp\/v2\/users\/6"}],"replies":[{"embeddable":true,"href":"https:\/\/cpcorella.educacion.navarra.es\/blogs\/wp-json\/wp\/v2\/comments?post=4557"}],"version-history":[{"count":20,"href":"https:\/\/cpcorella.educacion.navarra.es\/blogs\/wp-json\/wp\/v2\/pages\/4557\/revisions"}],"predecessor-version":[{"id":6307,"href":"https:\/\/cpcorella.educacion.navarra.es\/blogs\/wp-json\/wp\/v2\/pages\/4557\/revisions\/6307"}],"wp:attachment":[{"href":"https:\/\/cpcorella.educacion.navarra.es\/blogs\/wp-json\/wp\/v2\/media?parent=4557"}],"curies":[{"name":"wp","href":"https:\/\/api.w.org\/{rel}","templated":true}]}}