{"id":4488,"date":"2020-03-04T23:32:50","date_gmt":"2020-03-04T22:32:50","guid":{"rendered":"https:\/\/cpcorella.educacion.navarra.es\/blogs\/?page_id=4488"},"modified":"2020-03-05T14:20:17","modified_gmt":"2020-03-05T13:20:17","slug":"mision-vision-y-valores","status":"publish","type":"page","link":"https:\/\/cpcorella.educacion.navarra.es\/blogs\/mision-vision-y-valores\/","title":{"rendered":"Misi\u00f3n, Visi\u00f3n y Valores"},"content":{"rendered":"\n<p><strong>MISI\u00d3N<\/strong><\/p>\n<ul>\n<li>Desarrollar la formaci\u00f3n integral del alumnado a trav\u00e9s de la educaci\u00f3n en valores.<\/li>\n<li>Fomentar y facilitar la participaci\u00f3n y colaboraci\u00f3n de las familias.<\/li>\n<li>Potenciar la integraci\u00f3n de las TIC\u2019s como herramientas de aprendizaje.<\/li>\n<li>Favorecer el tratamiento integrado de las lenguas desde las diferentes \u00e1reas para el desarrollo de la competencia ling\u00fc\u00edstica del alumnado.<\/li>\n<li>Organizar la gesti\u00f3n por procesos en el funcionamiento del centro.<\/li>\n<\/ul>\n<p><strong>&nbsp;<\/strong><\/p>\n<p><strong>VISION<\/strong><\/p>\n<p>&nbsp;<\/p>\n<p><strong><em>Aspiramos a:<\/em><\/strong><\/p>\n<ul>\n<li>Favorecer la percepci\u00f3n, asimilaci\u00f3n y comprensi\u00f3n de las propias emociones y las de los dem\u00e1s.<\/li>\n<li>Que la tarea educativa sea una labor conjunta entre las familias y el centro educativo.<\/li>\n<li>Que nuestro alumnado sea capaz de comunicarse en las distintas lenguas que se imparten en el centro.<\/li>\n<li>Que utilicen las TIC\u2019s con responsabilidad y autonom\u00eda.<\/li>\n<li>Que los diferentes grupos de inter\u00e9s de la comunidad educativa se sientan satisfechos con el funcionamiento del centro.<\/li>\n<\/ul>\n<p>&nbsp;<\/p>\n<p><strong>VALORES<\/strong><\/p>\n<ul>\n<li>Respeto entre todos los miembros de la comunidad educativa, al entorno y al medio ambiente.<\/li>\n<li>Respeto y di\u00e1logo entre el alumnado.<\/li>\n<li>H\u00e1bitos de: autonom\u00eda personal y esfuerzo, trabajo en equipo, lectura, orden y puntualidad.<\/li>\n<li>Favorecer el sentido cr\u00edtico, tolerancia y solidaridad.<\/li>\n<li>Valoraci\u00f3n del esfuerzo y del trabajo bien hecho.<\/li>\n<\/ul>\n<p>&nbsp;<\/p>\n","protected":false},"excerpt":{"rendered":"<p>MISI\u00d3N Desarrollar la formaci\u00f3n integral del alumnado a trav\u00e9s de la educaci\u00f3n en valores. Fomentar y facilitar la participaci\u00f3n y colaboraci\u00f3n de las familias. Potenciar la integraci\u00f3n de las TIC\u2019s como herramientas de aprendizaje. Favorecer el tratamiento integrado de las lenguas desde las diferentes \u00e1reas para el desarrollo de la competencia ling\u00fc\u00edstica del alumnado. Organizar &hellip; <\/p>\n<p><a class=\"more-link btn\" href=\"https:\/\/cpcorella.educacion.navarra.es\/blogs\/mision-vision-y-valores\/\">Continue reading<\/a><\/p>\n","protected":false},"author":6,"featured_media":0,"parent":0,"menu_order":0,"comment_status":"closed","ping_status":"closed","template":"","meta":[],"_links":{"self":[{"href":"https:\/\/cpcorella.educacion.navarra.es\/blogs\/wp-json\/wp\/v2\/pages\/4488"}],"collection":[{"href":"https:\/\/cpcorella.educacion.navarra.es\/blogs\/wp-json\/wp\/v2\/pages"}],"about":[{"href":"https:\/\/cpcorella.educacion.navarra.es\/blogs\/wp-json\/wp\/v2\/types\/page"}],"author":[{"embeddable":true,"href":"https:\/\/cpcorella.educacion.navarra.es\/blogs\/wp-json\/wp\/v2\/users\/6"}],"replies":[{"embeddable":true,"href":"https:\/\/cpcorella.educacion.navarra.es\/blogs\/wp-json\/wp\/v2\/comments?post=4488"}],"version-history":[{"count":3,"href":"https:\/\/cpcorella.educacion.navarra.es\/blogs\/wp-json\/wp\/v2\/pages\/4488\/revisions"}],"predecessor-version":[{"id":4494,"href":"https:\/\/cpcorella.educacion.navarra.es\/blogs\/wp-json\/wp\/v2\/pages\/4488\/revisions\/4494"}],"wp:attachment":[{"href":"https:\/\/cpcorella.educacion.navarra.es\/blogs\/wp-json\/wp\/v2\/media?parent=4488"}],"curies":[{"name":"wp","href":"https:\/\/api.w.org\/{rel}","templated":true}]}}