{"id":4474,"date":"2023-02-27T09:14:54","date_gmt":"2023-02-27T08:14:54","guid":{"rendered":"https:\/\/cpcorella.educacion.navarra.es\/blogs\/?page_id=4474"},"modified":"2023-02-27T09:14:55","modified_gmt":"2023-02-27T08:14:55","slug":"oferta-educativa","status":"publish","type":"page","link":"https:\/\/cpcorella.educacion.navarra.es\/blogs\/oferta-educativa\/","title":{"rendered":"Oferta Educativa"},"content":{"rendered":"\n<p>El CPEIP\u00a0<em>Ciudad de Corella<\/em> oferta las siguientes ense\u00f1anzas y modelos:<\/p>\n<p>\u00a0<\/p>\n<ol>\n<li>Educaci\u00f3n Infantil (segundo ciclo):para alumnado de los 3 a los 5 a\u00f1os.\n<ul>\n<li>Comprende tres cursos: 1\u00ba, 2\u00ba y 3\u00ba.<\/li>\n<li>Se puede cursar en los modelos A (asignaturas en Castellano, con asignatura de Lengua Vasca) y G (todas las asignaturas en Castellano).<\/li>\n<li>Todos los modelos pertenecen al Programa de Aprendizaje en Ingl\u00e9s (PAI) del Departamento de Educaci\u00f3n, por lo que parte de las asignaturas utilizan tambi\u00e9n el Ingl\u00e9s como lengua vehicular de aprendizaje.<\/li>\n<\/ul>\n<\/li>\n<\/ol>\n<p>\u00a0<\/p>\n<ol start=\"2\">\n<li>Educaci\u00f3n Primaria (todos los ciclos):para alumnado de los 6 a los 11 a\u00f1os.\n<ul>\n<li>Comprende seis cursos: 1\u00ba, 2\u00ba, 3\u00ba, 4\u00ba, 5\u00ba y 6\u00ba.<\/li>\n<li>Se puede cursar en los modelos A (asignaturas en Castellano, con asignatura de Lengua Vasca) y G (todas las asignaturas en Castellano).<\/li>\n<li>Todos los modelos pertenecen tambi\u00e9n al Programa de Aprendizaje en Ingl\u00e9s (PAI).<\/li>\n<\/ul>\n<\/li>\n<\/ol>\n<p>En el siguiente cuadro, puedes descargarte el documento con las especificaciones legales, curriculares y educativas de toda nuestra oferta: ESPECIFICACIONES DE CADA ETAPA EDUCATIVA<\/p>\n<table width=\"561\">\n<tbody>\n<tr>\n<td width=\"260\">\n<p><a href=\"https:\/\/drive.google.com\/open?id=1V28eKQy_Y4IyhovpajmsX5zjnvq04IDWYAHTk04YqVo\">Infantil (todos los cursos)<\/a><\/p>\n<\/td>\n<td width=\"301\">\n<p><a href=\"https:\/\/drive.google.com\/open?id=1FHeADh21wYghemZ9SbH86c4jTkD-PWOu7REvaiTAgNY\">1\u00ba E. Primaria<\/a><\/p>\n<\/td>\n<\/tr>\n<tr>\n<td width=\"260\">\n<p><a href=\"https:\/\/drive.google.com\/open?id=1Unjt80C9MinOIWM1ADkjeG6TDG7RGOG2jReZLl07XsM\">2\u00ba E. Primaria<\/a><\/p>\n<\/td>\n<td width=\"301\">\n<p><a href=\"https:\/\/drive.google.com\/open?id=1ue6RAXh_RyXqyCHJMFKw6lBLqa_ROu0cGNN8xydbHyM\">3\u00ba E. Primaria<\/a><\/p>\n<\/td>\n<\/tr>\n<tr>\n<td width=\"260\">\n<p><a href=\"https:\/\/drive.google.com\/open?id=1t9x3KJ8ZaEuKih0iqH-J3sL3iIvAjEWZ06lOd5lR7m8\">4\u00ba E. Primaria<\/a><\/p>\n<\/td>\n<td width=\"301\">\n<p><a href=\"https:\/\/drive.google.com\/open?id=11Sz77kkrF1z6lGcljkEPP2nFmnaymxLnXPyLSqIrFss\">5\u00ba E. Primaria<\/a><\/p>\n<\/td>\n<\/tr>\n<tr>\n<td width=\"260\">\n<p><a href=\"https:\/\/drive.google.com\/open?id=1yRziawrlRHJUJPpwf3HRTjele-35HnodCxkAtoHipuY\">6\u00ba E. Primaria<\/a><\/p>\n<\/td>\n<td width=\"301\">\n<p>\u00a0<\/p>\n<\/td>\n<\/tr>\n<\/tbody>\n<\/table>\n","protected":false},"excerpt":{"rendered":"<p>El CPEIP\u00a0Ciudad de Corella oferta las siguientes ense\u00f1anzas y modelos: \u00a0 Educaci\u00f3n Infantil (segundo ciclo):para alumnado de los 3 a los 5 a\u00f1os. Comprende tres cursos: 1\u00ba, 2\u00ba y 3\u00ba. Se puede cursar en los modelos A (asignaturas en Castellano, con asignatura de Lengua Vasca) y G (todas las asignaturas en Castellano). Todos los modelos &hellip; <\/p>\n<p><a class=\"more-link btn\" href=\"https:\/\/cpcorella.educacion.navarra.es\/blogs\/oferta-educativa\/\">Continue reading<\/a><\/p>\n","protected":false},"author":1,"featured_media":0,"parent":0,"menu_order":0,"comment_status":"closed","ping_status":"closed","template":"","meta":[],"_links":{"self":[{"href":"https:\/\/cpcorella.educacion.navarra.es\/blogs\/wp-json\/wp\/v2\/pages\/4474"}],"collection":[{"href":"https:\/\/cpcorella.educacion.navarra.es\/blogs\/wp-json\/wp\/v2\/pages"}],"about":[{"href":"https:\/\/cpcorella.educacion.navarra.es\/blogs\/wp-json\/wp\/v2\/types\/page"}],"author":[{"embeddable":true,"href":"https:\/\/cpcorella.educacion.navarra.es\/blogs\/wp-json\/wp\/v2\/users\/1"}],"replies":[{"embeddable":true,"href":"https:\/\/cpcorella.educacion.navarra.es\/blogs\/wp-json\/wp\/v2\/comments?post=4474"}],"version-history":[{"count":2,"href":"https:\/\/cpcorella.educacion.navarra.es\/blogs\/wp-json\/wp\/v2\/pages\/4474\/revisions"}],"predecessor-version":[{"id":4496,"href":"https:\/\/cpcorella.educacion.navarra.es\/blogs\/wp-json\/wp\/v2\/pages\/4474\/revisions\/4496"}],"wp:attachment":[{"href":"https:\/\/cpcorella.educacion.navarra.es\/blogs\/wp-json\/wp\/v2\/media?parent=4474"}],"curies":[{"name":"wp","href":"https:\/\/api.w.org\/{rel}","templated":true}]}}