{"id":4454,"date":"2020-03-04T20:06:47","date_gmt":"2020-03-04T19:06:47","guid":{"rendered":"https:\/\/cpcorella.educacion.navarra.es\/blogs\/?page_id=4454"},"modified":"2025-10-10T10:32:02","modified_gmt":"2025-10-10T08:32:02","slug":"%e2%88%9a-especialistas","status":"publish","type":"page","link":"https:\/\/cpcorella.educacion.navarra.es\/blogs\/%e2%88%9a-especialistas\/","title":{"rendered":"\u221a Especialistas"},"content":{"rendered":"\n<p><strong>ESPECIALISTAS DE INGL\u00c9S<\/strong><\/p>\n<table width=\"331\">\n<tbody>\n<tr>\n<td width=\"60\">\n<p><strong>IN1<\/strong><\/p>\n<\/td>\n<td width=\"271\">\n<p>Hern\u00e1ndez Ci\u00e1urriz, M\u00f3nica<\/p>\n<\/td>\n<\/tr>\n<tr>\n<td width=\"60\">\n<p><strong>IN2<\/strong><\/p>\n<\/td>\n<td width=\"271\">\n<p>Martinez Diez, Mar\u00eda Cruz<\/p>\n<\/td>\n<\/tr>\n<tr>\n<td width=\"60\">\n<p><strong>IN3<\/strong><\/p>\n<\/td>\n<td width=\"271\">\n<p>Malo Mi\u00f1arro, Estela Maris<\/p>\n<\/td>\n<\/tr>\n<tr>\n<td width=\"60\">\n<p><strong>IN4<\/strong><\/p>\n<\/td>\n<td width=\"271\">\n<p>Benito Ramos, Alba<\/p>\n<\/td>\n<\/tr>\n<tr>\n<td width=\"60\">\n<p><strong>IN5<\/strong><\/p>\n<\/td>\n<td width=\"271\">\n<p>S\u00e1nchez Garc\u00eda, Nekane<\/p>\n<\/td>\n<\/tr>\n<tr>\n<td width=\"60\">\n<p><strong>IN6<\/strong><\/p>\n<\/td>\n<td width=\"271\">\n<p>Garc\u00eda P\u00e9rez de Arrilucea, M\u00f3nica<\/p>\n<\/td>\n<\/tr>\n<tr>\n<td width=\"60\">\n<p><strong>IN7<\/strong><\/p>\n<\/td>\n<td width=\"271\">\n<p>Martiartu Cervantes, Alba<\/p>\n<\/td>\n<\/tr>\n<tr>\n<td width=\"60\">\n<p><strong>IN8<\/strong><\/p>\n<\/td>\n<td width=\"271\">\n<p>Gil Vallejo, Patricia<\/p>\n<\/td>\n<\/tr>\n<tr>\n<td width=\"60\">\n<p><strong>IN9<\/strong><\/p>\n<\/td>\n<td width=\"271\">\n<p>Murillo Eraso, Andrea<\/p>\n<\/td>\n<\/tr>\n<tr>\n<td width=\"60\">\n<p><strong>IN10<\/strong><\/p>\n<\/td>\n<td width=\"271\">\n<p>Castells Vila, Nuria<\/p>\n<\/td>\n<\/tr>\n<tr>\n<td width=\"60\">\n<p><strong>IN11<\/strong><\/p>\n<\/td>\n<td width=\"271\">\n<p>Lizari Bordeje, Amaya<\/p>\n<\/td>\n<\/tr>\n<tr>\n<td width=\"60\">\n<p><strong>IN12<\/strong><\/p>\n<\/td>\n<td width=\"271\">\n<p>Burgui Arrondo, Laura<\/p>\n<\/td>\n<\/tr>\n<tr>\n<td width=\"60\">\n<p><strong>IN13<\/strong><\/p>\n<\/td>\n<td width=\"271\">\n<p>Igea Mart\u00ednez, Borja<\/p>\n<\/td>\n<\/tr>\n<tr>\n<td width=\"60\">\n<p><strong>IN14<\/strong><\/p>\n<\/td>\n<td width=\"271\">\n<p>Duque Arroyave, Paula Lorena<\/p>\n<\/td>\n<\/tr>\n<tr>\n<td width=\"60\">\n<p><strong>IN15<\/strong><\/p>\n<\/td>\n<td width=\"271\">\n<p>Cilveti Soba, Ander<\/p>\n<\/td>\n<\/tr>\n<\/tbody>\n<\/table>\n<p><strong>\u00a0<\/strong><\/p>\n<p><strong>ESPECIALISTAS DE EDUCACI\u00d3N F\u00cdSICA<\/strong><\/p>\n<table width=\"331\">\n<tbody>\n<tr>\n<td width=\"132\">\n<p><strong>EDUC. F\u00cdSICA 1<\/strong><\/p>\n<\/td>\n<td width=\"198\">\n<p>L\u00f3pez Rubio, Jos\u00e9<\/p>\n<\/td>\n<\/tr>\n<tr>\n<td width=\"132\">\n<p><strong>EDUC. F\u00cdSICA 2<\/strong><\/p>\n<\/td>\n<td width=\"198\">\n<p>Gibert Garc\u00eda, Enrique<\/p>\n<\/td>\n<\/tr>\n<tr>\n<td width=\"132\">\n<p><strong>EDUC. F\u00cdSICA 3<\/strong><\/p>\n<\/td>\n<td width=\"198\">\n<p>Garrido Becana, Fernando<\/p>\n<\/td>\n<\/tr>\n<\/tbody>\n<\/table>\n<p><strong>\u00a0<\/strong><\/p>\n<p><strong>ESPECIALISTA DE M\u00daSICA<\/strong><\/p>\n<table width=\"337\">\n<tbody>\n<tr>\n<td width=\"135\">\n<p><strong>Educaci\u00f3n Musical<\/strong><\/p>\n<\/td>\n<td width=\"202\">\n<p>Gurrea Garcia, Juan Luis<\/p>\n<\/td>\n<\/tr>\n<tr>\n<td width=\"135\">\n<p><strong>Educaci\u00f3n Musical 2<\/strong><\/p>\n<\/td>\n<td width=\"202\">\n<p>Perez Basarte, Cristina<\/p>\n<\/td>\n<\/tr>\n<\/tbody>\n<\/table>\n<p><strong>\u00a0<\/strong><\/p>\n<p><strong>ESPECIALISTAS DE RELIGI\u00d3N<\/strong><\/p>\n<table width=\"331\">\n<tbody>\n<tr>\n<td width=\"132\">\n<p><strong>RELIGI\u00d3N 1<\/strong><\/p>\n<\/td>\n<td width=\"198\">\n<p>Liroz Mart\u00ednez, Lourdes,<\/p>\n<\/td>\n<\/tr>\n<tr>\n<td width=\"132\">\n<p><strong>RELIGI\u00d3N 2<\/strong><\/p>\n<\/td>\n<td width=\"198\">\n<p>Gurbindo Jimenez, Pello Mirena<\/p>\n<\/td>\n<\/tr>\n<\/tbody>\n<\/table>\n<p><strong>\u00a0<\/strong><\/p>\n<p><strong>ESPECIALISTA DE EUSKERA<\/strong><\/p>\n<table width=\"350\">\n<tbody>\n<tr>\n<td width=\"151\">\n<p><strong>Euskera 1<\/strong><\/p>\n<\/td>\n<td width=\"198\">\n<p>Txikirrin Presa, Ane<\/p>\n<\/td>\n<\/tr>\n<tr>\n<td width=\"151\">\n<p><strong>Euskera 2<\/strong><\/p>\n<\/td>\n<td width=\"198\">\n<p>Urquiola Torres, Loinaz<\/p>\n<\/td>\n<\/tr>\n<\/tbody>\n<\/table>\n<p><strong>\u00a0<\/strong><\/p>\n<p><strong>APOYO A DIRECCI\u00d3N<\/strong><\/p>\n<table width=\"366\">\n<tbody>\n<tr>\n<td width=\"151\">\n<p><strong>Apoyo Direcci\u00f3n 1<\/strong><\/p>\n<\/td>\n<td width=\"215\">\n<p>Anton Serrano, Nerea<\/p>\n<\/td>\n<\/tr>\n<tr>\n<td width=\"151\">\n<p><strong>Apoyo Direcci\u00f3n 2<\/strong><\/p>\n<\/td>\n<td width=\"215\">\n<p>Duque Arroyave, Paula Lorena<\/p>\n<\/td>\n<\/tr>\n<tr>\n<td width=\"151\">\n<p><strong>Apoyo Infantil<\/strong><\/p>\n<\/td>\n<td width=\"215\">\n<p>Rada P\u00e9rez, Mercedes Mar\u00eda<\/p>\n<\/td>\n<\/tr>\n<\/tbody>\n<\/table>\n","protected":false},"excerpt":{"rendered":"<p>ESPECIALISTAS DE INGL\u00c9S IN1 Hern\u00e1ndez Ci\u00e1urriz, M\u00f3nica IN2 Martinez Diez, Mar\u00eda Cruz IN3 Malo Mi\u00f1arro, Estela Maris IN4 Benito Ramos, Alba IN5 S\u00e1nchez Garc\u00eda, Nekane IN6 Garc\u00eda P\u00e9rez de Arrilucea, M\u00f3nica IN7 Martiartu Cervantes, Alba IN8 Gil Vallejo, Patricia IN9 Murillo Eraso, Andrea IN10 Castells Vila, Nuria IN11 Lizari Bordeje, Amaya IN12 Burgui Arrondo, Laura &hellip; <\/p>\n<p><a class=\"more-link btn\" href=\"https:\/\/cpcorella.educacion.navarra.es\/blogs\/%e2%88%9a-especialistas\/\">Continue reading<\/a><\/p>\n","protected":false},"author":6,"featured_media":0,"parent":0,"menu_order":0,"comment_status":"closed","ping_status":"closed","template":"","meta":[],"_links":{"self":[{"href":"https:\/\/cpcorella.educacion.navarra.es\/blogs\/wp-json\/wp\/v2\/pages\/4454"}],"collection":[{"href":"https:\/\/cpcorella.educacion.navarra.es\/blogs\/wp-json\/wp\/v2\/pages"}],"about":[{"href":"https:\/\/cpcorella.educacion.navarra.es\/blogs\/wp-json\/wp\/v2\/types\/page"}],"author":[{"embeddable":true,"href":"https:\/\/cpcorella.educacion.navarra.es\/blogs\/wp-json\/wp\/v2\/users\/6"}],"replies":[{"embeddable":true,"href":"https:\/\/cpcorella.educacion.navarra.es\/blogs\/wp-json\/wp\/v2\/comments?post=4454"}],"version-history":[{"count":7,"href":"https:\/\/cpcorella.educacion.navarra.es\/blogs\/wp-json\/wp\/v2\/pages\/4454\/revisions"}],"predecessor-version":[{"id":6194,"href":"https:\/\/cpcorella.educacion.navarra.es\/blogs\/wp-json\/wp\/v2\/pages\/4454\/revisions\/6194"}],"wp:attachment":[{"href":"https:\/\/cpcorella.educacion.navarra.es\/blogs\/wp-json\/wp\/v2\/media?parent=4454"}],"curies":[{"name":"wp","href":"https:\/\/api.w.org\/{rel}","templated":true}]}}