{"id":4451,"date":"2020-03-04T20:06:06","date_gmt":"2020-03-04T19:06:06","guid":{"rendered":"https:\/\/cpcorella.educacion.navarra.es\/blogs\/?page_id=4451"},"modified":"2025-10-10T10:32:04","modified_gmt":"2025-10-10T08:32:04","slug":"%e2%88%9a-primaria","status":"publish","type":"page","link":"https:\/\/cpcorella.educacion.navarra.es\/blogs\/%e2%88%9a-primaria\/","title":{"rendered":"\u221a Primaria"},"content":{"rendered":"\n<p><strong>PRIMERO<\/strong><\/p>\n<table width=\"302\">\n<tbody>\n<tr>\n<td width=\"76\">\n<p><strong>1A<\/strong><\/p>\n<\/td>\n<td width=\"227\">\n<p>Del Viejo Garde, Laura<\/p>\n<\/td>\n<\/tr>\n<tr>\n<td width=\"76\">\n<p><strong>1B<\/strong><\/p>\n<\/td>\n<td width=\"227\">\n<p>Heredero Alvarez, Alicia<\/p>\n<\/td>\n<\/tr>\n<tr>\n<td width=\"76\">\n<p><strong>1C<\/strong><\/p>\n<\/td>\n<td width=\"227\">\n<p>Mart\u00edn Armenteros, Luc\u00eda<\/p>\n<\/td>\n<\/tr>\n<tr>\n<td width=\"76\">\n<p><strong>1D<\/strong><\/p>\n<\/td>\n<td width=\"227\">\n<p>Fraile Sesma, Estrella<\/p>\n<\/td>\n<\/tr>\n<tr>\n<td width=\"76\">\n<p><strong>1E<\/strong><\/p>\n<\/td>\n<td width=\"227\">\n<p>Valenzuela Fernandez, Mar\u00eda Carmen<\/p>\n<\/td>\n<\/tr>\n<\/tbody>\n<\/table>\n<p><strong>\u00a0<\/strong><\/p>\n<p><strong>SEGUNDO<\/strong><\/p>\n<table width=\"298\">\n<tbody>\n<tr>\n<td width=\"75\">\n<p><strong>2A<\/strong><\/p>\n<\/td>\n<td width=\"223\">\n<p>Fraile Sesma, Patricia<\/p>\n<\/td>\n<\/tr>\n<tr>\n<td width=\"75\">\n<p><strong>2B<\/strong><\/p>\n<\/td>\n<td width=\"223\">\n<p>Aguirre Mart\u00ednez, Ana Luisa<\/p>\n<\/td>\n<\/tr>\n<tr>\n<td width=\"75\">\n<p><strong>2C<\/strong><\/p>\n<\/td>\n<td width=\"223\">\n<p>Echavarren Hualde, Berta<\/p>\n<\/td>\n<\/tr>\n<tr>\n<td width=\"75\">\n<p><strong>2D<\/strong><\/p>\n<\/td>\n<td width=\"223\">\n<p>Mart\u00ednez-Losa Valer, Yohana<\/p>\n<\/td>\n<\/tr>\n<tr>\n<td width=\"75\">\n<p><strong>2E<\/strong><\/p>\n<\/td>\n<td width=\"223\">\n<p>Gil de G\u00f3mez Arp\u00f3n, Sandra<\/p>\n<\/td>\n<\/tr>\n<\/tbody>\n<\/table>\n<p><strong>\u00a0<\/strong><\/p>\n<p><strong>TERCERO<\/strong><\/p>\n<table width=\"305\">\n<tbody>\n<tr>\n<td width=\"75\">\n<p><strong>3A<\/strong><\/p>\n<\/td>\n<td width=\"230\">\n<p>Gonzalez Perez, Francisco Javier<\/p>\n<\/td>\n<\/tr>\n<tr>\n<td width=\"75\">\n<p><strong>3B<\/strong><\/p>\n<\/td>\n<td width=\"230\">\n<p>Rodr\u00edguez Tres, M\u00edriam<\/p>\n<\/td>\n<\/tr>\n<tr>\n<td width=\"75\">\n<p><strong>3C<\/strong><\/p>\n<\/td>\n<td width=\"230\">\n<p>Requena Zaratiegui, Consuelo<\/p>\n<\/td>\n<\/tr>\n<tr>\n<td width=\"75\">\n<p><strong>3D<\/strong><\/p>\n<\/td>\n<td width=\"230\">\n<p>Colmenero Nicuesa, V\u00edctor<\/p>\n<\/td>\n<\/tr>\n<tr>\n<td width=\"75\">\n<p><strong>3E<\/strong><\/p>\n<\/td>\n<td width=\"230\">\n<p>Serrano Martin, Mar\u00eda Remedios<\/p>\n<\/td>\n<\/tr>\n<\/tbody>\n<\/table>\n<p>\u00a0<\/p>\n<p>\u00a0<\/p>\n<p><strong>CUARTO<\/strong><\/p>\n<p>\u00a0<\/p>\n<table width=\"311\">\n<tbody>\n<tr>\n<td width=\"75\">\n<p><strong>4A<\/strong><\/p>\n<\/td>\n<td width=\"236\">\n<p>Arellano L\u00f3pez, Cristina<\/p>\n<\/td>\n<\/tr>\n<tr>\n<td width=\"75\">\n<p><strong>4B<\/strong><\/p>\n<\/td>\n<td width=\"236\">\n<p>Villarroya Gonzalez, David<\/p>\n<\/td>\n<\/tr>\n<tr>\n<td width=\"75\">\n<p><strong>4C<\/strong><\/p>\n<\/td>\n<td width=\"236\">\n<p>Tomas Dominguez, Mar\u00eda Josefa<\/p>\n<\/td>\n<\/tr>\n<tr>\n<td width=\"75\">\n<p><strong>4D<\/strong><\/p>\n<\/td>\n<td width=\"236\">\n<p>L\u00e1zaro Monreal, Santiago<\/p>\n<\/td>\n<\/tr>\n<tr>\n<td width=\"75\">\n<p><strong>4E<\/strong><\/p>\n<\/td>\n<td width=\"236\">\n<p>Qui\u00f1ones Casares, Milagrosa<\/p>\n<\/td>\n<\/tr>\n<\/tbody>\n<\/table>\n<p>\u00a0<\/p>\n<p><strong>QUINTO<\/strong><\/p>\n<table width=\"331\">\n<tbody>\n<tr>\n<td width=\"80\">\n<p><strong>5A<\/strong><\/p>\n<\/td>\n<td width=\"251\">\n<p>Sanz Fern\u00e1ndez, Andres Joseph<\/p>\n<\/td>\n<\/tr>\n<tr>\n<td width=\"80\">\n<p><strong>5B<\/strong><\/p>\n<\/td>\n<td width=\"251\">\n<p>Conde Rivas, Jose Manuel<\/p>\n<\/td>\n<\/tr>\n<tr>\n<td width=\"80\">\n<p><strong>5C<\/strong><\/p>\n<\/td>\n<td width=\"251\">\n<p>Ba\u00f1os Bermejo, Silvia<\/p>\n<\/td>\n<\/tr>\n<tr>\n<td width=\"80\">\n<p><strong>5D<\/strong><\/p>\n<\/td>\n<td width=\"251\">\n<p>Poyales Fernandez, Jesus<\/p>\n<\/td>\n<\/tr>\n<\/tbody>\n<\/table>\n<p><strong>SEXTO<\/strong><\/p>\n<table width=\"330\">\n<tbody>\n<tr>\n<td width=\"75\">\n<p><strong>6A<\/strong><\/p>\n<\/td>\n<td width=\"255\">\n<p>Garijo Cruz, F\u00e9lix \u00c1ngel<\/p>\n<\/td>\n<\/tr>\n<tr>\n<td width=\"75\">\n<p><strong>6B<\/strong><\/p>\n<\/td>\n<td width=\"255\">\n<p>Jim\u00e9nez Vicente, Adri\u00e1n<\/p>\n<\/td>\n<\/tr>\n<tr>\n<td width=\"75\">\n<p><strong>6C<\/strong><\/p>\n<\/td>\n<td width=\"255\">\n<p>Garcia Delgado, Andrea<\/p>\n<\/td>\n<\/tr>\n<tr>\n<td width=\"75\">\n<p><strong>6D<\/strong><\/p>\n<\/td>\n<td width=\"255\">\n<p>Sesma Romano, Elisa<\/p>\n<\/td>\n<\/tr>\n<tr>\n<td width=\"75\">\n<p><strong>6E<\/strong><\/p>\n<\/td>\n<td width=\"255\">\n<p>Del Rio Llorente, Ana Rosa<\/p>\n<\/td>\n<\/tr>\n<\/tbody>\n<\/table>\n<p><strong>\u00a0<\/strong><\/p>\n","protected":false},"excerpt":{"rendered":"<p>PRIMERO 1A Del Viejo Garde, Laura 1B Heredero Alvarez, Alicia 1C Mart\u00edn Armenteros, Luc\u00eda 1D Fraile Sesma, Estrella 1E Valenzuela Fernandez, Mar\u00eda Carmen \u00a0 SEGUNDO 2A Fraile Sesma, Patricia 2B Aguirre Mart\u00ednez, Ana Luisa 2C Echavarren Hualde, Berta 2D Mart\u00ednez-Losa Valer, Yohana 2E Gil de G\u00f3mez Arp\u00f3n, Sandra \u00a0 TERCERO 3A Gonzalez Perez, Francisco Javier &hellip; <\/p>\n<p><a class=\"more-link btn\" href=\"https:\/\/cpcorella.educacion.navarra.es\/blogs\/%e2%88%9a-primaria\/\">Continue reading<\/a><\/p>\n","protected":false},"author":6,"featured_media":0,"parent":0,"menu_order":0,"comment_status":"closed","ping_status":"closed","template":"","meta":[],"_links":{"self":[{"href":"https:\/\/cpcorella.educacion.navarra.es\/blogs\/wp-json\/wp\/v2\/pages\/4451"}],"collection":[{"href":"https:\/\/cpcorella.educacion.navarra.es\/blogs\/wp-json\/wp\/v2\/pages"}],"about":[{"href":"https:\/\/cpcorella.educacion.navarra.es\/blogs\/wp-json\/wp\/v2\/types\/page"}],"author":[{"embeddable":true,"href":"https:\/\/cpcorella.educacion.navarra.es\/blogs\/wp-json\/wp\/v2\/users\/6"}],"replies":[{"embeddable":true,"href":"https:\/\/cpcorella.educacion.navarra.es\/blogs\/wp-json\/wp\/v2\/comments?post=4451"}],"version-history":[{"count":7,"href":"https:\/\/cpcorella.educacion.navarra.es\/blogs\/wp-json\/wp\/v2\/pages\/4451\/revisions"}],"predecessor-version":[{"id":6193,"href":"https:\/\/cpcorella.educacion.navarra.es\/blogs\/wp-json\/wp\/v2\/pages\/4451\/revisions\/6193"}],"wp:attachment":[{"href":"https:\/\/cpcorella.educacion.navarra.es\/blogs\/wp-json\/wp\/v2\/media?parent=4451"}],"curies":[{"name":"wp","href":"https:\/\/api.w.org\/{rel}","templated":true}]}}