{"id":4445,"date":"2020-03-04T19:59:44","date_gmt":"2020-03-04T18:59:44","guid":{"rendered":"https:\/\/cpcorella.educacion.navarra.es\/blogs\/?page_id=4445"},"modified":"2025-10-10T10:28:53","modified_gmt":"2025-10-10T08:28:53","slug":"infantil4","status":"publish","type":"page","link":"https:\/\/cpcorella.educacion.navarra.es\/blogs\/infantil4\/","title":{"rendered":"\u221a Infantil"},"content":{"rendered":"\n<table width=\"293\">\n<tbody>\n<tr>\n<td width=\"75\">\n<p><strong>I3A<\/strong><\/p>\n<\/td>\n<td width=\"219\">\n<p>Martinez Martin, Maialen<\/p>\n<\/td>\n<\/tr>\n<tr>\n<td width=\"75\">\n<p><strong>I3B<\/strong><\/p>\n<\/td>\n<td width=\"219\">\n<p>Aguirre Mendizabal, Sara<\/p>\n<\/td>\n<\/tr>\n<tr>\n<td width=\"75\">\n<p><strong>I3C<\/strong><\/p>\n<\/td>\n<td width=\"219\">\n<p>Garc\u00eda Sola, Yolanda<\/p>\n<\/td>\n<\/tr>\n<tr>\n<td width=\"75\">\n<p><strong>I3D<\/strong><\/p>\n<\/td>\n<td width=\"219\">\n<p>Jim\u00e9nez Isla, Raquel<\/p>\n<\/td>\n<\/tr>\n<tr>\n<td width=\"75\">\n<p><strong>I3E<\/strong><\/p>\n<\/td>\n<td width=\"219\">\n<p>Urgelles Asensio, Sandra<\/p>\n<\/td>\n<\/tr>\n<tr>\n<td width=\"75\">\n<p><strong>I4A<\/strong><\/p>\n<\/td>\n<td width=\"219\">\n<p>Rodr\u00edguez Pino, Kyara<\/p>\n<\/td>\n<\/tr>\n<tr>\n<td width=\"75\">\n<p><strong>I4B<\/strong><\/p>\n<\/td>\n<td width=\"219\">\n<p>Arroyo Mart\u00edn, Mar\u00eda Rosario<\/p>\n<\/td>\n<\/tr>\n<tr>\n<td width=\"75\">\n<p><strong>I4C<\/strong><\/p>\n<\/td>\n<td width=\"219\">\n<p>Ornad Beltran, Sonia<\/p>\n<\/td>\n<\/tr>\n<tr>\n<td width=\"75\">\n<p><strong>I4D<\/strong><\/p>\n<\/td>\n<td width=\"219\">\n<p>Lafuente del Rio, Olga<\/p>\n<\/td>\n<\/tr>\n<tr>\n<td width=\"75\">\n<p><strong>I4E<\/strong><\/p>\n<\/td>\n<td width=\"219\">\n<p>Aicua Manzanares, Elena<\/p>\n<\/td>\n<\/tr>\n<tr>\n<td width=\"75\">\n<p><strong>I5A<\/strong><\/p>\n<\/td>\n<td width=\"219\">\n<p>Salcedo Martinez, Laura<\/p>\n<\/td>\n<\/tr>\n<tr>\n<td width=\"75\">\n<p><strong>I5B<\/strong><\/p>\n<\/td>\n<td width=\"219\">\n<p>Ballent Castillejo, Ana<\/p>\n<\/td>\n<\/tr>\n<tr>\n<td width=\"75\">\n<p><strong>I5C<\/strong><\/p>\n<\/td>\n<td width=\"219\">\n<p>Jim\u00e9nez Urmeneta, Gloria<\/p>\n<\/td>\n<\/tr>\n<tr>\n<td width=\"75\">\n<p><strong>I5D<\/strong><\/p>\n<\/td>\n<td width=\"219\">\n<p>Moreno Vidorreta, Cristina<\/p>\n<\/td>\n<\/tr>\n<tr>\n<td width=\"75\">\n<p><strong>I5E<\/strong><\/p>\n<\/td>\n<td width=\"219\">\n<table width=\"221\">\n<tbody>\n<tr>\n<td width=\"221\">\n<p>Garraza Morentin, Irene<\/p>\n<\/td>\n<\/tr>\n<tr>\n<td width=\"221\">\n<p>Iriberri Arrastia, Estibaliz<\/p>\n<\/td>\n<\/tr>\n<\/tbody>\n<\/table>\n<\/td>\n<\/tr>\n<tr>\n<td width=\"75\">\n<p><strong>I5F<\/strong><\/p>\n<\/td>\n<td width=\"219\">\n<p>Iriberri Arrastia, Estibaliz<\/p>\n<p>\u00a0<\/p>\n<\/td>\n<\/tr>\n<\/tbody>\n<\/table>\n","protected":false},"excerpt":{"rendered":"<p>I3A Martinez Martin, Maialen I3B Aguirre Mendizabal, Sara I3C Garc\u00eda Sola, Yolanda I3D Jim\u00e9nez Isla, Raquel I3E Urgelles Asensio, Sandra I4A Rodr\u00edguez Pino, Kyara I4B Arroyo Mart\u00edn, Mar\u00eda Rosario I4C Ornad Beltran, Sonia I4D Lafuente del Rio, Olga I4E Aicua Manzanares, Elena I5A Salcedo Martinez, Laura I5B Ballent Castillejo, Ana I5C Jim\u00e9nez Urmeneta, Gloria I5D &hellip; <\/p>\n<p><a class=\"more-link btn\" href=\"https:\/\/cpcorella.educacion.navarra.es\/blogs\/infantil4\/\">Continue reading<\/a><\/p>\n","protected":false},"author":6,"featured_media":0,"parent":0,"menu_order":0,"comment_status":"closed","ping_status":"closed","template":"","meta":[],"_links":{"self":[{"href":"https:\/\/cpcorella.educacion.navarra.es\/blogs\/wp-json\/wp\/v2\/pages\/4445"}],"collection":[{"href":"https:\/\/cpcorella.educacion.navarra.es\/blogs\/wp-json\/wp\/v2\/pages"}],"about":[{"href":"https:\/\/cpcorella.educacion.navarra.es\/blogs\/wp-json\/wp\/v2\/types\/page"}],"author":[{"embeddable":true,"href":"https:\/\/cpcorella.educacion.navarra.es\/blogs\/wp-json\/wp\/v2\/users\/6"}],"replies":[{"embeddable":true,"href":"https:\/\/cpcorella.educacion.navarra.es\/blogs\/wp-json\/wp\/v2\/comments?post=4445"}],"version-history":[{"count":8,"href":"https:\/\/cpcorella.educacion.navarra.es\/blogs\/wp-json\/wp\/v2\/pages\/4445\/revisions"}],"predecessor-version":[{"id":6192,"href":"https:\/\/cpcorella.educacion.navarra.es\/blogs\/wp-json\/wp\/v2\/pages\/4445\/revisions\/6192"}],"wp:attachment":[{"href":"https:\/\/cpcorella.educacion.navarra.es\/blogs\/wp-json\/wp\/v2\/media?parent=4445"}],"curies":[{"name":"wp","href":"https:\/\/api.w.org\/{rel}","templated":true}]}}