{"id":4441,"date":"2020-03-04T19:53:37","date_gmt":"2020-03-04T18:53:37","guid":{"rendered":"https:\/\/cpcorella.educacion.navarra.es\/blogs\/?page_id=4441"},"modified":"2023-10-27T13:05:49","modified_gmt":"2023-10-27T11:05:49","slug":"equipo-directivo","status":"publish","type":"page","link":"https:\/\/cpcorella.educacion.navarra.es\/blogs\/equipo-directivo\/","title":{"rendered":"Equipo Directivo"},"content":{"rendered":"\n<table style=\"border-collapse: collapse; width: 100%;\">\n<tbody>\n<tr>\n<td style=\"width: 50%;\">DIRECTOR<\/td>\n<td style=\"width: 50%;\">Jes\u00fas Rodr\u00edguez Hern\u00e1ndez<\/td>\n<\/tr>\n<tr>\n<td style=\"width: 50%;\">JEFATURA DE ESTUDIOS<\/td>\n<td style=\"width: 50%;\">F\u00e9lix \u00c1ngel Garijo Cruz\u00a0<\/td>\n<\/tr>\n<tr>\n<td style=\"width: 50%;\">SECRETAR\u00cdA<\/td>\n<td style=\"width: 50%;\">Santiago L\u00e1zaro Monreal<\/td>\n<\/tr>\n<\/tbody>\n<\/table>\n","protected":false},"excerpt":{"rendered":"<p>DIRECTOR Jes\u00fas Rodr\u00edguez Hern\u00e1ndez JEFATURA DE ESTUDIOS F\u00e9lix \u00c1ngel Garijo Cruz\u00a0 SECRETAR\u00cdA Santiago L\u00e1zaro Monreal<\/p>\n","protected":false},"author":6,"featured_media":0,"parent":0,"menu_order":0,"comment_status":"closed","ping_status":"closed","template":"","meta":[],"_links":{"self":[{"href":"https:\/\/cpcorella.educacion.navarra.es\/blogs\/wp-json\/wp\/v2\/pages\/4441"}],"collection":[{"href":"https:\/\/cpcorella.educacion.navarra.es\/blogs\/wp-json\/wp\/v2\/pages"}],"about":[{"href":"https:\/\/cpcorella.educacion.navarra.es\/blogs\/wp-json\/wp\/v2\/types\/page"}],"author":[{"embeddable":true,"href":"https:\/\/cpcorella.educacion.navarra.es\/blogs\/wp-json\/wp\/v2\/users\/6"}],"replies":[{"embeddable":true,"href":"https:\/\/cpcorella.educacion.navarra.es\/blogs\/wp-json\/wp\/v2\/comments?post=4441"}],"version-history":[{"count":2,"href":"https:\/\/cpcorella.educacion.navarra.es\/blogs\/wp-json\/wp\/v2\/pages\/4441\/revisions"}],"predecessor-version":[{"id":5634,"href":"https:\/\/cpcorella.educacion.navarra.es\/blogs\/wp-json\/wp\/v2\/pages\/4441\/revisions\/5634"}],"wp:attachment":[{"href":"https:\/\/cpcorella.educacion.navarra.es\/blogs\/wp-json\/wp\/v2\/media?parent=4441"}],"curies":[{"name":"wp","href":"https:\/\/api.w.org\/{rel}","templated":true}]}}