{"id":308,"date":"2012-11-24T13:25:15","date_gmt":"2012-11-24T12:25:15","guid":{"rendered":"http:\/\/cpcorella.educacion.navarra.es\/blogs\/?page_id=308"},"modified":"2019-09-14T17:27:16","modified_gmt":"2019-09-14T15:27:16","slug":"documentos-institucionales","status":"publish","type":"page","link":"https:\/\/cpcorella.educacion.navarra.es\/blogs\/documentos\/documentos-institucionales\/","title":{"rendered":"Documentos Institucionales"},"content":{"rendered":"<table style=\"border-collapse: collapse; width: 512px;\" border=\"0\">\n<colgroup>\n<col style=\"width: 434px;\" \/><\/colgroup>\n<tbody valign=\"top\">\n<tr style=\"background: red;\">\n<td style=\"padding-left: 7px; padding-right: 7px; border-top: none; border-left: 0.5pt solid black; border-bottom: 0.5pt solid black; border-right: 0.5pt solid black; background-color: #24d8f0; width: 498px;\"><span style=\"font-size: 14pt;\"><a href=\"https:\/\/drive.google.com\/file\/d\/0B-Q9Jl6NV9MLaHlTZkZQdnU2Q1U\/view?usp=sharing\">1. PROYECTO DE DIRECCI\u00d3N.<\/a><\/span><\/p>\n<p style=\"text-align: justify;\">El Proyecto de direcci\u00f3n pretende dar a conocer los objetivos que el equipo directivo del centro tiene planteados durante los a\u00f1os que dure su mandato.\u00a0 Este proyecto se aprob\u00f3 por la administraci\u00f3n y representantes de las familias que formaron parte del tribunal evaluador y desde ese momento se puso en marcha.<\/p>\n<\/td>\n<\/tr>\n<tr style=\"background: red;\">\n<td style=\"padding-left: 7px; padding-right: 7px; border: 0.5pt solid black; width: 498px;\"><span style=\"font-size: 14pt;\"><a href=\"https:\/\/drive.google.com\/open?id=1Imzt3nzqsLOtcPShFTo5QcQMY5pMksmY\">2. PROYECTO EDUCATIVO DE CENTRO.<\/a><\/span><\/p>\n<p style=\"text-align: justify;\">Este documento muestra las se\u00f1as de identidad del colegio.\u00a0\u00a0 Nos dice lo que somos y lo que queremos ser en un futuro pr\u00f3ximo.\u00a0 Muestra las l\u00edneas maestras por las que se regir\u00e1 el funcionamiento del colegio.<\/p>\n<\/td>\n<\/tr>\n<tr style=\"background: #ffc000;\">\n<td style=\"padding-left: 7px; padding-right: 7px; border-top: none; border-left: 0.5pt solid black; border-bottom: 0.5pt solid black; border-right: 0.5pt solid black; width: 498px;\"><span style=\"font-size: 14pt;\"><a href=\"https:\/\/drive.google.com\/file\/d\/0B-Q9Jl6NV9MLVTRDbUlXSXB6UnM\/view?usp=sharing\">3. PROYECTO JORNADA CONTINUA<\/a><\/span><\/td>\n<\/tr>\n<tr style=\"background: yellow;\">\n<td style=\"padding-left: 7px; padding-right: 7px; border-top: none; border-left: 0.5pt solid black; border-bottom: 0.5pt solid black; border-right: 0.5pt solid black; width: 498px;\"><span style=\"font-size: 14pt;\"><a href=\"https:\/\/drive.google.com\/open?id=133bPJUlGmrzLDePps5qFPAx02C8IisK7\">4. PLAN DE ATENCI\u00d3N A LA DIVERSIDAD.<\/a><\/span><\/td>\n<\/tr>\n<tr style=\"background: #92d050;\">\n<td style=\"padding-left: 7px; padding-right: 7px; border-top: none; border-left: 0.5pt solid black; border-bottom: 0.5pt solid black; border-right: 0.5pt solid black; width: 498px;\"><span style=\"font-size: 14pt;\"><a href=\"https:\/\/drive.google.com\/open?id=1rgVmlHfqw0905qfyWpzgTEQOq6iCMNOp\">5. PLAN DE ACCI\u00d3N TUTORIAL.<\/a><\/span><\/td>\n<\/tr>\n<tr style=\"background: #4f81bd;\">\n<td style=\"padding-left: 7px; padding-right: 7px; border-top: none; border-left: 0.5pt solid black; border-bottom: 0.5pt solid black; border-right: 0.5pt solid black; width: 498px;\"><span style=\"font-size: 14pt;\"><a href=\"https:\/\/drive.google.com\/open?id=1OCmOWAjsH5lyMHVeaU3vJxS8B1o8JJtU\">6. PLAN DE CONVIVENCIA.<\/a><\/span><\/p>\n<p style=\"text-align: justify;\">Los colegios hemos elaborado un nuevo plan de convivencia en base al decreto foral 47\/2010 \u00a0y \u00a0al 47\/2010 que lo modifica.\u00a0\u00a0 Aunque en los centros de primaria no suelen presentarse muchos problemas de este tipo, es imprescindible tener definidas unas l\u00edneas de actuaci\u00f3n que nos permitan mejorar la relaci\u00f3n entre todos los miembros de la comunidad educativa. \u00a0El plan cuenta con unos anexos que tambi\u00e9n pod\u00e9is ver. \u00a0El plan tiene un apartado espec\u00edfico para el acoso escolar y la violencia de g\u00e9nero.<\/p>\n<\/td>\n<\/tr>\n<tr style=\"background: #dbe5f1;\">\n<td style=\"padding-left: 7px; padding-right: 7px; border-top: none; border-left: 0.5pt solid black; border-bottom: 0.5pt solid black; border-right: 0.5pt solid black; width: 498px;\"><span style=\"font-size: 14pt;\"><a href=\"https:\/\/drive.google.com\/open?id=1-eAfsOT_k9INejOwV1eaXvV_uC5LfdCG\">\u00a0\u00a0\u00a0\u00a0\u00a0\u00a0\u00a0\u00a0\u00a0 a. Reglamento de Convivencia.<\/a><\/span><\/td>\n<\/tr>\n<tr style=\"background: #b8cce4;\">\n<td style=\"padding-left: 7px; padding-right: 7px; border-top: none; border-left: 0.5pt solid black; border-bottom: 0.5pt solid black; border-right: 0.5pt solid black; width: 498px;\"><span style=\"font-size: 14pt;\">\u00a0\u00a0\u00a0\u00a0\u00a0\u00a0\u00a0\u00a0\u00a0 <a href=\"https:\/\/drive.google.com\/open?id=1wxycv8-3prxs9A3DJU1T2eI7lPH_rDGm\">b. Protocolo de Absentismo.<\/a><\/span><\/td>\n<\/tr>\n<tr style=\"background: #95b3d7;\">\n<td style=\"padding-left: 7px; padding-right: 7px; border-top: none; border-left: 0.5pt solid black; border-bottom: 0.5pt solid black; border-right: 0.5pt solid black; width: 498px;\"><span style=\"font-size: 14pt;\">\u00a0\u00a0\u00a0\u00a0\u00a0\u00a0\u00a0\u00a0\u00a0<a href=\"https:\/\/www.dropbox.com\/s\/ncd3sw30y62sztr\/DECRETO%20FORAL%20472%20010%20DE%20DERECHOS%20Y%20DEBERES%20DEL%20ALUMNADO%20Y%20DE%20LA.pdf?dl=0\"> c. Decreto Foral de Derechos y Deberes.<\/a><\/span><\/td>\n<\/tr>\n<tr style=\"background: #c0504d;\">\n<td style=\"padding-left: 7px; padding-right: 7px; border-top: none; border-left: 0.5pt solid black; border-bottom: 0.5pt solid black; border-right: 0.5pt solid black; width: 498px;\"><span style=\"font-size: 14pt;\">7. PLAN DE LECTURA<\/span><\/p>\n<p>La lectura constituye una actividad clave en la educaci\u00f3n. \u00a0Es uno de los principales instrumentos de aprendizaje , cuyo dominio abre las puertas a<br \/>\nnuestros conocimientos.<\/td>\n<\/tr>\n<tr style=\"background: #7030a0;\">\n<td style=\"padding-left: 7px; padding-right: 7px; border-top: none; border-left: 0.5pt solid black; border-bottom: 0.5pt solid black; border-right: 0.5pt solid black; width: 498px;\"><span style=\"font-size: 14pt;\"><a href=\"https:\/\/www.dropbox.com\/s\/rgkgg40fcvwzhij\/EVACUACI%C3%93N%20DE%20CENTRO.pdf?dl=0\">8. PLAN DE EVACUACI\u00d3N DEL CENTRO.<\/a><\/span><\/td>\n<\/tr>\n<tr style=\"background: #92d050;\">\n<td style=\"padding-left: 7px; padding-right: 7px; border-top: none; border-left: 0.5pt solid black; border-bottom: 0.5pt solid black; border-right: 0.5pt solid black; width: 498px;\"><a href=\"https:\/\/www.educacion.navarra.es\/documents\/27590\/43992\/Agresiones_web_Cas.pdf\/b11014a3-f7da-4495-ab22-55f1acd0eb19\">\u00a09. PROTOCOLO DE AGRESIONES AL PROFESORADO<\/a><\/td>\n<\/tr>\n<\/tbody>\n<\/table>\n<div><\/div>\n<div><\/div>\n<div><\/div>\n<div><\/div>\n","protected":false},"excerpt":{"rendered":"<p>1. PROYECTO DE DIRECCI\u00d3N. El Proyecto de direcci\u00f3n pretende dar a conocer los objetivos que el equipo directivo del centro tiene planteados durante los a\u00f1os que dure su mandato.\u00a0 Este proyecto se aprob\u00f3 por la administraci\u00f3n y representantes de las familias que formaron parte del tribunal evaluador y desde ese momento se puso en marcha. &hellip; <\/p>\n<p><a class=\"more-link btn\" href=\"https:\/\/cpcorella.educacion.navarra.es\/blogs\/documentos\/documentos-institucionales\/\">Continue reading<\/a><\/p>\n","protected":false},"author":6,"featured_media":0,"parent":13,"menu_order":0,"comment_status":"closed","ping_status":"closed","template":"","meta":[],"_links":{"self":[{"href":"https:\/\/cpcorella.educacion.navarra.es\/blogs\/wp-json\/wp\/v2\/pages\/308"}],"collection":[{"href":"https:\/\/cpcorella.educacion.navarra.es\/blogs\/wp-json\/wp\/v2\/pages"}],"about":[{"href":"https:\/\/cpcorella.educacion.navarra.es\/blogs\/wp-json\/wp\/v2\/types\/page"}],"author":[{"embeddable":true,"href":"https:\/\/cpcorella.educacion.navarra.es\/blogs\/wp-json\/wp\/v2\/users\/6"}],"replies":[{"embeddable":true,"href":"https:\/\/cpcorella.educacion.navarra.es\/blogs\/wp-json\/wp\/v2\/comments?post=308"}],"version-history":[{"count":21,"href":"https:\/\/cpcorella.educacion.navarra.es\/blogs\/wp-json\/wp\/v2\/pages\/308\/revisions"}],"predecessor-version":[{"id":4541,"href":"https:\/\/cpcorella.educacion.navarra.es\/blogs\/wp-json\/wp\/v2\/pages\/308\/revisions\/4541"}],"up":[{"embeddable":true,"href":"https:\/\/cpcorella.educacion.navarra.es\/blogs\/wp-json\/wp\/v2\/pages\/13"}],"wp:attachment":[{"href":"https:\/\/cpcorella.educacion.navarra.es\/blogs\/wp-json\/wp\/v2\/media?parent=308"}],"curies":[{"name":"wp","href":"https:\/\/api.w.org\/{rel}","templated":true}]}}