{"id":30,"date":"2012-10-05T19:43:29","date_gmt":"2012-10-05T17:43:29","guid":{"rendered":"http:\/\/cpcorella.educacion.navarra.es\/blogs\/?page_id=30"},"modified":"2013-01-21T22:43:04","modified_gmt":"2013-01-21T21:43:04","slug":"infantil4","status":"publish","type":"page","link":"https:\/\/cpcorella.educacion.navarra.es\/blogs\/programaciones\/infantil4\/","title":{"rendered":"INFANTIL"},"content":{"rendered":"<table width=\"758\" border=\"1\" cellspacing=\"3\" align=\"center\" bgcolor=\"#FFFFFF\">\n<tbody>\n<tr>\n<td width=\"179\" height=\"100\">\n<div align=\"center\"><a href=\"http:\/\/w3.cnice.mec.es\/eos\/MaterialesEducativos\/mem2001\/raton\/index.html\" target=\"_blank\"><img loading=\"lazy\" alt=\"\" src=\"http:\/\/www.juntadeandalucia.es\/averroes\/loreto\/sugerencias\/infantil\/imagenes1\/1.jpg\" width=\"158\" height=\"98\" border=\"0\" \/><\/a><\/div>\n<\/td>\n<td width=\"179\" height=\"100\">\n<div align=\"center\"><a href=\"http:\/\/www.librosvivos.net\/flash\/Infantil_3\/Infantil3_raton.asp?idcol=32&amp;idref=%27%27\" target=\"_blank\"><img loading=\"lazy\" alt=\"\" src=\"http:\/\/www.juntadeandalucia.es\/averroes\/loreto\/sugerencias\/infantil\/imagenes2\/7.jpg\" width=\"157\" height=\"98\" border=\"0\" \/><\/a><\/div>\n<\/td>\n<td width=\"178\" height=\"100\"><\/td>\n<td width=\"174\" height=\"100\"><\/td>\n<\/tr>\n<tr>\n<td>1 Aprendo a manejar el rat\u00f3n.<\/td>\n<td height=\"23\">2 Manejo del rat\u00f3n 3 a\u00f1os.<\/td>\n<td><\/td>\n<td><\/td>\n<\/tr>\n<tr>\n<td height=\"100\">\n<div align=\"center\"><a href=\"http:\/\/w3.cnice.mec.es\/recursos\/infantil\/bits_de_inteligencia\/pages\/main.htm\" target=\"_blank\"><img loading=\"lazy\" alt=\"\" src=\"http:\/\/www.juntadeandalucia.es\/averroes\/loreto\/sugerencias\/infantil\/imagenes2\/19.jpg\" width=\"157\" height=\"98\" border=\"0\" \/><\/a><\/div>\n<\/td>\n<td height=\"100\">\n<div align=\"left\">\n<div align=\"center\"><a href=\"http:\/\/www.kokone.org\/juegos\/index.html\" target=\"_blank\"><img loading=\"lazy\" alt=\"\" src=\"http:\/\/www.juntadeandalucia.es\/averroes\/loreto\/sugerencias\/infantil\/imagenes2\/17.jpg\" width=\"157\" height=\"98\" border=\"0\" \/><\/a><\/div>\n<\/div>\n<\/td>\n<td height=\"100\"><\/td>\n<td height=\"100\"><\/td>\n<\/tr>\n<tr>\n<td height=\"27\">\n<div align=\"left\">5 Bits de inteligencia<\/div>\n<\/td>\n<td>\n<div align=\"left\">\n<div align=\"left\">6 Pr\u00e1ctica con el rat\u00f3n&#8230;<\/div>\n<\/div>\n<\/td>\n<td><\/td>\n<td><\/td>\n<\/tr>\n<\/tbody>\n<\/table>\n<table width=\"758\" border=\"1\" cellspacing=\"3\" align=\"center\" bgcolor=\"#FFFFFF\">\n<tbody>\n<tr>\n<td width=\"178\" height=\"100\">\n<div align=\"center\"><a href=\"http:\/\/www.librosvivos.net\/flash\/Infantil_4\/Infantil4_raton.asp?idcol=32&amp;idref=%27%27\" target=\"_blank\"><img loading=\"lazy\" alt=\"\" src=\"http:\/\/www.juntadeandalucia.es\/averroes\/loreto\/sugerencias\/infantil\/imagenes2\/3.jpg\" width=\"157\" height=\"98\" border=\"0\" \/><\/a><\/div>\n<\/td>\n<td>3 Manejo del rat\u00f3n 4 a\u00f1os.<\/td>\n<\/tr>\n<\/tbody>\n<\/table>\n<table width=\"758\" border=\"1\" cellspacing=\"3\" align=\"center\" bgcolor=\"#FFFFFF\">\n<tbody>\n<tr>\n<td width=\"174\" height=\"100\">\n<div align=\"center\"><a href=\"http:\/\/www.librosvivos.net\/flash\/Infantil_5\/Infantil5_raton.asp?idcol=32&amp;idref=%27%27\" target=\"_blank\"><img loading=\"lazy\" alt=\"\" src=\"http:\/\/www.juntadeandalucia.es\/averroes\/loreto\/sugerencias\/infantil\/imagenes3\/5-1.jpg\" width=\"132\" height=\"98\" border=\"0\" \/><\/a><\/div>\n<\/td>\n<td>4 Manejo del rat\u00f3n 5 a\u00f1os.<\/td>\n<\/tr>\n<\/tbody>\n<\/table>\n<table width=\"758\" border=\"1\" cellspacing=\"3\" align=\"center\" bgcolor=\"#FFFFFF\">\n<tbody>\n<tr>\n<td height=\"100\">\n<div align=\"center\"><a href=\"http:\/\/www.boohbah.tv\/zone.html\" target=\"_blank\"><img loading=\"lazy\" alt=\"\" src=\"http:\/\/www.juntadeandalucia.es\/averroes\/loreto\/sugerencias\/infantil\/imagenes5\/5-58.jpg\" width=\"139\" height=\"98\" border=\"0\" \/><\/a><\/div>\n<\/td>\n<td>7 \u00bfJugamos con el rat\u00f3n?<\/td>\n<\/tr>\n<\/tbody>\n<\/table>\n<p>.<\/p>\n<table width=\"497\" border=\"2\" cellspacing=\"1\" cellpadding=\"0\" align=\"center\" bgcolor=\"#FFFFFF\">\n<tbody>\n<tr>\n<th scope=\"col\" align=\"center\"><a href=\"http:\/\/www.juntadeandalucia.es\/averroes\/loreto\/sugerencias\/infantil\/unidad0.html\" target=\"_self\">Unidad 0<\/a><\/th>\n<th scope=\"col\" align=\"center\"><a href=\"http:\/\/www.juntadeandalucia.es\/averroes\/loreto\/sugerencias\/infantil\/unidad1.html\" target=\"_self\">Unidad 1<\/a><\/th>\n<th scope=\"col\" align=\"center\"><a href=\"http:\/\/www.juntadeandalucia.es\/averroes\/loreto\/sugerencias\/infantil\/unidad2.html\" target=\"_self\">Unidad 2<\/a><\/th>\n<th scope=\"col\" align=\"center\"><a href=\"http:\/\/www.juntadeandalucia.es\/averroes\/loreto\/sugerencias\/infantil\/unidad3.html\" target=\"_self\">Unidad 3<\/a><\/th>\n<th scope=\"col\" align=\"center\"><a href=\"http:\/\/www.juntadeandalucia.es\/averroes\/loreto\/sugerencias\/infantil\/unidad4.html\" target=\"_self\">Unidad 4<\/a><\/th>\n<th scope=\"col\" align=\"center\"><\/th>\n<th scope=\"col\" align=\"center\"><\/th>\n<th scope=\"col\" align=\"center\"><\/th>\n<th scope=\"col\" align=\"center\"><\/th>\n<th scope=\"col\" align=\"center\"><\/th>\n<\/tr>\n<\/tbody>\n<\/table>\n<table width=\"750\" border=\"2\" cellspacing=\"1\" cellpadding=\"0\" align=\"center\" bgcolor=\"#FFFFFF\">\n<tbody>\n<tr>\n<th scope=\"col\" align=\"center\"><a href=\"http:\/\/www.juntadeandalucia.es\/averroes\/loreto\/sugerencias\/infantil\/unidad5.html\" target=\"_self\">Unidad 5<\/a><\/th>\n<th scope=\"col\" align=\"center\"><a href=\"http:\/\/www.juntadeandalucia.es\/averroes\/loreto\/sugerencias\/infantil\/unidad6.html\" target=\"_self\">Unidad 6<\/a><\/th>\n<th scope=\"col\" align=\"center\"><a href=\"http:\/\/www.juntadeandalucia.es\/averroes\/loreto\/sugerencias\/infantil\/unidad7.html\" target=\"_self\">Unidad 7<\/a><\/th>\n<th scope=\"col\" align=\"center\"><a href=\"http:\/\/www.juntadeandalucia.es\/averroes\/loreto\/sugerencias\/infantil\/unidad8.html\" target=\"_self\">Unidad 8<\/a><\/th>\n<th scope=\"col\" align=\"center\"><a href=\"http:\/\/www.juntadeandalucia.es\/averroes\/loreto\/sugerencias\/infantil\/unidad9.html\" target=\"_self\">Unidad 9<\/a><\/th>\n<\/tr>\n<\/tbody>\n<\/table>\n<table width=\"750\" border=\"1\" cellspacing=\"1\" cellpadding=\"0\" align=\"center\" bgcolor=\"#FFFFFF\">\n<tbody>\n<tr>\n<th scope=\"col\" width=\"85\"><a href=\"http:\/\/www.juntadeandalucia.es\/averroes\/loreto\/sugerencias\/infantil\/ingles.html\" target=\"_self\">Ingl\u00e9s<\/a><\/th>\n<th scope=\"col\" width=\"85\"><a href=\"http:\/\/www.juntadeandalucia.es\/averroes\/loreto\/sugerencias\/infantil\/musica.html\" target=\"_self\">M\u00fasica<\/a><\/th>\n<th scope=\"col\" width=\"83\"><a href=\"http:\/\/www.juntadeandalucia.es\/averroes\/loreto\/sugerencias\/infantil\/plastica.html\" target=\"_self\">Pl\u00e1stica<\/a><\/th>\n<th scope=\"col\" width=\"85\"><a href=\"http:\/\/www.juntadeandalucia.es\/averroes\/loreto\/sugerencias\/infantil\/juegos.html\" target=\"_self\">Juegos<\/a><\/th>\n<\/tr>\n<\/tbody>\n<\/table>\n<p>.<\/p>\n<table width=\"750\" border=\"1\" cellspacing=\"1\" cellpadding=\"0\" align=\"center\" bgcolor=\"#FFFFFF\">\n<tbody>\n<tr>\n<th scope=\"col\" width=\"100\"><a href=\"http:\/\/www.juntadeandalucia.es\/averroes\/loreto\/sugerencias\/infantil\/lectura.html\" target=\"_self\">Lectoescritura<\/a><\/th>\n<th scope=\"col\" width=\"85\"><a href=\"http:\/\/www.juntadeandalucia.es\/averroes\/loreto\/sugerencias\/infantil\/cuentos.html\" target=\"_self\">Cuentos<\/a><\/th>\n<th scope=\"col\" width=\"100\"><a href=\"http:\/\/www.juntadeandalucia.es\/averroes\/loreto\/sugerencias\/infantil\/numeros.html\" target=\"_self\">Numeraci\u00f3n<\/a><\/th>\n<th scope=\"col\" width=\"100\"><a href=\"http:\/\/www.juntadeandalucia.es\/averroes\/loreto\/sugerencias\/infantil\/efisica.html\" target=\"_self\">Psicomotricidad<\/a><\/th>\n<th scope=\"col\" width=\"85\"><\/th>\n<th scope=\"col\" width=\"85\"><\/th>\n<th scope=\"col\" width=\"83\"><\/th>\n<th scope=\"col\" width=\"85\"><\/th>\n<\/tr>\n<\/tbody>\n<\/table>\n","protected":false},"excerpt":{"rendered":"<p>1 Aprendo a manejar el rat\u00f3n. 2 Manejo del rat\u00f3n 3 a\u00f1os. 5 Bits de inteligencia 6 Pr\u00e1ctica con el rat\u00f3n&#8230; 3 Manejo del rat\u00f3n 4 a\u00f1os. 4 Manejo del rat\u00f3n 5 a\u00f1os. 7 \u00bfJugamos con el rat\u00f3n? . Unidad 0 Unidad 1 Unidad 2 Unidad 3 Unidad 4 Unidad 5 Unidad 6 Unidad 7 &hellip; <\/p>\n<p><a class=\"more-link btn\" href=\"https:\/\/cpcorella.educacion.navarra.es\/blogs\/programaciones\/infantil4\/\">Continue reading<\/a><\/p>\n","protected":false},"author":1,"featured_media":0,"parent":15,"menu_order":0,"comment_status":"open","ping_status":"open","template":"","meta":[],"_links":{"self":[{"href":"https:\/\/cpcorella.educacion.navarra.es\/blogs\/wp-json\/wp\/v2\/pages\/30"}],"collection":[{"href":"https:\/\/cpcorella.educacion.navarra.es\/blogs\/wp-json\/wp\/v2\/pages"}],"about":[{"href":"https:\/\/cpcorella.educacion.navarra.es\/blogs\/wp-json\/wp\/v2\/types\/page"}],"author":[{"embeddable":true,"href":"https:\/\/cpcorella.educacion.navarra.es\/blogs\/wp-json\/wp\/v2\/users\/1"}],"replies":[{"embeddable":true,"href":"https:\/\/cpcorella.educacion.navarra.es\/blogs\/wp-json\/wp\/v2\/comments?post=30"}],"version-history":[{"count":5,"href":"https:\/\/cpcorella.educacion.navarra.es\/blogs\/wp-json\/wp\/v2\/pages\/30\/revisions"}],"predecessor-version":[{"id":1395,"href":"https:\/\/cpcorella.educacion.navarra.es\/blogs\/wp-json\/wp\/v2\/pages\/30\/revisions\/1395"}],"up":[{"embeddable":true,"href":"https:\/\/cpcorella.educacion.navarra.es\/blogs\/wp-json\/wp\/v2\/pages\/15"}],"wp:attachment":[{"href":"https:\/\/cpcorella.educacion.navarra.es\/blogs\/wp-json\/wp\/v2\/media?parent=30"}],"curies":[{"name":"wp","href":"https:\/\/api.w.org\/{rel}","templated":true}]}}