{"id":292,"date":"2012-11-21T12:23:10","date_gmt":"2012-11-21T11:23:10","guid":{"rendered":"http:\/\/cpcorella.educacion.navarra.es\/blogs\/?page_id=292"},"modified":"2020-11-19T10:17:47","modified_gmt":"2020-11-19T09:17:47","slug":"libreria","status":"publish","type":"page","link":"https:\/\/cpcorella.educacion.navarra.es\/blogs\/documentos\/libreria\/","title":{"rendered":"Librer\u00eda"},"content":{"rendered":"<p>En este apartado est\u00e1n los enlaces para poder descargar documentos de informaci\u00f3n interesantes.<\/p>\n<ul>\n<li>\n<h4><a href=\"http:\/\/www.navarra.es\/NR\/rdonlyres\/7CDFC772-5F82-4F5E-8879-C69C9B550676\/92040\/DesproteccionEscuela1.pdf\">La protecci\u00f3n infantil. El papel de la escuela.<\/a><\/h4>\n<\/li>\n<li><a href=\"http:\/\/www.educacion.navarra.es\/documents\/27590\/27720\/gu%C3%ADa+familias+internet+seguro\/4136f70f-88be-488c-949d-15c558649f80\">Manual del sentido com\u00fan en internet.<\/a><\/li>\n<\/ul>\n<p><a href=\"http:\/\/www.educacion.navarra.es\/documents\/27590\/27720\/gu%C3%ADa+familias+internet+seguro\/4136f70f-88be-488c-949d-15c558649f80\"><img loading=\"lazy\" class=\"  wp-image-2536 alignleft\" src=\"http:\/\/cpcorella.educacion.navarra.es\/blogs\/wp-content\/uploads\/2012\/11\/Captura-256x300.jpg\" alt=\"Captura\" width=\"110\" height=\"129\" srcset=\"https:\/\/cpcorella.educacion.navarra.es\/blogs\/wp-content\/uploads\/2012\/11\/Captura-256x300.jpg 256w, https:\/\/cpcorella.educacion.navarra.es\/blogs\/wp-content\/uploads\/2012\/11\/Captura.jpg 615w\" sizes=\"(max-width: 110px) 100vw, 110px\" \/><\/a><\/p>\n<ul>\n<li><address>\u00a0<a href=\"http:\/\/www.educacion.navarra.es\/documents\/27590\/548485\/GUIA+DROGAS.pdf\/1bc6ae59-414d-44ab-b393-04281ded8e17\"><b>\u201cQu\u00e9 hacer cuando constatamos consumo de drogas, algunas ideas para el profesorado\u201d<\/b><\/a><\/address><\/li>\n<\/ul>\n<p><a href=\"http:\/\/www.parlamentodenavarra.es\/comic\/templates\/liquid-green\/index.html\"><img loading=\"lazy\" class=\"alignnone\" src=\"http:\/\/www.parlamentodenavarra.es\/UserFiles\/image\/fondos\/comic.jpg\" alt=\"\" width=\"196\" height=\"235\" \/><\/a><\/p>\n\n\n\n\n<figure class=\"wp-block-image\"><a href=\"https:\/\/www.igualdadnavarra.es\/imagenes\/documentos\/-235-f-es.pdf?ts=20200828095707\"><img src=\"https:\/\/www.igualdadnavarra.es\/imagen_escala.php?x=180&amp;y=180&amp;imagen=imagenes\/documentos\/-235-es.JPG\" alt=\"Gu\u00eda b\u00e1sica sobre diversidad sexual y de g\u00e9nero\"\/><\/a><figcaption><a href=\"https:\/\/www.igualdadnavarra.es\/imagenes\/documentos\/-235-f-es.pdf?ts=20200828095707\" target=\"_blank\" rel=\"noreferrer noopener\">https:\/\/www.igualdadnavarra.es\/imagenes\/documentos\/-235-f-es.pdf?ts=20200828095707<\/a><\/figcaption><\/figure>\n","protected":false},"excerpt":{"rendered":"<p>En este apartado est\u00e1n los enlaces para poder descargar documentos de informaci\u00f3n interesantes. La protecci\u00f3n infantil. El papel de la escuela. Manual del sentido com\u00fan en internet. \u00a0\u201cQu\u00e9 hacer cuando constatamos consumo de drogas, algunas ideas para el profesorado\u201d<\/p>\n","protected":false},"author":6,"featured_media":0,"parent":13,"menu_order":0,"comment_status":"closed","ping_status":"closed","template":"","meta":[],"_links":{"self":[{"href":"https:\/\/cpcorella.educacion.navarra.es\/blogs\/wp-json\/wp\/v2\/pages\/292"}],"collection":[{"href":"https:\/\/cpcorella.educacion.navarra.es\/blogs\/wp-json\/wp\/v2\/pages"}],"about":[{"href":"https:\/\/cpcorella.educacion.navarra.es\/blogs\/wp-json\/wp\/v2\/types\/page"}],"author":[{"embeddable":true,"href":"https:\/\/cpcorella.educacion.navarra.es\/blogs\/wp-json\/wp\/v2\/users\/6"}],"replies":[{"embeddable":true,"href":"https:\/\/cpcorella.educacion.navarra.es\/blogs\/wp-json\/wp\/v2\/comments?post=292"}],"version-history":[{"count":8,"href":"https:\/\/cpcorella.educacion.navarra.es\/blogs\/wp-json\/wp\/v2\/pages\/292\/revisions"}],"predecessor-version":[{"id":5027,"href":"https:\/\/cpcorella.educacion.navarra.es\/blogs\/wp-json\/wp\/v2\/pages\/292\/revisions\/5027"}],"up":[{"embeddable":true,"href":"https:\/\/cpcorella.educacion.navarra.es\/blogs\/wp-json\/wp\/v2\/pages\/13"}],"wp:attachment":[{"href":"https:\/\/cpcorella.educacion.navarra.es\/blogs\/wp-json\/wp\/v2\/media?parent=292"}],"curies":[{"name":"wp","href":"https:\/\/api.w.org\/{rel}","templated":true}]}}