{"id":201,"date":"2012-10-15T17:40:25","date_gmt":"2012-10-15T15:40:25","guid":{"rendered":"http:\/\/cpcorella.educacion.navarra.es\/blogs\/?page_id=201"},"modified":"2023-12-15T12:11:33","modified_gmt":"2023-12-15T11:11:33","slug":"comedor","status":"publish","type":"page","link":"https:\/\/cpcorella.educacion.navarra.es\/blogs\/comedor\/","title":{"rendered":"Comedor"},"content":{"rendered":"\n\n\n<p><strong>COMEDOR ESCOLAR<\/strong><\/p>\n<p><strong>\u00a0<\/strong><\/p>\n<p>El colegio, en consonancia con su proyecto educativo, procura ayudar a las familias en la educaci\u00f3n de sus hijos e hijas tambi\u00e9n a trav\u00e9s del servicio de comedor y madrugadores. El tiempo de la comida es una ocasi\u00f3n excelente para poner en pr\u00e1ctica h\u00e1bitos que refuercen el equilibrio personal, la capacidad de relaci\u00f3n social, las \u00abbuenas maneras\u00bb y la higiene.<\/p>\n<p>El Comedor Escolar est\u00e1 ubicado en el edificio de Primaria y dispone de cocina propia donde se elaboran los men\u00fas d\u00eda a d\u00eda. Est\u00e1 gestionado por la Asociaci\u00f3n de Padres y Madres (APYMA) que contrata los servicios de una Empresa para la organizaci\u00f3n de men\u00fas, equipo de monitoras y cocina, cumpliendo con los requisitos y condiciones que marcan las normas y ordenanzas legales. Actualmente la empresa es GOURMET FOOD.<\/p>\n<p>Servicios que se ofrecen:<\/p>\n<p>MADRUGADORES<\/p>\n<p>COMEDOR<\/p>\n<p>Horario de atenci\u00f3n:<\/p>\n<p>\u00a0\u00a0\u00a0\u00a0\u00a0\u00a0\u00a0\u00a0\u00a0\u00a0\u00a0\u00a0\u00a0\u00a0\u00a0 Comedor: <strong>9:00 &#8211; 9:30h<\/strong><\/p>\n<p>\u00a0\u00a0\u00a0\u00a0\u00a0\u00a0\u00a0\u00a0\u00a0\u00a0\u00a0\u00a0\u00a0\u00a0\u00a0 Tel\u00e9fono: <strong>681 90 62 13<\/strong><\/p>\n<p>\u00a0<\/p>\n<p>MADRUGADORES<\/p>\n<p><strong>Coste curso actual: 45\u20ac\/mes<\/strong> y proporcional para los meses de septiembre y junio.<\/p>\n<p>Servicio matutino de 7:45 hasta la entrada del colegio, con desayuno incluido. Al finalizar, la monitora acompa\u00f1a a los usuarios de infantil a sus respectivas clases.<\/p>\n<p>\u00a0<\/p>\n<p>COMEDOR<\/p>\n<p>Servicio de comedor seguido de las clases lectivas. El horario de recogida es de 15:15 a 16h.<\/p>\n<p><strong>Coste curso actual: 110\u20ac\/mes<\/strong> de media (curso 223\/24), pero var\u00eda en funci\u00f3n de los d\u00edas que tiene el mes.<\/p>\n<p>Al alumnado de infantil la monitora les recoge en clase y los acompa\u00f1a al comedor. El mes de septiembre, debido al horario de adaptaci\u00f3n de 1\u00ba de infantil, s\u00f3lo se sirven comidas a aquellos alumnos que renuncien al per\u00edodo de adaptaci\u00f3n, hecho que se debe avisar a la encargada.<\/p>\n<p>El servicio de comida consta de un primero, un segundo y postre los cuales est\u00e1n elaborados en el d\u00eda en la cocina que hay en el mismo centro. El men\u00fa mensual se env\u00eda mediante whatsapp.<\/p>\n<p>El comedor es com\u00fan, pero cada curso se sienta por mesas que son atendidas por monitoras seg\u00fan las ratios establecidas en las ordenanzas.<\/p>\n<p>Tras el servicio de comedor los alumnos tienen tiempo libre para jugar o adelantar los deberes, hasta que les recogen los padres.<\/p>\n<p>\u00a0<\/p>\n<p>C\u00d3MO CONTRATAR EL SERVICIO<\/p>\n<p>Es requisito indispensable que el usuario sea socio de la Apyma.<\/p>\n<p>Si no lo es debe inscribirse y en el mismo formulario, apuntarse en el servicio que desee. <a href=\"https:\/\/forms.gle\/w9WmT3jergEe58CPA\">https:\/\/forms.gle\/w9WmT3jergEe58CPA<\/a><\/p>\n<p>Si ya es socio, debe contactar con la monitora encargada.<\/p>\n<p>\u00a0<\/p>\n<p>SERVICIO DIAS SUELTOS<\/p>\n<p>Madrugadores:\u00a0\u00a0\u00a0 4\u20ac<\/p>\n<p>Comedor:\u00a0\u00a0\u00a0\u00a0\u00a0\u00a0\u00a0\u00a0\u00a0\u00a0\u00a0\u00a0 10\u20ac<\/p>\n<p>Se puede contratar cualquiera de ambos servicios por d\u00edas sueltos si se necesita.<\/p>\n<p>Es requisito indispensable que el usuario sea socio de la Apyma.<\/p>\n<p>Hay que avisar un d\u00eda antes a la monitora y dejarlo pagado en el momento o en el d\u00eda del servicio mediante pago con tarjeta en el mismo comedor. Si el pago no est\u00e1 realizado, no se dar\u00e1 el servicio.<\/p>\n<p>\u00a0<\/p>\n","protected":false},"excerpt":{"rendered":"<p>COMEDOR ESCOLAR \u00a0 El colegio, en consonancia con su proyecto educativo, procura ayudar a las familias en la educaci\u00f3n de sus hijos e hijas tambi\u00e9n a trav\u00e9s del servicio de comedor y madrugadores. El tiempo de la comida es una ocasi\u00f3n excelente para poner en pr\u00e1ctica h\u00e1bitos que refuercen el equilibrio personal, la capacidad de &hellip; <\/p>\n<p><a class=\"more-link btn\" href=\"https:\/\/cpcorella.educacion.navarra.es\/blogs\/comedor\/\">Continue reading<\/a><\/p>\n","protected":false},"author":1,"featured_media":0,"parent":0,"menu_order":0,"comment_status":"closed","ping_status":"closed","template":"","meta":[],"_links":{"self":[{"href":"https:\/\/cpcorella.educacion.navarra.es\/blogs\/wp-json\/wp\/v2\/pages\/201"}],"collection":[{"href":"https:\/\/cpcorella.educacion.navarra.es\/blogs\/wp-json\/wp\/v2\/pages"}],"about":[{"href":"https:\/\/cpcorella.educacion.navarra.es\/blogs\/wp-json\/wp\/v2\/types\/page"}],"author":[{"embeddable":true,"href":"https:\/\/cpcorella.educacion.navarra.es\/blogs\/wp-json\/wp\/v2\/users\/1"}],"replies":[{"embeddable":true,"href":"https:\/\/cpcorella.educacion.navarra.es\/blogs\/wp-json\/wp\/v2\/comments?post=201"}],"version-history":[{"count":4,"href":"https:\/\/cpcorella.educacion.navarra.es\/blogs\/wp-json\/wp\/v2\/pages\/201\/revisions"}],"predecessor-version":[{"id":5659,"href":"https:\/\/cpcorella.educacion.navarra.es\/blogs\/wp-json\/wp\/v2\/pages\/201\/revisions\/5659"}],"wp:attachment":[{"href":"https:\/\/cpcorella.educacion.navarra.es\/blogs\/wp-json\/wp\/v2\/media?parent=201"}],"curies":[{"name":"wp","href":"https:\/\/api.w.org\/{rel}","templated":true}]}}