{"id":143,"date":"2012-10-09T10:30:45","date_gmt":"2012-10-09T08:30:45","guid":{"rendered":"http:\/\/cpcorella.educacion.navarra.es\/blogs\/?page_id=143"},"modified":"2025-10-10T10:27:51","modified_gmt":"2025-10-10T08:27:51","slug":"claustro","status":"publish","type":"page","link":"https:\/\/cpcorella.educacion.navarra.es\/blogs\/colegio\/claustro\/","title":{"rendered":"Claustro"},"content":{"rendered":"\n<p><strong>\u00d3RGANOS DE GOBIERNO Y DE COORDINACI\u00d3N DOCENTE: CLAUSTRO DE PROFESORADO.<\/strong><\/p>\n<p><strong>\u00a0<\/strong><\/p>\n<p>El claustro de profesores \u00f3rgano propio de participaci\u00f3n de \u00e9stos en el Centro, estar\u00e1 integrado por la totalidad del profesorado que presta servicios en el mismo. El Claustro lo presidir\u00e1 el Director del Centro.<\/p>\n<table width=\"578\">\n<tbody>\n<tr>\n<td width=\"182\">\n<p>DIRECTOR<\/p>\n<\/td>\n<td width=\"397\">\n<p>Rodr\u00edguez Hern\u00e1ndez, Jes\u00fas<\/p>\n<\/td>\n<\/tr>\n<\/tbody>\n<\/table>\n<p>\u00a0<\/p>\n<p><strong>EDUCACI\u00d3N INFANTIL<\/strong><\/p>\n<table width=\"293\">\n<tbody>\n<tr>\n<td width=\"75\">\n<p><strong>I3A<\/strong><\/p>\n<\/td>\n<td width=\"219\">\n<p>Martinez Martin, Maialen<\/p>\n<\/td>\n<\/tr>\n<tr>\n<td width=\"75\">\n<p><strong>I3B<\/strong><\/p>\n<\/td>\n<td width=\"219\">\n<p>Aguirre Mendizabal, Sara<\/p>\n<\/td>\n<\/tr>\n<tr>\n<td width=\"75\">\n<p><strong>I3C<\/strong><\/p>\n<\/td>\n<td width=\"219\">\n<p>Garc\u00eda Sola, Yolanda<\/p>\n<\/td>\n<\/tr>\n<tr>\n<td width=\"75\">\n<p><strong>I3D<\/strong><\/p>\n<\/td>\n<td width=\"219\">\n<p>Jim\u00e9nez Isla, Raquel<\/p>\n<\/td>\n<\/tr>\n<tr>\n<td width=\"75\">\n<p><strong>I3E<\/strong><\/p>\n<\/td>\n<td width=\"219\">\n<p>Urgelles Asensio, Sandra<\/p>\n<\/td>\n<\/tr>\n<tr>\n<td width=\"75\">\n<p><strong>I4A<\/strong><\/p>\n<\/td>\n<td width=\"219\">\n<p>Rodr\u00edguez Pino, Kyara<\/p>\n<\/td>\n<\/tr>\n<tr>\n<td width=\"75\">\n<p><strong>I4B<\/strong><\/p>\n<\/td>\n<td width=\"219\">\n<p>Arroyo Mart\u00edn, Mar\u00eda Rosario<\/p>\n<\/td>\n<\/tr>\n<tr>\n<td width=\"75\">\n<p><strong>I4C<\/strong><\/p>\n<\/td>\n<td width=\"219\">\n<p>Ornad Beltran, Sonia<\/p>\n<\/td>\n<\/tr>\n<tr>\n<td width=\"75\">\n<p><strong>I4D<\/strong><\/p>\n<\/td>\n<td width=\"219\">\n<p>Lafuente del Rio, Olga<\/p>\n<\/td>\n<\/tr>\n<tr>\n<td width=\"75\">\n<p><strong>I4E<\/strong><\/p>\n<\/td>\n<td width=\"219\">\n<p>Aicua Manzanares, Elena<\/p>\n<\/td>\n<\/tr>\n<tr>\n<td width=\"75\">\n<p><strong>I5A<\/strong><\/p>\n<\/td>\n<td width=\"219\">\n<p>Salcedo Martinez, Laura<\/p>\n<\/td>\n<\/tr>\n<tr>\n<td width=\"75\">\n<p><strong>I5B<\/strong><\/p>\n<\/td>\n<td width=\"219\">\n<p>Ballent Castillejo, Ana<\/p>\n<\/td>\n<\/tr>\n<tr>\n<td width=\"75\">\n<p><strong>I5C<\/strong><\/p>\n<\/td>\n<td width=\"219\">\n<p>Jim\u00e9nez Urmeneta, Gloria<\/p>\n<\/td>\n<\/tr>\n<tr>\n<td width=\"75\">\n<p><strong>I5D<\/strong><\/p>\n<\/td>\n<td width=\"219\">\n<p>Moreno Vidorreta, Cristina<\/p>\n<\/td>\n<\/tr>\n<tr>\n<td width=\"75\">\n<p><strong>I5E<\/strong><\/p>\n<\/td>\n<td width=\"219\">\n<table width=\"221\">\n<tbody>\n<tr>\n<td width=\"221\">\n<p>Garraza Morentin, Irene<\/p>\n<\/td>\n<\/tr>\n<tr>\n<td width=\"221\">\n<p>Iriberri Arrastia, Estibaliz<\/p>\n<\/td>\n<\/tr>\n<\/tbody>\n<\/table>\n<\/td>\n<\/tr>\n<tr>\n<td width=\"75\">\n<p><strong>I5F<\/strong><\/p>\n<\/td>\n<td width=\"219\">\n<p>Iriberri Arrastia, Estibaliz<\/p>\n<p>\u00a0<\/p>\n<\/td>\n<\/tr>\n<\/tbody>\n<\/table>\n<p>\u00a0<\/p>\n<p><strong>EDUCACI\u00d3N PRIMARIA<\/strong><\/p>\n<p><strong>PRIMERO<\/strong><\/p>\n<table width=\"302\">\n<tbody>\n<tr>\n<td width=\"76\">\n<p><strong>1A<\/strong><\/p>\n<\/td>\n<td width=\"227\">\n<p>Del Viejo Garde, Laura<\/p>\n<\/td>\n<\/tr>\n<tr>\n<td width=\"76\">\n<p><strong>1B<\/strong><\/p>\n<\/td>\n<td width=\"227\">\n<p>Heredero Alvarez, Alicia<\/p>\n<\/td>\n<\/tr>\n<tr>\n<td width=\"76\">\n<p><strong>1C<\/strong><\/p>\n<\/td>\n<td width=\"227\">\n<p>Mart\u00edn Armenteros, Luc\u00eda<\/p>\n<\/td>\n<\/tr>\n<tr>\n<td width=\"76\">\n<p><strong>1D<\/strong><\/p>\n<\/td>\n<td width=\"227\">\n<p>Fraile Sesma, Estrella<\/p>\n<\/td>\n<\/tr>\n<tr>\n<td width=\"76\">\n<p><strong>1E<\/strong><\/p>\n<\/td>\n<td width=\"227\">\n<p>Valenzuela Fernandez, Mar\u00eda Carmen<\/p>\n<\/td>\n<\/tr>\n<\/tbody>\n<\/table>\n<p><strong>\u00a0<\/strong><\/p>\n<p><strong>SEGUNDO<\/strong><\/p>\n<table width=\"298\">\n<tbody>\n<tr>\n<td width=\"75\">\n<p><strong>2A<\/strong><\/p>\n<\/td>\n<td width=\"223\">\n<p>Fraile Sesma, Patricia<\/p>\n<\/td>\n<\/tr>\n<tr>\n<td width=\"75\">\n<p><strong>2B<\/strong><\/p>\n<\/td>\n<td width=\"223\">\n<p>Aguirre Mart\u00ednez, Ana Luisa<\/p>\n<\/td>\n<\/tr>\n<tr>\n<td width=\"75\">\n<p><strong>2C<\/strong><\/p>\n<\/td>\n<td width=\"223\">\n<p>Echavarren Hualde, Berta<\/p>\n<\/td>\n<\/tr>\n<tr>\n<td width=\"75\">\n<p><strong>2D<\/strong><\/p>\n<\/td>\n<td width=\"223\">\n<p>Mart\u00ednez-Losa Valer, Yohana<\/p>\n<\/td>\n<\/tr>\n<tr>\n<td width=\"75\">\n<p><strong>2E<\/strong><\/p>\n<\/td>\n<td width=\"223\">\n<p>Gil de G\u00f3mez Arp\u00f3n, Sandra<\/p>\n<\/td>\n<\/tr>\n<\/tbody>\n<\/table>\n<p><strong>\u00a0<\/strong><\/p>\n<p><strong>TERCERO<\/strong><\/p>\n<table width=\"305\">\n<tbody>\n<tr>\n<td width=\"75\">\n<p><strong>3A<\/strong><\/p>\n<\/td>\n<td width=\"230\">\n<p>Gonzalez Perez, Francisco Javier<\/p>\n<\/td>\n<\/tr>\n<tr>\n<td width=\"75\">\n<p><strong>3B<\/strong><\/p>\n<\/td>\n<td width=\"230\">\n<p>Rodr\u00edguez Tres, M\u00edriam<\/p>\n<\/td>\n<\/tr>\n<tr>\n<td width=\"75\">\n<p><strong>3C<\/strong><\/p>\n<\/td>\n<td width=\"230\">\n<p>Requena Zaratiegui, Consuelo<\/p>\n<\/td>\n<\/tr>\n<tr>\n<td width=\"75\">\n<p><strong>3D<\/strong><\/p>\n<\/td>\n<td width=\"230\">\n<p>Colmenero Nicuesa, V\u00edctor<\/p>\n<\/td>\n<\/tr>\n<tr>\n<td width=\"75\">\n<p><strong>3E<\/strong><\/p>\n<\/td>\n<td width=\"230\">\n<p>Serrano Martin, Mar\u00eda Remedios<\/p>\n<\/td>\n<\/tr>\n<\/tbody>\n<\/table>\n<p>\u00a0<\/p>\n<p>\u00a0<\/p>\n<p><strong>CUARTO<\/strong><\/p>\n<p>\u00a0<\/p>\n<table width=\"311\">\n<tbody>\n<tr>\n<td width=\"75\">\n<p><strong>4A<\/strong><\/p>\n<\/td>\n<td width=\"236\">\n<p>Arellano L\u00f3pez, Cristina<\/p>\n<\/td>\n<\/tr>\n<tr>\n<td width=\"75\">\n<p><strong>4B<\/strong><\/p>\n<\/td>\n<td width=\"236\">\n<p>Villarroya Gonzalez, David<\/p>\n<\/td>\n<\/tr>\n<tr>\n<td width=\"75\">\n<p><strong>4C<\/strong><\/p>\n<\/td>\n<td width=\"236\">\n<p>Tomas Dominguez, Mar\u00eda Josefa<\/p>\n<\/td>\n<\/tr>\n<tr>\n<td width=\"75\">\n<p><strong>4D<\/strong><\/p>\n<\/td>\n<td width=\"236\">\n<p>L\u00e1zaro Monreal, Santiago<\/p>\n<\/td>\n<\/tr>\n<tr>\n<td width=\"75\">\n<p><strong>4E<\/strong><\/p>\n<\/td>\n<td width=\"236\">\n<p>Qui\u00f1ones Casares, Milagrosa<\/p>\n<\/td>\n<\/tr>\n<\/tbody>\n<\/table>\n<p>\u00a0<\/p>\n<p><strong>QUINTO<\/strong><\/p>\n<table width=\"331\">\n<tbody>\n<tr>\n<td width=\"80\">\n<p><strong>5A<\/strong><\/p>\n<\/td>\n<td width=\"251\">\n<p>Sanz Fern\u00e1ndez, Andres Joseph<\/p>\n<\/td>\n<\/tr>\n<tr>\n<td width=\"80\">\n<p><strong>5B<\/strong><\/p>\n<\/td>\n<td width=\"251\">\n<p>Conde Rivas, Jose Manuel<\/p>\n<\/td>\n<\/tr>\n<tr>\n<td width=\"80\">\n<p><strong>5C<\/strong><\/p>\n<\/td>\n<td width=\"251\">\n<p>Ba\u00f1os Bermejo, Silvia<\/p>\n<\/td>\n<\/tr>\n<tr>\n<td width=\"80\">\n<p><strong>5D<\/strong><\/p>\n<\/td>\n<td width=\"251\">\n<p>Poyales Fernandez, Jesus<\/p>\n<\/td>\n<\/tr>\n<\/tbody>\n<\/table>\n<p><strong>SEXTO<\/strong><\/p>\n<table width=\"330\">\n<tbody>\n<tr>\n<td width=\"75\">\n<p><strong>6A<\/strong><\/p>\n<\/td>\n<td width=\"255\">\n<p>Garijo Cruz, F\u00e9lix \u00c1ngel<\/p>\n<\/td>\n<\/tr>\n<tr>\n<td width=\"75\">\n<p><strong>6B<\/strong><\/p>\n<\/td>\n<td width=\"255\">\n<p>Jim\u00e9nez Vicente, Adri\u00e1n<\/p>\n<\/td>\n<\/tr>\n<tr>\n<td width=\"75\">\n<p><strong>6C<\/strong><\/p>\n<\/td>\n<td width=\"255\">\n<p>Garcia Delgado, Andrea<\/p>\n<\/td>\n<\/tr>\n<tr>\n<td width=\"75\">\n<p><strong>6D<\/strong><\/p>\n<\/td>\n<td width=\"255\">\n<p>Sesma Romano, Elisa<\/p>\n<\/td>\n<\/tr>\n<tr>\n<td width=\"75\">\n<p><strong>6E<\/strong><\/p>\n<\/td>\n<td width=\"255\">\n<p>Del Rio Llorente, Ana Rosa<\/p>\n<\/td>\n<\/tr>\n<\/tbody>\n<\/table>\n<p><strong>\u00a0<\/strong><\/p>\n<p><strong>ESPECIALISTAS DE INGL\u00c9S<\/strong><\/p>\n<table width=\"331\">\n<tbody>\n<tr>\n<td width=\"60\">\n<p><strong>IN1<\/strong><\/p>\n<\/td>\n<td width=\"271\">\n<p>Hern\u00e1ndez Ci\u00e1urriz, M\u00f3nica<\/p>\n<\/td>\n<\/tr>\n<tr>\n<td width=\"60\">\n<p><strong>IN2<\/strong><\/p>\n<\/td>\n<td width=\"271\">\n<p>Martinez Diez, Mar\u00eda Cruz<\/p>\n<\/td>\n<\/tr>\n<tr>\n<td width=\"60\">\n<p><strong>IN3<\/strong><\/p>\n<\/td>\n<td width=\"271\">\n<p>Malo Mi\u00f1arro, Estela Maris<\/p>\n<\/td>\n<\/tr>\n<tr>\n<td width=\"60\">\n<p><strong>IN4<\/strong><\/p>\n<\/td>\n<td width=\"271\">\n<p>Benito Ramos, Alba<\/p>\n<\/td>\n<\/tr>\n<tr>\n<td width=\"60\">\n<p><strong>IN5<\/strong><\/p>\n<\/td>\n<td width=\"271\">\n<p>S\u00e1nchez Garc\u00eda, Nekane<\/p>\n<\/td>\n<\/tr>\n<tr>\n<td width=\"60\">\n<p><strong>IN6<\/strong><\/p>\n<\/td>\n<td width=\"271\">\n<p>Garc\u00eda P\u00e9rez de Arrilucea, M\u00f3nica<\/p>\n<\/td>\n<\/tr>\n<tr>\n<td width=\"60\">\n<p><strong>IN7<\/strong><\/p>\n<\/td>\n<td width=\"271\">\n<p>Martiartu Cervantes, Alba<\/p>\n<\/td>\n<\/tr>\n<tr>\n<td width=\"60\">\n<p><strong>IN8<\/strong><\/p>\n<\/td>\n<td width=\"271\">\n<p>Gil Vallejo, Patricia<\/p>\n<\/td>\n<\/tr>\n<tr>\n<td width=\"60\">\n<p><strong>IN9<\/strong><\/p>\n<\/td>\n<td width=\"271\">\n<p>Murillo Eraso, Andrea<\/p>\n<\/td>\n<\/tr>\n<tr>\n<td width=\"60\">\n<p><strong>IN10<\/strong><\/p>\n<\/td>\n<td width=\"271\">\n<p>Castells Vila, Nuria<\/p>\n<\/td>\n<\/tr>\n<tr>\n<td width=\"60\">\n<p><strong>IN11<\/strong><\/p>\n<\/td>\n<td width=\"271\">\n<p>Lizari Bordeje, Amaya<\/p>\n<\/td>\n<\/tr>\n<tr>\n<td width=\"60\">\n<p><strong>IN12<\/strong><\/p>\n<\/td>\n<td width=\"271\">\n<p>Burgui Arrondo, Laura<\/p>\n<\/td>\n<\/tr>\n<tr>\n<td width=\"60\">\n<p><strong>IN13<\/strong><\/p>\n<\/td>\n<td width=\"271\">\n<p>Igea Mart\u00ednez, Borja<\/p>\n<\/td>\n<\/tr>\n<tr>\n<td width=\"60\">\n<p><strong>IN14<\/strong><\/p>\n<\/td>\n<td width=\"271\">\n<p>Duque Arroyave, Paula Lorena<\/p>\n<\/td>\n<\/tr>\n<tr>\n<td width=\"60\">\n<p><strong>IN15<\/strong><\/p>\n<\/td>\n<td width=\"271\">\n<p>Cilveti Soba, Ander<\/p>\n<\/td>\n<\/tr>\n<\/tbody>\n<\/table>\n<p><strong>\u00a0<\/strong><\/p>\n<p><strong>ESPECIALISTAS DE EDUCACI\u00d3N F\u00cdSICA<\/strong><\/p>\n<table width=\"331\">\n<tbody>\n<tr>\n<td width=\"132\">\n<p><strong>EDUC. F\u00cdSICA 1<\/strong><\/p>\n<\/td>\n<td width=\"198\">\n<p>L\u00f3pez Rubio, Jos\u00e9<\/p>\n<\/td>\n<\/tr>\n<tr>\n<td width=\"132\">\n<p><strong>EDUC. F\u00cdSICA 2<\/strong><\/p>\n<\/td>\n<td width=\"198\">\n<p>Gibert Garc\u00eda, Enrique<\/p>\n<\/td>\n<\/tr>\n<tr>\n<td width=\"132\">\n<p><strong>EDUC. F\u00cdSICA 3<\/strong><\/p>\n<\/td>\n<td width=\"198\">\n<p>Garrido Becana, Fernando<\/p>\n<\/td>\n<\/tr>\n<\/tbody>\n<\/table>\n<p><strong>\u00a0<\/strong><\/p>\n<p><strong>ESPECIALISTA DE M\u00daSICA<\/strong><\/p>\n<table width=\"337\">\n<tbody>\n<tr>\n<td width=\"135\">\n<p><strong>Educaci\u00f3n Musical<\/strong><\/p>\n<\/td>\n<td width=\"202\">\n<p>Gurrea Garcia, Juan Luis<\/p>\n<\/td>\n<\/tr>\n<tr>\n<td width=\"135\">\n<p><strong>Educaci\u00f3n Musical 2<\/strong><\/p>\n<\/td>\n<td width=\"202\">\n<p>Perez Basarte, Cristina<\/p>\n<\/td>\n<\/tr>\n<\/tbody>\n<\/table>\n<p><strong>\u00a0<\/strong><\/p>\n<p><strong>ESPECIALISTAS DE RELIGI\u00d3N<\/strong><\/p>\n<table width=\"331\">\n<tbody>\n<tr>\n<td width=\"132\">\n<p><strong>RELIGI\u00d3N 1<\/strong><\/p>\n<\/td>\n<td width=\"198\">\n<p>Liroz Mart\u00ednez, Lourdes,<\/p>\n<\/td>\n<\/tr>\n<tr>\n<td width=\"132\">\n<p><strong>RELIGI\u00d3N 2<\/strong><\/p>\n<\/td>\n<td width=\"198\">\n<p>Gurbindo Jimenez, Pello Mirena<\/p>\n<\/td>\n<\/tr>\n<\/tbody>\n<\/table>\n<p><strong>\u00a0<\/strong><\/p>\n<p><strong>ESPECIALISTA DE EUSKERA<\/strong><\/p>\n<table width=\"350\">\n<tbody>\n<tr>\n<td width=\"151\">\n<p><strong>Euskera 1<\/strong><\/p>\n<\/td>\n<td width=\"198\">\n<p>Txikirrin Presa, Ane<\/p>\n<\/td>\n<\/tr>\n<tr>\n<td width=\"151\">\n<p><strong>Euskera 2<\/strong><\/p>\n<\/td>\n<td width=\"198\">\n<p>Urquiola Torres, Loinaz<\/p>\n<\/td>\n<\/tr>\n<\/tbody>\n<\/table>\n<p><strong>\u00a0<\/strong><\/p>\n<p><strong>APOYO A DIRECCI\u00d3N<\/strong><\/p>\n<table width=\"366\">\n<tbody>\n<tr>\n<td width=\"151\">\n<p><strong>Apoyo Direcci\u00f3n 1<\/strong><\/p>\n<\/td>\n<td width=\"215\">\n<p>Anton Serrano, Nerea<\/p>\n<\/td>\n<\/tr>\n<tr>\n<td width=\"151\">\n<p><strong>Apoyo Direcci\u00f3n 2<\/strong><\/p>\n<\/td>\n<td width=\"215\">\n<p>Duque Arroyave, Paula Lorena<\/p>\n<\/td>\n<\/tr>\n<tr>\n<td width=\"151\">\n<p><strong>Apoyo Infantil<\/strong><\/p>\n<\/td>\n<td width=\"215\">\n<p>Rada P\u00e9rez, Mercedes Mar\u00eda<\/p>\n<\/td>\n<\/tr>\n<\/tbody>\n<\/table>\n<p>\u00a0<\/p>\n<p><strong>ESPECIALISTAS DE PEDAGOG\u00cdA TERAP\u00c9UTICA<\/strong><\/p>\n<table width=\"368\">\n<tbody>\n<tr>\n<td width=\"153\">\n<p><strong>P. Terap\u00e9utica\u00a01<\/strong><\/p>\n<\/td>\n<td width=\"215\">\n<p>Garcia de Blas Blanco, Mar\u00eda Celia<\/p>\n<\/td>\n<\/tr>\n<tr>\n<td width=\"153\">\n<p><strong>P. Terap\u00e9utica 2<\/strong><\/p>\n<\/td>\n<td width=\"215\">\n<p>Hermoso Mac\u00edas, Manuela<\/p>\n<\/td>\n<\/tr>\n<tr>\n<td width=\"153\">\n<p><strong>P. Terap\u00e9utica 3<\/strong><\/p>\n<\/td>\n<td width=\"215\">\n<p>Gonz\u00e1lez Socias, Mar\u00eda del Carmen<\/p>\n<\/td>\n<\/tr>\n<tr>\n<td width=\"153\">\n<p><strong>P. Terap\u00e9utica 4<\/strong><\/p>\n<\/td>\n<td width=\"215\">\n<p>Biurrun Os\u00e9s, Nerea<\/p>\n<\/td>\n<\/tr>\n<tr>\n<td width=\"153\">\n<p><strong>P. Terap\u00e9utica 5<\/strong><\/p>\n<\/td>\n<td width=\"215\">\n<p>Perera Armas, Miriam Noemi<\/p>\n<\/td>\n<\/tr>\n<\/tbody>\n<\/table>\n<p><strong>\u00a0<\/strong><\/p>\n<p><strong>AUDICI\u00d3N Y LENGUAJE<\/strong><\/p>\n<table width=\"350\">\n<tbody>\n<tr>\n<td width=\"151\">\n<p><strong>AL 1<\/strong><\/p>\n<\/td>\n<td width=\"198\">\n<p>Chivite Gil, Sara<\/p>\n<\/td>\n<\/tr>\n<tr>\n<td width=\"151\">\n<p><strong>AL 2<\/strong><\/p>\n<\/td>\n<td width=\"198\">\n<p>D\u00edez Latorre, Miren<\/p>\n<\/td>\n<\/tr>\n<tr>\n<td width=\"151\">\n<p><strong>AL 3<\/strong><\/p>\n<\/td>\n<td width=\"198\">\n<p>Oc\u00f3n Arellano, Leire<\/p>\n<\/td>\n<\/tr>\n<\/tbody>\n<\/table>\n<p>\u00a0<\/p>\n<p><strong>PROFESORES DE PAEP<\/strong><\/p>\n<table width=\"404\">\n<tbody>\n<tr>\n<td width=\"151\">\n<p><strong>PAEP 1<\/strong><\/p>\n<\/td>\n<td width=\"253\">\n<p>Lopez Lecumberri, Ainara<\/p>\n<\/td>\n<\/tr>\n<tr>\n<td width=\"151\">\n<p><strong>PAEP 2<\/strong><\/p>\n<\/td>\n<td width=\"253\">\n<p>G\u00f3mez Calvo, Sonia<\/p>\n<\/td>\n<\/tr>\n<tr>\n<td width=\"151\">\n<p><strong>PAEP 3<\/strong><\/p>\n<\/td>\n<td width=\"253\">\n<p>Chivite Azagra, Leyre<\/p>\n<\/td>\n<\/tr>\n<tr>\n<td width=\"151\">\n<p><strong>PAEP<\/strong><\/p>\n<\/td>\n<td width=\"253\">\n<p>Irigoyen Aristorena, Mar\u00eda Aranzazu<\/p>\n<\/td>\n<\/tr>\n<\/tbody>\n<\/table>\n<p>\u00a0<\/p>\n<p><strong>ORIENTADORAS<\/strong><\/p>\n<table width=\"350\">\n<tbody>\n<tr>\n<td width=\"151\">\n<p><strong>Orientador<\/strong><\/p>\n<\/td>\n<td width=\"198\">\n<p>Robles L\u00f3pez, Pablo<\/p>\n<\/td>\n<\/tr>\n<tr>\n<td width=\"151\">\n<p><strong>Orientadora<\/strong><\/p>\n<\/td>\n<td width=\"198\">\n<p>Palacios Cueva, Cristina<\/p>\n<\/td>\n<\/tr>\n<tr>\n<td width=\"151\">\n<p><strong>Orientadora<\/strong><\/p>\n<\/td>\n<td width=\"198\">\n<p>Burgos Martin, Marta<\/p>\n<\/td>\n<\/tr>\n<tr>\n<td width=\"151\">\n<p><strong>Orientadora<\/strong><\/p>\n<\/td>\n<td width=\"198\">\n<p>Pinto Herranz, Esther<\/p>\n<\/td>\n<\/tr>\n<\/tbody>\n<\/table>\n<p><strong>COMPETENCIAS<\/strong><\/p>\n<p><strong><em>Art\u00edculo129. <\/em><\/strong><em>Competencias.<\/em><\/p>\n<p>\u00a0<\/p>\n<p>El Claustro de profesores tendr\u00e1 las siguientes competencias:<\/p>\n<ol>\n<li>a) Formular al equipo directivo y al Consejo Escolar propuestas para la elaboraci\u00f3n de los proyectos del centro y de la programaci\u00f3n general anual.<\/li>\n<li>b) Aprobar y evaluar la concreci\u00f3n del curr\u00edculo y todos los aspectos educativos de los proyectos y de la programaci\u00f3n general anual.<\/li>\n<li>c) Fijar los criterios referentes a la orientaci\u00f3n, tutor\u00eda, evaluaci\u00f3n y recuperaci\u00f3n de los alumnos.<\/li>\n<li>d) Promover iniciativas en el \u00e1mbito de la experimentaci\u00f3n y de la investigaci\u00f3n pedag\u00f3gica y en la formaci\u00f3n del profesorado del centro.<\/li>\n<li>e) Elegir sus representantes en el Consejo Escolar del centro y participar en la selecci\u00f3n del director en los t\u00e9rminos establecidos por la presente Ley.<\/li>\n<li>f) Conocer las candidaturas a la direcci\u00f3n y los proyectos de direcci\u00f3n presentados por los candidatos.<\/li>\n<li>g) Analizar y valorar el funcionamiento general del centro, la evoluci\u00f3n del rendimiento escolar y los resultados de las evaluaciones internas y externas en las que participe el centro.<\/li>\n<li>h) Informar las normas de organizaci\u00f3n y funcionamiento del centro.<\/li>\n<li>i) Conocer la resoluci\u00f3n de conflictos disciplinarios y la imposici\u00f3n de sanciones y velar por que \u00e9stas se atengan a la normativa vigente.<\/li>\n<li>j) Proponer medidas e iniciativas que favorezcan la convivencia en el centro.<\/li>\n<li>k) Cualesquiera otras que le sean atribuidas por la Administraci\u00f3n educativa o por las respectivas normas de organizaci\u00f3n y funcionamiento.<\/li>\n<\/ol>\n<p><strong>\u00a0<\/strong><\/p>\n<p><strong>Reuniones: <\/strong><\/p>\n<p>El Claustro se reunir\u00e1 una vez al trimestre y siempre que lo convoque el Director o lo solicite un tercio, al menos, de sus miembros. En todo caso ser\u00e1 preceptiva una sesi\u00f3n del Claustro al principio del curso y otra al final del mismo.<\/p>\n<p>La asistencia al Claustro ser\u00e1 obligatoria para todos los componentes del mismo.<\/p>\n","protected":false},"excerpt":{"rendered":"<p>\u00d3RGANOS DE GOBIERNO Y DE COORDINACI\u00d3N DOCENTE: CLAUSTRO DE PROFESORADO. \u00a0 El claustro de profesores \u00f3rgano propio de participaci\u00f3n de \u00e9stos en el Centro, estar\u00e1 integrado por la totalidad del profesorado que presta servicios en el mismo. El Claustro lo presidir\u00e1 el Director del Centro. DIRECTOR Rodr\u00edguez Hern\u00e1ndez, Jes\u00fas \u00a0 EDUCACI\u00d3N INFANTIL I3A Martinez Martin, &hellip; <\/p>\n<p><a class=\"more-link btn\" href=\"https:\/\/cpcorella.educacion.navarra.es\/blogs\/colegio\/claustro\/\">Continue reading<\/a><\/p>\n","protected":false},"author":1,"featured_media":0,"parent":138,"menu_order":0,"comment_status":"closed","ping_status":"closed","template":"","meta":[],"_links":{"self":[{"href":"https:\/\/cpcorella.educacion.navarra.es\/blogs\/wp-json\/wp\/v2\/pages\/143"}],"collection":[{"href":"https:\/\/cpcorella.educacion.navarra.es\/blogs\/wp-json\/wp\/v2\/pages"}],"about":[{"href":"https:\/\/cpcorella.educacion.navarra.es\/blogs\/wp-json\/wp\/v2\/types\/page"}],"author":[{"embeddable":true,"href":"https:\/\/cpcorella.educacion.navarra.es\/blogs\/wp-json\/wp\/v2\/users\/1"}],"replies":[{"embeddable":true,"href":"https:\/\/cpcorella.educacion.navarra.es\/blogs\/wp-json\/wp\/v2\/comments?post=143"}],"version-history":[{"count":34,"href":"https:\/\/cpcorella.educacion.navarra.es\/blogs\/wp-json\/wp\/v2\/pages\/143\/revisions"}],"predecessor-version":[{"id":6191,"href":"https:\/\/cpcorella.educacion.navarra.es\/blogs\/wp-json\/wp\/v2\/pages\/143\/revisions\/6191"}],"up":[{"embeddable":true,"href":"https:\/\/cpcorella.educacion.navarra.es\/blogs\/wp-json\/wp\/v2\/pages\/138"}],"wp:attachment":[{"href":"https:\/\/cpcorella.educacion.navarra.es\/blogs\/wp-json\/wp\/v2\/media?parent=143"}],"curies":[{"name":"wp","href":"https:\/\/api.w.org\/{rel}","templated":true}]}}