{"id":2,"date":"2020-09-20T19:28:29","date_gmt":"2020-09-20T19:28:29","guid":{"rendered":"https:\/\/cpcorella.educacion.navarra.es\/blogs\/quinto\/?page_id=2"},"modified":"2020-09-20T20:44:25","modified_gmt":"2020-09-20T20:44:25","slug":"pagina-ejemplo","status":"publish","type":"page","link":"https:\/\/cpcorella.educacion.navarra.es\/blogs\/quinto\/","title":{"rendered":"BIENVENIDOS\/AS AL BLOG DE 5\u00ba"},"content":{"rendered":"\n<p>Esperamos que este blog os sirva de apoyo al aula virtual. Aqu\u00ed iremos subiendo los v\u00eddeos sobre los contenidos que consideremos m\u00e1s importantes de cada tema y que os sirvan para afianzarlos.<\/p>\n","protected":false},"excerpt":{"rendered":"<p>Esperamos que este blog os sirva de apoyo al aula virtual. Aqu\u00ed iremos subiendo los v\u00eddeos sobre los contenidos que consideremos m\u00e1s importantes de cada tema y que os sirvan para afianzarlos.<\/p>\n","protected":false},"author":29,"featured_media":0,"parent":0,"menu_order":0,"comment_status":"closed","ping_status":"open","template":"","meta":[],"_links":{"self":[{"href":"https:\/\/cpcorella.educacion.navarra.es\/blogs\/quinto\/wp-json\/wp\/v2\/pages\/2"}],"collection":[{"href":"https:\/\/cpcorella.educacion.navarra.es\/blogs\/quinto\/wp-json\/wp\/v2\/pages"}],"about":[{"href":"https:\/\/cpcorella.educacion.navarra.es\/blogs\/quinto\/wp-json\/wp\/v2\/types\/page"}],"author":[{"embeddable":true,"href":"https:\/\/cpcorella.educacion.navarra.es\/blogs\/quinto\/wp-json\/wp\/v2\/users\/29"}],"replies":[{"embeddable":true,"href":"https:\/\/cpcorella.educacion.navarra.es\/blogs\/quinto\/wp-json\/wp\/v2\/comments?post=2"}],"version-history":[{"count":1,"href":"https:\/\/cpcorella.educacion.navarra.es\/blogs\/quinto\/wp-json\/wp\/v2\/pages\/2\/revisions"}],"predecessor-version":[{"id":55,"href":"https:\/\/cpcorella.educacion.navarra.es\/blogs\/quinto\/wp-json\/wp\/v2\/pages\/2\/revisions\/55"}],"wp:attachment":[{"href":"https:\/\/cpcorella.educacion.navarra.es\/blogs\/quinto\/wp-json\/wp\/v2\/media?parent=2"}],"curies":[{"name":"wp","href":"https:\/\/api.w.org\/{rel}","templated":true}]}}