{"id":476,"date":"2020-03-26T15:22:47","date_gmt":"2020-03-26T15:22:47","guid":{"rendered":"https:\/\/cpcorella.educacion.navarra.es\/blogs\/orienta\/?page_id=476"},"modified":"2020-04-08T19:01:55","modified_gmt":"2020-04-08T19:01:55","slug":"logopedia","status":"publish","type":"page","link":"https:\/\/cpcorella.educacion.navarra.es\/blogs\/orienta\/logopedia\/","title":{"rendered":"LOGOPEDIA"},"content":{"rendered":"\n<h2>EL RINC\u00d3N DEL LENGUAJE<\/h2>\n\n\n\n<figure class=\"wp-block-embed-youtube wp-block-embed is-type-video is-provider-youtube wp-embed-aspect-16-9 wp-has-aspect-ratio\"><div class=\"wp-block-embed__wrapper\">\n<iframe loading=\"lazy\" title=\"Repetimos palabras: sinfones con L | Juego de #memoria secuencial auditiva\" width=\"500\" height=\"281\" src=\"https:\/\/www.youtube.com\/embed\/videoseries?list=PLfVDJFxsvnTRT0VbCB4wdIXUoQdFCKS3W\" frameborder=\"0\" allow=\"accelerometer; autoplay; encrypted-media; gyroscope; picture-in-picture\" allowfullscreen><\/iframe>\n<\/div><figcaption> <br>JUEGOS DE DISCRIMINACI\u00d3N AUDITIVA DE SONIDOS COTIDIANOS<\/figcaption><\/figure>\n\n\n\n<figure class=\"wp-block-embed-youtube wp-block-embed is-type-video is-provider-youtube wp-embed-aspect-16-9 wp-has-aspect-ratio\"><div class=\"wp-block-embed__wrapper\">\n<iframe loading=\"lazy\" title=\"Repetimos palabras: sinfones con L | Juego de #memoria secuencial auditiva\" width=\"500\" height=\"281\" src=\"https:\/\/www.youtube.com\/embed\/videoseries?list=PLfVDJFxsvnTSetIIz0R7LqZLCJiqx1urm\" frameborder=\"0\" allow=\"accelerometer; autoplay; encrypted-media; gyroscope; picture-in-picture\" allowfullscreen><\/iframe>\n<\/div><figcaption> JUEGOS DE CONCIENCIA FONOL\u00d3GICA<\/figcaption><\/figure>\n\n\n\n<figure class=\"wp-block-embed-youtube wp-block-embed is-type-video is-provider-youtube wp-embed-aspect-16-9 wp-has-aspect-ratio\"><div class=\"wp-block-embed__wrapper\">\n<iframe loading=\"lazy\" title=\"Juegos de Halloween para ni\u00f1os\" width=\"500\" height=\"281\" src=\"https:\/\/www.youtube.com\/embed\/videoseries?list=PLfVDJFxsvnTT5bv-dDKEfoWoB1uv6YtRo\" frameborder=\"0\" allow=\"accelerometer; autoplay; encrypted-media; gyroscope; picture-in-picture\" allowfullscreen><\/iframe>\n<\/div><figcaption> JUEGOS DE VOCABULARIO: <\/figcaption><\/figure>\n\n\n\n<figure class=\"wp-block-embed-youtube wp-block-embed is-type-video is-provider-youtube wp-embed-aspect-16-9 wp-has-aspect-ratio\"><div class=\"wp-block-embed__wrapper\">\n<iframe loading=\"lazy\" title=\"Juegos de Halloween para ni\u00f1os\" width=\"500\" height=\"281\" src=\"https:\/\/www.youtube.com\/embed\/videoseries?list=PLfVDJFxsvnTRJGVsFbKoxkTiL7UHqbvHi\" frameborder=\"0\" allow=\"accelerometer; autoplay; encrypted-media; gyroscope; picture-in-picture\" allowfullscreen><\/iframe>\n<\/div><figcaption> JUEGOS DE COMPRENSI\u00d3N<\/figcaption><\/figure>\n\n\n\n<figure class=\"wp-block-embed-youtube wp-block-embed is-type-video is-provider-youtube wp-embed-aspect-16-9 wp-has-aspect-ratio\"><div class=\"wp-block-embed__wrapper\">\n<iframe loading=\"lazy\" title=\"Juegos de Halloween para ni\u00f1os\" width=\"500\" height=\"281\" src=\"https:\/\/www.youtube.com\/embed\/videoseries?list=PLfVDJFxsvnTTNntm04XLj6LuErhBS8jLF\" frameborder=\"0\" allow=\"accelerometer; autoplay; encrypted-media; gyroscope; picture-in-picture\" allowfullscreen><\/iframe>\n<\/div><figcaption> JUEGOS DE ATENCI\u00d3N, CONCENTRACI\u00d3N Y MEMORIA<\/figcaption><\/figure>\n\n\n\n<figure class=\"wp-block-embed-youtube wp-block-embed is-type-video is-provider-youtube wp-embed-aspect-16-9 wp-has-aspect-ratio\"><div class=\"wp-block-embed__wrapper\">\n<iframe loading=\"lazy\" title=\"Juegos de rimas para ni\u00f1os | Conciencia fonol\u00f3gica.\" width=\"500\" height=\"281\" src=\"https:\/\/www.youtube.com\/embed\/videoseries?list=PLfVDJFxsvnTT1KR1fzIfIM4TCgvIOQDID\" frameborder=\"0\" allow=\"accelerometer; autoplay; encrypted-media; gyroscope; picture-in-picture\" allowfullscreen><\/iframe>\n<\/div><figcaption> JUEGOS DE ADIVINANZAS, TRABALENGUAS Y RIMAS<\/figcaption><\/figure>\n\n\n\n<p> P\u00e1ginas webs y blogs interesantes en los que pod\u00e9is encontrar materiales y actividades para trabajar vocabulario, comprensi\u00f3n, expresi\u00f3n, razonamiento. Trastear un poco las p\u00e1ginas y encontrar\u00e9is actividades adaptadas a las necesidades de vuestros hijos e hijas. Est\u00e1n distribuidas por apartados o elementos del lenguaje a trabajar (morfosintaxis, pragm\u00e1tica, fonemas\u2026), para hacer la b\u00fasqueda m\u00e1s sencilla. <\/p>\n\n\n\n<div id=\"attachment_478\" style=\"width: 310px\" class=\"wp-caption aligncenter\"><a href=\"http:\/\/burbujadelenguaje.blogspot.com\/search\/label\/Morfosintaxis\"><img aria-describedby=\"caption-attachment-478\" loading=\"lazy\" class=\"wp-image-478 size-medium\" src=\"https:\/\/cpcorella.educacion.navarra.es\/blogs\/orienta\/files\/2020\/03\/Captura-300x177.jpg\" alt=\"\" width=\"300\" height=\"177\" srcset=\"https:\/\/cpcorella.educacion.navarra.es\/blogs\/orienta\/files\/2020\/03\/Captura-300x177.jpg 300w, https:\/\/cpcorella.educacion.navarra.es\/blogs\/orienta\/files\/2020\/03\/Captura.jpg 313w\" sizes=\"(max-width: 300px) 100vw, 300px\" \/><\/a><p id=\"caption-attachment-478\" class=\"wp-caption-text\">MORFOSINTAXIS<\/p><\/div>\n<div id=\"attachment_478\" style=\"width: 310px\" class=\"wp-caption aligncenter\"><a href=\"http:\/\/burbujadelenguaje.blogspot.com\/search\/label\/Fonemas\"><img aria-describedby=\"caption-attachment-478\" loading=\"lazy\" class=\"wp-image-478 size-medium\" src=\"https:\/\/cpcorella.educacion.navarra.es\/blogs\/orienta\/files\/2020\/03\/Captura-300x177.jpg\" alt=\"\" width=\"300\" height=\"177\" srcset=\"https:\/\/cpcorella.educacion.navarra.es\/blogs\/orienta\/files\/2020\/03\/Captura-300x177.jpg 300w, https:\/\/cpcorella.educacion.navarra.es\/blogs\/orienta\/files\/2020\/03\/Captura.jpg 313w\" sizes=\"(max-width: 300px) 100vw, 300px\" \/><\/a><p id=\"caption-attachment-478\" class=\"wp-caption-text\">FONEMAS<\/p><\/div>\n<div id=\"attachment_478\" style=\"width: 310px\" class=\"wp-caption aligncenter\"><a href=\"http:\/\/burbujadelenguaje.blogspot.com\/search\/label\/Pragm%C3%A1tica\"><img aria-describedby=\"caption-attachment-478\" loading=\"lazy\" class=\"wp-image-478 size-medium\" src=\"https:\/\/cpcorella.educacion.navarra.es\/blogs\/orienta\/files\/2020\/03\/Captura-300x177.jpg\" alt=\"\" width=\"300\" height=\"177\" srcset=\"https:\/\/cpcorella.educacion.navarra.es\/blogs\/orienta\/files\/2020\/03\/Captura-300x177.jpg 300w, https:\/\/cpcorella.educacion.navarra.es\/blogs\/orienta\/files\/2020\/03\/Captura.jpg 313w\" sizes=\"(max-width: 300px) 100vw, 300px\" \/><\/a><p id=\"caption-attachment-478\" class=\"wp-caption-text\">PRAGM\u00c1TICA<\/p><\/div>\n<div id=\"attachment_478\" style=\"width: 310px\" class=\"wp-caption aligncenter\"><a href=\"http:\/\/burbujadelenguaje.blogspot.com\/search\/label\/Expresi%C3%B3n%20Oral\"><img aria-describedby=\"caption-attachment-478\" loading=\"lazy\" class=\"wp-image-478 size-medium\" src=\"https:\/\/cpcorella.educacion.navarra.es\/blogs\/orienta\/files\/2020\/03\/Captura-300x177.jpg\" alt=\"\" width=\"300\" height=\"177\" srcset=\"https:\/\/cpcorella.educacion.navarra.es\/blogs\/orienta\/files\/2020\/03\/Captura-300x177.jpg 300w, https:\/\/cpcorella.educacion.navarra.es\/blogs\/orienta\/files\/2020\/03\/Captura.jpg 313w\" sizes=\"(max-width: 300px) 100vw, 300px\" \/><\/a><p id=\"caption-attachment-478\" class=\"wp-caption-text\">EXPRESI\u00d3N ORAL<\/dd><br \/><dd><\/p><\/div>\n<div id=\"attachment_478\" style=\"width: 310px\" class=\"wp-caption aligncenter\"><a href=\"http:\/\/burbujadelenguaje.blogspot.com\/search\/label\/Vocabulario\"><img aria-describedby=\"caption-attachment-478\" loading=\"lazy\" class=\"wp-image-478 size-medium\" src=\"https:\/\/cpcorella.educacion.navarra.es\/blogs\/orienta\/files\/2020\/03\/Captura-300x177.jpg\" alt=\"\" width=\"300\" height=\"177\" srcset=\"https:\/\/cpcorella.educacion.navarra.es\/blogs\/orienta\/files\/2020\/03\/Captura-300x177.jpg 300w, https:\/\/cpcorella.educacion.navarra.es\/blogs\/orienta\/files\/2020\/03\/Captura.jpg 313w\" sizes=\"(max-width: 300px) 100vw, 300px\" \/><\/a><p id=\"caption-attachment-478\" class=\"wp-caption-text\">VOCABULARIO<\/p><\/div>\n\n\n\n<h5 class=\"entry-title\"><a href=\"https:\/\/www.orientacionandujar.es\/2020\/03\/16\/tea-coronavirus-historia-social-pictogramas-para-explicar-la-situacion-que-estamos-viviendo\/\" rel=\"bookmark\">#TEA #coronavirus Historia social pictogramas para explicar la situaci\u00f3n que estamos viviendo<\/a><\/h5>\n<p><a href=\"https:\/\/www.orientacionandujar.es\/2020\/03\/16\/tea-coronavirus-historia-social-pictogramas-para-explicar-la-situacion-que-estamos-viviendo\/\"><img loading=\"lazy\" class=\"alignnone size-medium wp-image-541\" src=\"https:\/\/cpcorella.educacion.navarra.es\/blogs\/orienta\/files\/2020\/04\/Captura-295x300.jpg\" alt=\"\" width=\"295\" height=\"300\" srcset=\"https:\/\/cpcorella.educacion.navarra.es\/blogs\/orienta\/files\/2020\/04\/Captura-295x300.jpg 295w, https:\/\/cpcorella.educacion.navarra.es\/blogs\/orienta\/files\/2020\/04\/Captura.jpg 324w\" sizes=\"(max-width: 295px) 100vw, 295px\" \/><\/a><\/p>\n","protected":false},"excerpt":{"rendered":"<p>EL RINC\u00d3N DEL LENGUAJE P\u00e1ginas webs y blogs interesantes en los que pod\u00e9is encontrar materiales y actividades para trabajar vocabulario, comprensi\u00f3n, expresi\u00f3n, razonamiento. Trastear un poco las p\u00e1ginas y encontrar\u00e9is actividades adaptadas a las necesidades de vuestros hijos e hijas. &hellip; <a href=\"https:\/\/cpcorella.educacion.navarra.es\/blogs\/orienta\/logopedia\/\">Continuar leyendo <span class=\"meta-nav\">&raquo;<\/span><\/a><\/p>\n","protected":false},"author":6,"featured_media":0,"parent":0,"menu_order":0,"comment_status":"closed","ping_status":"closed","template":"","meta":[],"_links":{"self":[{"href":"https:\/\/cpcorella.educacion.navarra.es\/blogs\/orienta\/wp-json\/wp\/v2\/pages\/476"}],"collection":[{"href":"https:\/\/cpcorella.educacion.navarra.es\/blogs\/orienta\/wp-json\/wp\/v2\/pages"}],"about":[{"href":"https:\/\/cpcorella.educacion.navarra.es\/blogs\/orienta\/wp-json\/wp\/v2\/types\/page"}],"author":[{"embeddable":true,"href":"https:\/\/cpcorella.educacion.navarra.es\/blogs\/orienta\/wp-json\/wp\/v2\/users\/6"}],"replies":[{"embeddable":true,"href":"https:\/\/cpcorella.educacion.navarra.es\/blogs\/orienta\/wp-json\/wp\/v2\/comments?post=476"}],"version-history":[{"count":3,"href":"https:\/\/cpcorella.educacion.navarra.es\/blogs\/orienta\/wp-json\/wp\/v2\/pages\/476\/revisions"}],"predecessor-version":[{"id":542,"href":"https:\/\/cpcorella.educacion.navarra.es\/blogs\/orienta\/wp-json\/wp\/v2\/pages\/476\/revisions\/542"}],"wp:attachment":[{"href":"https:\/\/cpcorella.educacion.navarra.es\/blogs\/orienta\/wp-json\/wp\/v2\/media?parent=476"}],"curies":[{"name":"wp","href":"https:\/\/api.w.org\/{rel}","templated":true}]}}