{"id":99,"date":"2015-05-20T08:17:08","date_gmt":"2015-05-20T08:17:08","guid":{"rendered":"http:\/\/cpcorella.educacion.navarra.es\/blogs\/edfis\/?page_id=99"},"modified":"2020-06-29T10:40:12","modified_gmt":"2020-06-29T10:40:12","slug":"cuarto","status":"publish","type":"page","link":"https:\/\/cpcorella.educacion.navarra.es\/blogs\/edfis\/cuarto\/","title":{"rendered":"Cuarto"},"content":{"rendered":"\n<figure class=\"wp-block-embed-youtube wp-block-embed is-type-video is-provider-youtube wp-embed-aspect-16-9 wp-has-aspect-ratio\"><div class=\"wp-block-embed__wrapper\">\n<iframe loading=\"lazy\" title=\"REGLAS DEL BALONCESTO (parte 1)\" width=\"525\" height=\"295\" src=\"https:\/\/www.youtube.com\/embed\/KirlAAjNMNg?start=516&#038;feature=oembed\" frameborder=\"0\" allow=\"accelerometer; autoplay; encrypted-media; gyroscope; picture-in-picture\" allowfullscreen><\/iframe>\n<\/div><\/figure>\n\n\n\n<figure class=\"wp-block-embed-youtube wp-block-embed is-type-video is-provider-youtube wp-embed-aspect-16-9 wp-has-aspect-ratio\"><div class=\"wp-block-embed__wrapper\">\n<iframe loading=\"lazy\" title=\"REGLAS DEL BALONCESTO (parte 2)\" width=\"525\" height=\"295\" src=\"https:\/\/www.youtube.com\/embed\/_umXcTdcNz4?feature=oembed\" frameborder=\"0\" allow=\"accelerometer; autoplay; encrypted-media; gyroscope; picture-in-picture\" allowfullscreen><\/iframe>\n<\/div><\/figure>\n\n\n\n<figure class=\"wp-block-embed-youtube wp-block-embed is-type-video is-provider-youtube wp-embed-aspect-16-9 wp-has-aspect-ratio\"><div class=\"wp-block-embed__wrapper\">\n<iframe loading=\"lazy\" title=\"FUNDAMENTOS DEL BALONCESTO\" width=\"525\" height=\"295\" src=\"https:\/\/www.youtube.com\/embed\/JsU7XlXLyoQ?feature=oembed\" frameborder=\"0\" allow=\"accelerometer; autoplay; encrypted-media; gyroscope; picture-in-picture\" allowfullscreen><\/iframe>\n<\/div><\/figure>\n\n\n\n<figure class=\"wp-block-embed-youtube wp-block-embed is-type-video is-provider-youtube wp-embed-aspect-4-3 wp-has-aspect-ratio\"><div class=\"wp-block-embed__wrapper\">\n<iframe loading=\"lazy\" title=\"BALONCESTO. Normativa y reglas b\u00e1sicas. Educaci\u00f3n F\u00edsica divertida. 6\u00ba Primaria.\" width=\"525\" height=\"394\" src=\"https:\/\/www.youtube.com\/embed\/JUgqPx04ATY?feature=oembed\" frameborder=\"0\" allow=\"accelerometer; autoplay; encrypted-media; gyroscope; picture-in-picture\" allowfullscreen><\/iframe>\n<\/div><\/figure>\n\n\n\n<figure class=\"wp-block-embed-youtube wp-block-embed is-type-video is-provider-youtube wp-embed-aspect-16-9 wp-has-aspect-ratio\"><div class=\"wp-block-embed__wrapper\">\n<iframe loading=\"lazy\" title=\"\u00bfQu\u00e9 es el RUGBY TAG?\" width=\"525\" height=\"295\" src=\"https:\/\/www.youtube.com\/embed\/MItD61laGk4?start=67&#038;feature=oembed\" frameborder=\"0\" allow=\"accelerometer; autoplay; encrypted-media; gyroscope; picture-in-picture\" allowfullscreen><\/iframe>\n<\/div><\/figure>\n\n\n\n<figure class=\"wp-block-embed-youtube wp-block-embed is-type-video is-provider-youtube wp-embed-aspect-16-9 wp-has-aspect-ratio\"><div class=\"wp-block-embed__wrapper\">\n<iframe loading=\"lazy\" title=\"RUGBY TAG. ASPECTOS FUNDAMENTALES\" width=\"525\" height=\"295\" src=\"https:\/\/www.youtube.com\/embed\/03n_-q2hyo0?feature=oembed\" frameborder=\"0\" allow=\"accelerometer; autoplay; encrypted-media; gyroscope; picture-in-picture\" allowfullscreen><\/iframe>\n<\/div><\/figure>\n\n\n\n<figure class=\"wp-block-embed-youtube wp-block-embed is-type-video is-provider-youtube wp-embed-aspect-16-9 wp-has-aspect-ratio\"><div class=\"wp-block-embed__wrapper\">\n<iframe loading=\"lazy\" title=\"Reglamento general del voleibol.\" width=\"525\" height=\"295\" src=\"https:\/\/www.youtube.com\/embed\/Z77z53dk44g?feature=oembed\" frameborder=\"0\" allow=\"accelerometer; autoplay; encrypted-media; gyroscope; picture-in-picture\" allowfullscreen><\/iframe>\n<\/div><\/figure>\n\n\n\n<figure class=\"wp-block-embed-youtube wp-block-embed is-type-video is-provider-youtube wp-embed-aspect-16-9 wp-has-aspect-ratio\"><div class=\"wp-block-embed__wrapper\">\n<iframe loading=\"lazy\" title=\"Tema 3 - Reglamento en Voleibol\" width=\"525\" height=\"295\" src=\"https:\/\/www.youtube.com\/embed\/cpy7Jymk3S0?feature=oembed\" frameborder=\"0\" allow=\"accelerometer; autoplay; encrypted-media; gyroscope; picture-in-picture\" allowfullscreen><\/iframe>\n<\/div><\/figure>\n\n\n\n<figure class=\"wp-block-embed-youtube wp-block-embed is-type-video is-provider-youtube wp-embed-aspect-16-9 wp-has-aspect-ratio\"><div class=\"wp-block-embed__wrapper\">\n<iframe loading=\"lazy\" title=\"REGLAMENTO B\u00c1SICO DEL B\u00c1DMINTON\" width=\"525\" height=\"295\" src=\"https:\/\/www.youtube.com\/embed\/FWosRqk8mqw?start=109&#038;feature=oembed\" frameborder=\"0\" allow=\"accelerometer; autoplay; encrypted-media; gyroscope; picture-in-picture\" allowfullscreen><\/iframe>\n<\/div><\/figure>\n\n\n\n<figure class=\"wp-block-embed-youtube wp-block-embed is-type-video is-provider-youtube wp-embed-aspect-4-3 wp-has-aspect-ratio\"><div class=\"wp-block-embed__wrapper\">\n<iframe loading=\"lazy\" title=\"Badminton reglas, golpeos y or\u00edgenes\" width=\"525\" height=\"394\" src=\"https:\/\/www.youtube.com\/embed\/k06sdFe9g2s?feature=oembed\" frameborder=\"0\" allow=\"accelerometer; autoplay; encrypted-media; gyroscope; picture-in-picture\" allowfullscreen><\/iframe>\n<\/div><\/figure>\n\n\n\n<figure class=\"wp-block-embed-youtube wp-block-embed is-type-video is-provider-youtube wp-embed-aspect-16-9 wp-has-aspect-ratio\"><div class=\"wp-block-embed__wrapper\">\n<iframe loading=\"lazy\" title=\"REGLAMENTO DE SOFTBALL\" width=\"525\" height=\"295\" src=\"https:\/\/www.youtube.com\/embed\/lIZFNVH1qfI?start=78&#038;feature=oembed\" frameborder=\"0\" allow=\"accelerometer; autoplay; encrypted-media; gyroscope; picture-in-picture\" allowfullscreen><\/iframe>\n<\/div><\/figure>\n\n\n\n<figure class=\"wp-block-embed-youtube wp-block-embed is-type-video is-provider-youtube wp-embed-aspect-4-3 wp-has-aspect-ratio\"><div class=\"wp-block-embed__wrapper\">\n<iframe loading=\"lazy\" title=\"Ud. Be\u0301isbol - Reglamento\" width=\"525\" height=\"394\" src=\"https:\/\/www.youtube.com\/embed\/jJ6xiADilT4?feature=oembed\" frameborder=\"0\" allow=\"accelerometer; autoplay; encrypted-media; gyroscope; picture-in-picture\" allowfullscreen><\/iframe>\n<\/div><\/figure>\n\n\n\n<figure class=\"wp-block-embed-youtube wp-block-embed is-type-video is-provider-youtube wp-embed-aspect-16-9 wp-has-aspect-ratio\"><div class=\"wp-block-embed__wrapper\">\n<iframe loading=\"lazy\" title=\"10 REGLAS B\u00c1SICAS PARA ESCALAR\" width=\"525\" height=\"295\" src=\"https:\/\/www.youtube.com\/embed\/XamDC0wKp4w?feature=oembed\" frameborder=\"0\" allow=\"accelerometer; autoplay; encrypted-media; gyroscope; picture-in-picture\" allowfullscreen><\/iframe>\n<\/div><\/figure>\n\n\n\n<figure class=\"wp-block-embed-youtube wp-block-embed is-type-video is-provider-youtube wp-embed-aspect-16-9 wp-has-aspect-ratio\"><div class=\"wp-block-embed__wrapper\">\n<iframe loading=\"lazy\" title=\"Escalar, un ejercicio para tu cuerpo y mente donde la t\u00e9cnica le gana a la fuerza\" width=\"525\" height=\"295\" src=\"https:\/\/www.youtube.com\/embed\/ChiIsONf-LM?feature=oembed\" frameborder=\"0\" allow=\"accelerometer; autoplay; encrypted-media; gyroscope; picture-in-picture\" allowfullscreen><\/iframe>\n<\/div><\/figure>\n\n\n\n<figure class=\"wp-block-embed-youtube wp-block-embed is-type-video is-provider-youtube wp-embed-aspect-16-9 wp-has-aspect-ratio\"><div class=\"wp-block-embed__wrapper\">\n<iframe loading=\"lazy\" title=\"Las 17 reglas del f\u00fatbol !\" width=\"525\" height=\"295\" src=\"https:\/\/www.youtube.com\/embed\/x0HcR77lbt8?start=356&#038;feature=oembed\" frameborder=\"0\" allow=\"accelerometer; autoplay; encrypted-media; gyroscope; picture-in-picture\" allowfullscreen><\/iframe>\n<\/div><\/figure>\n\n\n\n<figure class=\"wp-block-embed-youtube wp-block-embed is-type-video is-provider-youtube wp-embed-aspect-16-9 wp-has-aspect-ratio\"><div class=\"wp-block-embed__wrapper\">\n<iframe loading=\"lazy\" title=\"Las 17 reglas del f\u00fatbol ! (parte 2)\" width=\"525\" height=\"295\" src=\"https:\/\/www.youtube.com\/embed\/IrHOeIEerho?start=5&#038;feature=oembed\" frameborder=\"0\" allow=\"accelerometer; autoplay; encrypted-media; gyroscope; picture-in-picture\" allowfullscreen><\/iframe>\n<\/div><\/figure>\n\n\n\n<figure class=\"wp-block-embed-youtube wp-block-embed is-type-video is-provider-youtube wp-embed-aspect-16-9 wp-has-aspect-ratio\"><div class=\"wp-block-embed__wrapper\">\n<iframe loading=\"lazy\" title=\"Las 17 reglas del f\u00fatbol (parte 3)\" width=\"525\" height=\"295\" src=\"https:\/\/www.youtube.com\/embed\/JBWYWKOiKoQ?start=468&#038;feature=oembed\" frameborder=\"0\" allow=\"accelerometer; autoplay; encrypted-media; gyroscope; picture-in-picture\" allowfullscreen><\/iframe>\n<\/div><\/figure>\n\n\n\n<p><a href=\"https:\/\/drive.google.com\/file\/d\/0B1cdhM6DrSivOUR5bkY2bExzQWs\/view?usp=sharing\">Trucos y t\u00e9cnica de patinaje.<\/a><\/p>\n\n\n","protected":false},"excerpt":{"rendered":"<p>Trucos y t\u00e9cnica de patinaje.<\/p>\n","protected":false},"author":22,"featured_media":0,"parent":0,"menu_order":0,"comment_status":"open","ping_status":"open","template":"","meta":[],"_links":{"self":[{"href":"https:\/\/cpcorella.educacion.navarra.es\/blogs\/edfis\/wp-json\/wp\/v2\/pages\/99"}],"collection":[{"href":"https:\/\/cpcorella.educacion.navarra.es\/blogs\/edfis\/wp-json\/wp\/v2\/pages"}],"about":[{"href":"https:\/\/cpcorella.educacion.navarra.es\/blogs\/edfis\/wp-json\/wp\/v2\/types\/page"}],"author":[{"embeddable":true,"href":"https:\/\/cpcorella.educacion.navarra.es\/blogs\/edfis\/wp-json\/wp\/v2\/users\/22"}],"replies":[{"embeddable":true,"href":"https:\/\/cpcorella.educacion.navarra.es\/blogs\/edfis\/wp-json\/wp\/v2\/comments?post=99"}],"version-history":[{"count":23,"href":"https:\/\/cpcorella.educacion.navarra.es\/blogs\/edfis\/wp-json\/wp\/v2\/pages\/99\/revisions"}],"predecessor-version":[{"id":375,"href":"https:\/\/cpcorella.educacion.navarra.es\/blogs\/edfis\/wp-json\/wp\/v2\/pages\/99\/revisions\/375"}],"wp:attachment":[{"href":"https:\/\/cpcorella.educacion.navarra.es\/blogs\/edfis\/wp-json\/wp\/v2\/media?parent=99"}],"curies":[{"name":"wp","href":"https:\/\/api.w.org\/{rel}","templated":true}]}}