{"id":105,"date":"2015-05-20T08:17:40","date_gmt":"2015-05-20T08:17:40","guid":{"rendered":"http:\/\/cpcorella.educacion.navarra.es\/blogs\/edfis\/?page_id=105"},"modified":"2021-09-13T12:33:11","modified_gmt":"2021-09-13T12:33:11","slug":"sexto","status":"publish","type":"page","link":"https:\/\/cpcorella.educacion.navarra.es\/blogs\/edfis\/sexto\/","title":{"rendered":"Sexto"},"content":{"rendered":"\n<div class=\"wp-block-file\"><a href=\"https:\/\/cpcorella.educacion.navarra.es\/blogs\/edfis\/files\/2020\/06\/Fichas-U.D.-Condici\u00f3n-F\u00edsica-2.pdf\">Fichas-U.D.-Condici\u00f3n-F\u00edsica-2<\/a><a href=\"https:\/\/cpcorella.educacion.navarra.es\/blogs\/edfis\/files\/2020\/06\/Fichas-U.D.-Condici\u00f3n-F\u00edsica-2.pdf\" class=\"wp-block-file__button\" download>Descarga<\/a><\/div>\n\n\n\n<div class=\"wp-block-file\"><a href=\"https:\/\/cpcorella.educacion.navarra.es\/blogs\/edfis\/files\/2021\/09\/Fichas-Salud-Condicion-Fisica.pdf\">Fichas Salud Condici\u00f3n F\u00edsica<\/a><a href=\"https:\/\/cpcorella.educacion.navarra.es\/blogs\/edfis\/files\/2021\/09\/Fichas-Salud-Condicion-Fisica.pdf\" class=\"wp-block-file__button\" download>Descarga<\/a><\/div>\n\n\n\n<figure class=\"wp-block-embed is-type-video is-provider-youtube wp-block-embed-youtube wp-embed-aspect-16-9 wp-has-aspect-ratio\"><div class=\"wp-block-embed__wrapper\">\n<iframe loading=\"lazy\" title=\"REGLAS DEL BALONCESTO (parte 1)\" width=\"525\" height=\"295\" src=\"https:\/\/www.youtube.com\/embed\/KirlAAjNMNg?feature=oembed\" frameborder=\"0\" allow=\"accelerometer; autoplay; clipboard-write; encrypted-media; gyroscope; picture-in-picture\" allowfullscreen><\/iframe>\n<\/div><\/figure>\n\n\n\n<figure class=\"wp-block-embed is-type-video is-provider-youtube wp-block-embed-youtube wp-embed-aspect-16-9 wp-has-aspect-ratio\"><div class=\"wp-block-embed__wrapper\">\n<iframe loading=\"lazy\" title=\"REGLAS DEL BALONCESTO (parte 2)\" width=\"525\" height=\"295\" src=\"https:\/\/www.youtube.com\/embed\/_umXcTdcNz4?feature=oembed\" frameborder=\"0\" allow=\"accelerometer; autoplay; clipboard-write; encrypted-media; gyroscope; picture-in-picture\" allowfullscreen><\/iframe>\n<\/div><\/figure>\n\n\n\n<figure class=\"wp-block-embed is-type-video is-provider-youtube wp-block-embed-youtube wp-embed-aspect-16-9 wp-has-aspect-ratio\"><div class=\"wp-block-embed__wrapper\">\n<iframe loading=\"lazy\" title=\"FUNDAMENTOS DEL BALONCESTO\" width=\"525\" height=\"295\" src=\"https:\/\/www.youtube.com\/embed\/JsU7XlXLyoQ?feature=oembed\" frameborder=\"0\" allow=\"accelerometer; autoplay; clipboard-write; encrypted-media; gyroscope; picture-in-picture\" allowfullscreen><\/iframe>\n<\/div><\/figure>\n\n\n\n<figure class=\"wp-block-embed is-type-video is-provider-youtube wp-block-embed-youtube wp-embed-aspect-4-3 wp-has-aspect-ratio\"><div class=\"wp-block-embed__wrapper\">\n<iframe loading=\"lazy\" title=\"BALONCESTO. Normativa y reglas b\u00e1sicas. Educaci\u00f3n F\u00edsica divertida. 6\u00ba Primaria.\" width=\"525\" height=\"394\" src=\"https:\/\/www.youtube.com\/embed\/JUgqPx04ATY?feature=oembed\" frameborder=\"0\" allow=\"accelerometer; autoplay; clipboard-write; encrypted-media; gyroscope; picture-in-picture\" allowfullscreen><\/iframe>\n<\/div><\/figure>\n\n\n\n<figure class=\"wp-block-embed is-type-video is-provider-youtube wp-block-embed-youtube wp-embed-aspect-16-9 wp-has-aspect-ratio\"><div class=\"wp-block-embed__wrapper\">\n<iframe loading=\"lazy\" title=\"\u00bfQu\u00e9 es el RUGBY TAG?\" width=\"525\" height=\"295\" src=\"https:\/\/www.youtube.com\/embed\/MItD61laGk4?feature=oembed\" frameborder=\"0\" allow=\"accelerometer; autoplay; clipboard-write; encrypted-media; gyroscope; picture-in-picture\" allowfullscreen><\/iframe>\n<\/div><\/figure>\n\n\n\n<figure class=\"wp-block-embed is-type-video is-provider-youtube wp-block-embed-youtube wp-embed-aspect-16-9 wp-has-aspect-ratio\"><div class=\"wp-block-embed__wrapper\">\n<iframe loading=\"lazy\" title=\"RUGBY TAG. ASPECTOS FUNDAMENTALES\" width=\"525\" height=\"295\" src=\"https:\/\/www.youtube.com\/embed\/03n_-q2hyo0?feature=oembed\" frameborder=\"0\" allow=\"accelerometer; autoplay; clipboard-write; encrypted-media; gyroscope; picture-in-picture\" allowfullscreen><\/iframe>\n<\/div><\/figure>\n\n\n\n<figure class=\"wp-block-embed is-type-video is-provider-youtube wp-block-embed-youtube wp-embed-aspect-16-9 wp-has-aspect-ratio\"><div class=\"wp-block-embed__wrapper\">\n<iframe loading=\"lazy\" title=\"Reglamento general del voleibol.\" width=\"525\" height=\"295\" src=\"https:\/\/www.youtube.com\/embed\/Z77z53dk44g?feature=oembed\" frameborder=\"0\" allow=\"accelerometer; autoplay; clipboard-write; encrypted-media; gyroscope; picture-in-picture\" allowfullscreen><\/iframe>\n<\/div><\/figure>\n\n\n\n<figure class=\"wp-block-embed is-type-video is-provider-youtube wp-block-embed-youtube wp-embed-aspect-16-9 wp-has-aspect-ratio\"><div class=\"wp-block-embed__wrapper\">\n<iframe loading=\"lazy\" title=\"Tema 3 - Reglamento en Voleibol\" width=\"525\" height=\"295\" src=\"https:\/\/www.youtube.com\/embed\/cpy7Jymk3S0?feature=oembed\" frameborder=\"0\" allow=\"accelerometer; autoplay; clipboard-write; encrypted-media; gyroscope; picture-in-picture\" allowfullscreen><\/iframe>\n<\/div><\/figure>\n\n\n\n<figure class=\"wp-block-embed is-type-video is-provider-youtube wp-block-embed-youtube wp-embed-aspect-16-9 wp-has-aspect-ratio\"><div class=\"wp-block-embed__wrapper\">\n<iframe loading=\"lazy\" title=\"REGLAMENTO B\u00c1SICO DEL B\u00c1DMINTON\" width=\"525\" height=\"295\" src=\"https:\/\/www.youtube.com\/embed\/FWosRqk8mqw?feature=oembed\" frameborder=\"0\" allow=\"accelerometer; autoplay; clipboard-write; encrypted-media; gyroscope; picture-in-picture\" allowfullscreen><\/iframe>\n<\/div><\/figure>\n\n\n\n<figure class=\"wp-block-embed is-type-video is-provider-youtube wp-block-embed-youtube wp-embed-aspect-4-3 wp-has-aspect-ratio\"><div class=\"wp-block-embed__wrapper\">\n<iframe loading=\"lazy\" title=\"Badminton reglas, golpeos y or\u00edgenes\" width=\"525\" height=\"394\" src=\"https:\/\/www.youtube.com\/embed\/k06sdFe9g2s?feature=oembed\" frameborder=\"0\" allow=\"accelerometer; autoplay; clipboard-write; encrypted-media; gyroscope; picture-in-picture\" allowfullscreen><\/iframe>\n<\/div><\/figure>\n\n\n\n<figure class=\"wp-block-embed is-type-video is-provider-youtube wp-block-embed-youtube wp-embed-aspect-16-9 wp-has-aspect-ratio\"><div class=\"wp-block-embed__wrapper\">\n<iframe loading=\"lazy\" title=\"Reanimaci\u00f3n Cardiopulmonar RCP\" width=\"525\" height=\"295\" src=\"https:\/\/www.youtube.com\/embed\/wupq513s3aw?feature=oembed\" frameborder=\"0\" allow=\"accelerometer; autoplay; clipboard-write; encrypted-media; gyroscope; picture-in-picture\" allowfullscreen><\/iframe>\n<\/div><\/figure>\n\n\n\n<figure class=\"wp-block-embed is-type-video is-provider-youtube wp-block-embed-youtube wp-embed-aspect-4-3 wp-has-aspect-ratio\"><div class=\"wp-block-embed__wrapper\">\n<iframe loading=\"lazy\" title=\"RCP DESDE MI COLE: v\u00eddeo que os ense\u00f1a c\u00f3mo llamar correctamente al 112 y con qui\u00e9nes vais a hablar\" width=\"525\" height=\"394\" src=\"https:\/\/www.youtube.com\/embed\/1TvG6WeiEJ8?feature=oembed\" frameborder=\"0\" allow=\"accelerometer; autoplay; clipboard-write; encrypted-media; gyroscope; picture-in-picture\" allowfullscreen><\/iframe>\n<\/div><\/figure>\n\n\n\n<figure class=\"wp-block-embed is-type-video is-provider-youtube wp-block-embed-youtube wp-embed-aspect-16-9 wp-has-aspect-ratio\"><div class=\"wp-block-embed__wrapper\">\n<iframe loading=\"lazy\" title=\"10 REGLAS B\u00c1SICAS PARA ESCALAR\" width=\"525\" height=\"295\" src=\"https:\/\/www.youtube.com\/embed\/XamDC0wKp4w?feature=oembed\" frameborder=\"0\" allow=\"accelerometer; autoplay; clipboard-write; encrypted-media; gyroscope; picture-in-picture\" allowfullscreen><\/iframe>\n<\/div><\/figure>\n\n\n\n<figure class=\"wp-block-embed is-type-video is-provider-youtube wp-block-embed-youtube wp-embed-aspect-16-9 wp-has-aspect-ratio\"><div class=\"wp-block-embed__wrapper\">\n<iframe loading=\"lazy\" title=\"Escalar, un ejercicio para tu cuerpo y mente donde la t\u00e9cnica le gana a la fuerza\" width=\"525\" height=\"295\" src=\"https:\/\/www.youtube.com\/embed\/ChiIsONf-LM?feature=oembed\" frameborder=\"0\" allow=\"accelerometer; autoplay; clipboard-write; encrypted-media; gyroscope; picture-in-picture\" allowfullscreen><\/iframe>\n<\/div><\/figure>\n\n\n\n<figure class=\"wp-block-embed is-type-video is-provider-youtube wp-block-embed-youtube wp-embed-aspect-4-3 wp-has-aspect-ratio\"><div class=\"wp-block-embed__wrapper\">\n<iframe loading=\"lazy\" title=\"El reglamento de Balonmano - Vicente Calabuig\" width=\"525\" height=\"394\" src=\"https:\/\/www.youtube.com\/embed\/VpMm3OBikmw?feature=oembed\" frameborder=\"0\" allow=\"accelerometer; autoplay; clipboard-write; encrypted-media; gyroscope; picture-in-picture\" allowfullscreen><\/iframe>\n<\/div><\/figure>\n\n\n\n<figure class=\"wp-block-embed is-type-video is-provider-youtube wp-block-embed-youtube wp-embed-aspect-16-9 wp-has-aspect-ratio\"><div class=\"wp-block-embed__wrapper\">\n<iframe loading=\"lazy\" title=\"REGLAMENTO DE HANDBALL\" width=\"525\" height=\"295\" src=\"https:\/\/www.youtube.com\/embed\/vWgduHv1oRI?feature=oembed\" frameborder=\"0\" allow=\"accelerometer; autoplay; clipboard-write; encrypted-media; gyroscope; picture-in-picture\" allowfullscreen><\/iframe>\n<\/div><\/figure>\n\n\n\n<p><a href=\"https:\/\/drive.google.com\/file\/d\/0B1cdhM6DrSivOUR5bkY2bExzQWs\/view?usp=sharing\">Trucos y t\u00e9cnicas de patinaje<\/a><\/p>\n","protected":false},"excerpt":{"rendered":"<p>Trucos y t\u00e9cnicas de patinaje<\/p>\n","protected":false},"author":22,"featured_media":0,"parent":0,"menu_order":0,"comment_status":"open","ping_status":"open","template":"","meta":[],"_links":{"self":[{"href":"https:\/\/cpcorella.educacion.navarra.es\/blogs\/edfis\/wp-json\/wp\/v2\/pages\/105"}],"collection":[{"href":"https:\/\/cpcorella.educacion.navarra.es\/blogs\/edfis\/wp-json\/wp\/v2\/pages"}],"about":[{"href":"https:\/\/cpcorella.educacion.navarra.es\/blogs\/edfis\/wp-json\/wp\/v2\/types\/page"}],"author":[{"embeddable":true,"href":"https:\/\/cpcorella.educacion.navarra.es\/blogs\/edfis\/wp-json\/wp\/v2\/users\/22"}],"replies":[{"embeddable":true,"href":"https:\/\/cpcorella.educacion.navarra.es\/blogs\/edfis\/wp-json\/wp\/v2\/comments?post=105"}],"version-history":[{"count":24,"href":"https:\/\/cpcorella.educacion.navarra.es\/blogs\/edfis\/wp-json\/wp\/v2\/pages\/105\/revisions"}],"predecessor-version":[{"id":383,"href":"https:\/\/cpcorella.educacion.navarra.es\/blogs\/edfis\/wp-json\/wp\/v2\/pages\/105\/revisions\/383"}],"wp:attachment":[{"href":"https:\/\/cpcorella.educacion.navarra.es\/blogs\/edfis\/wp-json\/wp\/v2\/media?parent=105"}],"curies":[{"name":"wp","href":"https:\/\/api.w.org\/{rel}","templated":true}]}}