{"id":102,"date":"2015-05-20T08:17:23","date_gmt":"2015-05-20T08:17:23","guid":{"rendered":"http:\/\/cpcorella.educacion.navarra.es\/blogs\/edfis\/?page_id=102"},"modified":"2020-06-25T11:41:40","modified_gmt":"2020-06-25T11:41:40","slug":"quinto","status":"publish","type":"page","link":"https:\/\/cpcorella.educacion.navarra.es\/blogs\/edfis\/quinto\/","title":{"rendered":"Quinto"},"content":{"rendered":"\n<figure class=\"wp-block-embed-youtube wp-block-embed is-type-video is-provider-youtube wp-embed-aspect-16-9 wp-has-aspect-ratio\"><div class=\"wp-block-embed__wrapper\">\n<iframe loading=\"lazy\" title=\"ATLETISMO (disciplinas)\" width=\"525\" height=\"295\" src=\"https:\/\/www.youtube.com\/embed\/E5mpN4b8FSc?feature=oembed\" frameborder=\"0\" allow=\"accelerometer; autoplay; encrypted-media; gyroscope; picture-in-picture\" allowfullscreen><\/iframe>\n<\/div><\/figure>\n\n\n\n<figure class=\"wp-block-embed-youtube wp-block-embed is-type-video is-provider-youtube wp-embed-aspect-16-9 wp-has-aspect-ratio\"><div class=\"wp-block-embed__wrapper\">\n<iframe loading=\"lazy\" title=\"la historia del atletismo\" width=\"525\" height=\"295\" src=\"https:\/\/www.youtube.com\/embed\/zdZ0TfzDbzE?start=634&#038;feature=oembed\" frameborder=\"0\" allow=\"accelerometer; autoplay; encrypted-media; gyroscope; picture-in-picture\" allowfullscreen><\/iframe>\n<\/div><\/figure>\n\n\n\n<figure class=\"wp-block-embed-youtube wp-block-embed is-type-video is-provider-youtube wp-embed-aspect-16-9 wp-has-aspect-ratio\"><div class=\"wp-block-embed__wrapper\">\n<iframe loading=\"lazy\" title=\"Todo sobre el Atletismo (parte 1)\" width=\"525\" height=\"295\" src=\"https:\/\/www.youtube.com\/embed\/jLBgRT7gD8g?start=131&#038;feature=oembed\" frameborder=\"0\" allow=\"accelerometer; autoplay; encrypted-media; gyroscope; picture-in-picture\" allowfullscreen><\/iframe>\n<\/div><\/figure>\n\n\n\n<p><\/p>\n\n\n\n<p><\/p>\n\n\n\n<p><a href=\"https:\/\/www.youtube.com\/watch?v=I0x3Z9L3_Tg&amp;list=WL&amp;index=11&amp;t=248s\">https:\/\/www.youtube.com\/watch?v=I0x3Z9L3_Tg&amp;list=WL&amp;index=11&amp;t=248s<\/a><\/p>\n\n\n\n<p>Enlace a v\u00eddeo de ejercicios gimn\u00e1sticos.<\/p>\n<p>\u00a0<\/p>\n\n\n\n\n\n<figure class=\"wp-block-embed-youtube wp-block-embed is-type-video is-provider-youtube wp-embed-aspect-16-9 wp-has-aspect-ratio\"><div class=\"wp-block-embed__wrapper\">\n<iframe loading=\"lazy\" title=\"\u00bfQu\u00e9 es el RUGBY TAG?\" width=\"525\" height=\"295\" src=\"https:\/\/www.youtube.com\/embed\/MItD61laGk4?start=67&#038;feature=oembed\" frameborder=\"0\" allow=\"accelerometer; autoplay; encrypted-media; gyroscope; picture-in-picture\" allowfullscreen><\/iframe>\n<\/div><\/figure>\n\n\n\n<figure class=\"wp-block-embed-youtube wp-block-embed is-type-video is-provider-youtube wp-embed-aspect-16-9 wp-has-aspect-ratio\"><div class=\"wp-block-embed__wrapper\">\n<iframe loading=\"lazy\" title=\"RUGBY TAG. ASPECTOS FUNDAMENTALES\" width=\"525\" height=\"295\" src=\"https:\/\/www.youtube.com\/embed\/03n_-q2hyo0?start=1&#038;feature=oembed\" frameborder=\"0\" allow=\"accelerometer; autoplay; encrypted-media; gyroscope; picture-in-picture\" allowfullscreen><\/iframe>\n<\/div><\/figure>\n\n\n\n<figure class=\"wp-block-embed-youtube wp-block-embed is-type-video is-provider-youtube wp-embed-aspect-16-9 wp-has-aspect-ratio\"><div class=\"wp-block-embed__wrapper\">\n<iframe loading=\"lazy\" title=\"Reglamento general del voleibol.\" width=\"525\" height=\"295\" src=\"https:\/\/www.youtube.com\/embed\/Z77z53dk44g?feature=oembed\" frameborder=\"0\" allow=\"accelerometer; autoplay; encrypted-media; gyroscope; picture-in-picture\" allowfullscreen><\/iframe>\n<\/div><\/figure>\n\n\n\n<figure class=\"wp-block-embed-youtube wp-block-embed is-type-video is-provider-youtube wp-embed-aspect-16-9 wp-has-aspect-ratio\"><div class=\"wp-block-embed__wrapper\">\n<iframe loading=\"lazy\" title=\"Tema 3 - Reglamento en Voleibol\" width=\"525\" height=\"295\" src=\"https:\/\/www.youtube.com\/embed\/cpy7Jymk3S0?feature=oembed\" frameborder=\"0\" allow=\"accelerometer; autoplay; encrypted-media; gyroscope; picture-in-picture\" allowfullscreen><\/iframe>\n<\/div><\/figure>\n\n\n\n<figure class=\"wp-block-embed-youtube wp-block-embed is-type-video is-provider-youtube wp-embed-aspect-16-9 wp-has-aspect-ratio\"><div class=\"wp-block-embed__wrapper\">\n<iframe loading=\"lazy\" title=\"Las Reglas del Tenis. Parte 1.\" width=\"525\" height=\"295\" src=\"https:\/\/www.youtube.com\/embed\/rrG6Nr2HIg0?feature=oembed\" frameborder=\"0\" allow=\"accelerometer; autoplay; encrypted-media; gyroscope; picture-in-picture\" allowfullscreen><\/iframe>\n<\/div><\/figure>\n\n\n\n<figure class=\"wp-block-embed-youtube wp-block-embed is-type-video is-provider-youtube wp-embed-aspect-16-9 wp-has-aspect-ratio\"><div class=\"wp-block-embed__wrapper\">\n<iframe loading=\"lazy\" title=\"\u00bfC\u00f3mo funcionan los puntos en tenis? I Sistema de puntuaci\u00f3n y reglas \ud83c\udfbe\ud83d\udc5f\" width=\"525\" height=\"295\" src=\"https:\/\/www.youtube.com\/embed\/O8voQujKiGU?start=484&#038;feature=oembed\" frameborder=\"0\" allow=\"accelerometer; autoplay; encrypted-media; gyroscope; picture-in-picture\" allowfullscreen><\/iframe>\n<\/div><\/figure>\n\n\n\n<figure class=\"wp-block-embed-youtube wp-block-embed is-type-video is-provider-youtube wp-embed-aspect-4-3 wp-has-aspect-ratio\"><div class=\"wp-block-embed__wrapper\">\n<iframe loading=\"lazy\" title=\"El reglamento de Balonmano - Vicente Calabuig\" width=\"525\" height=\"394\" src=\"https:\/\/www.youtube.com\/embed\/VpMm3OBikmw?feature=oembed\" frameborder=\"0\" allow=\"accelerometer; autoplay; encrypted-media; gyroscope; picture-in-picture\" allowfullscreen><\/iframe>\n<\/div><\/figure>\n\n\n\n<figure class=\"wp-block-embed-youtube wp-block-embed is-type-video is-provider-youtube wp-embed-aspect-16-9 wp-has-aspect-ratio\"><div class=\"wp-block-embed__wrapper\">\n<iframe loading=\"lazy\" title=\"REGLAMENTO DE HANDBALL\" width=\"525\" height=\"295\" src=\"https:\/\/www.youtube.com\/embed\/vWgduHv1oRI?start=449&#038;feature=oembed\" frameborder=\"0\" allow=\"accelerometer; autoplay; encrypted-media; gyroscope; picture-in-picture\" allowfullscreen><\/iframe>\n<\/div><\/figure>\n\n\n\n<figure class=\"wp-block-embed-youtube wp-block-embed is-type-video is-provider-youtube wp-embed-aspect-16-9 wp-has-aspect-ratio\"><div class=\"wp-block-embed__wrapper\">\n<iframe loading=\"lazy\" title=\"Reanimaci\u00f3n Cardiopulmonar RCP\" width=\"525\" height=\"295\" src=\"https:\/\/www.youtube.com\/embed\/wupq513s3aw?feature=oembed\" frameborder=\"0\" allow=\"accelerometer; autoplay; encrypted-media; gyroscope; picture-in-picture\" allowfullscreen><\/iframe>\n<\/div><\/figure>\n\n\n\n<figure class=\"wp-block-embed-youtube wp-block-embed is-type-video is-provider-youtube wp-embed-aspect-4-3 wp-has-aspect-ratio\"><div class=\"wp-block-embed__wrapper\">\n<iframe loading=\"lazy\" title=\"RCP DESDE MI COLE: v\u00eddeo que os ense\u00f1a c\u00f3mo llamar correctamente al 112 y con qui\u00e9nes vais a hablar\" width=\"525\" height=\"394\" src=\"https:\/\/www.youtube.com\/embed\/1TvG6WeiEJ8?feature=oembed\" frameborder=\"0\" allow=\"accelerometer; autoplay; encrypted-media; gyroscope; picture-in-picture\" allowfullscreen><\/iframe>\n<\/div><\/figure>\n\n\n\n<figure class=\"wp-block-embed-youtube wp-block-embed is-type-video is-provider-youtube wp-embed-aspect-16-9 wp-has-aspect-ratio\"><div class=\"wp-block-embed__wrapper\">\n<iframe loading=\"lazy\" title=\"FLOORBALL \/ UNIHOCKEY. Presentaci\u00f3n y reglamento\" width=\"525\" height=\"295\" src=\"https:\/\/www.youtube.com\/embed\/csnISNBytaw?feature=oembed\" frameborder=\"0\" allow=\"accelerometer; autoplay; encrypted-media; gyroscope; picture-in-picture\" allowfullscreen><\/iframe>\n<\/div><\/figure>\n\n\n\n<figure class=\"wp-block-embed-youtube wp-block-embed is-type-video is-provider-youtube wp-embed-aspect-16-9 wp-has-aspect-ratio\"><div class=\"wp-block-embed__wrapper\">\n<iframe loading=\"lazy\" title=\"\u00bfC\u00d3MO SE JUEGA A FLOORBALL?\" width=\"525\" height=\"295\" src=\"https:\/\/www.youtube.com\/embed\/RnD-mSV2fko?feature=oembed\" frameborder=\"0\" allow=\"accelerometer; autoplay; encrypted-media; gyroscope; picture-in-picture\" allowfullscreen><\/iframe>\n<\/div><\/figure>\n\n\n\n<figure class=\"wp-block-embed-youtube wp-block-embed is-type-video is-provider-youtube wp-embed-aspect-16-9 wp-has-aspect-ratio\"><div class=\"wp-block-embed__wrapper\">\n<iframe loading=\"lazy\" title=\"Iniciaci\u00f3n a la Orientaci\u00f3n Deportiva\" width=\"525\" height=\"295\" src=\"https:\/\/www.youtube.com\/embed\/bwcwoPxYqU4?feature=oembed\" frameborder=\"0\" allow=\"accelerometer; autoplay; encrypted-media; gyroscope; picture-in-picture\" allowfullscreen><\/iframe>\n<\/div><\/figure>\n\n\n\n<figure class=\"wp-block-embed-youtube wp-block-embed is-type-video is-provider-youtube wp-embed-aspect-4-3 wp-has-aspect-ratio\"><div class=\"wp-block-embed__wrapper\">\n<iframe loading=\"lazy\" title=\"La Orientaci\u00f3n en la educaci\u00f3n\" width=\"525\" height=\"394\" src=\"https:\/\/www.youtube.com\/embed\/ifLev2-xHqs?feature=oembed\" frameborder=\"0\" allow=\"accelerometer; autoplay; encrypted-media; gyroscope; picture-in-picture\" allowfullscreen><\/iframe>\n<\/div><\/figure>\n","protected":false},"excerpt":{"rendered":"<p>https:\/\/www.youtube.com\/watch?v=I0x3Z9L3_Tg&amp;list=WL&amp;index=11&amp;t=248s Enlace a v\u00eddeo de ejercicios gimn\u00e1sticos. \u00a0<\/p>\n","protected":false},"author":22,"featured_media":0,"parent":0,"menu_order":0,"comment_status":"open","ping_status":"open","template":"","meta":[],"_links":{"self":[{"href":"https:\/\/cpcorella.educacion.navarra.es\/blogs\/edfis\/wp-json\/wp\/v2\/pages\/102"}],"collection":[{"href":"https:\/\/cpcorella.educacion.navarra.es\/blogs\/edfis\/wp-json\/wp\/v2\/pages"}],"about":[{"href":"https:\/\/cpcorella.educacion.navarra.es\/blogs\/edfis\/wp-json\/wp\/v2\/types\/page"}],"author":[{"embeddable":true,"href":"https:\/\/cpcorella.educacion.navarra.es\/blogs\/edfis\/wp-json\/wp\/v2\/users\/22"}],"replies":[{"embeddable":true,"href":"https:\/\/cpcorella.educacion.navarra.es\/blogs\/edfis\/wp-json\/wp\/v2\/comments?post=102"}],"version-history":[{"count":25,"href":"https:\/\/cpcorella.educacion.navarra.es\/blogs\/edfis\/wp-json\/wp\/v2\/pages\/102\/revisions"}],"predecessor-version":[{"id":352,"href":"https:\/\/cpcorella.educacion.navarra.es\/blogs\/edfis\/wp-json\/wp\/v2\/pages\/102\/revisions\/352"}],"wp:attachment":[{"href":"https:\/\/cpcorella.educacion.navarra.es\/blogs\/edfis\/wp-json\/wp\/v2\/media?parent=102"}],"curies":[{"name":"wp","href":"https:\/\/api.w.org\/{rel}","templated":true}]}}