{"id":28,"date":"2020-10-08T17:17:58","date_gmt":"2020-10-08T17:17:58","guid":{"rendered":"https:\/\/cpcorella.educacion.navarra.es\/blogs\/ecoescuela\/?page_id=28"},"modified":"2022-05-08T21:15:15","modified_gmt":"2022-05-08T21:15:15","slug":"documentos","status":"publish","type":"page","link":"https:\/\/cpcorella.educacion.navarra.es\/blogs\/ecoescuela\/documentos\/","title":{"rendered":"DOCUMENTOS"},"content":{"rendered":"\n<ul>\n<li><a href=\"https:\/\/drive.google.com\/file\/d\/1mIp-fGK6JSICJwfDnuuSHX2Lm3P6ZSCv\/view?usp=sharing\">ACTA CONSTITUCI\u00d3N<\/a><\/li>\n<li><a href=\"https:\/\/drive.google.com\/file\/d\/1_CIqZ8071d1smw0ut-utemgWAiJsu9NL\/view?usp=sharing\">DEC\u00c1LOGO<\/a><\/li>\n<li><a href=\"https:\/\/drive.google.com\/file\/d\/1pK-soo7TP_Pi-pkyQSluGHXRR7T9umyb\/view?usp=sharing\">PLAN DE ACCI\u00d3N CURSO 2019\/20<\/a><\/li>\n<li><a href=\"https:\/\/drive.google.com\/file\/d\/1fAkT6CSGNG2egMUZgYgH8QsVeyrGVh1H\/view?usp=sharing\">PLAN DE ACCI\u00d3N CURSO 2020\/21<\/a><\/li>\n<li><a href=\"https:\/\/drive.google.com\/file\/d\/1DfMuYMMERU_3hJA-INPgvhagEQ6L1V_3\/view?usp=sharing\">PLAN DE ACCI\u00d3N CURSO 2021\/22<\/a><\/li>\n<\/ul>\n\n\n\n<p><\/p>\n","protected":false},"excerpt":{"rendered":"<p>ACTA CONSTITUCI\u00d3N DEC\u00c1LOGO PLAN DE ACCI\u00d3N CURSO 2019\/20 PLAN DE ACCI\u00d3N CURSO 2020\/21 PLAN DE ACCI\u00d3N CURSO 2021\/22<\/p>\n","protected":false},"author":6,"featured_media":0,"parent":0,"menu_order":0,"comment_status":"closed","ping_status":"closed","template":"","meta":[],"_links":{"self":[{"href":"https:\/\/cpcorella.educacion.navarra.es\/blogs\/ecoescuela\/wp-json\/wp\/v2\/pages\/28"}],"collection":[{"href":"https:\/\/cpcorella.educacion.navarra.es\/blogs\/ecoescuela\/wp-json\/wp\/v2\/pages"}],"about":[{"href":"https:\/\/cpcorella.educacion.navarra.es\/blogs\/ecoescuela\/wp-json\/wp\/v2\/types\/page"}],"author":[{"embeddable":true,"href":"https:\/\/cpcorella.educacion.navarra.es\/blogs\/ecoescuela\/wp-json\/wp\/v2\/users\/6"}],"replies":[{"embeddable":true,"href":"https:\/\/cpcorella.educacion.navarra.es\/blogs\/ecoescuela\/wp-json\/wp\/v2\/comments?post=28"}],"version-history":[{"count":3,"href":"https:\/\/cpcorella.educacion.navarra.es\/blogs\/ecoescuela\/wp-json\/wp\/v2\/pages\/28\/revisions"}],"predecessor-version":[{"id":44,"href":"https:\/\/cpcorella.educacion.navarra.es\/blogs\/ecoescuela\/wp-json\/wp\/v2\/pages\/28\/revisions\/44"}],"wp:attachment":[{"href":"https:\/\/cpcorella.educacion.navarra.es\/blogs\/ecoescuela\/wp-json\/wp\/v2\/media?parent=28"}],"curies":[{"name":"wp","href":"https:\/\/api.w.org\/{rel}","templated":true}]}}