{"id":972,"date":"2010-11-15T15:55:10","date_gmt":"2010-11-15T15:55:10","guid":{"rendered":"http:\/\/pitagorines.wordpress.com\/"},"modified":"2010-11-15T15:55:10","modified_gmt":"2010-11-15T15:55:10","slug":"unidad-10-un-pueblo-sin-senales-de-trafico","status":"publish","type":"page","link":"https:\/\/cpcorella.educacion.navarra.es\/blogs\/3ciclo\/quinto\/ciudadania\/unidad-10-un-pueblo-sin-senales-de-trafico\/","title":{"rendered":"Unidad 10: Un pueblo sin se\u00f1ales de tr\u00e1fico"},"content":{"rendered":"<table border=\"1\" cellspacing=\"0\" cellpadding=\"0\" width=\"582\">\n<tbody>\n<tr>\n<td width=\"263\"><strong>Unidad 10: Un pueblo sin se\u00f1ales de tr\u00e1fico<\/strong><\/td>\n<td width=\"319\"><strong>Web interactivas<\/strong><\/td>\n<\/tr>\n<tr>\n<td rowspan=\"2\" width=\"263\">Las ciudades se\u00f1alizadas<\/td>\n<td width=\"319\"><a href=\"http:\/\/www.isftic.mepsyd.es\/w3\/recursos\/primaria\/transversales\/vial\/vial_escuela\/index.html\" target=\"_blank\">EDUCACI\u00d3N VIAL EN LA ESCUELA<\/a><\/td>\n<\/tr>\n<tr>\n<td><a href=\"http:\/\/www.fundacioabertis.org\/educacioviaria\/ini.php?lang=esp\" target=\"_blank\">CONDUCE A TU FAMILIA<\/a><\/td>\n<\/tr>\n<tr>\n<td width=\"263\">Conocemos las se\u00f1ales<\/td>\n<td width=\"319\"><a href=\"http:\/\/www.educa.jcyl.es\/educacyl\/cm\/zonaalumnos\/tkPopUp?idContent=31497&amp;locale=es_ES&amp;textOnly=false\" target=\"_blank\">EDUCACI\u00d3N VIAL<\/a><\/td>\n<\/tr>\n<tr>\n<td width=\"263\">Lo que se debe y no se debe hacer<\/td>\n<td width=\"319\">&nbsp;<\/td>\n<\/tr>\n<\/tbody>\n<\/table>\n","protected":false},"excerpt":{"rendered":"<p>Unidad 10: Un pueblo sin se\u00f1ales de tr\u00e1fico Web interactivas Las ciudades se\u00f1alizadas EDUCACI\u00d3N VIAL EN LA ESCUELA CONDUCE A TU FAMILIA Conocemos las se\u00f1ales EDUCACI\u00d3N VIAL Lo que se debe y no se debe hacer &nbsp;<\/p>\n","protected":false},"author":6,"featured_media":0,"parent":959,"menu_order":10,"comment_status":"open","ping_status":"open","template":"","meta":[],"_links":{"self":[{"href":"https:\/\/cpcorella.educacion.navarra.es\/blogs\/3ciclo\/wp-json\/wp\/v2\/pages\/972"}],"collection":[{"href":"https:\/\/cpcorella.educacion.navarra.es\/blogs\/3ciclo\/wp-json\/wp\/v2\/pages"}],"about":[{"href":"https:\/\/cpcorella.educacion.navarra.es\/blogs\/3ciclo\/wp-json\/wp\/v2\/types\/page"}],"author":[{"embeddable":true,"href":"https:\/\/cpcorella.educacion.navarra.es\/blogs\/3ciclo\/wp-json\/wp\/v2\/users\/6"}],"replies":[{"embeddable":true,"href":"https:\/\/cpcorella.educacion.navarra.es\/blogs\/3ciclo\/wp-json\/wp\/v2\/comments?post=972"}],"version-history":[{"count":0,"href":"https:\/\/cpcorella.educacion.navarra.es\/blogs\/3ciclo\/wp-json\/wp\/v2\/pages\/972\/revisions"}],"up":[{"embeddable":true,"href":"https:\/\/cpcorella.educacion.navarra.es\/blogs\/3ciclo\/wp-json\/wp\/v2\/pages\/959"}],"wp:attachment":[{"href":"https:\/\/cpcorella.educacion.navarra.es\/blogs\/3ciclo\/wp-json\/wp\/v2\/media?parent=972"}],"curies":[{"name":"wp","href":"https:\/\/api.w.org\/{rel}","templated":true}]}}