{"id":970,"date":"2010-11-15T15:53:48","date_gmt":"2010-11-15T15:53:48","guid":{"rendered":"http:\/\/pitagorines.wordpress.com\/"},"modified":"2010-11-15T15:53:48","modified_gmt":"2010-11-15T15:53:48","slug":"unidad-8-sociedad-democratica","status":"publish","type":"page","link":"https:\/\/cpcorella.educacion.navarra.es\/blogs\/3ciclo\/quinto\/ciudadania\/unidad-8-sociedad-democratica\/","title":{"rendered":"Unidad 8: Sociedad democr\u00e1tica"},"content":{"rendered":"<table border=\"1\" cellspacing=\"0\" cellpadding=\"0\" width=\"582\">\n<tbody>\n<tr>\n<td width=\"263\"><strong>Unidad 8: Sociedad democr\u00e1tica<\/strong><\/td>\n<td width=\"319\"><strong>Web interactivas<\/strong><\/td>\n<\/tr>\n<tr>\n<td width=\"263\">La democracia<\/td>\n<td width=\"319\">&nbsp;<\/td>\n<\/tr>\n<tr>\n<td rowspan=\"4\" width=\"263\">La Constituci\u00f3n<\/td>\n<td width=\"319\"><a href=\"http:\/\/www.juntadeandalucia.es\/averroes\/sanwalabonso\/wqyct\/ct_constitucion\/index.htm\" target=\"_blank\">Caza del tesoro: LA CONSTITUCI\u00d3N   ESPA\u00d1OLA<\/a><\/td>\n<\/tr>\n<tr>\n<td><a href=\"http:\/\/www.educa.jcyl.es\/educacyl\/cm\/zonaalumnos\/tkPopUp?pgseed=1172689513382&amp;idContent=14400&amp;locale=es_ES&amp;textOnly=false\" target=\"_blank\">D\u00cdA DE LA CONSTITUCI\u00d3N I<\/a><\/td>\n<\/tr>\n<tr>\n<td><a href=\"http:\/\/www.juntadeandalucia.es\/averroes\/html\/adjuntos\/2008\/05\/26\/0007\/index.html\" target=\"_blank\">JUGAMOS A LA CARTA MAGNA<\/a><\/td>\n<\/tr>\n<tr>\n<td><a href=\"http:\/\/www.juntadeandalucia.es\/averroes\/ceip_san_rafael\/CONSTITUCION\/constitucion%20espanola.html\" target=\"_blank\">D\u00cdA DE LA CONSTITUCI\u00d3N II<\/a><\/td>\n<\/tr>\n<tr>\n<td width=\"263\">Servicios para todo<\/td>\n<td width=\"319\">&nbsp;<\/td>\n<\/tr>\n<tr>\n<td width=\"263\">Nueva organizaci\u00f3n en S\u00faperbulla<\/td>\n<td width=\"319\">&nbsp;<\/td>\n<\/tr>\n<\/tbody>\n<\/table>\n","protected":false},"excerpt":{"rendered":"<p>Unidad 8: Sociedad democr\u00e1tica Web interactivas La democracia &nbsp; La Constituci\u00f3n Caza del tesoro: LA CONSTITUCI\u00d3N ESPA\u00d1OLA D\u00cdA DE LA CONSTITUCI\u00d3N I JUGAMOS A LA CARTA MAGNA D\u00cdA DE LA CONSTITUCI\u00d3N II Servicios para todo &nbsp; Nueva organizaci\u00f3n en S\u00faperbulla &nbsp;<\/p>\n","protected":false},"author":6,"featured_media":0,"parent":959,"menu_order":8,"comment_status":"open","ping_status":"open","template":"","meta":[],"_links":{"self":[{"href":"https:\/\/cpcorella.educacion.navarra.es\/blogs\/3ciclo\/wp-json\/wp\/v2\/pages\/970"}],"collection":[{"href":"https:\/\/cpcorella.educacion.navarra.es\/blogs\/3ciclo\/wp-json\/wp\/v2\/pages"}],"about":[{"href":"https:\/\/cpcorella.educacion.navarra.es\/blogs\/3ciclo\/wp-json\/wp\/v2\/types\/page"}],"author":[{"embeddable":true,"href":"https:\/\/cpcorella.educacion.navarra.es\/blogs\/3ciclo\/wp-json\/wp\/v2\/users\/6"}],"replies":[{"embeddable":true,"href":"https:\/\/cpcorella.educacion.navarra.es\/blogs\/3ciclo\/wp-json\/wp\/v2\/comments?post=970"}],"version-history":[{"count":0,"href":"https:\/\/cpcorella.educacion.navarra.es\/blogs\/3ciclo\/wp-json\/wp\/v2\/pages\/970\/revisions"}],"up":[{"embeddable":true,"href":"https:\/\/cpcorella.educacion.navarra.es\/blogs\/3ciclo\/wp-json\/wp\/v2\/pages\/959"}],"wp:attachment":[{"href":"https:\/\/cpcorella.educacion.navarra.es\/blogs\/3ciclo\/wp-json\/wp\/v2\/media?parent=970"}],"curies":[{"name":"wp","href":"https:\/\/api.w.org\/{rel}","templated":true}]}}