{"id":968,"date":"2010-11-15T15:51:09","date_gmt":"2010-11-15T15:51:09","guid":{"rendered":"http:\/\/pitagorines.wordpress.com\/"},"modified":"2010-11-15T15:51:09","modified_gmt":"2010-11-15T15:51:09","slug":"unidad-6-personas-muy-ricas-y-personas-muy-pobres","status":"publish","type":"page","link":"https:\/\/cpcorella.educacion.navarra.es\/blogs\/3ciclo\/quinto\/ciudadania\/unidad-6-personas-muy-ricas-y-personas-muy-pobres\/","title":{"rendered":"Unidad 6: Personas muy ricas y personas muy pobres"},"content":{"rendered":"<table border=\"1\" cellspacing=\"0\" cellpadding=\"0\" width=\"633\">\n<tbody>\n<tr>\n<td width=\"206\"><strong>Unidad 6: Personas muy ricas y personas muy pobres<\/strong><\/td>\n<td width=\"427\"><strong>Web interactivas<\/strong><\/td>\n<\/tr>\n<tr>\n<td width=\"206\">Analizamos la desigualdad<\/td>\n<td width=\"427\"><a href=\"http:\/\/www.juntadeandalucia.es\/averroes\/carambolo\/WEB%20JCLIC2\/Agrega\/Medio\/El%20cuarto%20mundo\/contenido\/index.html\" target=\"_blank\">EL CUARTO MUNDO<\/a><\/td>\n<\/tr>\n<tr>\n<td width=\"206\">Los pa\u00edses ricos y los pa\u00edses pobres<\/td>\n<td width=\"427\"><a href=\"http:\/\/consumo.greenpeace.es\/\" target=\"_blank\">CONSUMO RESPONSABLE<\/a><\/td>\n<\/tr>\n<tr>\n<td width=\"206\">Efectos de la pobreza: personas sin techo<\/td>\n<td width=\"427\"><a href=\"http:\/\/www.educared.net\/aprende\/anavegar7\/alumnos\/htm_alumnes\/ganadores\/Modalidad%20A\/Categoria%204\/2_1046\/index.htm\" target=\"_blank\">\u00bfINDIGENTES O&#8230; PERSONAS?<\/a><\/td>\n<\/tr>\n<tr>\n<td rowspan=\"6\" width=\"206\">Un mundo m\u00e1s justo es posible<\/td>\n<td width=\"427\"><a href=\"http:\/\/www.historiasdelmilenio.com\/pobreza_extrema_hambre.html\" target=\"_blank\">V\u00eddeo: ERRADICAR LA POBREZA EXTREMA   (30&#8242; 19&#8243;)<\/a><\/td>\n<\/tr>\n<tr>\n<td><a href=\"http:\/\/www.historiasdelmilenio.com\/educacion_universal_primaria.html\" target=\"_blank\">V\u00eddeo: EDUCACI\u00d3N PRIMARIA UNIVERSAL   (26&#8242; 26&#8243;)<\/a><\/td>\n<\/tr>\n<tr>\n<td><a href=\"http:\/\/www.historiasdelmilenio.com\/mortalidad_infantil.html\" target=\"_blank\">V\u00eddeo: REDUCIR LA MORTALIDAD   INFANTIL (25&#8242; 49&#8243;)<\/a><\/td>\n<\/tr>\n<tr>\n<td><a href=\"http:\/\/www.historiasdelmilenio.com\/mortalidad_materna.html\" target=\"_blank\">V\u00eddeo: REDUCIR LA MORTALIDAD MATERNA   (27&#8242; 07&#8243;)<\/a><\/td>\n<\/tr>\n<tr>\n<td><a href=\"http:\/\/www.historiasdelmilenio.com\/medio_ambiente_respeto.html\" target=\"_blank\">V\u00eddeo: GARANTIZAR LA SOSTENIBILIDAD   DEL MEDIO AMBIENTE (25&#8242; 57&#8243;) <\/a><\/td>\n<\/tr>\n<tr>\n<td><a href=\"http:\/\/honoloko.eea.europa.eu\/Honoloko.html\" target=\"_blank\">HONOLOKO<\/a><\/td>\n<\/tr>\n<tr>\n<td width=\"206\">Imaginamos un mundo m\u00e1s justo<\/td>\n<td width=\"427\"><a href=\"http:\/\/www.andaluna.org\/\" target=\"_blank\">ANDALUNA Y SAMIR<\/a><\/td>\n<\/tr>\n<\/tbody>\n<\/table>\n","protected":false},"excerpt":{"rendered":"<p>Unidad 6: Personas muy ricas y personas muy pobres Web interactivas Analizamos la desigualdad EL CUARTO MUNDO Los pa\u00edses ricos y los pa\u00edses pobres CONSUMO RESPONSABLE Efectos de la pobreza: personas sin techo \u00bfINDIGENTES O&#8230; PERSONAS? Un mundo m\u00e1s justo es posible V\u00eddeo: ERRADICAR LA POBREZA EXTREMA (30&#8242; 19&#8243;) V\u00eddeo: EDUCACI\u00d3N PRIMARIA UNIVERSAL (26&#8242; 26&#8243;) [&hellip;]<\/p>\n","protected":false},"author":6,"featured_media":0,"parent":959,"menu_order":6,"comment_status":"open","ping_status":"open","template":"","meta":[],"_links":{"self":[{"href":"https:\/\/cpcorella.educacion.navarra.es\/blogs\/3ciclo\/wp-json\/wp\/v2\/pages\/968"}],"collection":[{"href":"https:\/\/cpcorella.educacion.navarra.es\/blogs\/3ciclo\/wp-json\/wp\/v2\/pages"}],"about":[{"href":"https:\/\/cpcorella.educacion.navarra.es\/blogs\/3ciclo\/wp-json\/wp\/v2\/types\/page"}],"author":[{"embeddable":true,"href":"https:\/\/cpcorella.educacion.navarra.es\/blogs\/3ciclo\/wp-json\/wp\/v2\/users\/6"}],"replies":[{"embeddable":true,"href":"https:\/\/cpcorella.educacion.navarra.es\/blogs\/3ciclo\/wp-json\/wp\/v2\/comments?post=968"}],"version-history":[{"count":0,"href":"https:\/\/cpcorella.educacion.navarra.es\/blogs\/3ciclo\/wp-json\/wp\/v2\/pages\/968\/revisions"}],"up":[{"embeddable":true,"href":"https:\/\/cpcorella.educacion.navarra.es\/blogs\/3ciclo\/wp-json\/wp\/v2\/pages\/959"}],"wp:attachment":[{"href":"https:\/\/cpcorella.educacion.navarra.es\/blogs\/3ciclo\/wp-json\/wp\/v2\/media?parent=968"}],"curies":[{"name":"wp","href":"https:\/\/api.w.org\/{rel}","templated":true}]}}