{"id":965,"date":"2010-11-15T15:45:20","date_gmt":"2010-11-15T15:45:20","guid":{"rendered":"http:\/\/pitagorines.wordpress.com\/"},"modified":"2010-11-15T15:45:20","modified_gmt":"2010-11-15T15:45:20","slug":"unidad-3-puzzle-de-culturas","status":"publish","type":"page","link":"https:\/\/cpcorella.educacion.navarra.es\/blogs\/3ciclo\/quinto\/ciudadania\/unidad-3-puzzle-de-culturas\/","title":{"rendered":"Unidad 3: Puzzle de culturas"},"content":{"rendered":"<table border=\"1\" cellspacing=\"0\" cellpadding=\"0\" width=\"622\">\n<tbody>\n<tr>\n<td width=\"223\"><strong>Unidad 3: Puzzle de culturas<\/strong><\/td>\n<td width=\"399\"><strong>Web interactivas<\/strong><\/td>\n<\/tr>\n<tr>\n<td rowspan=\"5\" width=\"223\">Comprendemos lo que significa emigrar<\/td>\n<td width=\"399\"><a href=\"http:\/\/www.educared.net\/concurso2002\/201\/inmigrantes\/portada.htm\" target=\"_blank\">INMIGRANTES I<\/a><\/td>\n<\/tr>\n<tr>\n<td><a href=\"http:\/\/www.tinglado.net\/?id=inmigrantes\" target=\"_blank\">INMIGRANTES II<\/a><\/td>\n<\/tr>\n<tr>\n<td><a href=\"http:\/\/www.unfpa.org\/swp\/2006\/multimedia_presentation\/multimedia_spanish.html\" target=\"_blank\">MUJERES Y MIGRACI\u00d3N<\/a><\/td>\n<\/tr>\n<tr>\n<td><a href=\"http:\/\/www.contravientoymarea.org\/\" target=\"_blank\">CONTRA VIENTO Y MAREA<\/a><\/td>\n<\/tr>\n<tr>\n<td><a href=\"http:\/\/www.historiasdelmilenio.com\/desarrollo_asociacion_mundial.html\" target=\"_blank\">V\u00eddeo: ASOCIACI\u00d3N MUNDIAL PARA EL   DESARROLLO (29&#8242; 14&#8243;) <\/a><\/td>\n<\/tr>\n<tr>\n<td rowspan=\"2\" width=\"223\">Exploramos nuestras actitudes<\/td>\n<td width=\"399\"><a href=\"http:\/\/escoladeismail2.blogspot.com\/2010\/06\/azur-y-asmar.html\" target=\"_blank\">V\u00eddeo: AZUR Y ASMAR (1h 34&#8242;)<\/a><\/td>\n<\/tr>\n<tr>\n<td><a href=\"http:\/\/www.tinglado.net\/?id=azur-y-asmar\" target=\"_blank\">Actividades sobre el v\u00eddeo: AZUR Y   ASMAR<\/a><\/td>\n<\/tr>\n<tr>\n<td rowspan=\"2\" width=\"223\">Reflexionamos sobre el racismo y la xenofobia<\/td>\n<td width=\"399\"><a href=\"http:\/\/www.juntadeandalucia.es\/averroes\/sanwalabonso\/wqyct\/ct_racismo\/racismo.htm\" target=\"_blank\">Caza del tesoro: \u00bfDISCRIMINACI\u00d3N   RACIAL?<\/a><\/td>\n<\/tr>\n<tr>\n<td><a href=\"http:\/\/www.interpeques2.com\/trabajos\/webquestholocausto\/html\/principal.html\" target=\"_blank\">WebQuest: ERIKA Y EL HOLOCAUSTO<\/a><\/td>\n<\/tr>\n<tr>\n<td width=\"223\">Un mundo diverso<\/td>\n<td width=\"399\"><a href=\"http:\/\/contenidos.proyectoagrega.es\/visualizar\/es\/es_2009091613_4528234\/false\" target=\"_blank\">INTERCULTURALIDAD<\/a><\/td>\n<\/tr>\n<\/tbody>\n<\/table>\n","protected":false},"excerpt":{"rendered":"<p>Unidad 3: Puzzle de culturas Web interactivas Comprendemos lo que significa emigrar INMIGRANTES I INMIGRANTES II MUJERES Y MIGRACI\u00d3N CONTRA VIENTO Y MAREA V\u00eddeo: ASOCIACI\u00d3N MUNDIAL PARA EL DESARROLLO (29&#8242; 14&#8243;) Exploramos nuestras actitudes V\u00eddeo: AZUR Y ASMAR (1h 34&#8242;) Actividades sobre el v\u00eddeo: AZUR Y ASMAR Reflexionamos sobre el racismo y la xenofobia Caza [&hellip;]<\/p>\n","protected":false},"author":6,"featured_media":0,"parent":959,"menu_order":3,"comment_status":"open","ping_status":"open","template":"","meta":[],"_links":{"self":[{"href":"https:\/\/cpcorella.educacion.navarra.es\/blogs\/3ciclo\/wp-json\/wp\/v2\/pages\/965"}],"collection":[{"href":"https:\/\/cpcorella.educacion.navarra.es\/blogs\/3ciclo\/wp-json\/wp\/v2\/pages"}],"about":[{"href":"https:\/\/cpcorella.educacion.navarra.es\/blogs\/3ciclo\/wp-json\/wp\/v2\/types\/page"}],"author":[{"embeddable":true,"href":"https:\/\/cpcorella.educacion.navarra.es\/blogs\/3ciclo\/wp-json\/wp\/v2\/users\/6"}],"replies":[{"embeddable":true,"href":"https:\/\/cpcorella.educacion.navarra.es\/blogs\/3ciclo\/wp-json\/wp\/v2\/comments?post=965"}],"version-history":[{"count":0,"href":"https:\/\/cpcorella.educacion.navarra.es\/blogs\/3ciclo\/wp-json\/wp\/v2\/pages\/965\/revisions"}],"up":[{"embeddable":true,"href":"https:\/\/cpcorella.educacion.navarra.es\/blogs\/3ciclo\/wp-json\/wp\/v2\/pages\/959"}],"wp:attachment":[{"href":"https:\/\/cpcorella.educacion.navarra.es\/blogs\/3ciclo\/wp-json\/wp\/v2\/media?parent=965"}],"curies":[{"name":"wp","href":"https:\/\/api.w.org\/{rel}","templated":true}]}}