{"id":964,"date":"2010-11-15T15:43:15","date_gmt":"2010-11-15T15:43:15","guid":{"rendered":"http:\/\/pitagorines.wordpress.com\/"},"modified":"2010-11-15T15:43:15","modified_gmt":"2010-11-15T15:43:15","slug":"unidad-2-una-companera-nueva-en-clase-llamada-down","status":"publish","type":"page","link":"https:\/\/cpcorella.educacion.navarra.es\/blogs\/3ciclo\/quinto\/ciudadania\/unidad-2-una-companera-nueva-en-clase-llamada-down\/","title":{"rendered":"Unidad 2: Una compa\u00f1era nueva en clase llamada \u00bfDown?"},"content":{"rendered":"<p><!--[if gte mso 9]&gt;  Normal 0   21   false false false  ES X-NONE X-NONE              MicrosoftInternetExplorer4              &lt;![endif]--><!--[if gte mso 9]&gt;                                                                                                                                            &lt;![endif]--><!--[if gte mso 10]&gt;--><\/p>\n<table class=\"MsoNormalTable\" style=\"border:1pt outset #74c8fa;width:443.5pt\" border=\"1\" cellspacing=\"0\" cellpadding=\"0\" width=\"591\">\n<tbody>\n<tr>\n<td style=\"border:1pt inset #74c8fa;background:#ffcc00 none repeat scroll 0 0;width:189.2pt;padding:0\" width=\"252\">\n<p class=\"MsoNormal\" style=\"margin-bottom:.0001pt;text-align:center;line-height:normal\"><strong><span>Unidad 2: Una compa\u00f1era nueva en clase llamada   \u00bfDown?<\/span><\/strong><\/p>\n<\/td>\n<td style=\"border:1pt inset #74c8fa;background:#ffcc00 none repeat scroll 0 0;width:254.3pt;padding:0\" width=\"339\">\n<p class=\"MsoNormal\" style=\"margin-bottom:.0001pt;text-align:center;line-height:normal\"><strong><span>Web interactivas<\/span><\/strong><\/p>\n<\/td>\n<\/tr>\n<tr>\n<td style=\"border:1pt inset #74c8fa;background:#ffffaa none repeat scroll 0 0;width:189.2pt;padding:0\" rowspan=\"2\" width=\"252\">\n<p class=\"MsoNormal\" style=\"margin-bottom:.0001pt;text-align:center;line-height:normal\"><span>Las personas con discapacidad <\/span><\/p>\n<\/td>\n<td style=\"border:1pt inset #74c8fa;background:#ffffaa none repeat scroll 0 0;width:254.3pt;padding:0\" width=\"339\">\n<p class=\"MsoNormal\" style=\"margin-bottom:.0001pt;text-align:center;line-height:normal\"><span><a href=\"http:\/\/educalia.educared.net\/aacc\/s\/menufs.html\" target=\"_blank\"><span style=\"color:blue\">AMIGOS CAPACES<\/span><\/a> <\/span><\/p>\n<\/td>\n<\/tr>\n<tr>\n<td style=\"border:1pt inset #74c8fa;background:#ffffaa none repeat scroll 0 0;padding:0\">\n<p class=\"MsoNormal\" style=\"margin-bottom:.0001pt;text-align:center;line-height:normal\"><span><a href=\"http:\/\/www.educared.net\/concurso2001\/1003\/index.htm\" target=\"_blank\"><span style=\"color:blue\">DISCAPACITADOS: ESP\u00cdRITU DE SUPERACI\u00d3N<\/span><\/a> <\/span><\/p>\n<\/td>\n<\/tr>\n<tr>\n<td style=\"border:1pt inset #74c8fa;background:white none repeat scroll 0 0;width:189.2pt;padding:0\" width=\"252\">\n<p class=\"MsoNormal\" style=\"margin-bottom:.0001pt;text-align:center;line-height:normal\"><span>Analizamos nuestras reacciones <\/span><\/p>\n<\/td>\n<td style=\"border:1pt inset #74c8fa;background:white none repeat scroll 0 0;width:254.3pt;padding:0\" width=\"339\">\n<p class=\"MsoNormal\" style=\"margin-bottom:.0001pt;text-align:center;line-height:normal\"><span><a href=\"http:\/\/www.educared.net\/aprende\/anavegar3\/premiados\/ganadores\/a\/1126\/index.htm\" target=\"_blank\"><span style=\"color:blue\">LA CASA DE LAS RESPUESTAS<\/span><\/a> <\/span><\/p>\n<\/td>\n<\/tr>\n<tr>\n<td style=\"border:1pt inset #74c8fa;background:#ffffaa none repeat scroll 0 0;width:189.2pt;padding:0\" width=\"252\">\n<p class=\"MsoNormal\" style=\"margin-bottom:.0001pt;text-align:center;line-height:normal\"><span>Barreras a la participaci\u00f3n de las personas con   discapacidad <\/span><\/p>\n<\/td>\n<td style=\"border:1pt inset #74c8fa;background:#ffffaa none repeat scroll 0 0;width:254.3pt;padding:0\" width=\"339\">\n<p class=\"MsoNormal\" style=\"margin-bottom:.0001pt;line-height:normal\"><span> <\/span><\/p>\n<\/td>\n<\/tr>\n<tr>\n<td style=\"border:1pt inset #74c8fa;background:white none repeat scroll 0 0;width:189.2pt;padding:0\" width=\"252\">\n<p class=\"MsoNormal\" style=\"margin-bottom:.0001pt;text-align:center;line-height:normal\"><span>Continuamos la historia de Mar\u00eda <\/span><\/p>\n<\/td>\n<td style=\"border:1pt inset #74c8fa;background:white none repeat scroll 0 0;width:254.3pt;padding:0\" width=\"339\">\n<p class=\"MsoNormal\" style=\"margin-bottom:.0001pt;line-height:normal\"><span> <\/span><\/p>\n<\/td>\n<\/tr>\n<\/tbody>\n<\/table>\n<div id=\"_mcePaste\" class=\"mcePaste\" style=\"overflow:hidden;width:1px;height:1px\"><!--[if gte mso 9]&gt;  Normal 0   21   false false false  ES X-NONE X-NONE              MicrosoftInternetExplorer4              &lt;![endif]--><!--[if gte mso 9]&gt;                                                                                                                                            &lt;![endif]--><!--[if gte mso 10]&gt; &lt;!   \/* Style Definitions *\/  table.MsoNormalTable \t{mso-style-name:&quot;Tabla normal&quot;; \tmso-tstyle-rowband-size:0; \tmso-tstyle-colband-size:0; \tmso-style-noshow:yes; \tmso-style-priority:99; \tmso-style-qformat:yes; \tmso-style-parent:&quot;&quot;; \tmso-padding-alt:0cm 5.4pt 0cm 5.4pt; \tmso-para-margin-top:0cm; \tmso-para-margin-right:0cm; \tmso-para-margin-bottom:10.0pt; \tmso-para-margin-left:0cm; \tline-height:115%; \tmso-pagination:widow-orphan; \tfont-size:10.0pt; \tfont-family:&quot;Times New Roman&quot;,&quot;serif&quot;; \tmso-fareast-font-family:&quot;Times New Roman&quot;;} --> <!--[endif]-->&nbsp;<\/p>\n<table class=\"MsoNormalTable\" style=\"border:1pt outset #74c8fa;width:443.5pt\" border=\"1\" cellspacing=\"0\" cellpadding=\"0\" width=\"591\">\n<tbody>\n<tr>\n<td style=\"border:1pt inset #74c8fa;background:#ffcc00 none repeat scroll 0 0;width:189.2pt;padding:0\" width=\"252\">\n<p class=\"MsoNormal\" style=\"margin-bottom:.0001pt;text-align:center;line-height:normal\"><strong><span>Unidad 2: Una compa\u00f1era nueva en clase llamada   \u00bfDown?<\/span><\/strong><\/p>\n<\/td>\n<td style=\"border:1pt inset #74c8fa;background:#ffcc00 none repeat scroll 0 0;width:254.3pt;padding:0\" width=\"339\">\n<p class=\"MsoNormal\" style=\"margin-bottom:.0001pt;text-align:center;line-height:normal\"><strong><span>Web interactivas<\/span><\/strong><\/p>\n<\/td>\n<\/tr>\n<tr>\n<td style=\"border:1pt inset #74c8fa;background:#ffffaa none repeat scroll 0 0;width:189.2pt;padding:0\" rowspan=\"2\" width=\"252\">\n<p class=\"MsoNormal\" style=\"margin-bottom:.0001pt;text-align:center;line-height:normal\"><span>Las personas con discapacidad <\/span><\/p>\n<\/td>\n<td style=\"border:1pt inset #74c8fa;background:#ffffaa none repeat scroll 0 0;width:254.3pt;padding:0\" width=\"339\">\n<p class=\"MsoNormal\" style=\"margin-bottom:.0001pt;text-align:center;line-height:normal\"><span><a href=\"http:\/\/educalia.educared.net\/aacc\/s\/menufs.html\" target=\"_blank\"><span style=\"color:blue\">AMIGOS CAPACES<\/span><\/a> <\/span><\/p>\n<\/td>\n<\/tr>\n<tr>\n<td style=\"border:1pt inset #74c8fa;background:#ffffaa none repeat scroll 0 0;padding:0\">\n<p class=\"MsoNormal\" style=\"margin-bottom:.0001pt;text-align:center;line-height:normal\"><span><a href=\"http:\/\/www.educared.net\/concurso2001\/1003\/index.htm\" target=\"_blank\"><span style=\"color:blue\">DISCAPACITADOS: ESP\u00cdRITU DE SUPERACI\u00d3N<\/span><\/a> <\/span><\/p>\n<\/td>\n<\/tr>\n<tr>\n<td style=\"border:1pt inset #74c8fa;background:white none repeat scroll 0 0;width:189.2pt;padding:0\" width=\"252\">\n<p class=\"MsoNormal\" style=\"margin-bottom:.0001pt;text-align:center;line-height:normal\"><span>Analizamos nuestras reacciones <\/span><\/p>\n<\/td>\n<td style=\"border:1pt inset #74c8fa;background:white none repeat scroll 0 0;width:254.3pt;padding:0\" width=\"339\">\n<p class=\"MsoNormal\" style=\"margin-bottom:.0001pt;text-align:center;line-height:normal\"><span><a href=\"http:\/\/www.educared.net\/aprende\/anavegar3\/premiados\/ganadores\/a\/1126\/index.htm\" target=\"_blank\"><span style=\"color:blue\">LA CASA DE LAS RESPUESTAS<\/span><\/a> <\/span><\/p>\n<\/td>\n<\/tr>\n<tr>\n<td style=\"border:1pt inset #74c8fa;background:#ffffaa none repeat scroll 0 0;width:189.2pt;padding:0\" width=\"252\">\n<p class=\"MsoNormal\" style=\"margin-bottom:.0001pt;text-align:center;line-height:normal\"><span>Barreras a la participaci\u00f3n de las personas con   discapacidad <\/span><\/p>\n<\/td>\n<td style=\"border:1pt inset #74c8fa;background:#ffffaa none repeat scroll 0 0;width:254.3pt;padding:0\" width=\"339\">\n<p class=\"MsoNormal\" style=\"margin-bottom:.0001pt;line-height:normal\"><span> <\/span><\/p>\n<\/td>\n<\/tr>\n<tr>\n<td style=\"border:1pt inset #74c8fa;background:white none repeat scroll 0 0;width:189.2pt;padding:0\" width=\"252\">\n<p class=\"MsoNormal\" style=\"margin-bottom:.0001pt;text-align:center;line-height:normal\"><span>Continuamos la historia de Mar\u00eda <\/span><\/p>\n<\/td>\n<td style=\"border:1pt inset #74c8fa;background:white none repeat scroll 0 0;width:254.3pt;padding:0\" width=\"339\">\n<p class=\"MsoNormal\" style=\"margin-bottom:.0001pt;line-height:normal\"><span> <\/span><\/p>\n<\/td>\n<\/tr>\n<\/tbody>\n<\/table>\n<\/div>\n","protected":false},"excerpt":{"rendered":"<p>Unidad 2: Una compa\u00f1era nueva en clase llamada \u00bfDown? Web interactivas Las personas con discapacidad AMIGOS CAPACES DISCAPACITADOS: ESP\u00cdRITU DE SUPERACI\u00d3N Analizamos nuestras reacciones LA CASA DE LAS RESPUESTAS Barreras a la participaci\u00f3n de las personas con discapacidad Continuamos la historia de Mar\u00eda &nbsp; Unidad 2: Una compa\u00f1era nueva en clase llamada \u00bfDown? Web interactivas [&hellip;]<\/p>\n","protected":false},"author":6,"featured_media":0,"parent":959,"menu_order":2,"comment_status":"open","ping_status":"open","template":"","meta":[],"_links":{"self":[{"href":"https:\/\/cpcorella.educacion.navarra.es\/blogs\/3ciclo\/wp-json\/wp\/v2\/pages\/964"}],"collection":[{"href":"https:\/\/cpcorella.educacion.navarra.es\/blogs\/3ciclo\/wp-json\/wp\/v2\/pages"}],"about":[{"href":"https:\/\/cpcorella.educacion.navarra.es\/blogs\/3ciclo\/wp-json\/wp\/v2\/types\/page"}],"author":[{"embeddable":true,"href":"https:\/\/cpcorella.educacion.navarra.es\/blogs\/3ciclo\/wp-json\/wp\/v2\/users\/6"}],"replies":[{"embeddable":true,"href":"https:\/\/cpcorella.educacion.navarra.es\/blogs\/3ciclo\/wp-json\/wp\/v2\/comments?post=964"}],"version-history":[{"count":0,"href":"https:\/\/cpcorella.educacion.navarra.es\/blogs\/3ciclo\/wp-json\/wp\/v2\/pages\/964\/revisions"}],"up":[{"embeddable":true,"href":"https:\/\/cpcorella.educacion.navarra.es\/blogs\/3ciclo\/wp-json\/wp\/v2\/pages\/959"}],"wp:attachment":[{"href":"https:\/\/cpcorella.educacion.navarra.es\/blogs\/3ciclo\/wp-json\/wp\/v2\/media?parent=964"}],"curies":[{"name":"wp","href":"https:\/\/api.w.org\/{rel}","templated":true}]}}