{"id":963,"date":"2010-11-15T15:31:13","date_gmt":"2010-11-15T15:31:13","guid":{"rendered":"http:\/\/pitagorines.wordpress.com\/"},"modified":"2010-11-15T15:31:13","modified_gmt":"2010-11-15T15:31:13","slug":"unidad-1-aprendemos-a-convivir","status":"publish","type":"page","link":"https:\/\/cpcorella.educacion.navarra.es\/blogs\/3ciclo\/quinto\/ciudadania\/unidad-1-aprendemos-a-convivir\/","title":{"rendered":"Unidad 1: Aprendemos a convivir"},"content":{"rendered":"<table border=\"1\" cellspacing=\"0\" cellpadding=\"0\" width=\"582\">\n<tbody>\n<tr>\n<td width=\"263\"><strong>Unidad 1: Aprendemos a convivir <\/strong><\/td>\n<td width=\"319\"><strong>Web interactivas<\/strong><\/td>\n<\/tr>\n<tr>\n<td width=\"263\"><\/td>\n<td width=\"319\"><a href=\"http:\/\/www.youtube.com\/watch?v=17a4lkG_wQU\" target=\"_blank\">V\u00eddeo: KIRIKOU Y LA BRUJA (10&#8242;   08&#8243;) (parte 1\/8)<\/a><\/td>\n<\/tr>\n<tr>\n<td width=\"263\"><\/td>\n<td width=\"319\"><\/td>\n<\/tr>\n<tr>\n<td width=\"263\">Comprendemos nuestras emociones<\/td>\n<td width=\"319\"><a href=\"http:\/\/www.cuentosparaconversar.net\/edex_cast.htm\" target=\"_blank\">CUENTOS PARA CONVERSAR<\/a><\/td>\n<\/tr>\n<tr>\n<td width=\"263\">Mejoramos la empat\u00eda<\/td>\n<td width=\"319\"><\/td>\n<\/tr>\n<tr>\n<td width=\"263\">Mejoramos la asertividad<\/td>\n<td width=\"319\"><\/td>\n<\/tr>\n<tr>\n<td width=\"263\">Aprendemos a resolver conflictos<\/td>\n<td width=\"319\"><\/td>\n<\/tr>\n<tr>\n<td width=\"263\">Redactamos otro final para la historia<\/td>\n<td width=\"319\"><a href=\"http:\/\/ladespensaeducativa.com\/cuento\/indexmca.swf\" target=\"_blank\">UN CUADRADO EN EL PA\u00cdS DE LOS REDONDOS<\/a>&nbsp;<\/p>\n<p><a href=\"http:\/\/ladespensaeducativa.com\/cuento\/indexcuadrado.htm\" target=\"_blank\">Un cuadrado en el pa\u00eds de los redondos<\/a><\/td>\n<\/tr>\n<\/tbody>\n<\/table>\n","protected":false},"excerpt":{"rendered":"<p>Unidad 1: Aprendemos a convivir Web interactivas V\u00eddeo: KIRIKOU Y LA BRUJA (10&#8242; 08&#8243;) (parte 1\/8) Comprendemos nuestras emociones CUENTOS PARA CONVERSAR Mejoramos la empat\u00eda Mejoramos la asertividad Aprendemos a resolver conflictos Redactamos otro final para la historia UN CUADRADO EN EL PA\u00cdS DE LOS REDONDOS&nbsp; Un cuadrado en el pa\u00eds de los redondos<\/p>\n","protected":false},"author":6,"featured_media":0,"parent":959,"menu_order":1,"comment_status":"open","ping_status":"open","template":"","meta":[],"_links":{"self":[{"href":"https:\/\/cpcorella.educacion.navarra.es\/blogs\/3ciclo\/wp-json\/wp\/v2\/pages\/963"}],"collection":[{"href":"https:\/\/cpcorella.educacion.navarra.es\/blogs\/3ciclo\/wp-json\/wp\/v2\/pages"}],"about":[{"href":"https:\/\/cpcorella.educacion.navarra.es\/blogs\/3ciclo\/wp-json\/wp\/v2\/types\/page"}],"author":[{"embeddable":true,"href":"https:\/\/cpcorella.educacion.navarra.es\/blogs\/3ciclo\/wp-json\/wp\/v2\/users\/6"}],"replies":[{"embeddable":true,"href":"https:\/\/cpcorella.educacion.navarra.es\/blogs\/3ciclo\/wp-json\/wp\/v2\/comments?post=963"}],"version-history":[{"count":0,"href":"https:\/\/cpcorella.educacion.navarra.es\/blogs\/3ciclo\/wp-json\/wp\/v2\/pages\/963\/revisions"}],"up":[{"embeddable":true,"href":"https:\/\/cpcorella.educacion.navarra.es\/blogs\/3ciclo\/wp-json\/wp\/v2\/pages\/959"}],"wp:attachment":[{"href":"https:\/\/cpcorella.educacion.navarra.es\/blogs\/3ciclo\/wp-json\/wp\/v2\/media?parent=963"}],"curies":[{"name":"wp","href":"https:\/\/api.w.org\/{rel}","templated":true}]}}