{"id":959,"date":"2010-11-15T15:23:32","date_gmt":"2010-11-15T15:23:32","guid":{"rendered":"http:\/\/pitagorines.wordpress.com\/"},"modified":"2010-11-15T15:23:32","modified_gmt":"2010-11-15T15:23:32","slug":"ciudadania","status":"publish","type":"page","link":"https:\/\/cpcorella.educacion.navarra.es\/blogs\/3ciclo\/quinto\/ciudadania\/","title":{"rendered":"CIUDADAN\u00cdA"},"content":{"rendered":"<table border=\"1\" cellspacing=\"0\" cellpadding=\"0\" width=\"582\">\n<tbody>\n<tr>\n<td width=\"263\">GRACIAS AL COLEGIO NTRA. SRA DE LORETO DE CORDOBA POR ESTA FANT\u00c1STICA SECUENCIACI\u00d3N DE CONTENIDOS PARA TRABAJAR LA ASIGNATURA.<\/p>\n<p><strong>nidad 1: Aprendemos a convivir <\/strong><\/td>\n<td width=\"319\">&nbsp;<\/p>\n<p>&nbsp;<\/p>\n<p>&nbsp;<\/p>\n<p><strong>Web interactivas<\/strong><\/td>\n<\/tr>\n<tr>\n<td width=\"263\"><\/td>\n<td width=\"319\"><a href=\"http:\/\/www.youtube.com\/watch?v=17a4lkG_wQU\" target=\"_blank\">V\u00eddeo: KIRIKOU Y LA BRUJA (10&#8242;   08&#8243;) (parte 1\/8)<\/a><\/td>\n<\/tr>\n<tr>\n<td width=\"263\"><\/td>\n<td width=\"319\">V\u00eddeo: KIRIKOU Y LA BRUJA (1h 10&#8242; 49&#8243;)<br \/>\n(versi\u00f3n completa) (solicitar)<\/td>\n<\/tr>\n<tr>\n<td width=\"263\">Comprendemos nuestras emociones<\/td>\n<td width=\"319\"><a href=\"http:\/\/www.cuentosparaconversar.net\/edex_cast.htm\" target=\"_blank\">CUENTOS PARA CONVERSAR<\/a><\/td>\n<\/tr>\n<tr>\n<td width=\"263\">Mejoramos la empat\u00eda<\/td>\n<td width=\"319\"><\/td>\n<\/tr>\n<tr>\n<td width=\"263\">Mejoramos la asertividad<\/td>\n<td width=\"319\"><\/td>\n<\/tr>\n<tr>\n<td width=\"263\">Aprendemos a resolver conflictos<\/td>\n<td width=\"319\"><\/td>\n<\/tr>\n<tr>\n<td width=\"263\">Redactamos otro final para la historia<\/td>\n<td width=\"319\"><a href=\"http:\/\/ladespensaeducativa.com\/cuento\/indexmca.swf\" target=\"_blank\">UN CUADRADO EN EL PA\u00cdS DE LOS REDONDOS<\/a>&nbsp;<\/p>\n<p><a href=\"http:\/\/ladespensaeducativa.com\/cuento\/indexcuadrado.htm\" target=\"_blank\">Un cuadrado en el pa\u00eds de los redondos<\/a><\/td>\n<\/tr>\n<\/tbody>\n<\/table>\n<table border=\"1\" cellspacing=\"0\" cellpadding=\"0\" width=\"591\">\n<tbody>\n<tr>\n<td width=\"252\"><strong>Unidad 2: Una compa\u00f1era nueva en clase llamada   \u00bfDown?<\/strong><\/td>\n<td width=\"339\"><strong>Web interactivas<\/strong><\/td>\n<\/tr>\n<tr>\n<td rowspan=\"2\" width=\"252\">Las personas con discapacidad<\/td>\n<td width=\"339\"><a href=\"http:\/\/educalia.educared.net\/aacc\/s\/menufs.html\" target=\"_blank\">AMIGOS CAPACES<\/a><\/td>\n<\/tr>\n<tr>\n<td><a href=\"http:\/\/www.educared.net\/concurso2001\/1003\/index.htm\" target=\"_blank\">DISCAPACITADOS: ESP\u00cdRITU DE SUPERACI\u00d3N<\/a><\/td>\n<\/tr>\n<tr>\n<td width=\"252\">Analizamos nuestras reacciones<\/td>\n<td width=\"339\"><a href=\"http:\/\/www.educared.net\/aprende\/anavegar3\/premiados\/ganadores\/a\/1126\/index.htm\" target=\"_blank\">LA CASA DE LAS RESPUESTAS<\/a><\/td>\n<\/tr>\n<tr>\n<td width=\"252\">Barreras a la participaci\u00f3n de las personas con   discapacidad<\/td>\n<td width=\"339\"><\/td>\n<\/tr>\n<tr>\n<td width=\"252\">Continuamos la historia de Mar\u00eda<\/td>\n<td width=\"339\"><\/td>\n<\/tr>\n<\/tbody>\n<\/table>\n<table border=\"1\" cellspacing=\"0\" cellpadding=\"0\" width=\"622\">\n<tbody>\n<tr>\n<td width=\"223\"><strong>Unidad 3: Puzzle de culturas<\/strong><\/td>\n<td width=\"399\"><strong>Web interactivas<\/strong><\/td>\n<\/tr>\n<tr>\n<td rowspan=\"5\" width=\"223\">Comprendemos lo que significa emigrar<\/td>\n<td width=\"399\"><a href=\"http:\/\/www.educared.net\/concurso2002\/201\/inmigrantes\/portada.htm\" target=\"_blank\">INMIGRANTES I<\/a><\/td>\n<\/tr>\n<tr>\n<td><a href=\"http:\/\/www.tinglado.net\/?id=inmigrantes\" target=\"_blank\">INMIGRANTES II<\/a><\/td>\n<\/tr>\n<tr>\n<td><a href=\"http:\/\/www.unfpa.org\/swp\/2006\/multimedia_presentation\/multimedia_spanish.html\" target=\"_blank\">MUJERES Y MIGRACI\u00d3N<\/a><\/td>\n<\/tr>\n<tr>\n<td><a href=\"http:\/\/www.contravientoymarea.org\/\" target=\"_blank\">CONTRA VIENTO Y MAREA<\/a><\/td>\n<\/tr>\n<tr>\n<td><a href=\"http:\/\/www.historiasdelmilenio.com\/desarrollo_asociacion_mundial.html\" target=\"_blank\">V\u00eddeo: ASOCIACI\u00d3N MUNDIAL PARA EL   DESARROLLO (29&#8242; 14&#8243;) <\/a><\/td>\n<\/tr>\n<tr>\n<td rowspan=\"2\" width=\"223\">Exploramos nuestras actitudes<\/td>\n<td width=\"399\"><a href=\"http:\/\/escoladeismail2.blogspot.com\/2010\/06\/azur-y-asmar.html\" target=\"_blank\">V\u00eddeo: AZUR Y ASMAR (1h 34&#8242;)<\/a><\/td>\n<\/tr>\n<tr>\n<td><a href=\"http:\/\/www.tinglado.net\/?id=azur-y-asmar\" target=\"_blank\">Actividades sobre el v\u00eddeo: AZUR Y   ASMAR<\/a><\/td>\n<\/tr>\n<tr>\n<td rowspan=\"2\" width=\"223\">Reflexionamos sobre el racismo y la xenofobia<\/td>\n<td width=\"399\"><a href=\"http:\/\/www.juntadeandalucia.es\/averroes\/sanwalabonso\/wqyct\/ct_racismo\/racismo.htm\" target=\"_blank\">Caza del tesoro: \u00bfDISCRIMINACI\u00d3N   RACIAL?<\/a><\/td>\n<\/tr>\n<tr>\n<td><a href=\"http:\/\/www.interpeques2.com\/trabajos\/webquestholocausto\/html\/principal.html\" target=\"_blank\">WebQuest: ERIKA Y EL HOLOCAUSTO<\/a><\/td>\n<\/tr>\n<tr>\n<td width=\"223\">Un mundo diverso<\/td>\n<td width=\"399\"><a href=\"http:\/\/contenidos.proyectoagrega.es\/visualizar\/es\/es_2009091613_4528234\/false\" target=\"_blank\">INTERCULTURALIDAD<\/a><\/td>\n<\/tr>\n<\/tbody>\n<\/table>\n<table border=\"1\" cellspacing=\"0\" cellpadding=\"0\" width=\"619\">\n<tbody>\n<tr>\n<td width=\"216\"><strong>Unidad 4: Cosas de chicas y cosas de chicos<\/strong><\/td>\n<td width=\"403\"><strong>Web interactivas<\/strong><\/td>\n<\/tr>\n<tr>\n<td width=\"216\">Los modelos femenino y masculino<\/td>\n<td width=\"403\"><\/td>\n<\/tr>\n<tr>\n<td width=\"216\">Analizamos e identificamos el sexismo<\/td>\n<td width=\"403\"><\/td>\n<\/tr>\n<tr>\n<td rowspan=\"3\" width=\"216\">El sexismo en la vida cotidiana<\/td>\n<td width=\"403\"><a href=\"http:\/\/www.familiasenmadrid.org\/LaFamiliaBeee\/familiaBee\/familiaBeee.php\" target=\"_blank\">LA FAMILIA BEEE COMPARTE LAS TAREAS<\/a><\/td>\n<\/tr>\n<tr>\n<td><a href=\"http:\/\/www.portuigualdad.info\/flash\/juego_familia\/es\/presentacion.html\" target=\"_blank\">LA COSA ES NUESTRA<\/a><\/td>\n<\/tr>\n<tr>\n<td><a href=\"http:\/\/www.juntadeandalucia.es\/averroes\/%7E23002851\/webcoeducacion\/actividades\/videoteca\/cuentoimposible\/index.htm\" target=\"_blank\">V\u00eddeo: \u00bfUN SUE\u00d1O IMPOSIBLE? (7&#8242;   37&#8243;)<\/a><\/td>\n<\/tr>\n<tr>\n<td rowspan=\"4\" width=\"216\">Un mundo en igualdad<\/td>\n<td width=\"403\"><a href=\"http:\/\/www.juntadeandalucia.es\/averroes\/manuelperez\/curso0506\/mujeres\/entrada\/entrada.htm\" target=\"_blank\">D\u00cdA INTERNACIONAL DE LA MUJER<\/a><\/td>\n<\/tr>\n<tr>\n<td><a href=\"http:\/\/www.juntadeandalucia.es\/averroes\/sanwalabonso\/wqyct\/ct_zenobiamujertrabajadora\/zenobia.htm\" target=\"_blank\">Caza del tesoro: ZENOBIA CAMPRUB\u00cd&#8230;   UNA MUJER TRABAJADORA<\/a><\/td>\n<\/tr>\n<tr>\n<td><a href=\"http:\/\/www.juntadeandalucia.es\/averroes\/sanwalabonso\/wqyct\/wq_zenobia\/index.html\" target=\"_blank\">WebQuest: ZENOBIA CAMPRUB\u00cd AYMAR<\/a><\/td>\n<\/tr>\n<tr>\n<td><a href=\"http:\/\/www.historiasdelmilenio.com\/igualdad_mujer.html\" target=\"_blank\">V\u00eddeo: IGUALDAD ENTRE LOS G\u00c9NEROS (26&#8242; 52&#8243;)<\/a><\/td>\n<\/tr>\n<tr>\n<td width=\"216\">Inventa una historia sin sexismo<\/td>\n<td width=\"403\"><\/td>\n<\/tr>\n<\/tbody>\n<\/table>\n<table border=\"1\" cellspacing=\"0\" cellpadding=\"0\" width=\"650\">\n<tbody>\n<tr>\n<td width=\"187\"><strong>Unidad 5: Los derechos humanos<\/strong><\/td>\n<td width=\"463\"><strong>Web interactivas<\/strong><\/td>\n<\/tr>\n<tr>\n<td width=\"187\">Una larga lucha contra la injusticia<\/td>\n<td width=\"463\"><a href=\"http:\/\/www.juntadeandalucia.es\/averroes\/sanwalabonso\/wqyct\/ct_mujer\/index.html\" target=\"_blank\">Caza del tesoro: UNA MUJER, UN VOTO<\/a><\/td>\n<\/tr>\n<tr>\n<td rowspan=\"7\" width=\"187\">La Declaraci\u00f3n Universal de los Derechos Humanos<\/td>\n<td width=\"463\"><a href=\"http:\/\/www.ilo.org\/public\/english\/child\/ilo-cl-sp.html\" target=\"_blank\">LA EDUCACI\u00d3N ES LA RESPUESTA ACERTADA AL TRABAJO INFANTIL<\/a><\/td>\n<\/tr>\n<tr>\n<td><a href=\"http:\/\/www.genmagic.net\/derechos\/\" target=\"_blank\">EL JUEGO DE LOS DERECHOS HUMANOS<\/a><\/td>\n<\/tr>\n<tr>\n<td><a href=\"http:\/\/www.juntadeandalucia.es\/averroes\/%7E23002851\/webcoeducacion\/actividades\/webquest_ddinfancia\/archivos\/webquest_violenciagenero_0.htm\" target=\"_blank\">WebQuest: DERECHOS DE LA INFANCIA<\/a><\/td>\n<\/tr>\n<tr>\n<td><a href=\"http:\/\/www.juntadeandalucia.es\/averroes\/carambolo\/WEB%20JCLIC2\/Agrega\/Medio\/Los%20derechos%20humanos\/contenido\/index.html\" target=\"_blank\">LOS DERECHOS HUMANOS<\/a><\/td>\n<\/tr>\n<tr>\n<td><a href=\"http:\/\/www.aventurauniversal.com\/index.asp\" target=\"_blank\">LA AVENTURA UNIVERSAL DE LOS   DERECHOS HUMANOS<\/a> (registro f\u00e1cil)<\/td>\n<\/tr>\n<tr>\n<td><a href=\"http:\/\/clic.xtec.net\/db\/jclicApplet.jsp?project=http:\/\/clic.xtec.net\/projects\/derechos\/jclic\/derechos.jclic.zip&amp;lang=es\" target=\"_blank\">Derechos del menor<\/a><\/td>\n<\/tr>\n<tr>\n<td><\/td>\n<\/tr>\n<tr>\n<td rowspan=\"3\" width=\"187\">Nuestros derechos y nuestros deberes<\/td>\n<td width=\"463\"><\/td>\n<\/tr>\n<tr>\n<td><\/td>\n<\/tr>\n<tr>\n<td><a href=\"http:\/\/www.educared.net\/concurso2003\/591\/WEBDERECHOS\/WEBDERECHOS\/index.htm\" target=\"_blank\">LOS DERECHOS DE LAS NI\u00d1AS Y LOS   NI\u00d1OS&#8230; Y LOS DEBERES<\/a><\/td>\n<\/tr>\n<tr>\n<td width=\"187\">Inventa una historia<\/td>\n<td width=\"463\"><\/td>\n<\/tr>\n<\/tbody>\n<\/table>\n<table border=\"1\" cellspacing=\"0\" cellpadding=\"0\" width=\"633\">\n<tbody>\n<tr>\n<td width=\"206\"><strong>Unidad 6: Personas muy ricas y personas muy pobres<\/strong><\/td>\n<td width=\"427\"><strong>Web interactivas<\/strong><\/td>\n<\/tr>\n<tr>\n<td width=\"206\">Analizamos la desigualdad<\/td>\n<td width=\"427\"><a href=\"http:\/\/www.juntadeandalucia.es\/averroes\/carambolo\/WEB%20JCLIC2\/Agrega\/Medio\/El%20cuarto%20mundo\/contenido\/index.html\" target=\"_blank\">EL CUARTO MUNDO<\/a><\/td>\n<\/tr>\n<tr>\n<td width=\"206\">Los pa\u00edses ricos y los pa\u00edses pobres<\/td>\n<td width=\"427\"><a href=\"http:\/\/consumo.greenpeace.es\/\" target=\"_blank\">CONSUMO RESPONSABLE<\/a><\/td>\n<\/tr>\n<tr>\n<td width=\"206\">Efectos de la pobreza: personas sin techo<\/td>\n<td width=\"427\"><a href=\"http:\/\/www.educared.net\/aprende\/anavegar7\/alumnos\/htm_alumnes\/ganadores\/Modalidad%20A\/Categoria%204\/2_1046\/index.htm\" target=\"_blank\">\u00bfINDIGENTES O&#8230; PERSONAS?<\/a><\/td>\n<\/tr>\n<tr>\n<td rowspan=\"6\" width=\"206\">Un mundo m\u00e1s justo es posible<\/td>\n<td width=\"427\"><a href=\"http:\/\/www.historiasdelmilenio.com\/pobreza_extrema_hambre.html\" target=\"_blank\">V\u00eddeo: ERRADICAR LA POBREZA EXTREMA   (30&#8242; 19&#8243;)<\/a><\/td>\n<\/tr>\n<tr>\n<td><a href=\"http:\/\/www.historiasdelmilenio.com\/educacion_universal_primaria.html\" target=\"_blank\">V\u00eddeo: EDUCACI\u00d3N PRIMARIA UNIVERSAL   (26&#8242; 26&#8243;)<\/a><\/td>\n<\/tr>\n<tr>\n<td><a href=\"http:\/\/www.historiasdelmilenio.com\/mortalidad_infantil.html\" target=\"_blank\">V\u00eddeo: REDUCIR LA MORTALIDAD   INFANTIL (25&#8242; 49&#8243;)<\/a><\/td>\n<\/tr>\n<tr>\n<td><a href=\"http:\/\/www.historiasdelmilenio.com\/mortalidad_materna.html\" target=\"_blank\">V\u00eddeo: REDUCIR LA MORTALIDAD MATERNA   (27&#8242; 07&#8243;)<\/a><\/td>\n<\/tr>\n<tr>\n<td><a href=\"http:\/\/www.historiasdelmilenio.com\/medio_ambiente_respeto.html\" target=\"_blank\">V\u00eddeo: GARANTIZAR LA SOSTENIBILIDAD   DEL MEDIO AMBIENTE (25&#8242; 57&#8243;) <\/a><\/td>\n<\/tr>\n<tr>\n<td><a href=\"http:\/\/honoloko.eea.europa.eu\/Honoloko.html\" target=\"_blank\">HONOLOKO<\/a><\/td>\n<\/tr>\n<tr>\n<td width=\"206\">Imaginamos un mundo m\u00e1s justo<\/td>\n<td width=\"427\"><a href=\"http:\/\/www.andaluna.org\/\" target=\"_blank\">ANDALUNA Y SAMIR<\/a><\/td>\n<\/tr>\n<\/tbody>\n<\/table>\n<table border=\"1\" cellspacing=\"0\" cellpadding=\"0\" width=\"582\">\n<tbody>\n<tr>\n<td width=\"263\"><strong>Unidad 7: No son j\u00f3venes, pero podemos aprender   mucho de ellos<\/strong><\/td>\n<td width=\"319\"><strong>Web interactivas<\/strong><\/td>\n<\/tr>\n<tr>\n<td width=\"263\">Los mayores en la historia<\/td>\n<td width=\"319\"><\/td>\n<\/tr>\n<tr>\n<td width=\"263\">Los mayores en nuestro entorno<\/td>\n<td width=\"319\"><\/td>\n<\/tr>\n<tr>\n<td width=\"263\">Lo que nuestros mayores hacen por nosotros<\/td>\n<td width=\"319\"><\/td>\n<\/tr>\n<tr>\n<td width=\"263\">Lo que nosotros podemos hacer por nuestros mayores<\/td>\n<td width=\"319\"><\/td>\n<\/tr>\n<tr>\n<td width=\"263\">Vejez y enfermedad<\/td>\n<td width=\"319\"><\/td>\n<\/tr>\n<\/tbody>\n<\/table>\n<table border=\"1\" cellspacing=\"0\" cellpadding=\"0\" width=\"582\">\n<tbody>\n<tr>\n<td width=\"263\"><strong>Unidad 8: Sociedad democr\u00e1tica<\/strong><\/td>\n<td width=\"319\"><strong>Web interactivas<\/strong><\/td>\n<\/tr>\n<tr>\n<td width=\"263\">La democracia<\/td>\n<td width=\"319\"><\/td>\n<\/tr>\n<tr>\n<td rowspan=\"4\" width=\"263\">La Constituci\u00f3n<\/td>\n<td width=\"319\"><a href=\"http:\/\/www.juntadeandalucia.es\/averroes\/sanwalabonso\/wqyct\/ct_constitucion\/index.htm\" target=\"_blank\">Caza del tesoro: LA CONSTITUCI\u00d3N   ESPA\u00d1OLA<\/a><\/td>\n<\/tr>\n<tr>\n<td><a href=\"http:\/\/www.educa.jcyl.es\/educacyl\/cm\/zonaalumnos\/tkPopUp?pgseed=1172689513382&amp;idContent=14400&amp;locale=es_ES&amp;textOnly=false\" target=\"_blank\">D\u00cdA DE LA CONSTITUCI\u00d3N I<\/a><\/td>\n<\/tr>\n<tr>\n<td><a href=\"http:\/\/www.juntadeandalucia.es\/averroes\/html\/adjuntos\/2008\/05\/26\/0007\/index.html\" target=\"_blank\">JUGAMOS A LA CARTA MAGNA<\/a><\/td>\n<\/tr>\n<tr>\n<td><a href=\"http:\/\/www.juntadeandalucia.es\/averroes\/ceip_san_rafael\/CONSTITUCION\/constitucion%20espanola.html\" target=\"_blank\">D\u00cdA DE LA CONSTITUCI\u00d3N II<\/a><\/td>\n<\/tr>\n<tr>\n<td width=\"263\">Servicios para todo<\/td>\n<td width=\"319\"><\/td>\n<\/tr>\n<tr>\n<td width=\"263\">Nueva organizaci\u00f3n en S\u00faperbulla<\/td>\n<td width=\"319\"><\/td>\n<\/tr>\n<\/tbody>\n<\/table>\n<table border=\"1\" cellspacing=\"0\" cellpadding=\"0\" width=\"582\">\n<tbody>\n<tr>\n<td width=\"263\"><strong>Unidad 9: Mi aportaci\u00f3n es importante<\/strong><\/td>\n<td width=\"319\"><strong>Web interactivas<\/strong><\/td>\n<\/tr>\n<tr>\n<td width=\"263\">Nuestra clase se convierte en asamblea<\/td>\n<td width=\"319\"><\/td>\n<\/tr>\n<tr>\n<td width=\"263\">Elegimos nuestros representantes<\/td>\n<td width=\"319\"><\/td>\n<\/tr>\n<tr>\n<td width=\"263\">La participaci\u00f3n en el centro<\/td>\n<td width=\"319\"><\/td>\n<\/tr>\n<\/tbody>\n<\/table>\n<table border=\"1\" cellspacing=\"0\" cellpadding=\"0\" width=\"582\">\n<tbody>\n<tr>\n<td width=\"263\"><strong>Unidad 10: Un pueblo sin se\u00f1ales de tr\u00e1fico<\/strong><\/td>\n<td width=\"319\"><strong>Web interactivas<\/strong><\/td>\n<\/tr>\n<tr>\n<td rowspan=\"2\" width=\"263\">Las ciudades se\u00f1alizadas<\/td>\n<td width=\"319\"><a href=\"http:\/\/www.isftic.mepsyd.es\/w3\/recursos\/primaria\/transversales\/vial\/vial_escuela\/index.html\" target=\"_blank\">EDUCACI\u00d3N VIAL EN LA ESCUELA<\/a><\/td>\n<\/tr>\n<tr>\n<td><a href=\"http:\/\/www.fundacioabertis.org\/educacioviaria\/ini.php?lang=esp\" target=\"_blank\">CONDUCE A TU FAMILIA<\/a><\/td>\n<\/tr>\n<tr>\n<td width=\"263\">Conocemos las se\u00f1ales<\/td>\n<td width=\"319\"><a href=\"http:\/\/www.educa.jcyl.es\/educacyl\/cm\/zonaalumnos\/tkPopUp?idContent=31497&amp;locale=es_ES&amp;textOnly=false\" target=\"_blank\">EDUCACI\u00d3N VIAL<\/a><\/td>\n<\/tr>\n<tr>\n<td width=\"263\">Lo que se debe y no se debe hacer<\/td>\n<td width=\"319\"><\/td>\n<\/tr>\n<\/tbody>\n<\/table>\n","protected":false},"excerpt":{"rendered":"<p>GRACIAS AL COLEGIO NTRA. SRA DE LORETO DE CORDOBA POR ESTA FANT\u00c1STICA SECUENCIACI\u00d3N DE CONTENIDOS PARA TRABAJAR LA ASIGNATURA. nidad 1: Aprendemos a convivir &nbsp; &nbsp; &nbsp; Web interactivas V\u00eddeo: KIRIKOU Y LA BRUJA (10&#8242; 08&#8243;) (parte 1\/8) V\u00eddeo: KIRIKOU Y LA BRUJA (1h 10&#8242; 49&#8243;) (versi\u00f3n completa) (solicitar) Comprendemos nuestras emociones CUENTOS PARA CONVERSAR [&hellip;]<\/p>\n","protected":false},"author":6,"featured_media":0,"parent":422,"menu_order":4,"comment_status":"open","ping_status":"open","template":"","meta":[],"_links":{"self":[{"href":"https:\/\/cpcorella.educacion.navarra.es\/blogs\/3ciclo\/wp-json\/wp\/v2\/pages\/959"}],"collection":[{"href":"https:\/\/cpcorella.educacion.navarra.es\/blogs\/3ciclo\/wp-json\/wp\/v2\/pages"}],"about":[{"href":"https:\/\/cpcorella.educacion.navarra.es\/blogs\/3ciclo\/wp-json\/wp\/v2\/types\/page"}],"author":[{"embeddable":true,"href":"https:\/\/cpcorella.educacion.navarra.es\/blogs\/3ciclo\/wp-json\/wp\/v2\/users\/6"}],"replies":[{"embeddable":true,"href":"https:\/\/cpcorella.educacion.navarra.es\/blogs\/3ciclo\/wp-json\/wp\/v2\/comments?post=959"}],"version-history":[{"count":0,"href":"https:\/\/cpcorella.educacion.navarra.es\/blogs\/3ciclo\/wp-json\/wp\/v2\/pages\/959\/revisions"}],"up":[{"embeddable":true,"href":"https:\/\/cpcorella.educacion.navarra.es\/blogs\/3ciclo\/wp-json\/wp\/v2\/pages\/422"}],"wp:attachment":[{"href":"https:\/\/cpcorella.educacion.navarra.es\/blogs\/3ciclo\/wp-json\/wp\/v2\/media?parent=959"}],"curies":[{"name":"wp","href":"https:\/\/api.w.org\/{rel}","templated":true}]}}