{"id":886,"date":"2010-09-13T10:32:46","date_gmt":"2010-09-13T10:32:46","guid":{"rendered":"http:\/\/pitagorines.wordpress.com\/"},"modified":"2010-09-13T10:32:46","modified_gmt":"2010-09-13T10:32:46","slug":"juegos","status":"publish","type":"page","link":"https:\/\/cpcorella.educacion.navarra.es\/blogs\/3ciclo\/juegos\/","title":{"rendered":"JUEGOS"},"content":{"rendered":"<div>Aqu\u00ed ten\u00e9is una larga recopilaci\u00f3n de juegos que espero que adem\u00e1s  de relajaros un poco, adquir\u00e1is una serie de contenidos muy \u00fatiles para  clase. Recordad, se juega despu\u00e9s de trabajar.<\/div>\n<p><strong><em><span style=\"text-decoration:underline\"><a href=\"http:\/\/contenidos.educarex.es\/mci\/2005\/31\/laocalin.htm\">La oca de las ciencias<\/a> (visto en <a href=\"http:\/\/www.educarex.es\/web\/guest;jsessionid=8A4B93D938AB2FC7618B4755E508D48F.liferay1\">Educarex<\/a>)<\/span><\/em><\/strong><\/p>\n<div><a href=\"http:\/\/contenidos.educarex.es\/mci\/2005\/31\/laocalin.htm\"><img loading=\"lazy\" src=\"http:\/\/1.bp.blogspot.com\/_3E4tJrSBnzs\/TIUYoGB3SVI\/AAAAAAAABXw\/GFXC8OL41rM\/s320\/Captura+de+pantalla+2010-09-06+a+las+17.22.47.png\" border=\"0\" alt=\"\" width=\"320\" height=\"238\" \/><\/a><\/div>\n<p><strong><em><br \/>\n<\/em><\/strong><\/p>\n<div><strong><em>Otro\u00a0juego, esta vez para jugar con contenidos de lengua y de literatura, procedente de\u00a0<strong><em><a href=\"http:\/\/www.conevyt.org.mx\/\">conevyt.org<\/a><\/em><\/strong><\/em><\/strong><\/div>\n<div><strong><em><br \/>\n<\/em><\/strong><\/div>\n<div>\n<div><strong><em><a href=\"http:\/\/www.conevyt.org.mx\/cursos\/cursos\/espanol_p\/flash\/juego\/juego_lengua.swf\">La lengua en juego<\/a><\/em><\/strong><\/div>\n<\/div>\n<div>\n<div><a href=\"http:\/\/www.conevyt.org.mx\/cursos\/cursos\/espanol_p\/flash\/juego\/juego_lengua.swf\"><img loading=\"lazy\" src=\"http:\/\/2.bp.blogspot.com\/_3E4tJrSBnzs\/TIUabN6R-qI\/AAAAAAAABX0\/x7wC1cKC85s\/s320\/Captura+de+pantalla+2010-09-06+a+las+18.39.08.png\" border=\"0\" alt=\"\" width=\"320\" height=\"230\" \/><\/a><\/div>\n<p><em><br \/>\n<\/em><br \/>\n<strong><a href=\"http:\/\/www.isftic.mepsyd.es\/w3\/eos\/MaterialesEducativos\/primaria\/grado56\/\">Grado 56<\/a><\/strong><strong> <\/strong>es   un juego tipo trivial con preguntas relativas a todas las \u00e1reas de   primaria para el tercer ciclo. Dos jugadores compiten ganando el que   consiga 56 puntos. \u00a1Intentadlo! Material procedente del <a href=\"http:\/\/www.isftic.mepsyd.es\/profesores\/descargas_primaria\/conocimiento_del_medio\/\">I<strong>TE<\/strong><\/a><strong>.<\/strong><\/p>\n<div><strong><em><a href=\"http:\/\/www.isftic.mepsyd.es\/w3\/eos\/MaterialesEducativos\/primaria\/grado56\/\">Grado 56<\/a><\/em><\/strong><\/div>\n<div>\n<div><a href=\"http:\/\/www.isftic.mepsyd.es\/w3\/eos\/MaterialesEducativos\/primaria\/grado56\/\"><img src=\"http:\/\/1.bp.blogspot.com\/_6hlMwgw6Y8k\/TIYLhzMh8sI\/AAAAAAAAATM\/DxiQopApFeo\/s320\/Captura+de+pantalla+2010-09-07+a+las+11.42.41.png\" border=\"0\" alt=\"\" \/><\/a><\/div>\n<p><strong><br \/>\n<\/strong><\/p>\n<div>No hace falta explicaci\u00f3n; visto en <strong><em><a href=\"http:\/\/www.catedu.es\/\">catedu.es<\/a>:<\/em><\/strong><\/div>\n<\/div>\n<div><strong><em><a href=\"http:\/\/catedu.es\/chuegos\/control\/pasa.swf\">Pasapalabra<\/a><\/em><\/strong><\/div>\n<div><a href=\"http:\/\/catedu.es\/chuegos\/control\/pasa.swf\"><img src=\"http:\/\/3.bp.blogspot.com\/_6hlMwgw6Y8k\/TIYNVwBbKMI\/AAAAAAAAATY\/w50OBs8xqU4\/s320\/Captura+de+pantalla+2010-09-07+a+las+11.56.35.png\" border=\"0\" alt=\"\" \/><\/a><\/div>\n<div><strong><em><br \/>\n<\/em><\/strong><\/div>\n<p><strong><em><a href=\"http:\/\/www.conevyt.org.mx\/cursos\/juegos\/carrera_palabras\/carrerapalabras.htm\">Carrera de palabras<\/a> es un juego muy chulo que trabaja diferentes aspectos del lenguaje <a href=\"http:\/\/www.inea.gob.mx\/\">(cr\u00e9ditos en el propio juego; INEA)<\/a>. <\/em><\/strong><br \/>\n<strong><em><br \/>\n<\/em><\/strong><\/p>\n<div><strong><em><a href=\"http:\/\/www.conevyt.org.mx\/cursos\/juegos\/carrera_palabras\/carrerapalabras.htm\">Carrera de palabras<\/a><\/em><\/strong><\/div>\n<div><a href=\"http:\/\/www.conevyt.org.mx\/cursos\/juegos\/carrera_palabras\/carrerapalabras.htm\"><img src=\"http:\/\/3.bp.blogspot.com\/_6hlMwgw6Y8k\/TIYPRNe-GeI\/AAAAAAAAATk\/uOLk26n9z1Y\/s320\/Captura+de+pantalla+2010-09-07+a+las+12.03.52.png\" border=\"0\" alt=\"\" \/><\/a><\/div>\n<p><strong><em><br \/>\n<\/em><\/strong><br \/>\n<strong><em>La rueda del saber<\/em> es otro juego tipo trivial con preguntas sobre las diferentes \u00e1reas de primaria. Contenido educativo de <em><strong>Jos\u00e9 Antonio del Olmo Vi\u00e1n<\/strong><\/em> para la <em><a href=\"http:\/\/www.juntadeandalucia.es\/temas\/personas\/educacion.html\">Junta de Andaluc\u00eda<\/a>.<\/em><\/strong><\/p>\n<div><strong><em><a href=\"http:\/\/www.juntadeandalucia.es\/averroes\/%7E23003429\/rueda\/index.html\">La rueda del saber<\/a> <\/em><\/strong><\/div>\n<div><a href=\"http:\/\/www.juntadeandalucia.es\/averroes\/%7E23003429\/rueda\/index.html\"><img src=\"http:\/\/2.bp.blogspot.com\/_6hlMwgw6Y8k\/TIYT_k5HHEI\/AAAAAAAAAUI\/dk4Ck0mqTMU\/s320\/Captura+de+pantalla+2010-09-07+a+las+12.25.30.png\" border=\"0\" alt=\"\" \/><\/a><\/div>\n<p>Juego did\u00e1ctico multimedia con el que aprenderemos cultura cl\u00e1sica   respondiendo a preguntas a medida que viajamos desde Roma hasta Gades en   la \u00e9poca del Imperio Romano <em><strong><a href=\"http:\/\/www.juntadeandalucia.es\/averroes\/impe\/web\/contenidoRecurso?pag=\/2008\/01\/29\/0002\/NDOIAND-20080129-0002&amp;idSeccion=28041\">(Averroes)<\/a>. <\/strong>Es para Secundaria pero podemos echar una partida a ver cu\u00e1nto conocemos de esta \u00e9poca de la Historia.<\/em><br \/>\n<em><strong><br \/>\n<\/strong><\/em><\/p>\n<div><em><strong><a href=\"http:\/\/www.juntadeandalucia.es\/averroes\/html\/adjuntos\/2008\/01\/29\/0002\/index.html\">De Roma a Gades<\/a><\/strong><\/em><\/div>\n<div><a href=\"http:\/\/www.juntadeandalucia.es\/averroes\/html\/adjuntos\/2008\/01\/29\/0002\/index.html\"><img src=\"http:\/\/2.bp.blogspot.com\/_6hlMwgw6Y8k\/TIYi63v-z5I\/AAAAAAAAAUk\/8Fwyk6W-wT0\/s320\/Captura+de+pantalla+2010-09-07+a+las+13.26.50.png\" border=\"0\" alt=\"\" \/><\/a><\/div>\n<div><em><br \/>\n<\/em><\/div>\n<p><em><strong><br \/>\n<\/strong><\/em><br \/>\n<em><strong>El desaf\u00edo de primaria. Y otro juego tipo trivial realizado por <a href=\"http:\/\/www.usaelcoco.com\/\">Nacho Diego<\/a> del <a href=\"http:\/\/octavio.wikispaces.com\/\">CP Octavio Augusto de M\u00e9rida<\/a>. Hay 3 versiones a las que pod\u00e9is acceder pinchando en las capturas.<\/strong><\/em><\/p>\n<div><a href=\"http:\/\/octavio.wikispaces.com\/file\/view\/El+Desafio+de+Primaria\"><img loading=\"lazy\" src=\"http:\/\/3.bp.blogspot.com\/_6hlMwgw6Y8k\/TIlbz6QfrcI\/AAAAAAAAAU4\/Ls65RxX6kSo\/s200\/Captura+de+pantalla+2010-09-10+a+las+00.02.40.png\" border=\"0\" alt=\"\" width=\"200\" height=\"116\" \/><\/a><\/div>\n<div><a href=\"http:\/\/octavio.wikispaces.com\/file\/view\/El+Desafio+de+Primaria+3_0\"><img loading=\"lazy\" src=\"http:\/\/2.bp.blogspot.com\/_6hlMwgw6Y8k\/TIlb_PETbPI\/AAAAAAAAAU8\/oxKrAVluuis\/s200\/Captura+de+pantalla+2010-09-10+a+las+00.02.51.png\" border=\"0\" alt=\"\" width=\"200\" height=\"104\" \/><\/a><\/div>\n<div><a href=\"http:\/\/octavio.wikispaces.com\/file\/view\/El+Desafio+de+Primaria+4_0\"><img loading=\"lazy\" src=\"http:\/\/2.bp.blogspot.com\/_6hlMwgw6Y8k\/TIlcMPTwPwI\/AAAAAAAAAVA\/EpOihwFvYOE\/s200\/Captura+de+pantalla+2010-09-10+a+las+00.02.58.png\" border=\"0\" alt=\"\" width=\"200\" height=\"101\" \/><\/a><\/div>\n<p><strong><em><br \/>\n<\/em><\/strong><br \/>\n<strong><em><br \/>\n<\/em><\/strong><br \/>\n<strong><em><a href=\"http:\/\/paginas.montejava.es\/navedelsaber\/nave.swf\">La nave del saber<\/a> es otro trivial educativo desarrollado por Montejava.<\/em><\/strong><\/p>\n<div><a href=\"http:\/\/paginas.montejava.es\/navedelsaber\/nave.swf\"><img loading=\"lazy\" src=\"http:\/\/1.bp.blogspot.com\/_6hlMwgw6Y8k\/TIpQ0sUnz4I\/AAAAAAAAAVc\/q0awkv0SxPM\/s320\/Captura+de+pantalla+2010-09-10+a+las+17.30.07.png\" border=\"0\" alt=\"\" width=\"320\" height=\"264\" \/><\/a><\/div>\n<p><strong><em><br \/>\n<\/em><\/strong><br \/>\n<strong><em><br \/>\n<\/em><\/strong><br \/>\n<strong><em>Seguiremos poniendo M\u00c1\u00c1\u00c1\u00c1\u00c1\u00c1\u00c1\u00c1\u00c1\u00c1\u00c1SSSSSSSSSSSSSSSSSSSSSSSSSSSSSSSSSSSSSSSSSSSSSSSSSSSSSS<\/em><\/strong><\/p>\n<p>\ufeffQUE SEGUIMOS<\/p>\n<h3>Un juego, a ver qui\u00e9n lo termina<\/h3>\n<div>Os propongo un peque\u00f1o juego, un poco tonto, pero que engancha, <strong><em>para ir \u00abdesengrasando\u00bb <\/em><\/strong>el cerebro. Se llama <a href=\"http:\/\/www.newgrounds.com\/portal\/view\/545129\"><strong><em>kerixep<\/em><\/strong><\/a> y se trata de visitar todas las casillas del tablero, sin repetir y sin   que falte ninguna, comenzando por la casilla verde y movi\u00e9ndose en   horizontal o vertical.<\/div>\n<div>Hay 30 niveles, y seg\u00fan  dicen,  los \u00faltimos son bastante complicados (yo no he jugado demasiado,  pero no  consigo pasar del nivel 19).<\/div>\n<div><a href=\"http:\/\/www.newgrounds.com\/portal\/view\/545129\"><img loading=\"lazy\" src=\"http:\/\/1.bp.blogspot.com\/_6hlMwgw6Y8k\/TIFJr6AS65I\/AAAAAAAAARw\/yWvAgI6EGr8\/s200\/Captura+de+pantalla+2010-09-03+a+las+21.10.08.png\" border=\"0\" alt=\"\" width=\"200\" height=\"150\" \/><\/a><\/div>\n<div>Probad  a jugar y dejad en los  comentarios el nivel al que hab\u00e9is llegado.  Para demostrarlo pod\u00e9is  hacer una captura de pantalla como la que hay  debajo y enviarmela por  mail. Cada uno de los cuadraditos verdes es un  nivel pasado con \u00e9xito.<\/div>\n<div><a href=\"http:\/\/4.bp.blogspot.com\/_6hlMwgw6Y8k\/TIIanNxZJqI\/AAAAAAAAAR4\/DT6WBuUzOcw\/s1600\/Captura+de+pantalla+2010-09-03+a+las+21.15.09.png\"><img loading=\"lazy\" src=\"http:\/\/4.bp.blogspot.com\/_6hlMwgw6Y8k\/TIIanNxZJqI\/AAAAAAAAAR4\/DT6WBuUzOcw\/s200\/Captura+de+pantalla+2010-09-03+a+las+21.15.09.png\" border=\"0\" alt=\"\" width=\"200\" height=\"150\" \/><\/a><\/div>\n<div>Si no sab\u00e9is hacer una captura, simplemente, cuando est\u00e9is en la pantalla que quer\u00e9is \u00abfotografiar\u00bb, pulsad la tecla <strong><em>\u00abImpr. Pant.\u00bb<\/em><\/strong> (al lado de F12). Luego abrid el programa de dibujo <strong><em>Paint<\/em><\/strong> y seleccionad <em><strong>Edici\u00f3n-Pegar<\/strong><\/em>. Ya ten\u00e9is la captura. Guardad la fotograf\u00eda y adjuntadla al correo.&nbsp;<\/p>\n<\/div>\n<div>Es la segunda versi\u00f3n del que dicen es <strong><em>\u00abel juego m\u00e1s dif\u00edcil del mundo\u00bb<\/em><\/strong>. Tiene un poco de estrategia, un poco de reflejos y un mucho de paciencia. Hay que mover el <strong><em>cuadrado rojo con las flechas del cursor<\/em><\/strong>, <strong><em>recoger los objetos<\/em><\/strong> que haya por el recorrido <strong><em>evitando los circulitos azules<\/em><\/strong> y llegar a la zona verde. Yo lo dejo por hoy en el nivel 4.<\/div>\n<p><strong><em><a href=\"http:\/\/www.boomgames.com\/index.php?params=game\/2673\/Worlds-Hardest-Game-2\/\">World&#8217;s Hardest Game<\/a><\/em><\/strong><\/p>\n<div><a href=\"http:\/\/www.boomgames.com\/index.php?params=game\/2673\/Worlds-Hardest-Game-2\/\"><img loading=\"lazy\" src=\"http:\/\/3.bp.blogspot.com\/_6hlMwgw6Y8k\/TInJE3TpkeI\/AAAAAAAAAVU\/wum2g6hQ58g\/s320\/Captura+de+pantalla+2010-09-10+a+las+01.52.51.png\" border=\"0\" alt=\"\" width=\"320\" height=\"228\" \/><\/a><\/div>\n<div>Y segu\u00edmos a\u00f1adiendo jueguillos:<\/div>\n<div>\n<p>Estos jueguillos est\u00e1n a\u00f1adidos a la p\u00e1gina de juegos.<\/p>\n<p><a href=\"http:\/\/www.disfrutalasmatematicas.com\/juegos\/juegos-1.html\">JUEGOS MATEM\u00c1TICOS<\/a><\/p>\n<table border=\"1\" cellspacing=\"0\" cellpadding=\"0\">\n<tbody>\n<tr>\n<td width=\"104\"><a href=\"http:\/\/www.disfrutalasmatematicas.com\/juegos\/4-en-linea.html\"> Cuatro en l\u00ednea<\/a><\/td>\n<td width=\"106\"><a href=\"http:\/\/www.disfrutalasmatematicas.com\/juegos\/chess\/index.php\">Ajedrez<\/a><\/td>\n<td width=\"106\"><a href=\"http:\/\/www.disfrutalasmatematicas.com\/juegos\/damas.html\">Damas<\/a><\/td>\n<\/tr>\n<tr>\n<td width=\"104\">&nbsp;<\/p>\n<div>\n<div><a rel=\"nofollow\" href=\"http:\/\/www.disfrutalasmatematicas.com\/juegos\/4-en-linea.html\"><img src=\"https:\/\/sites.google.com\/site\/rotes56\/_\/rsrc\/1285178288593\/matematicas\/connect4.gif\" border=\"0\" alt=\"\" \/><\/a><\/div>\n<\/div>\n<\/td>\n<td width=\"106\">&nbsp;<\/p>\n<div>\n<div><a rel=\"nofollow\" href=\"http:\/\/www.disfrutalasmatematicas.com\/juegos\/chess\/index.php\"><img src=\"https:\/\/sites.google.com\/site\/rotes56\/_\/rsrc\/1285178320276\/matematicas\/chess-js.gif\" border=\"0\" alt=\"\" \/><\/a><\/div>\n<\/div>\n<\/td>\n<td width=\"106\">&nbsp;<\/p>\n<div><a rel=\"nofollow\" href=\"http:\/\/www.disfrutalasmatematicas.com\/juegos\/damas.html\"><img src=\"https:\/\/sites.google.com\/site\/rotes56\/_\/rsrc\/1284804891597\/matematicas\/damas.gif\" border=\"0\" alt=\"\" \/><\/a><\/div>\n<p>Nota: La dama s\u00f3lo mueve una casilla<\/td>\n<\/tr>\n<tr>\n<td width=\"104\"><a href=\"http:\/\/www.disfrutalasmatematicas.com\/juegos\/reversi.html\">Reversi<\/a><\/td>\n<td width=\"106\"><a href=\"http:\/\/www.disfrutalasmatematicas.com\/juegos\/dia-de-la-semana.html\">D\u00eda de la semana<\/a><\/td>\n<td width=\"106\"><a href=\"http:\/\/www.disfrutalasmatematicas.com\/juegos\/parejas-matematicas.html\">Memori matem\u00e1tico<\/a><\/td>\n<\/tr>\n<tr>\n<td width=\"104\">&nbsp;<\/p>\n<div><a rel=\"nofollow\" href=\"http:\/\/www.disfrutalasmatematicas.com\/juegos\/reversi.html\"><img src=\"https:\/\/sites.google.com\/site\/rotes56\/_\/rsrc\/1284806347010\/matematicas\/reversi.gif\" border=\"0\" alt=\"\" \/><\/a><\/div>\n<\/td>\n<td width=\"106\">&nbsp;<\/p>\n<div><a href=\"https:\/\/sites.google.com\/site\/rotes56\/matematicas\/dayofweek.gif?attredirects=0\"><img src=\"https:\/\/sites.google.com\/site\/rotes56\/_\/rsrc\/1284806580470\/matematicas\/dayofweek.gif\" border=\"0\" alt=\"\" \/><\/a><\/div>\n<p>Averigua   el d\u00eda de los componentes de tu familia.<\/td>\n<td width=\"106\">&nbsp;<\/p>\n<div><a rel=\"nofollow\" href=\"http:\/\/www.disfrutalasmatematicas.com\/juegos\/parejas-matematicas.html\"><img src=\"https:\/\/sites.google.com\/site\/rotes56\/_\/rsrc\/1284806894947\/matematicas\/memori.gif\" border=\"0\" alt=\"\" \/><\/a><\/div>\n<\/td>\n<\/tr>\n<\/tbody>\n<\/table>\n<p>&nbsp;<\/p>\n<\/div>\n<div>.<\/div>\n<div><strong><br \/>\n<\/strong><\/div>\n<\/div>\n","protected":false},"excerpt":{"rendered":"<p>Aqu\u00ed ten\u00e9is una larga recopilaci\u00f3n de juegos que espero que adem\u00e1s de relajaros un poco, adquir\u00e1is una serie de contenidos muy \u00fatiles para clase. Recordad, se juega despu\u00e9s de trabajar. La oca de las ciencias (visto en Educarex) Otro\u00a0juego, esta vez para jugar con contenidos de lengua y de literatura, procedente de\u00a0conevyt.org La lengua en [&hellip;]<\/p>\n","protected":false},"author":6,"featured_media":0,"parent":0,"menu_order":0,"comment_status":"open","ping_status":"open","template":"","meta":[],"_links":{"self":[{"href":"https:\/\/cpcorella.educacion.navarra.es\/blogs\/3ciclo\/wp-json\/wp\/v2\/pages\/886"}],"collection":[{"href":"https:\/\/cpcorella.educacion.navarra.es\/blogs\/3ciclo\/wp-json\/wp\/v2\/pages"}],"about":[{"href":"https:\/\/cpcorella.educacion.navarra.es\/blogs\/3ciclo\/wp-json\/wp\/v2\/types\/page"}],"author":[{"embeddable":true,"href":"https:\/\/cpcorella.educacion.navarra.es\/blogs\/3ciclo\/wp-json\/wp\/v2\/users\/6"}],"replies":[{"embeddable":true,"href":"https:\/\/cpcorella.educacion.navarra.es\/blogs\/3ciclo\/wp-json\/wp\/v2\/comments?post=886"}],"version-history":[{"count":0,"href":"https:\/\/cpcorella.educacion.navarra.es\/blogs\/3ciclo\/wp-json\/wp\/v2\/pages\/886\/revisions"}],"wp:attachment":[{"href":"https:\/\/cpcorella.educacion.navarra.es\/blogs\/3ciclo\/wp-json\/wp\/v2\/media?parent=886"}],"curies":[{"name":"wp","href":"https:\/\/api.w.org\/{rel}","templated":true}]}}