{"id":868,"date":"2010-07-08T14:29:31","date_gmt":"2010-07-08T14:29:31","guid":{"rendered":"http:\/\/pitagorines.wordpress.com\/"},"modified":"2010-07-08T14:29:31","modified_gmt":"2010-07-08T14:29:31","slug":"mecanografia","status":"publish","type":"page","link":"https:\/\/cpcorella.educacion.navarra.es\/blogs\/3ciclo\/mecanografia\/","title":{"rendered":"MECANOGRAF\u00cdA"},"content":{"rendered":"<div>Os voy a colgar aqu\u00ed unos enlaces a diferentes sitios con <strong><em>juegos y cursos de mecanograf\u00eda<\/em><\/strong>. Para el que no lo sepa, la mecanograf\u00eda es el arte de escribir a m\u00e1quina y os vendr\u00e1 muy bien a todo@s, a los alumnos y alumnas que vais este a\u00f1o a la ESO y a los que comenz\u00e1is quinto, ya que vamos a utilizar el ordenador y os ahorrar\u00e1 mucho tiempo.<\/div>\n<div>Con algunos de los enlaces y\/o cursos, al principio, os parecer\u00e1 que se hace <em>\u00absiempre lo mismo\u00bb<\/em>: repetir series de letras o n\u00fameros sin sentido. Pero, creedme, lo dif\u00edcil de esto es escribir sin mirar al teclado y, al final, se acaba memorizando la posici\u00f3n de las teclas. Los que me conocen saben que yo escribo bastante r\u00e1pido y aprend\u00ed dando clases 3 meses y, sobre todo, practicando despu\u00e9s (de forma divertida, escribiendo letras de canciones que me gustaban&#8230;)<\/p>\n<p>Algunos de los enlaces est\u00e1n en ingl\u00e9s, as\u00ed matamos dos p\u00e1jaros de un tiro.<\/p><\/div>\n<div>Lo dicho. <strong><em>Sacad un ratito con vuestros padres para que os supervisen y ayuden, leed las instrucciones, respetad las posiciones de las manos y&#8230; \u00a1a aprender!<\/em><\/strong><\/p>\n<p><strong><em>Espero que os sean \u00fatiles.<\/em><\/strong><\/div>\n<div><strong><em><br \/>\n<\/em><\/strong><br \/>\n<strong><em>Cursos<\/em><\/strong><\/div>\n<div><strong><em><a href=\"http:\/\/www.vedoque.com\/juegos\/mecano\/\">Curso de mecanograf\u00eda Vedoque I<\/a><\/em><\/strong><\/div>\n<div><a href=\"http:\/\/www.vedoque.com\/juegos\/mecano\/\"><img loading=\"lazy\" src=\"http:\/\/1.bp.blogspot.com\/_3E4tJrSBnzs\/TDQjroUEfoI\/AAAAAAAABT8\/BPFbQf-iaYw\/s320\/Captura+de+pantalla+2010-07-07+a+las+08.48.53.png\" border=\"0\" alt=\"\" width=\"320\" height=\"237\" \/><\/a><\/div>\n<div><strong><em><a href=\"http:\/\/www.vedoque.com\/juegos\/mecano\/mecanografia-vedoque2.html\">Curso de mecanograf\u00eda Vedoque II<\/a><\/em><\/strong><\/div>\n<div><a href=\"http:\/\/www.vedoque.com\/juegos\/mecano\/mecanografia-vedoque2.html\"><img loading=\"lazy\" src=\"http:\/\/1.bp.blogspot.com\/_3E4tJrSBnzs\/TDQkNNX7I2I\/AAAAAAAABUA\/sXSlnn9OAFs\/s320\/Captura+de+pantalla+2010-07-07+a+las+08.51.44.png\" border=\"0\" alt=\"\" width=\"320\" height=\"237\" \/><\/a><\/div>\n<div><strong><em><a href=\"http:\/\/www.vedoque.com\/juegos\/mecano\/mecanografia-vedoque3.html\">Curso de mecanograf\u00eda Vedoque III<\/a><\/em><\/strong><\/div>\n<div><a href=\"http:\/\/www.vedoque.com\/juegos\/mecano\/mecanografia-vedoque3.html\"><img loading=\"lazy\" src=\"http:\/\/2.bp.blogspot.com\/_3E4tJrSBnzs\/TDQkm53kuKI\/AAAAAAAABUE\/MsVIFjD9h3g\/s320\/Captura+de+pantalla+2010-07-07+a+las+08.53.38.png\" border=\"0\" alt=\"\" width=\"320\" height=\"240\" \/><\/a><\/div>\n<div><strong><em><a href=\"http:\/\/www.worldpossible.org\/rachel\/vedoque\/juegos\/mecano\/mecanografia-vedoque4.html\">Curso de mecanograf\u00eda Vedoque IV<\/a><\/em><\/strong><\/div>\n<div><a href=\"http:\/\/www.worldpossible.org\/rachel\/vedoque\/juegos\/mecano\/mecanografia-vedoque4.html\"><img loading=\"lazy\" src=\"http:\/\/3.bp.blogspot.com\/_3E4tJrSBnzs\/TDQk_ZXhzwI\/AAAAAAAABUI\/X0y82__-6Dc\/s320\/Captura+de+pantalla+2010-07-07+a+las+08.55.19.png\" border=\"0\" alt=\"\" width=\"320\" height=\"239\" \/><\/a><\/div>\n<div><strong><em><a href=\"http:\/\/keybr.com\/\">Keybr.com<\/a><\/em><\/strong><\/div>\n<div><a href=\"http:\/\/keybr.com\/\"><img loading=\"lazy\" src=\"http:\/\/1.bp.blogspot.com\/_3E4tJrSBnzs\/TDQoYoF_YII\/AAAAAAAABUY\/LfPkxnsb8GM\/s320\/Captura+de+pantalla+2010-07-07+a+las+09.08.06.png\" border=\"0\" alt=\"\" width=\"320\" height=\"165\" \/><\/a><\/div>\n<div><strong><br \/>\n<\/strong><\/div>\n<div><strong><em>Juegos<\/em><\/strong><\/div>\n<div><strong><em><a href=\"http:\/\/www.vedoque.com\/juegos\/mecano\/prehistoria.html\">Mecanograf\u00eda en la Prehistoria (Vedoque)<\/a><\/em><\/strong><\/div>\n<div><a href=\"http:\/\/www.vedoque.com\/juegos\/mecano\/prehistoria.html\"><img loading=\"lazy\" src=\"http:\/\/2.bp.blogspot.com\/_3E4tJrSBnzs\/TDQl3F9GH2I\/AAAAAAAABUM\/1HPAWAJID0E\/s320\/Captura+de+pantalla+2010-07-07+a+las+08.58.30.png\" border=\"0\" alt=\"\" width=\"320\" height=\"239\" \/><\/a><\/div>\n<div><strong><br \/>\n<\/strong><\/div>\n<div><strong><em><a href=\"http:\/\/www.vedoque.com\/juegos\/mecano\/muro.html\">Vedoque en apuros<\/a><\/em><\/strong><\/div>\n<div><a href=\"http:\/\/www.vedoque.com\/juegos\/mecano\/muro.html\"><img loading=\"lazy\" src=\"http:\/\/2.bp.blogspot.com\/_3E4tJrSBnzs\/TDQmNhhlY_I\/AAAAAAAABUQ\/Kkrg_aJwx6w\/s320\/Captura+de+pantalla+2010-07-07+a+las+09.00.36.png\" border=\"0\" alt=\"\" width=\"320\" height=\"275\" \/><\/a><\/div>\n<div><strong><em><a href=\"http:\/\/www.vedoque.com\/juegos\/mecano\/elreto.html\">El reto de hexamano (Vedoque)<\/a><\/em><\/strong><\/div>\n<div><a href=\"http:\/\/www.vedoque.com\/juegos\/mecano\/elreto.html\"><img loading=\"lazy\" src=\"http:\/\/1.bp.blogspot.com\/_3E4tJrSBnzs\/TDQml6cNE4I\/AAAAAAAABUU\/UOEjn5PS5h8\/s320\/Captura+de+pantalla+2010-07-07+a+las+09.01.52.png\" border=\"0\" alt=\"\" width=\"320\" height=\"277\" \/><\/a><\/div>\n<div><strong><br \/>\n<\/strong><\/div>\n<div><strong><em><a href=\"http:\/\/www.bbc.co.uk\/schools\/typing\/\">Dance mat typing<\/a><\/em><\/strong><\/div>\n<div><a href=\"http:\/\/www.bbc.co.uk\/schools\/typing\/\"><img loading=\"lazy\" src=\"http:\/\/4.bp.blogspot.com\/_3E4tJrSBnzs\/TDQpXr5bd8I\/AAAAAAAABUc\/z8Dg3r84qFk\/s320\/Captura+de+pantalla+2010-07-07+a+las+09.13.40.png\" border=\"0\" alt=\"\" width=\"320\" height=\"247\" \/><\/a><\/div>\n<div><strong><br \/>\n<\/strong><\/div>\n<div><strong><em><a href=\"http:\/\/www.freetypinggame.net\/play9.asp\">Divertido comecocos mecanogr\u00e1fico<\/a><\/em><\/strong><\/div>\n<div><a href=\"http:\/\/www.freetypinggame.net\/play9.asp\"><img loading=\"lazy\" src=\"http:\/\/2.bp.blogspot.com\/_3E4tJrSBnzs\/TDQqFbb085I\/AAAAAAAABUg\/fyas8SWl6rA\/s320\/Captura+de+pantalla+2010-07-07+a+las+09.16.33.png\" border=\"0\" alt=\"\" width=\"320\" height=\"184\" \/><\/a><\/div>\n<div><strong><br \/>\n<\/strong><\/div>\n<div><strong><em>M\u00e1s enlaces<\/em><\/strong><\/div>\n<div><strong><em><a href=\"http:\/\/sense-lang.org\/typing\/spanish-key.php\">Sense-lang<\/a><\/em><\/strong><\/div>\n<div><strong><em><a href=\"http:\/\/annrymer.com\/keyseeker\/\">Keyseeker<\/a><\/em><\/strong><\/div>\n<div><strong><a href=\"http:\/\/typingsoft.com\/all_typing_tutors.htm\">Muchos enlaces a cursos y juegos<\/a><\/strong><\/div>\n","protected":false},"excerpt":{"rendered":"<p>Os voy a colgar aqu\u00ed unos enlaces a diferentes sitios con juegos y cursos de mecanograf\u00eda. Para el que no lo sepa, la mecanograf\u00eda es el arte de escribir a m\u00e1quina y os vendr\u00e1 muy bien a todo@s, a los alumnos y alumnas que vais este a\u00f1o a la ESO y a los que comenz\u00e1is [&hellip;]<\/p>\n","protected":false},"author":6,"featured_media":0,"parent":0,"menu_order":7,"comment_status":"open","ping_status":"open","template":"","meta":[],"_links":{"self":[{"href":"https:\/\/cpcorella.educacion.navarra.es\/blogs\/3ciclo\/wp-json\/wp\/v2\/pages\/868"}],"collection":[{"href":"https:\/\/cpcorella.educacion.navarra.es\/blogs\/3ciclo\/wp-json\/wp\/v2\/pages"}],"about":[{"href":"https:\/\/cpcorella.educacion.navarra.es\/blogs\/3ciclo\/wp-json\/wp\/v2\/types\/page"}],"author":[{"embeddable":true,"href":"https:\/\/cpcorella.educacion.navarra.es\/blogs\/3ciclo\/wp-json\/wp\/v2\/users\/6"}],"replies":[{"embeddable":true,"href":"https:\/\/cpcorella.educacion.navarra.es\/blogs\/3ciclo\/wp-json\/wp\/v2\/comments?post=868"}],"version-history":[{"count":0,"href":"https:\/\/cpcorella.educacion.navarra.es\/blogs\/3ciclo\/wp-json\/wp\/v2\/pages\/868\/revisions"}],"wp:attachment":[{"href":"https:\/\/cpcorella.educacion.navarra.es\/blogs\/3ciclo\/wp-json\/wp\/v2\/media?parent=868"}],"curies":[{"name":"wp","href":"https:\/\/api.w.org\/{rel}","templated":true}]}}