{"id":741,"date":"2010-02-02T18:13:36","date_gmt":"2010-02-02T18:13:36","guid":{"rendered":"http:\/\/pitagorines.wordpress.com\/enlaces\/"},"modified":"2010-02-02T18:13:36","modified_gmt":"2010-02-02T18:13:36","slug":"enlaces","status":"publish","type":"page","link":"https:\/\/cpcorella.educacion.navarra.es\/blogs\/3ciclo\/enlaces\/","title":{"rendered":"ENLACES"},"content":{"rendered":"<p>Aqu\u00ed ten\u00e9is montones de enlaces para estudiar, repasar y disfrutar.<\/p>\n<ul>\n<li><a href=\"http:\/\/centros3.pntic.mec.es\/cp.antonio.de.ulloa\/webactivhotpot\/raiz\/index.html\">ACTIVIDADES HOT POTATOES<\/a><\/li>\n<li><a href=\"http:\/\/www.iessuel.org\/ccnn\/flash\/animaciones.htm\">ANIMACIONES FLASH<\/a><\/li>\n<li><a href=\"http:\/\/w3.cnice.mec.es\/eos\/MaterialesEducativos\/mem2006\/aprender_estudiar\/index2.html\">APRENDE A ESTUDIAR<\/a><\/li>\n<li><a href=\"http:\/\/www.ptfrma.net\/\">APRENDE INFORM\u00c1TICA<\/a><\/li>\n<li><a href=\"http:\/\/www.fundacion.telefonica.com\/arsvirtual\/\">ARSVIRTUAL<\/a><\/li>\n<li><a href=\"http:\/\/www.saludalia.com\/Saludalia\/web_saludalia\/atlas\/index.html\">ATLAS ANAT\u00d3MICO<\/a><\/li>\n<li><a href=\"http:\/\/entline.free.fr\/ATLAS\/ATLAS_web\/index.htm\">ATLAS ANAT\u00d3MICO 2<\/a><\/li>\n<li><a href=\"http:\/\/www.pulevasalud.com\/ps\/contenidozipframe.jsp?ID=3513&amp;TIPO_CONTENIDO=Zip&amp;ID_CATEGORIA=190&amp;URL=\/ps\/atlas\/atlas.htm&amp;CABECERA=SI&amp;ALTO=525&amp;ANCHO=550&amp;TITULO=Entrar%20al%20Atlas%20anat%F3mico\">ATLAS ANAT\u00d3MICO 3<\/a><\/li>\n<li><a href=\"http:\/\/centros2.pntic.mec.es\/cp.de.ezcaray\/JClic\/BINGOMAT\/index.htm\">BINGOMAT<\/a><\/li>\n<li><a href=\"http:\/\/www.juntadeandalucia.es\/averroes\/centros-tic\/41009470\/helvia\/aula\/archivos\/repositorio\/0\/58\/html\/Programa\/menu_and.htm\">C. MEDIO 5\u00ba<\/a><\/li>\n<li><a href=\"http:\/\/www.primaria.librosvivos.net\/120191.html\">C.MEDIO 5\u00ba SM<\/a><\/li>\n<li><a href=\"http:\/\/www.primaria.librosvivos.net\/120302.html\">C.MEDIO 6\u00ba SM<\/a><\/li>\n<li><a href=\"http:\/\/cpes.wordpress.com\/\">C.P. Eduardo Sanchiz<\/a><\/li>\n<li><a href=\"http:\/\/clic.xtec.net\/db\/jclicApplet.jsp?project=http:\/\/clic.xtec.net\/projects\/prisma\/jclic\/prisma.jclic.zip&amp;lang=es&amp;title=Prisma+c%C3%A1lculo\">C\u00c1LCULO 5\u00ba Y 6\u00ba<\/a><\/li>\n<li><a href=\"http:\/\/www.juntadeandalucia.es\/averroes\/html\/adjuntos\/2007\/10\/04\/0012\/index.htm\">C\u00c1LCULO MENTAL<\/a><\/li>\n<li><a href=\"http:\/\/www.andaluciainvestiga.com\/espanol\/cienciaAnimada\/cienciaAnimada.asp\">CIENCIA ANIMADA<\/a><\/li>\n<li><a href=\"http:\/\/www.clarionweb.es\/5_curso\/intro.htm\">CLARI\u00d3N 5\u00ba<\/a><\/li>\n<li><a href=\"http:\/\/www.clarionweb.es\/6_curso\/intro.htm\">CLARI\u00d3N 6\u00ba<\/a><\/li>\n<li><a href=\"http:\/\/conteni2.educarex.es\/\">CONTENIDOS EDUCATIVOS DIGITALES<\/a><\/li>\n<li><a href=\"http:\/\/ticblog.wordpress.com\/descargar-recursos-tic\/\">DESCARGAR RECURSOS<\/a><\/li>\n<li><a href=\"http:\/\/descubreteca.blogspot.com\/\">DESCUBRETECA<\/a><\/li>\n<li><a href=\"http:\/\/www.rae.es\/rae.html\">DICCIONARIO (RAE)<\/a><\/li>\n<li><a href=\"http:\/\/www.isftic.mepsyd.es\/w3\/eos\/MaterialesEducativos\/mem\/cuidacuerpo\/principal.htm\">EDUCACI\u00d3N F\u00cdSICA<\/a><\/li>\n<li><a href=\"http:\/\/telefonica.net\/web2\/efjuancarlos\/recursos.htm\">EDUCACI\u00d3N F\u00cdSICA<\/a><\/li>\n<li><a href=\"http:\/\/www.educaplus.org\/\">EDUCAPLUS<\/a><\/li>\n<li><a href=\"http:\/\/recursos.cnice.mec.es\/edfisica\/alumnado\/alumnado.php\">EDUSPORT<\/a><\/li>\n<li><a href=\"http:\/\/es.youtube.com\/results?search_query=erase+una+vez+la+vida&amp;search_type=&amp;aq=f\">ERASE UNA VEZ LA VIDA<\/a><\/li>\n<li><a href=\"http:\/\/www.juntadeandalucia.es\/averroes\/recursos_informaticos\/concurso2005\/34\/menu.html\">ESTRATEGIAS NUMERACI\u00d3N<\/a><\/li>\n<li><a href=\"http:\/\/www.gobiernodecanarias.org\/educacion\/9\/Usr\/eltanque\/html\/matemat.html\">FICHAS MAT 5<\/a><\/li>\n<li><a href=\"http:\/\/www.gobiernodecanarias.org\/educacion\/9\/Usr\/eltanque\/mat6c\/mat6c.html\">FICHAS MAT6<\/a><\/li>\n<li><a href=\"http:\/\/cuadernointercultural.wordpress.com\/herramientas\/generadores-online\/#ejercicios\">GENERADORES ONLINE<\/a><\/li>\n<li><a href=\"http:\/\/w3.cnice.mec.es\/eos\/MaterialesEducativos\/primaria\/grado56\/grado56.html\">GRADO 56<\/a><\/li>\n<li><a href=\"http:\/\/www.elmundo.es\/graficos\/multimedia\/ciencia_hist.html\">GR\u00c1FICOS INTERACTIVOS<\/a><\/li>\n<li><a href=\"http:\/\/tic56.wordpress.com\/2008\/04\/05\/protagonistas-da-historia\/\">HISTORIA<\/a><\/li>\n<li><a href=\"http:\/\/tic56.wordpress.com\/2008\/04\/05\/historia-de-espana\/\">HISTORIA DE ESPA\u00d1A<\/a><\/li>\n<li><a href=\"http:\/\/tic56.wordpress.com\/2008\/04\/05\/grandes-civilizacions\/\">HISTORIA GRANDES CIVILIZACIONES<\/a><\/li>\n<li><a href=\"http:\/\/www.lcfclubs.com\/englishzone\/\">INGL\u00c9S<\/a><\/li>\n<li><a href=\"http:\/\/www.angles365.com\/\">INGL\u00c9S 365<\/a><\/li>\n<li><a href=\"http:\/\/www.educa.madrid.org\/portal\/c\/portal\/layout?p_l_id=10970.1&amp;p_p_id=visor_WAR_cms_tools&amp;p_p_action=0&amp;p_p_state=maximized&amp;p_p_mode=view&amp;_visor_WAR_cms_tools_contentId=526b5737-4543-4375-8841-e38ed154dd77\">INGL\u00c9S 5\u00ba<\/a><\/li>\n<li><a href=\"http:\/\/www.ampa-diputacio.com\/CM-CS\/portada%20idioma.htm\">INGL\u00c9S 5\u00ba Y 6\u00ba<\/a><\/li>\n<li><a href=\"http:\/\/conteni2.educarex.es\/?c=5\">INGL\u00c9S 5\u00ba(II)<\/a><\/li>\n<li><a href=\"http:\/\/www.angles365.com\/classroom\/class5.htm\">INGL\u00c9S 5\u00ba(III)<\/a><\/li>\n<li><a href=\"http:\/\/www.juntadeandalucia.es\/averroes\/centros-tic\/41009470\/helvia\/aula\/archivos\/repositorio\/0\/56\/html\/datos\/07_Dreambox_6\/swf\/intro.htm\">INGL\u00c9S 5\u00ba(IV)<\/a><\/li>\n<li><a href=\"http:\/\/www.juntadeandalucia.es\/averroes\/centros-tic\/41009470\/helvia\/aula\/archivos\/repositorio\/0\/58\/html\/datos\/07_Dreambox\/swf\/intro.htm\">INGL\u00c9S 5\u00ba(IV)<\/a><\/li>\n<li><a href=\"http:\/\/www.educa.madrid.org\/portal\/c\/portal\/layout?p_l_id=10970.1&amp;p_p_id=visor_WAR_cms_tools&amp;p_p_action=0&amp;p_p_state=maximized&amp;p_p_mode=view&amp;_visor_WAR_cms_tools_contentId=047f44c4-338e-442f-b57c-04d4f89a86d6\">INGL\u00c9S 6\u00ba<\/a><\/li>\n<li><a href=\"http:\/\/conteni2.educarex.es\/?c=6\">INGL\u00c9S 6\u00ba(II)<\/a><\/li>\n<li><a href=\"http:\/\/www.angles365.com\/classroom\/class6.htm\">INGL\u00c9S 6\u00ba(III)<\/a><\/li>\n<li><a href=\"http:\/\/www.juntadeandalucia.es\/averroes\/centros-tic\/41009470\/helvia\/aula\/archivos\/repositorio\/0\/56\/html\/datos\/07_Dreambox_6\/swf\/intro.htm\">INGL\u00c9S 6\u00ba(IV)<\/a><\/li>\n<li><a href=\"http:\/\/centros.edu.xunta.es\/contidos\/dictionary\/dicionario.html\">INGL\u00c9S(DICCIONARIO INTERACTIVO)<\/a><\/li>\n<li><a href=\"http:\/\/www.agendaweb.org\/\">INGL\u00c9S(II)<\/a><\/li>\n<li><a href=\"http:\/\/www.gobiernodecanarias.org\/educacion\/9\/Usr\/eltanque\/lengua\/lengua.html\">LECTURA COMPRENSIVA<\/a><\/li>\n<li><a href=\"http:\/\/www2.elkarrekin.org\/elk\/Edebe\/GaztelaniaLH3_EK\/index.html?q=elk\/Edebe\/GaztelaniaLH3_EK\/index.html\">LENGUA<\/a><\/li>\n<li><a href=\"http:\/\/clic.xtec.net\/db\/jclicApplet.jsp?project=http:\/\/clic.xtec.net\/projects\/lengua5\/jclic\/lengua5.jclic.zip&amp;lang=es&amp;title=Lengua+castellana+5%C2%BA\">LENGUA 5\u00ba<\/a><\/li>\n<li><a href=\"http:\/\/www.juntadeandalucia.es\/averroes\/centros-tic\/41009470\/helvia\/aula\/archivos\/repositorio\/0\/58\/html\/datos\/01_Lengua\/menu_general.html\">LENGUA 5\u00ba<\/a><\/li>\n<li><a href=\"http:\/\/www.primaria.librosvivos.net\/120156.html\">LENGUA 5\u00ba SM<\/a><\/li>\n<li><a href=\"http:\/\/www.juntadeandalucia.es\/averroes\/centros-tic\/41009470\/helvia\/aula\/archivos\/repositorio\/0\/56\/html\/datos\/01_Lengua\/menu_general.html\">LENGUA 6\u00ba<\/a><\/li>\n<li><a href=\"http:\/\/www.primaria.librosvivos.net\/120318.html\">LENGUA 6\u00ba SM<\/a><\/li>\n<li><a href=\"http:\/\/www.xtec.cat\/%7Ejgenover\/entrada.htm\">LENGUA ACTIVA<\/a><\/li>\n<li><a href=\"http:\/\/malted.cnice.mec.es\/\">MALTED<\/a><\/li>\n<li><a href=\"http:\/\/nlvm.usu.edu\/es\/nav\/vlibrary.html\">MANIPULADORES VIRTUALES<\/a><\/li>\n<li><a href=\"http:\/\/www.educa.jcyl.es\/educacyl\/cm\/gallery\/recursos%20matchmind\/mapas1\/mapas.htm\">MAPAS INTERACTIVOS<\/a><\/li>\n<li><a href=\"http:\/\/www.xtec.net\/%7Eealonso\/flash\/mapasflash.htm\">MAPAS INTERACTIVOS (II)<\/a><\/li>\n<li><a href=\"http:\/\/aprimaria.iespana.es\/\">MATEMATICAS<\/a><\/li>\n<li><a href=\"http:\/\/centros2.pntic.mec.es\/cp.de.ezcaray\/JClic\/Maquinto\/index.htm\">MATEMATICAS 5<\/a><\/li>\n<li><a href=\"http:\/\/www.educapeques.com\/mates\/portal.php\">MATEMATICAS 5 Y 6<\/a><\/li>\n<li><a href=\"http:\/\/www.juntadeandalucia.es\/averroes\/centros-tic\/41009470\/helvia\/aula\/archivos\/repositorio\/0\/58\/html\/datos\/03_Mates\/menu_general.html\">MATEMATICAS 5\u00ba<\/a><\/li>\n<li><a href=\"http:\/\/centros2.pntic.mec.es\/cp.de.ezcaray\/JClic\/MATSEXTO\/index.htm\">MATEMATICAS 6<\/a><\/li>\n<li><a href=\"http:\/\/www.juntadeandalucia.es\/averroes\/centros-tic\/41009470\/helvia\/aula\/archivos\/repositorio\/0\/56\/html\/datos\/03_Mates\/menu_general.html\">MATEMATICAS 6\u00ba<\/a><\/li>\n<li><a href=\"http:\/\/www.pnte.cfnavarra.es\/elcajondetelemaco\/matrix.swf\">MATEMATICAS Y LENGUA<\/a><\/li>\n<li><a href=\"http:\/\/www.primaria.librosvivos.net\/120148.html\">MATEM\u00c1TICAS 5\u00ba SM<\/a><\/li>\n<li><a href=\"http:\/\/www.primaria.librosvivos.net\/120329.html\">MATEM\u00c1TICAS 6\u00ba SM<\/a><\/li>\n<li><a href=\"http:\/\/miclase.wordpress.com\/category\/5-musica\/\">M\u00daSICA<\/a><\/li>\n<li><a href=\"http:\/\/www.juntadeandalucia.es\/averroes\/centros-tic\/41009470\/helvia\/aula\/archivos\/repositorio\/0\/56\/html\/datos\/05_musica\/menu_general.html\">M\u00daSICA<\/a><\/li>\n<li><a href=\"http:\/\/rincones.educarex.es\/musica\/index.php?option=com_weblinks&amp;catid=46&amp;Itemid=148\">M\u00daSICA (EDUCAREX)<\/a><\/li>\n<li><a href=\"http:\/\/www.juntadeandalucia.es\/averroes\/centros-tic\/41009470\/helvia\/aula\/archivos\/repositorio\/0\/58\/html\/datos\/05_musica\/menu_general.html\">M\u00daSICA 5\u00ba<\/a><\/li>\n<li><a href=\"http:\/\/contenidos.proyectoagrega.es\/visualizar\/es\/es_20071218_3_0221200\/false\">M\u00daSICA: LA VOZ<\/a><\/li>\n<li><a href=\"http:\/\/ticblog.wordpress.com\/2008\/04\/05\/monumentos\/\">MONUMENTOS<\/a><\/li>\n<li><a href=\"http:\/\/www.aplicaciones.info\/ortogra2\/ortogra.htm\">ORTOGRAF\u00cdA<\/a><\/li>\n<li><a href=\"http:\/\/www.reterioja.com\/personales\/fjrodriguez\/6_curso\/lenguaje\/dictados\/dictados_6.htm\">ORTOGRAF\u00cdA (III)<\/a><\/li>\n<li><a href=\"http:\/\/www.edu.xunta.es\/contidos\/premios\/p2005\/tr\/80\/ortografia\/index.htm\">ORTOGRAF\u00cdA II<\/a><\/li>\n<li><a href=\"http:\/\/cplamorana.com\/5primaria_plastica\/\">PL\u00c1STICA<\/a><\/li>\n<li><a href=\"http:\/\/www.juntadeandalucia.es\/averroes\/centros-tic\/41009470\/helvia\/aula\/archivos\/repositorio\/0\/58\/html\/datos\/04_plas\/menu_general.html\">PL\u00c1STICA 5\u00ba<\/a><\/li>\n<li><a href=\"http:\/\/www.juntadeandalucia.es\/averroes\/centros-tic\/41009470\/helvia\/aula\/archivos\/repositorio\/0\/56\/html\/datos\/04_plas\/menu_general.html\">PL\u00c1STICA 6\u00ba<\/a><\/li>\n<li><a href=\"http:\/\/www.slideshare.net\/\">PRESENTACIONES<\/a><\/li>\n<li><a href=\"http:\/\/www.gobiernodecanarias.org\/educacion\/9\/Usr\/eltanque\/problemas\/problema.html\">PROBLEMAS<\/a><\/li>\n<li><a href=\"http:\/\/www.profesorenlinea.cl\/index.htm\">PROFESOR EN LINEA<\/a><\/li>\n<li><a href=\"http:\/\/www.craanadeaustria.org\/paginaweb\/pizarra\/index.html\">RECURSOS PDI SMART<\/a><\/li>\n<li><a href=\"http:\/\/www.reglasdeortografia.com\/\">REGLAS DE ORTOGRAF\u00cdA<\/a><\/li>\n<li><a href=\"http:\/\/www.reglasdeortografia.com\/ortoindice.html#E\">REGLAS DE ORTOGRAF\u00cdA(II)<\/a><\/li>\n<li><a href=\"http:\/\/www.juntadeandalucia.es\/averroes\/centros-tic\/41009470\/helvia\/aula\/archivos\/repositorio\/0\/58\/html\/datos\/06_religion\/menu_general.html\">RELIGI\u00d3N 5\u00ba<\/a><\/li>\n<li><a href=\"http:\/\/www.juntadeandalucia.es\/averroes\/centros-tic\/41009470\/helvia\/aula\/archivos\/repositorio\/0\/56\/html\/datos\/06_religion\/menu_general.html\">RELIGI\u00d3N 6\u00ba<\/a><\/li>\n<li><a href=\"http:\/\/rincones.educarex.es\/\">RINCONES DID\u00c1CTICOS<\/a><\/li>\n<li><a href=\"http:\/\/www.madrimasd.org\/cienciaysociedad\/taller\/medio\/default.asp\">TALLERES<\/a><\/li>\n<li><a href=\"http:\/\/www.educa.jcyl.es\/educacyl\/cm\/gallery\/Recursos%20Infinity\/aplicaciones\/aprender\/default.htm\">T\u00c9CNICAS DE ESTUDIO<\/a><\/li>\n<li><a href=\"http:\/\/es.youtube.com\/\">VIDEOS<\/a><\/li>\n<li><a href=\"http:\/\/www.librosvivos.org\/videos\/\">VIDEOS DID\u00c1CTICOS<\/a><\/li>\n<li><a href=\"http:\/\/www.cuadernosdigitalesvindel.com\/demo\/f_ejercicios_con_fracciones.php\">VINDEL(GENERADORES DE ACTIVIDADES)<\/a><\/li>\n<\/ul>\n","protected":false},"excerpt":{"rendered":"<p>Aqu\u00ed ten\u00e9is montones de enlaces para estudiar, repasar y disfrutar. ACTIVIDADES HOT POTATOES ANIMACIONES FLASH APRENDE A ESTUDIAR APRENDE INFORM\u00c1TICA ARSVIRTUAL ATLAS ANAT\u00d3MICO ATLAS ANAT\u00d3MICO 2 ATLAS ANAT\u00d3MICO 3 BINGOMAT C. MEDIO 5\u00ba C.MEDIO 5\u00ba SM C.MEDIO 6\u00ba SM C.P. Eduardo Sanchiz C\u00c1LCULO 5\u00ba Y 6\u00ba C\u00c1LCULO MENTAL CIENCIA ANIMADA CLARI\u00d3N 5\u00ba CLARI\u00d3N 6\u00ba CONTENIDOS [&hellip;]<\/p>\n","protected":false},"author":6,"featured_media":0,"parent":0,"menu_order":0,"comment_status":"open","ping_status":"open","template":"","meta":[],"_links":{"self":[{"href":"https:\/\/cpcorella.educacion.navarra.es\/blogs\/3ciclo\/wp-json\/wp\/v2\/pages\/741"}],"collection":[{"href":"https:\/\/cpcorella.educacion.navarra.es\/blogs\/3ciclo\/wp-json\/wp\/v2\/pages"}],"about":[{"href":"https:\/\/cpcorella.educacion.navarra.es\/blogs\/3ciclo\/wp-json\/wp\/v2\/types\/page"}],"author":[{"embeddable":true,"href":"https:\/\/cpcorella.educacion.navarra.es\/blogs\/3ciclo\/wp-json\/wp\/v2\/users\/6"}],"replies":[{"embeddable":true,"href":"https:\/\/cpcorella.educacion.navarra.es\/blogs\/3ciclo\/wp-json\/wp\/v2\/comments?post=741"}],"version-history":[{"count":0,"href":"https:\/\/cpcorella.educacion.navarra.es\/blogs\/3ciclo\/wp-json\/wp\/v2\/pages\/741\/revisions"}],"wp:attachment":[{"href":"https:\/\/cpcorella.educacion.navarra.es\/blogs\/3ciclo\/wp-json\/wp\/v2\/media?parent=741"}],"curies":[{"name":"wp","href":"https:\/\/api.w.org\/{rel}","templated":true}]}}