{"id":707,"date":"2010-01-28T23:00:22","date_gmt":"2010-01-28T23:00:22","guid":{"rendered":"http:\/\/pitagorines.wordpress.com\/?page_id=707"},"modified":"2010-01-28T23:00:22","modified_gmt":"2010-01-28T23:00:22","slug":"mi-baul-de-lengua","status":"publish","type":"page","link":"https:\/\/cpcorella.educacion.navarra.es\/blogs\/3ciclo\/sexto\/lengua\/mi-baul-de-lengua\/","title":{"rendered":"MI BA\u00daL DE LENGUA"},"content":{"rendered":"<table border=\"1\" cellspacing=\"0\" cellpadding=\"0\">\n<tbody>\n<tr>\n<td colspan=\"2\" width=\"489\" valign=\"top\">LENGUA<\/td>\n<\/tr>\n<tr>\n<td width=\"215\" valign=\"top\">CONTENIDOS<\/td>\n<td width=\"274\" valign=\"top\">RECURSOS<\/td>\n<\/tr>\n<tr>\n<td width=\"215\" valign=\"top\"><strong>ACTIVIDADES DIVERSAS<\/strong><\/td>\n<td width=\"274\" valign=\"top\">\n<ul>\n<li><a href=\"http:\/\/w3.cnice.mec.es\/eos\/MaterialesEducativos\/mem2002\/selva_lengua\/nido.htm\" target=\"_blank\">TALLER<\/a><\/li>\n<li><a href=\"http:\/\/www.clarionweb.es\/6_curso\/jclic6\/lenguaje\/dictados\/dictados_6.htm\" target=\"_blank\">DICTADOS POR UNIDADES<\/a><\/li>\n<\/ul>\n<ul>\n<li><a href=\"http:\/\/genmagic.org\/lengua3\/pir1c.swf\" target=\"_blank\">LAS LETRAS DEL FARA\u00d3N<\/a><\/li>\n<li><a href=\"http:\/\/clic.xtec.net\/db\/jclicApplet.jsp?project=http:\/\/clic.xtec.net\/projects\/jerog\/jclic\/jerog.jclic.zip&amp;lang=es\" target=\"_blank\">JEROGL\u00cdFICOS<\/a><\/li>\n<\/ul>\n<ul>\n<li><a href=\"http:\/\/www.educa.jcyl.es\/educacyl\/cm\/gallery\/recursos%20edebe\/lengua\/10_12_1\/index.htm\" target=\"_blank\">LECTURA<\/a><\/li>\n<\/ul>\n<ul>\n<li><a href=\"http:\/\/www.educa.jcyl.es\/educacyl\/cm\/gallery\/recursos%20edebe\/lengua\/10_12_2\/index.htm\" target=\"_blank\">ESCRITURA<\/a><\/li>\n<\/ul>\n<ul>\n<li><a href=\"http:\/\/ortoflash.masterd.es\/juego-masterd-ortografia.html\" target=\"_blank\">ORTOGRAF\u00cdA<\/a><\/li>\n<\/ul>\n<ul>\n<li><a href=\"http:\/\/www.editorialyalde.com\/curso\/htmldocs\/libro6\/libro6.html\" target=\"_blank\">ORTOGRAF\u00cdA IDEOVISUAL<\/a><\/li>\n<\/ul>\n<ul>\n<li><a href=\"http:\/\/www.reglasdeortografia.com\/testvelocidad03.html\" target=\"_blank\">TEST DE VELOCIDAD LECTORA<\/a><\/li>\n<\/ul>\n<ul>\n<li><a href=\"http:\/\/www.educalandia.net\/educativos\/primaria\/lio_de_palabras\/\" target=\"_blank\">L\u00cdO DE PALABRAS<\/a><\/li>\n<\/ul>\n<ul>\n<li><a href=\"http:\/\/www.vedoque.com\/juegos\/juego.php?j=ortonave-c\" target=\"_blank\">VELILA AL MANDO DE LA ORTONAVE        3<\/a><\/li>\n<\/ul>\n<ul>\n<li><a href=\"http:\/\/www.isftic.mepsyd.es\/w3\/recursos2\/cuentos2\/index.html\" target=\"_blank\">CUENTOS Y LEYENDAS ILUSTRADOS        PARA NI\u00d1OS III<\/a><\/li>\n<\/ul>\n<ul>\n<li><a href=\"http:\/\/adigital.pntic.mec.es\/%7Earamo\/lectura\/lma11_20.htm\" target=\"_blank\">LECTURAS I<\/a><\/li>\n<\/ul>\n<ul>\n<li><a href=\"http:\/\/adigital.pntic.mec.es\/%7Earamo\/lectura\/lma21_30.htm\" target=\"_blank\">LECTURAS II<\/a><\/li>\n<\/ul>\n<\/td>\n<\/tr>\n<tr>\n<td width=\"215\" valign=\"top\">EL QUIJOTE<\/td>\n<td width=\"274\" valign=\"top\">\n<ul>\n<li><a href=\"http:\/\/clic.xtec.net\/db\/jclicApplet.jsp?project=http:\/\/clic.xtec.net\/projects\/quijote3\/jclic\/quijote3.jclic.zip&amp;lang=es\" target=\"_blank\">EL INGENIOSO HIDALGO &#8230;<\/a><\/li>\n<\/ul>\n<ul>\n<li><a href=\"http:\/\/clic.xtec.net\/db\/jclicApplet.jsp?project=http:\/\/clic.xtec.net\/projects\/quijote2\/jclic\/quijote2.jclic.zip&amp;lang=es\" target=\"_blank\">MI PRIMER QUIJOTE<\/a><\/li>\n<\/ul>\n<ul>\n<li><a href=\"http:\/\/www.isftic.mepsyd.es\/w3\/recursos\/infantil\/aprende_diviertete_quijote\/index.html\" target=\"_blank\">APRENDE Y DIVI\u00c9RTETE CON DON        QUIJOTE<\/a><\/li>\n<li><\/li>\n<\/ul>\n<\/td>\n<\/tr>\n<tr>\n<td width=\"215\" valign=\"top\"><\/td>\n<td width=\"274\" valign=\"top\">\n<ul>\n<li><\/li>\n<\/ul>\n<\/td>\n<\/tr>\n<tr>\n<td width=\"215\" valign=\"top\"><strong>Comprensi\u00f3n lectora<\/strong><\/td>\n<td width=\"274\" valign=\"top\">\n<ul>\n<li><a href=\"http:\/\/reglasdeortografia.com\/testcomprension3ciclo.html\" target=\"_blank\">TEST DE COMPRENSI\u00d3N LECTORA<\/a><\/li>\n<li><a href=\"http:\/\/clic.xtec.net\/db\/jclicApplet.jsp?project=http:\/\/clic.xtec.net\/projects\/futboles\/jclic\/futboles.jclic.zip&amp;lang=es\" target=\"_blank\">COMPRENSI\u00d3N I<\/a><\/li>\n<\/ul>\n<ul>\n<li><a href=\"http:\/\/www.edu.xunta.es\/contidos\/premios\/p2003\/b\/karaoke\/karaoke.html\" target=\"_blank\">KARAOKE LITERARIO<\/a><\/li>\n<li><a href=\"http:\/\/clic.xtec.net\/db\/jclicApplet.jsp?project=http:\/\/clic.xtec.net\/projects\/gunter1\/jclic\/gunter1.jclic.zip&amp;lang=es\" target=\"_blank\">COMPRENSI\u00d3N II<\/a><\/li>\n<li><\/li>\n<\/ul>\n<\/td>\n<\/tr>\n<tr>\n<td width=\"215\" valign=\"top\"><strong>EVAL\u00daO PRIMARIA<\/strong><\/td>\n<td width=\"274\" valign=\"top\">\n<ul>\n<li><a href=\"http:\/\/clic.xtec.net\/db\/jclicApplet.jsp?project=http:\/\/clic.xtec.net\/projects\/lensexto\/jclic\/lensexto.jclic.zip&amp;lang=es\" target=\"_blank\">EVALUACI\u00d3N I<\/a><\/li>\n<\/ul>\n<ul>\n<li><a href=\"http:\/\/clic.xtec.net\/db\/jclicApplet.jsp?project=http:\/\/clic.xtec.net\/projects\/cassec\/jclic\/cassec.jclic.zip&amp;lang=es\" target=\"_blank\">EVALUACI\u00d3N II<\/a><\/li>\n<\/ul>\n<\/td>\n<\/tr>\n<tr>\n<td width=\"215\" valign=\"top\">Otras actividades.<\/td>\n<td width=\"274\" valign=\"top\"><\/td>\n<\/tr>\n<\/tbody>\n<\/table>\n","protected":false},"excerpt":{"rendered":"<p>LENGUA CONTENIDOS RECURSOS ACTIVIDADES DIVERSAS TALLER DICTADOS POR UNIDADES LAS LETRAS DEL FARA\u00d3N JEROGL\u00cdFICOS LECTURA ESCRITURA ORTOGRAF\u00cdA ORTOGRAF\u00cdA IDEOVISUAL TEST DE VELOCIDAD LECTORA L\u00cdO DE PALABRAS VELILA AL MANDO DE LA ORTONAVE 3 CUENTOS Y LEYENDAS ILUSTRADOS PARA NI\u00d1OS III LECTURAS I LECTURAS II EL QUIJOTE EL INGENIOSO HIDALGO &#8230; MI PRIMER QUIJOTE APRENDE Y [&hellip;]<\/p>\n","protected":false},"author":6,"featured_media":0,"parent":423,"menu_order":16,"comment_status":"open","ping_status":"open","template":"","meta":[],"_links":{"self":[{"href":"https:\/\/cpcorella.educacion.navarra.es\/blogs\/3ciclo\/wp-json\/wp\/v2\/pages\/707"}],"collection":[{"href":"https:\/\/cpcorella.educacion.navarra.es\/blogs\/3ciclo\/wp-json\/wp\/v2\/pages"}],"about":[{"href":"https:\/\/cpcorella.educacion.navarra.es\/blogs\/3ciclo\/wp-json\/wp\/v2\/types\/page"}],"author":[{"embeddable":true,"href":"https:\/\/cpcorella.educacion.navarra.es\/blogs\/3ciclo\/wp-json\/wp\/v2\/users\/6"}],"replies":[{"embeddable":true,"href":"https:\/\/cpcorella.educacion.navarra.es\/blogs\/3ciclo\/wp-json\/wp\/v2\/comments?post=707"}],"version-history":[{"count":0,"href":"https:\/\/cpcorella.educacion.navarra.es\/blogs\/3ciclo\/wp-json\/wp\/v2\/pages\/707\/revisions"}],"up":[{"embeddable":true,"href":"https:\/\/cpcorella.educacion.navarra.es\/blogs\/3ciclo\/wp-json\/wp\/v2\/pages\/423"}],"wp:attachment":[{"href":"https:\/\/cpcorella.educacion.navarra.es\/blogs\/3ciclo\/wp-json\/wp\/v2\/media?parent=707"}],"curies":[{"name":"wp","href":"https:\/\/api.w.org\/{rel}","templated":true}]}}