{"id":668,"date":"2010-01-28T11:53:00","date_gmt":"2010-01-28T11:53:00","guid":{"rendered":"http:\/\/pitagorines.wordpress.com\/?page_id=668"},"modified":"2010-01-28T11:53:00","modified_gmt":"2010-01-28T11:53:00","slug":"informatica","status":"publish","type":"page","link":"https:\/\/cpcorella.educacion.navarra.es\/blogs\/3ciclo\/asignaturas\/informatica\/","title":{"rendered":"INFORM\u00c1TICA"},"content":{"rendered":"<h2>INFORM\u00c1TICA<\/h2>\n<div><\/div>\n<div>\n<div>\n<p>Estupenda aplicaci\u00f3n de vedoque.com que nos permitir\u00e1 mejorar nuestra  mecanograf\u00eda a trav\u00e9s de actividades y divertidos juegos. Nos vendr\u00e1 muy bien en  quinto.<\/p>\n<p><a href=\"http:\/\/www.vedoque.com\/juegos\/mecano\/\" target=\"_blank\"><img loading=\"lazy\" src=\"http:\/\/profeblog.es\/blog\/guillermo\/files\/2009\/02\/curso-de-mecanografia-i.jpg\" alt=\"\" width=\"300\" height=\"200\" \/><\/a><\/p>\n<\/div>\n<div>\n<p><a href=\"http:\/\/www.vedoque.com\/juegos\/mecano\/mecanografia-vedoque2.html\" target=\"_blank\"><img loading=\"lazy\" src=\"http:\/\/profeblog.es\/blog\/guillermo\/files\/2009\/02\/curso-de-mecanografia-ii.jpg\" alt=\"\" width=\"300\" height=\"227\" \/><\/a><\/p>\n<\/div>\n<p><a href=\"http:\/\/www.vedoque.com\/juegos\/mecano\/mecanografia-vedoque3.html\" target=\"_blank\"><img loading=\"lazy\" src=\"http:\/\/profeblog.es\/blog\/guillermo\/files\/2009\/02\/curso-de-mecanografia-iii.jpg\" alt=\"\" width=\"300\" height=\"226\" \/><\/a><\/p>\n<p><a href=\"http:\/\/www.vedoque.com\/juegos\/mecano\/prehistoria.html\"><img loading=\"lazy\" title=\"Dibujo\" src=\"http:\/\/irati.pnte.cfnavarra.es\/multiblog\/jrodrig3\/files\/2009\/12\/dibujo32.jpg?w=300\" alt=\"\" width=\"300\" height=\"225\" \/><\/a><a href=\"http:\/\/www.vedoque.com\/juegos\/mecano\/muro.html\"><img loading=\"lazy\" title=\"Dibujo2\" src=\"http:\/\/irati.pnte.cfnavarra.es\/multiblog\/jrodrig3\/files\/2009\/12\/dibujo210.jpg?w=300\" alt=\"\" width=\"300\" height=\"225\" \/><\/a><a href=\"http:\/\/www.vedoque.com\/juegos\/mecano\/elreto.html\"><img loading=\"lazy\" title=\"Dibujo3\" src=\"http:\/\/irati.pnte.cfnavarra.es\/multiblog\/jrodrig3\/files\/2009\/12\/dibujo33.jpg?w=300\" alt=\"\" width=\"300\" height=\"225\" \/><\/a><\/p>\n<\/div>\n","protected":false},"excerpt":{"rendered":"<p>INFORM\u00c1TICA Estupenda aplicaci\u00f3n de vedoque.com que nos permitir\u00e1 mejorar nuestra mecanograf\u00eda a trav\u00e9s de actividades y divertidos juegos. Nos vendr\u00e1 muy bien en quinto.<\/p>\n","protected":false},"author":6,"featured_media":0,"parent":656,"menu_order":4,"comment_status":"open","ping_status":"open","template":"","meta":[],"_links":{"self":[{"href":"https:\/\/cpcorella.educacion.navarra.es\/blogs\/3ciclo\/wp-json\/wp\/v2\/pages\/668"}],"collection":[{"href":"https:\/\/cpcorella.educacion.navarra.es\/blogs\/3ciclo\/wp-json\/wp\/v2\/pages"}],"about":[{"href":"https:\/\/cpcorella.educacion.navarra.es\/blogs\/3ciclo\/wp-json\/wp\/v2\/types\/page"}],"author":[{"embeddable":true,"href":"https:\/\/cpcorella.educacion.navarra.es\/blogs\/3ciclo\/wp-json\/wp\/v2\/users\/6"}],"replies":[{"embeddable":true,"href":"https:\/\/cpcorella.educacion.navarra.es\/blogs\/3ciclo\/wp-json\/wp\/v2\/comments?post=668"}],"version-history":[{"count":0,"href":"https:\/\/cpcorella.educacion.navarra.es\/blogs\/3ciclo\/wp-json\/wp\/v2\/pages\/668\/revisions"}],"up":[{"embeddable":true,"href":"https:\/\/cpcorella.educacion.navarra.es\/blogs\/3ciclo\/wp-json\/wp\/v2\/pages\/656"}],"wp:attachment":[{"href":"https:\/\/cpcorella.educacion.navarra.es\/blogs\/3ciclo\/wp-json\/wp\/v2\/media?parent=668"}],"curies":[{"name":"wp","href":"https:\/\/api.w.org\/{rel}","templated":true}]}}