{"id":666,"date":"2010-01-28T11:52:13","date_gmt":"2010-01-28T11:52:13","guid":{"rendered":"http:\/\/pitagorines.wordpress.com\/?page_id=666"},"modified":"2010-01-28T11:52:13","modified_gmt":"2010-01-28T11:52:13","slug":"e-fisica","status":"publish","type":"page","link":"https:\/\/cpcorella.educacion.navarra.es\/blogs\/3ciclo\/asignaturas\/e-fisica\/","title":{"rendered":"E. F\u00cdSICA"},"content":{"rendered":"<h2>E. F\u00cdSICA<\/h2>\n<div><\/div>\n<div>\n<table border=\"0\" cellspacing=\"0\" cellpadding=\"0\" width=\"740\" align=\"center\">\n<tbody>\n<tr>\n<th width=\"61\" height=\"25\" scope=\"col\"><\/th>\n<th width=\"622\" height=\"25\" scope=\"col\"><\/th>\n<th width=\"57\" height=\"25\" scope=\"col\"><\/th>\n<\/tr>\n<\/tbody>\n<\/table>\n<p><!--DWLayoutTable--><\/p>\n<table border=\"1\" cellspacing=\"6\" width=\"1\" align=\"center\" bgcolor=\"#ffffff\">\n<tbody>\n<tr>\n<td width=\"179\" height=\"85\">\n<div><a href=\"http:\/\/ares.cnice.mec.es\/edufisica\/index.html\" target=\"_blank\"><img loading=\"lazy\" src=\"http:\/\/www.juntadeandalucia.es\/averroes\/loreto\/sugerencias\/imagenesfis\/1.jpg\" border=\"0\" alt=\"\" width=\"151\" height=\"85\" \/><\/a><\/div>\n<\/td>\n<td width=\"179\" height=\"85\">\n<div>\n<div><a href=\"http:\/\/recursos.cnice.mec.es\/edfisica\/alumnado\/alumnado.php\" target=\"_blank\"><img loading=\"lazy\" src=\"http:\/\/www.juntadeandalucia.es\/averroes\/loreto\/sugerencias\/imagenesfis\/3.jpg\" border=\"0\" alt=\"\" width=\"161\" height=\"85\" \/><\/a><\/div>\n<\/div>\n<\/td>\n<td width=\"178\" height=\"85\">\n<div><a href=\"http:\/\/w3.cnice.mec.es\/eos\/MaterialesEducativos\/mem\/cuidacuerpo\/index.htm\" target=\"_blank\"><img loading=\"lazy\" src=\"http:\/\/www.juntadeandalucia.es\/averroes\/loreto\/sugerencias\/imagenesfis\/2.jpg\" border=\"0\" alt=\"\" width=\"156\" height=\"85\" \/><\/a><\/div>\n<\/td>\n<td width=\"174\" height=\"85\">\n<div><a href=\"http:\/\/cvc.cervantes.es\/ensenanza\/mimundo\/default.htm\" target=\"_blank\"><img loading=\"lazy\" src=\"http:\/\/www.juntadeandalucia.es\/averroes\/loreto\/sugerencias\/imagenesfis\/4.jpg\" border=\"0\" alt=\"\" width=\"136\" height=\"85\" \/><\/a><\/div>\n<\/td>\n<\/tr>\n<tr>\n<td>1 Proyecto LUDOS.<\/td>\n<td>2 Educaci\u00f3n F\u00edsica y Deporte.<\/td>\n<td>3 \u00a1Cuida tu cuerpo!<\/td>\n<td>4 La clase de gimnasia.<\/td>\n<\/tr>\n<tr>\n<td height=\"85\">\n<div><a href=\"http:\/\/www.juntadeandalucia.es\/averroes\/html\/adjuntos\/2007\/09\/12\/0017\/index.html\" target=\"_blank\"><img loading=\"lazy\" src=\"http:\/\/www.juntadeandalucia.es\/averroes\/loreto\/sugerencias\/imagenesfis\/5.jpg\" border=\"0\" alt=\"\" width=\"125\" height=\"85\" \/><\/a><\/div>\n<\/td>\n<td height=\"85\">\n<div><a href=\"http:\/\/www.juntadeandalucia.es\/averroes\/html\/adjuntos\/2007\/10\/11\/0009\/index.htm\" target=\"_blank\"><img loading=\"lazy\" src=\"http:\/\/www.juntadeandalucia.es\/averroes\/loreto\/sugerencias\/imagenesfis\/6.jpg\" border=\"0\" alt=\"\" width=\"122\" height=\"85\" \/><\/a><\/div>\n<\/td>\n<td height=\"85\">\n<div><a href=\"http:\/\/www.juntadeandalucia.es\/averroes\/recursos_informaticos\/concurso2005\/48\/index.html\" target=\"_blank\"><img loading=\"lazy\" src=\"http:\/\/www.juntadeandalucia.es\/averroes\/loreto\/sugerencias\/imagenesfis\/7.jpg\" border=\"0\" alt=\"\" width=\"135\" height=\"85\" \/><\/a><\/div>\n<\/td>\n<td height=\"85\">\n<div><a href=\"http:\/\/www.elmundo.es\/jjoo\/2004\/html\/graficos\/100metros.html\" target=\"_blank\"><img loading=\"lazy\" src=\"http:\/\/www.juntadeandalucia.es\/averroes\/loreto\/sugerencias\/imagenesfis\/8.jpg\" border=\"0\" alt=\"\" width=\"119\" height=\"85\" \/><\/a><\/div>\n<\/td>\n<\/tr>\n<tr>\n<td height=\"23\">\n<div>5 Ejercicio f\u00edsico y salud.<\/div>\n<\/td>\n<td>\n<div>\n<div>6 Los valores est\u00e1n en juego..<\/div>\n<\/div>\n<\/td>\n<td>7 Jugamos con materiales.<\/td>\n<td>8 Juegos ol\u00edmpicos.<\/td>\n<\/tr>\n<tr>\n<td height=\"85\">\n<div><a href=\"http:\/\/clic.xtec.net\/db\/jclicApplet.jsp?project=http:\/\/clic.xtec.net\/projects\/salud\/jclic\/salud.jclic.zip&amp;lang=es\" target=\"_blank\"><img loading=\"lazy\" src=\"http:\/\/www.juntadeandalucia.es\/averroes\/loreto\/sugerencias\/imagenesfis\/9.jpg\" border=\"0\" alt=\"\" width=\"124\" height=\"85\" \/><\/a><\/div>\n<\/td>\n<td height=\"85\">\n<div><a href=\"http:\/\/www.prevencioncastillayleon.com\/escueladeprevencion\/estatico\/juego1.htm\" target=\"_blank\"><img loading=\"lazy\" src=\"http:\/\/www.juntadeandalucia.es\/averroes\/loreto\/sugerencias\/imagenesfis\/10.jpg\" border=\"0\" alt=\"\" width=\"146\" height=\"85\" \/><\/a><\/div>\n<\/td>\n<td height=\"85\">\n<div><a href=\"http:\/\/www.bicieducavial.org\/esp\/ninos_1.htm\" target=\"_blank\"><img loading=\"lazy\" src=\"http:\/\/www.juntadeandalucia.es\/averroes\/loreto\/sugerencias\/imagenesfis\/09-01.jpg\" border=\"0\" alt=\"\" width=\"143\" height=\"85\" \/><\/a><\/div>\n<\/td>\n<td height=\"85\"><!--DWLayoutEmptyCell--><\/td>\n<\/tr>\n<tr>\n<td height=\"23\">9 Conoce tu cuerpo.<\/td>\n<td>\n<div>10 Escuela de prevenci\u00f3n.<\/div>\n<\/td>\n<td>11 El mundo de la bicicleta.<\/td>\n<\/tr>\n<\/tbody>\n<\/table>\n<\/div>\n","protected":false},"excerpt":{"rendered":"<p>E. F\u00cdSICA 1 Proyecto LUDOS. 2 Educaci\u00f3n F\u00edsica y Deporte. 3 \u00a1Cuida tu cuerpo! 4 La clase de gimnasia. 5 Ejercicio f\u00edsico y salud. 6 Los valores est\u00e1n en juego.. 7 Jugamos con materiales. 8 Juegos ol\u00edmpicos. 9 Conoce tu cuerpo. 10 Escuela de prevenci\u00f3n. 11 El mundo de la bicicleta.<\/p>\n","protected":false},"author":6,"featured_media":0,"parent":656,"menu_order":3,"comment_status":"open","ping_status":"open","template":"","meta":[],"_links":{"self":[{"href":"https:\/\/cpcorella.educacion.navarra.es\/blogs\/3ciclo\/wp-json\/wp\/v2\/pages\/666"}],"collection":[{"href":"https:\/\/cpcorella.educacion.navarra.es\/blogs\/3ciclo\/wp-json\/wp\/v2\/pages"}],"about":[{"href":"https:\/\/cpcorella.educacion.navarra.es\/blogs\/3ciclo\/wp-json\/wp\/v2\/types\/page"}],"author":[{"embeddable":true,"href":"https:\/\/cpcorella.educacion.navarra.es\/blogs\/3ciclo\/wp-json\/wp\/v2\/users\/6"}],"replies":[{"embeddable":true,"href":"https:\/\/cpcorella.educacion.navarra.es\/blogs\/3ciclo\/wp-json\/wp\/v2\/comments?post=666"}],"version-history":[{"count":0,"href":"https:\/\/cpcorella.educacion.navarra.es\/blogs\/3ciclo\/wp-json\/wp\/v2\/pages\/666\/revisions"}],"up":[{"embeddable":true,"href":"https:\/\/cpcorella.educacion.navarra.es\/blogs\/3ciclo\/wp-json\/wp\/v2\/pages\/656"}],"wp:attachment":[{"href":"https:\/\/cpcorella.educacion.navarra.es\/blogs\/3ciclo\/wp-json\/wp\/v2\/media?parent=666"}],"curies":[{"name":"wp","href":"https:\/\/api.w.org\/{rel}","templated":true}]}}