{"id":660,"date":"2010-01-28T11:49:23","date_gmt":"2010-01-28T11:49:23","guid":{"rendered":"http:\/\/pitagorines.wordpress.com\/?page_id=660"},"modified":"2010-01-28T11:49:23","modified_gmt":"2010-01-28T11:49:23","slug":"musica","status":"publish","type":"page","link":"https:\/\/cpcorella.educacion.navarra.es\/blogs\/3ciclo\/asignaturas\/educacion-artistica\/musica\/","title":{"rendered":"M\u00daSICA"},"content":{"rendered":"<div id=\"post-1106\">\n<h2>M\u00daSICA<\/h2>\n<div><\/div>\n<div>\n<table border=\"0\" cellspacing=\"0\" cellpadding=\"0\" width=\"740\" align=\"center\">\n<tbody>\n<tr>\n<th width=\"61\" height=\"25\" scope=\"col\"><\/th>\n<th width=\"622\" height=\"25\" scope=\"col\"><\/th>\n<th width=\"28\" height=\"25\" scope=\"col\">\n<div><a href=\"http:\/\/www.juntadeandalucia.es\/averroes\/loreto\/sugerencias\/musica-2.html\" target=\"_self\"><br \/>\n<\/a><\/div>\n<\/th>\n<th width=\"29\" scope=\"col\">\n<div><a href=\"http:\/\/www.juntadeandalucia.es\/averroes\/loreto\/sugerencias\/musica-2.html\" target=\"_self\"><br \/>\n<\/a><\/div>\n<\/th>\n<\/tr>\n<\/tbody>\n<\/table>\n<p><!--DWLayoutTable--><\/p>\n<table border=\"1\" cellspacing=\"6\" width=\"1\" align=\"center\" bgcolor=\"#ffffff\">\n<tbody>\n<tr>\n<td width=\"179\" height=\"85\">\n<div><a href=\"http:\/\/www.aprendomusica.com\/index.htm#\" target=\"_blank\"><img loading=\"lazy\" src=\"http:\/\/www.juntadeandalucia.es\/averroes\/loreto\/sugerencias\/imagenesmus\/1.jpg\" border=\"0\" alt=\"\" width=\"148\" height=\"85\" \/><\/a><\/div>\n<\/td>\n<td width=\"179\" height=\"85\">\n<div>\n<div><a href=\"http:\/\/www.juntadeandalucia.es\/averroes\/recursos_informaticos\/andared02\/la_musica\/index.htm\" target=\"_blank\"><img loading=\"lazy\" src=\"http:\/\/www.juntadeandalucia.es\/averroes\/loreto\/sugerencias\/imagenesmus\/2.jpg\" border=\"0\" alt=\"\" width=\"150\" height=\"85\" \/><\/a><\/div>\n<\/div>\n<\/td>\n<td width=\"178\" height=\"85\">\n<div><a href=\"http:\/\/ares.cnice.mec.es\/artistica\/index.html\" target=\"_blank\"><img loading=\"lazy\" src=\"http:\/\/www.juntadeandalucia.es\/averroes\/loreto\/sugerencias\/imagenesmus\/3.jpg\" border=\"0\" alt=\"\" width=\"153\" height=\"85\" \/><\/a><\/div>\n<\/td>\n<td width=\"174\" height=\"85\">\n<div><a href=\"http:\/\/www.musicaenalcala.com\/images\/stories\/juegos\/presentacion.swf\" target=\"_blank\"><img loading=\"lazy\" src=\"http:\/\/www.juntadeandalucia.es\/averroes\/loreto\/sugerencias\/imagenesmus\/4.jpg\" border=\"0\" alt=\"\" width=\"136\" height=\"85\" \/><\/a><\/div>\n<\/td>\n<\/tr>\n<tr>\n<td>1 Aprendo m\u00fasica.<\/td>\n<td>2 Educaci\u00f3n musical.<\/td>\n<td>3 Proyecto PRIMARTIS.<\/td>\n<td>4 Juego con los sonidos.<\/td>\n<\/tr>\n<tr>\n<td height=\"85\">\n<div><a href=\"http:\/\/www.genmagic.net\/musica\/somag2c.swf\" target=\"_blank\"><img loading=\"lazy\" src=\"http:\/\/www.juntadeandalucia.es\/averroes\/loreto\/sugerencias\/imagenesmus\/5-60.jpg\" border=\"0\" alt=\"\" width=\"107\" height=\"85\" \/><\/a><\/div>\n<\/td>\n<td height=\"85\">\n<div>\n<div><a href=\"http:\/\/www.genmagic.net\/musica\/piano1.swf\" target=\"_blank\"><img loading=\"lazy\" src=\"http:\/\/www.juntadeandalucia.es\/averroes\/loreto\/sugerencias\/imagenesmus\/5-61.jpg\" border=\"0\" alt=\"\" width=\"118\" height=\"85\" \/><\/a><\/div>\n<\/div>\n<\/td>\n<td height=\"85\">\n<div><a href=\"http:\/\/www.juntadeandalucia.es\/averroes\/recursos_informaticos\/concurso2002\/accesit_2\/index.htm\" target=\"_blank\"><img loading=\"lazy\" src=\"http:\/\/www.juntadeandalucia.es\/averroes\/loreto\/sugerencias\/imagenesmus\/7.jpg\" border=\"0\" alt=\"\" width=\"147\" height=\"85\" \/><\/a><\/div>\n<\/td>\n<td height=\"85\">\n<div><a href=\"http:\/\/argentina.aula365.com\/Tutoriales\/IUD7\/IUD7_pres_i01.htm\" target=\"_blank\"><img loading=\"lazy\" src=\"http:\/\/www.juntadeandalucia.es\/averroes\/loreto\/sugerencias\/imagenesmus\/8.jpg\" border=\"0\" alt=\"\" width=\"114\" height=\"85\" \/><\/a><\/div>\n<\/td>\n<\/tr>\n<tr>\n<td height=\"23\">\n<div>5 Sonidos m\u00e1gicos 2.<\/div>\n<\/td>\n<td>\n<div>\n<div>6 M\u00e1gic M\u00fasic.<\/div>\n<\/div>\n<\/td>\n<td>7 Divi\u00e9rtete con la m\u00fasica.<\/td>\n<td>8 Instumentos de la orquesta.<\/td>\n<\/tr>\n<tr>\n<td height=\"85\">\n<div><a href=\"http:\/\/www.educa.jcyl.es\/educacyl\/cm\/gallery\/Recursos%20Boecillo\/musica\/carabela1\/menu.htm\" target=\"_blank\"><img loading=\"lazy\" src=\"http:\/\/www.juntadeandalucia.es\/averroes\/loreto\/sugerencias\/imagenesmus\/9.jpg\" border=\"0\" alt=\"\" width=\"119\" height=\"85\" \/><\/a><\/div>\n<\/td>\n<td height=\"85\">\n<div><a href=\"http:\/\/www.juntadeandalucia.es\/averroes\/recursos_informaticos\/andared02\/la_musica\/base1.htm\" target=\"_blank\"><img loading=\"lazy\" src=\"http:\/\/www.juntadeandalucia.es\/averroes\/loreto\/sugerencias\/imagenesmus\/10.jpg\" border=\"0\" alt=\"\" width=\"137\" height=\"85\" \/><\/a><\/div>\n<\/td>\n<td height=\"85\">\n<div><a href=\"http:\/\/www.juntadeandalucia.es\/averroes\/recursos_informaticos\/concurso2000\/accesit_4\/index.htm\" target=\"_blank\"><img loading=\"lazy\" src=\"http:\/\/www.juntadeandalucia.es\/averroes\/loreto\/sugerencias\/imagenesmus\/11.jpg\" border=\"0\" alt=\"\" width=\"146\" height=\"85\" \/><\/a><\/div>\n<\/td>\n<td height=\"85\">\n<div><a href=\"http:\/\/www.educa.jcyl.es\/educacyl\/cm\/zonaalumnos\/tkPopUp?pgseed=1179298269126&amp;idContent=14122&amp;locale=es_ES&amp;textOnly=false\" target=\"_blank\"><img loading=\"lazy\" src=\"http:\/\/www.juntadeandalucia.es\/averroes\/loreto\/sugerencias\/imagenesmus\/09-01.jpg\" border=\"0\" alt=\"\" width=\"143\" height=\"85\" \/><\/a><\/div>\n<\/td>\n<\/tr>\n<tr>\n<td height=\"23\">9 La carabela musical.<\/td>\n<td>10 Lenguaje musical.<\/td>\n<td>\n<div>11 La percusi\u00f3n escolar.<\/div>\n<\/td>\n<td>12 La orquesta, karoke y piano.<\/td>\n<\/tr>\n<\/tbody>\n<\/table>\n<\/div>\n<\/div>\n<div id=\"comments\">\n<div id=\"cmtswitcher\"><\/div>\n<\/div>\n","protected":false},"excerpt":{"rendered":"<p>M\u00daSICA 1 Aprendo m\u00fasica. 2 Educaci\u00f3n musical. 3 Proyecto PRIMARTIS. 4 Juego con los sonidos. 5 Sonidos m\u00e1gicos 2. 6 M\u00e1gic M\u00fasic. 7 Divi\u00e9rtete con la m\u00fasica. 8 Instumentos de la orquesta. 9 La carabela musical. 10 Lenguaje musical. 11 La percusi\u00f3n escolar. 12 La orquesta, karoke y piano.<\/p>\n","protected":false},"author":6,"featured_media":0,"parent":658,"menu_order":1,"comment_status":"open","ping_status":"open","template":"","meta":[],"_links":{"self":[{"href":"https:\/\/cpcorella.educacion.navarra.es\/blogs\/3ciclo\/wp-json\/wp\/v2\/pages\/660"}],"collection":[{"href":"https:\/\/cpcorella.educacion.navarra.es\/blogs\/3ciclo\/wp-json\/wp\/v2\/pages"}],"about":[{"href":"https:\/\/cpcorella.educacion.navarra.es\/blogs\/3ciclo\/wp-json\/wp\/v2\/types\/page"}],"author":[{"embeddable":true,"href":"https:\/\/cpcorella.educacion.navarra.es\/blogs\/3ciclo\/wp-json\/wp\/v2\/users\/6"}],"replies":[{"embeddable":true,"href":"https:\/\/cpcorella.educacion.navarra.es\/blogs\/3ciclo\/wp-json\/wp\/v2\/comments?post=660"}],"version-history":[{"count":0,"href":"https:\/\/cpcorella.educacion.navarra.es\/blogs\/3ciclo\/wp-json\/wp\/v2\/pages\/660\/revisions"}],"up":[{"embeddable":true,"href":"https:\/\/cpcorella.educacion.navarra.es\/blogs\/3ciclo\/wp-json\/wp\/v2\/pages\/658"}],"wp:attachment":[{"href":"https:\/\/cpcorella.educacion.navarra.es\/blogs\/3ciclo\/wp-json\/wp\/v2\/media?parent=660"}],"curies":[{"name":"wp","href":"https:\/\/api.w.org\/{rel}","templated":true}]}}