{"id":654,"date":"2010-01-28T11:46:20","date_gmt":"2010-01-28T11:46:20","guid":{"rendered":"http:\/\/pitagorines.wordpress.com\/?page_id=654"},"modified":"2010-01-28T11:46:20","modified_gmt":"2010-01-28T11:46:20","slug":"english-5%c2%ba-6%c2%ba","status":"publish","type":"page","link":"https:\/\/cpcorella.educacion.navarra.es\/blogs\/3ciclo\/english-2\/english-5%c2%ba-6%c2%ba\/","title":{"rendered":"ENGLISH 5\u00ba &amp; 6\u00ba"},"content":{"rendered":"<div id=\"post-167\">\n<h2>ENGLISH 5\u00ba &amp; 6\u00ba<\/h2>\n<div><\/div>\n<div>\n<p>.<\/p>\n<table border=\"0\" align=\"center\">\n<tbody>\n<tr>\n<td><\/td>\n<td><strong>Ingl\u00e9s  para\u00a0sexto de Primaria<\/strong><\/td>\n<\/tr>\n<tr>\n<td><\/td>\n<td><strong>Travel <\/strong><strong> <\/strong><a href=\"http:\/\/www.educa.madrid.org\/binary\/253\/files418\">Acceder <\/a><strong><a href=\"http:\/\/www.educa.madrid.org\/binary\/253\/files418\"><img loading=\"lazy\" src=\"http:\/\/www.educa.madrid.org\/binary\/760\/Flecha_azul.gif\" border=\"0\" alt=\" \" width=\"15\" height=\"16\" align=\"absMiddle\" \/><\/a><img loading=\"lazy\" src=\"http:\/\/www.educa.madrid.org\/binary\/345\/degradadomenu.gif\" border=\"0\" alt=\" \" width=\"197\" height=\"2\" align=\"right\" \/><\/strong><\/td>\n<\/tr>\n<tr>\n<td><\/td>\n<td><img loading=\"lazy\" title=\"Ingl\u00e9s\" src=\"http:\/\/www.educa.madrid.org\/binary\/860\/travel6.jpg\" border=\"1\" alt=\"Ingl\u00e9s\" hspace=\"3\" vspace=\"10\" width=\"75\" height=\"58\" align=\"left\" \/>Se trabaja el  vocabulario de los alimentos y bebidas, comida de diferentes pa\u00edses, el clima,  medios de transporte, pa\u00edses y nacionalidades para reforzar las funciones de  describir mediante adverbios (-ly) y preguntar c\u00f3mo llegar a un  lugar.<\/td>\n<\/tr>\n<tr>\n<td><\/td>\n<td><strong>Hobbies  and\u00a0interests <\/strong><a href=\"http:\/\/www.educa.madrid.org\/binary\/511\/files943\">Acceder <\/a><strong><img loading=\"lazy\" src=\"http:\/\/www.educa.madrid.org\/binary\/760\/Flecha_azul.gif\" border=\"0\" alt=\" \" width=\"15\" height=\"16\" align=\"absMiddle\" \/><\/strong><img loading=\"lazy\" src=\"http:\/\/www.educa.madrid.org\/binary\/345\/degradadomenu.gif\" border=\"0\" alt=\" \" width=\"197\" height=\"2\" align=\"right\" \/><\/td>\n<\/tr>\n<tr>\n<td><\/td>\n<td><img loading=\"lazy\" title=\"Ingl\u00e9s\" src=\"http:\/\/www.educa.madrid.org\/binary\/829\/hobbies6.jpg\" border=\"1\" alt=\"Ingl\u00e9s\" hspace=\"3\" vspace=\"10\" width=\"75\" height=\"58\" align=\"left\" \/>Se  trabaja la descripci\u00f3n de personalidad mediante el vocabulario de superh\u00e9roes y  adjetivos, los comparativos y sustantivos contables e  incontables.<\/td>\n<\/tr>\n<tr>\n<td><\/td>\n<td><strong>Animals <\/strong><a href=\"http:\/\/www.educa.madrid.org\/binary\/224\/files924\">Acceder <\/a><strong><a href=\"http:\/\/www.educa.madrid.org\/binary\/224\/files924\"><img loading=\"lazy\" src=\"http:\/\/www.educa.madrid.org\/binary\/760\/Flecha_azul.gif\" border=\"0\" alt=\" \" width=\"15\" height=\"16\" align=\"absMiddle\" \/><\/a><img loading=\"lazy\" src=\"http:\/\/www.educa.madrid.org\/binary\/345\/degradadomenu.gif\" border=\"0\" alt=\" \" width=\"197\" height=\"2\" align=\"right\" \/><\/strong><\/td>\n<\/tr>\n<tr>\n<td><\/td>\n<td><img loading=\"lazy\" title=\"Ingl\u00e9s\" src=\"http:\/\/www.educa.madrid.org\/binary\/613\/animals5.jpg\" border=\"1\" alt=\"Ingl\u00e9s\" hspace=\"3\" vspace=\"10\" width=\"75\" height=\"58\" align=\"left\" \/><\/p>\n<p>Se trabaja el tema  de los animales en extinci\u00f3n y los dinosaurios para ejercitar el participio de  verbos regulares e irregulares.<\/td>\n<\/tr>\n<tr>\n<td><\/td>\n<td><strong>Healt <\/strong><a href=\"http:\/\/www.educa.madrid.org\/binary\/945\/files80\">Acceder <\/a><strong><img loading=\"lazy\" src=\"http:\/\/www.educa.madrid.org\/binary\/760\/Flecha_azul.gif\" border=\"0\" alt=\" \" width=\"15\" height=\"16\" align=\"absMiddle\" \/><\/strong><strong> <img loading=\"lazy\" src=\"http:\/\/www.educa.madrid.org\/binary\/345\/degradadomenu.gif\" border=\"0\" alt=\" \" width=\"197\" height=\"2\" align=\"right\" \/><\/strong><\/td>\n<\/tr>\n<tr>\n<td><\/td>\n<td><img loading=\"lazy\" title=\"Ingl\u00e9s\" src=\"http:\/\/www.educa.madrid.org\/binary\/358\/healt6.jpg\" border=\"1\" alt=\"Ingl\u00e9s\" hspace=\"3\" vspace=\"10\" width=\"75\" height=\"58\" align=\"left\" \/>Se  trabaja la funci\u00f3n comunicativa de dar consejo con \u201cshould \/ shouldn\u00b4t\u201d mediante  la presentaci\u00f3n de vocabulario relacionado con la salud, el ejercicio y rutinas  saludables. Tambi\u00e9n se presenta el vocabulario de los \u00f3rganos y malestares  f\u00edsicos para presentar el past perfect.<\/td>\n<\/tr>\n<tr>\n<td><\/td>\n<td><strong>Fashion <\/strong><a href=\"http:\/\/www.educa.madrid.org\/binary\/412\/files320\">Acceder<\/a> <strong><img loading=\"lazy\" src=\"http:\/\/www.educa.madrid.org\/binary\/760\/Flecha_azul.gif\" border=\"0\" alt=\" \" width=\"15\" height=\"16\" align=\"absMiddle\" \/><\/strong><strong> <img loading=\"lazy\" src=\"http:\/\/www.educa.madrid.org\/binary\/345\/degradadomenu.gif\" border=\"0\" alt=\" \" width=\"197\" height=\"2\" align=\"right\" \/><\/strong><\/td>\n<\/tr>\n<tr>\n<td><\/td>\n<td><img loading=\"lazy\" title=\"Ingl\u00e9s\" src=\"http:\/\/www.educa.madrid.org\/binary\/967\/fashion6.jpg\" border=\"1\" alt=\"Ingl\u00e9s\" hspace=\"3\" vspace=\"3\" width=\"75\" height=\"58\" align=\"left\" \/><\/p>\n<p>Estas actividades  est\u00e1n dirigidas a alumnos de 6\u00ba curso de primaria. Se trabaja el vocabulario de  las prendas de vestir y adjetivos descriptivos para hablar del concepto de moda.  En gram\u00e1tica se ejercita el pasado en todas sus  formas.<\/td>\n<\/tr>\n<\/tbody>\n<\/table>\n<p>class  6<\/p>\n<table border=\"0\" cellspacing=\"0\" cellpadding=\"0\" width=\"800\" align=\"center\"><!--DWLayoutTable--><\/p>\n<tbody><\/tbody>\n<tbody>\n<tr>\n<td width=\"32\" height=\"44\" valign=\"top\" bgcolor=\"#cae6d2\"><!--DWLayoutEmptyCell--><\/td>\n<td width=\"768\" align=\"middle\" valign=\"center\" bgcolor=\"#cae6d2\">\n<div>TOPICS<\/div>\n<\/td>\n<\/tr>\n<\/tbody>\n<\/table>\n<table border=\"0\" cellspacing=\"0\" cellpadding=\"0\" width=\"800\" align=\"center\"><!--DWLayoutTable--><\/p>\n<tbody><\/tbody>\n<tbody>\n<tr>\n<td width=\"200\" align=\"middle\" valign=\"center\"><a href=\"http:\/\/www.angles365.com\/classroom\/c6school.htm\" target=\"_blank\"><img loading=\"lazy\" src=\"http:\/\/www.angles365.com\/classroom\/imatges\/school.gif\" border=\"0\" alt=\"\" width=\"130\" height=\"98\" \/><\/a><br \/>\nSchool<\/td>\n<td width=\"200\" align=\"middle\" valign=\"center\"><a href=\"http:\/\/www.angles365.com\/classroom\/c6places.htm\" target=\"_blank\"><img loading=\"lazy\" src=\"http:\/\/www.angles365.com\/classroom\/imatges\/places.gif\" border=\"0\" alt=\"\" width=\"130\" height=\"130\" \/><\/a><br \/>\nPlaces<\/td>\n<td width=\"200\" height=\"163\" align=\"middle\" valign=\"center\"><a href=\"http:\/\/www.angles365.com\/classroom\/c6food.htm\" target=\"_blank\"><img loading=\"lazy\" src=\"http:\/\/www.angles365.com\/classroom\/imatges\/food.jpg\" border=\"0\" alt=\"\" width=\"130\" height=\"97\" \/> <\/a><br \/>\nFood<\/td>\n<td width=\"200\" align=\"middle\" valign=\"center\"><a href=\"http:\/\/www.angles365.com\/classroom\/c5weather.htm\" target=\"_blank\"><img loading=\"lazy\" src=\"http:\/\/www.angles365.com\/classroom\/imatges\/weather.gif\" border=\"0\" alt=\"\" width=\"130\" height=\"130\" \/><\/a><br \/>\nWeather<\/td>\n<\/tr>\n<\/tbody>\n<\/table>\n<table border=\"0\" cellspacing=\"0\" cellpadding=\"0\" width=\"800\" align=\"center\"><!--DWLayoutTable--><\/p>\n<tbody><\/tbody>\n<tbody>\n<tr>\n<td width=\"200\" height=\"163\" align=\"middle\" valign=\"center\"><a href=\"http:\/\/www.angles365.com\/classroom\/c5jobs.htm\" target=\"_blank\"><img loading=\"lazy\" src=\"http:\/\/www.angles365.com\/classroom\/imatges\/jobs.gif\" border=\"0\" alt=\"\" width=\"107\" height=\"129\" \/><\/a><br \/>\nJobs<\/td>\n<td width=\"200\" align=\"middle\" valign=\"center\"><a href=\"http:\/\/www.angles365.com\/classroom\/c6family.htm\" target=\"_blank\"><img loading=\"lazy\" src=\"http:\/\/www.angles365.com\/classroom\/imatges\/family.jpg\" border=\"0\" alt=\"\" width=\"130\" height=\"98\" \/> <\/a><br \/>\nFamily<\/td>\n<td width=\"200\" align=\"middle\" valign=\"center\"><a href=\"http:\/\/www.angles365.com\/classroom\/c6animals.htm\" target=\"_blank\"><img loading=\"lazy\" src=\"http:\/\/www.angles365.com\/classroom\/imatges\/imatges6\/animals\/animals02.gif\" border=\"0\" alt=\"\" width=\"130\" height=\"98\" \/> <\/a><br \/>\nAnimals<\/td>\n<td width=\"200\" align=\"middle\" valign=\"center\"><a href=\"http:\/\/www.angles365.com\/classroom\/c6clothes.htm\" target=\"_blank\"><img loading=\"lazy\" src=\"http:\/\/www.angles365.com\/classroom\/imatges\/clothes.jpg\" border=\"0\" alt=\"\" width=\"130\" height=\"98\" \/><\/a><br \/>\nClothes<\/td>\n<\/tr>\n<\/tbody>\n<\/table>\n<table border=\"0\" cellspacing=\"0\" cellpadding=\"0\" width=\"800\" align=\"center\"><!--DWLayoutTable--><\/p>\n<tbody><\/tbody>\n<tbody>\n<tr>\n<td width=\"200\" height=\"163\" align=\"middle\" valign=\"center\"><a href=\"http:\/\/www.angles365.com\/classroom\/c3numbers.htm\" target=\"_blank\"><\/a><a href=\"http:\/\/www.angles365.com\/classroom\/c6house.htm\" target=\"_blank\"><img loading=\"lazy\" src=\"http:\/\/www.angles365.com\/classroom\/imatges\/house.gif\" border=\"0\" alt=\"\" width=\"130\" height=\"126\" \/><\/a><br \/>\nHouse<\/td>\n<td width=\"200\" align=\"middle\" valign=\"center\"><a href=\"http:\/\/www.angles365.com\/classroom\/c6body.htm\" target=\"_blank\"><img loading=\"lazy\" src=\"http:\/\/www.angles365.com\/classroom\/imatges\/body.jpg\" border=\"0\" alt=\"\" width=\"130\" height=\"97\" \/><\/a><br \/>\nThe body<\/td>\n<td width=\"200\" height=\"163\" align=\"middle\" valign=\"center\"><a href=\"http:\/\/www.angles365.com\/classroom\/extra.htm\" target=\"_blank\"><img loading=\"lazy\" src=\"http:\/\/www.angles365.com\/classroom\/imatges\/extra.jpg\" border=\"0\" alt=\"\" width=\"172\" height=\"122\" \/><\/a><br \/>\nMore activities<\/td>\n<td width=\"200\" align=\"middle\" valign=\"center\"><a href=\"http:\/\/clic.xtec.net\/db\/jclicApplet.jsp?project=http:\/\/clic.xtec.net\/projects\/learnsnd\/jclic\/learnsnd.jclic.zip&amp;lang=en&amp;title=Learning+English\" target=\"_blank\"><img loading=\"lazy\" src=\"http:\/\/www.angles365.com\/classroom\/imatges\/imatges4t\/jclic.gif\" border=\"0\" alt=\"\" width=\"129\" height=\"97\" \/><\/a><br \/>\nVocabulary<\/td>\n<\/tr>\n<\/tbody>\n<\/table>\n<table border=\"0\" cellspacing=\"0\" cellpadding=\"0\" width=\"800\" align=\"center\"><!--DWLayoutTable--><\/p>\n<tbody><\/tbody>\n<tbody>\n<tr>\n<td width=\"200\" height=\"163\" align=\"middle\" valign=\"center\"><a href=\"http:\/\/www.juntadeandalucia.es\/averroes\/centros-tic\/41009470\/helvia\/aula\/archivos\/repositorio\/0\/56\/html\/datos\/07_Dreambox_6\/swf\/intro.swf\" target=\"_blank\"><img loading=\"lazy\" src=\"http:\/\/www.angles365.com\/classroom\/imatges\/imatges5\/anaya5.jpg\" border=\"0\" alt=\"\" width=\"130\" height=\"98\" \/><\/a><br \/>\nDifferent subjects<\/td>\n<td width=\"200\" align=\"middle\" valign=\"center\"><\/td>\n<td width=\"200\" height=\"163\" align=\"middle\" valign=\"center\"><\/td>\n<td width=\"200\" align=\"middle\" valign=\"center\"><\/td>\n<\/tr>\n<\/tbody>\n<\/table>\n<table border=\"0\" cellspacing=\"0\" cellpadding=\"0\" width=\"800\" align=\"center\"><!--DWLayoutTable--><\/p>\n<tbody><\/tbody>\n<tbody>\n<tr>\n<td width=\"32\" height=\"44\" valign=\"top\" bgcolor=\"#ffcb97\"><!--DWLayoutEmptyCell--><\/td>\n<td width=\"768\" align=\"middle\" valign=\"center\" bgcolor=\"#ffcb97\">\n<div>STORIES  AND SONGS<\/div>\n<\/td>\n<\/tr>\n<\/tbody>\n<\/table>\n<table border=\"0\" cellspacing=\"0\" cellpadding=\"0\" width=\"800\" align=\"center\"><!--DWLayoutTable--><\/p>\n<tbody><\/tbody>\n<tbody>\n<tr>\n<td width=\"200\" height=\"163\" align=\"middle\" valign=\"center\"><a href=\"http:\/\/www.angles365.com\/classroom\/stories.htm\" target=\"_blank\"><img loading=\"lazy\" src=\"http:\/\/www.angles365.com\/classroom\/imatges\/stories\/littlecar.gif\" border=\"0\" alt=\"\" width=\"120\" height=\"90\" \/> <\/a><br \/>\nStories to listen to, read,  chant and play<\/td>\n<td width=\"200\" align=\"middle\" valign=\"center\"><a href=\"http:\/\/www.angles365.com\/classroom\/readings\/readings.htm\"><\/a><a href=\"http:\/\/www.angles365.com\/classroom\/stories2.htm\" target=\"_blank\"><img loading=\"lazy\" src=\"http:\/\/www.angles365.com\/classroom\/imatges\/imatges4t\/isee.gif\" border=\"0\" alt=\"\" width=\"130\" height=\"98\" \/><\/a><br \/>\nStories to listen to and  read<\/td>\n<td width=\"200\" height=\"163\" align=\"middle\" valign=\"center\"><a href=\"http:\/\/www.angles365.com\/classroom\/read5e.htm\" target=\"_blank\"><img loading=\"lazy\" src=\"http:\/\/www.kizclub.com\/bookicons\/petbook.gif\" border=\"0\" alt=\"\" width=\"85\" height=\"100\" \/> <\/a><br \/>\nMore short stories<\/td>\n<td width=\"200\" align=\"middle\" valign=\"center\"><a href=\"http:\/\/www.angles365.com\/classroom\/alfystories.htm\" target=\"_blank\"><img loading=\"lazy\" src=\"http:\/\/www.angles365.com\/classroom\/imatges\/alfy\/alfyfort.gif\" border=\"0\" alt=\"\" width=\"120\" height=\"90\" \/> <\/a><br \/>\nAlfy\u2019s stories<\/td>\n<\/tr>\n<tr>\n<td width=\"200\" align=\"middle\" valign=\"center\"><a href=\"http:\/\/www.angles365.com\/classroom\/babytriplets.htm\" target=\"_blank\"><img loading=\"lazy\" src=\"http:\/\/www.angles365.com\/classroom\/babytriplets\/happybirthday.jpg\" border=\"0\" alt=\"\" width=\"130\" height=\"98\" \/><\/a><br \/>\nBaby triplets  stories<\/td>\n<td width=\"200\" align=\"middle\" valign=\"center\"><a href=\"http:\/\/www.angles365.com\/classroom\/thetriplets.htm\" target=\"_blank\"><img loading=\"lazy\" src=\"http:\/\/www.angles365.com\/classroom\/thetriplets\/09princessandpea.jpg\" border=\"0\" alt=\"\" width=\"130\" height=\"98\" \/><\/a><br \/>\nThe  triplets<\/td>\n<td width=\"200\" align=\"middle\" valign=\"center\"><a href=\"http:\/\/childtopia.com\/index.php?module=home&amp;func=coce&amp;myidioma=cat&amp;idphpx=jocs-educatius\" target=\"_blank\"><img loading=\"lazy\" src=\"http:\/\/www.angles365.com\/classroom\/imatges\/imatges6\/readings.jpg\" border=\"0\" alt=\"\" width=\"130\" height=\"98\" \/><\/a><br \/>\nReadings<\/td>\n<td width=\"200\" align=\"middle\" valign=\"center\"><\/td>\n<\/tr>\n<\/tbody>\n<\/table>\n<table border=\"0\" cellspacing=\"0\" cellpadding=\"0\" width=\"800\" align=\"center\"><!--DWLayoutTable--><\/p>\n<tbody><\/tbody>\n<tbody>\n<tr>\n<td width=\"32\" height=\"44\" valign=\"top\" bgcolor=\"#ebd7ff\"><!--DWLayoutEmptyCell--><\/td>\n<td width=\"768\" align=\"middle\" valign=\"center\" bgcolor=\"#ebd7ff\">\n<div>FESTIVITIES AND OTHERS<\/div>\n<\/td>\n<\/tr>\n<\/tbody>\n<\/table>\n<p><!--DWLayoutTable--><\/p>\n<table border=\"0\" cellspacing=\"0\" cellpadding=\"0\" width=\"800\" align=\"center\">\n<tbody>\n<tr>\n<td width=\"200\" align=\"middle\" valign=\"center\"><a href=\"http:\/\/www.angles365.com\/classroom\/c6grammar.htm\" target=\"_blank\"><img loading=\"lazy\" src=\"http:\/\/www.angles365.com\/classroom\/imatges\/imatges5\/grammar.jpg\" border=\"0\" alt=\"\" width=\"130\" height=\"97\" \/><\/a><br \/>\nGrammar<\/td>\n<td width=\"200\" height=\"163\" align=\"middle\" valign=\"center\"><a href=\"http:\/\/www.angles365.com\/classroom\/festivities.htm\" target=\"_blank\"><img loading=\"lazy\" src=\"http:\/\/www.angles365.com\/classroom\/imatges\/festivals.gif\" border=\"0\" alt=\"\" width=\"130\" height=\"98\" \/><\/a> Festivities&amp;Festivals<\/td>\n<td width=\"200\" height=\"163\" align=\"middle\" valign=\"center\"><a href=\"http:\/\/www.angles365.com\/classroom\/c6thinking.htm\" target=\"_blank\"><img loading=\"lazy\" src=\"http:\/\/www.angles365.com\/classroom\/imatges\/imatges4t\/numbers\/color01.gif\" border=\"0\" alt=\"\" width=\"130\" height=\"97\" \/><\/a><br \/>\nThinking<\/td>\n<td width=\"200\" align=\"middle\" valign=\"center\"><a href=\"http:\/\/www.angles365.com\/classroom\/bc6e.htm\" target=\"_blank\"><img loading=\"lazy\" src=\"http:\/\/www.angles365.com\/classroom\/imatges\/british5e.gif\" border=\"0\" alt=\"\" width=\"130\" height=\"98\" \/><\/a><br \/>\nGames and  songs<\/td>\n<\/tr>\n<tr>\n<td width=\"200\" align=\"middle\" valign=\"center\"><a href=\"http:\/\/www.angles365.com\/classroom\/c5descriptions.htm\" target=\"_blank\"><img loading=\"lazy\" src=\"http:\/\/www.angles365.com\/classroom\/imatges\/imatges5\/description\/description01.jpg\" border=\"0\" alt=\"\" width=\"130\" height=\"97\" \/><\/a><br \/>\nDescriptions<\/td>\n<td width=\"200\" align=\"middle\" valign=\"center\"><\/td>\n<\/tr>\n<\/tbody>\n<\/table>\n<\/div>\n<\/div>\n<div id=\"comments\">\n<div id=\"cmtswitcher\"><\/div>\n<\/div>\n<div id=\"respond\"><!-- comment input --><\/div>\n","protected":false},"excerpt":{"rendered":"<p>ENGLISH 5\u00ba &amp; 6\u00ba . Ingl\u00e9s para\u00a0sexto de Primaria Travel Acceder Se trabaja el vocabulario de los alimentos y bebidas, comida de diferentes pa\u00edses, el clima, medios de transporte, pa\u00edses y nacionalidades para reforzar las funciones de describir mediante adverbios (-ly) y preguntar c\u00f3mo llegar a un lugar. Hobbies and\u00a0interests Acceder Se trabaja la descripci\u00f3n [&hellip;]<\/p>\n","protected":false},"author":6,"featured_media":0,"parent":644,"menu_order":4,"comment_status":"open","ping_status":"open","template":"","meta":[],"_links":{"self":[{"href":"https:\/\/cpcorella.educacion.navarra.es\/blogs\/3ciclo\/wp-json\/wp\/v2\/pages\/654"}],"collection":[{"href":"https:\/\/cpcorella.educacion.navarra.es\/blogs\/3ciclo\/wp-json\/wp\/v2\/pages"}],"about":[{"href":"https:\/\/cpcorella.educacion.navarra.es\/blogs\/3ciclo\/wp-json\/wp\/v2\/types\/page"}],"author":[{"embeddable":true,"href":"https:\/\/cpcorella.educacion.navarra.es\/blogs\/3ciclo\/wp-json\/wp\/v2\/users\/6"}],"replies":[{"embeddable":true,"href":"https:\/\/cpcorella.educacion.navarra.es\/blogs\/3ciclo\/wp-json\/wp\/v2\/comments?post=654"}],"version-history":[{"count":0,"href":"https:\/\/cpcorella.educacion.navarra.es\/blogs\/3ciclo\/wp-json\/wp\/v2\/pages\/654\/revisions"}],"up":[{"embeddable":true,"href":"https:\/\/cpcorella.educacion.navarra.es\/blogs\/3ciclo\/wp-json\/wp\/v2\/pages\/644"}],"wp:attachment":[{"href":"https:\/\/cpcorella.educacion.navarra.es\/blogs\/3ciclo\/wp-json\/wp\/v2\/media?parent=654"}],"curies":[{"name":"wp","href":"https:\/\/api.w.org\/{rel}","templated":true}]}}