{"id":640,"date":"2010-01-28T11:27:23","date_gmt":"2010-01-28T11:27:23","guid":{"rendered":"http:\/\/pitagorines.wordpress.com\/lengua-mi-baul-de-lengua\/"},"modified":"2010-01-28T11:27:23","modified_gmt":"2010-01-28T11:27:23","slug":"lengua-mi-baul-de-lengua","status":"publish","type":"page","link":"https:\/\/cpcorella.educacion.navarra.es\/blogs\/3ciclo\/quinto\/lengua-3\/lengua-mi-baul-de-lengua\/","title":{"rendered":"LENGUA MI BA\u00daL DE LENGUA"},"content":{"rendered":"<div>\n<table border=\"1\" cellspacing=\"0\" cellpadding=\"0\">\n<tbody>\n<tr>\n<td colspan=\"2\" width=\"489\" valign=\"top\">LENGUA MI BA\u00daL DE LENGUA<\/td>\n<\/tr>\n<tr>\n<td width=\"215\" valign=\"top\">CONTENIDOS<\/td>\n<td width=\"274\" valign=\"top\">RECURSOS<\/td>\n<\/tr>\n<tr>\n<td width=\"215\" valign=\"top\"><strong>Actividades diversas<\/strong><\/td>\n<td width=\"274\" valign=\"top\">\n<ul>\n<li><a href=\"http:\/\/www.juntadeandalucia.es\/averroes\/~29602220\/Mi_Caza\/Dia_del_Libro3.htm\" target=\"_blank\">Caza del tesoro: EL D\u00cdA DEL LIBRO<\/a><\/li>\n<li><a href=\"http:\/\/clic.xtec.net\/db\/jclicApplet.jsp?project=http:\/\/clic.xtec.net\/projects\/quijote5\/jclic\/quijote5.jclic.zip&amp;lang=es\" target=\"_blank\">El Quijote<\/a><\/li>\n<li><a href=\"http:\/\/clic.xtec.net\/db\/jclicApplet.jsp?project=http:\/\/clic.xtec.net\/projects\/quijote4\/jclic\/quijote4.jclic.zip&amp;lang=es\" target=\"_blank\">Cervantes y El Quijote<\/a><\/li>\n<li><a href=\"http:\/\/www.rinconsolidario.org\/palabrasamigas\/pa\/juegos.htm\" target=\"_blank\">JUEGA CON LAS PALABRAS<\/a><\/li>\n<li><a href=\"http:\/\/www.educa.jcyl.es\/educacyl\/cm\/gallery\/Recursos%20Boecillo\/lengua\/Cofre3\/index.htm\" target=\"_blank\">EL COFRE DE LAS PALABRAS<\/a><\/li>\n<li><a href=\"http:\/\/www.vedoque.com\/juegos\/juego.php?j=ortonave-h\" target=\"_blank\">VELILA AL MANDO DE LA ORTONAVE 2<\/a><\/li>\n<li><a href=\"http:\/\/www.vedoque.com\/juegos\/juego.php?j=ortonave-c\" target=\"_blank\">VELILA AL MANDO DE LA ORTONAVE 3<\/a><\/li>\n<li><a href=\"http:\/\/www.educa.jcyl.es\/educacyl\/cm\/gallery\/recursos%20edebe\/lengua\/10_12_1\/index.htm\" target=\"_blank\">LECTURA<\/a><\/li>\n<li><a href=\"http:\/\/www.educa.jcyl.es\/educacyl\/cm\/gallery\/recursos%20edebe\/lengua\/10_12_2\/index.htm\" target=\"_blank\">ESCRITURA<\/a><\/li>\n<li><a href=\"http:\/\/www.editorialyalde.com\/curso\/htmldocs\/libro5\/libro5.html\" target=\"_blank\">ORTOGRAF\u00cdA IDEOVISUAL<\/a><\/li>\n<li><a href=\"http:\/\/cajondesastre.juegos.free.fr\/ejercicios_gramatica.htm\" target=\"_blank\">GRAM\u00c1TICA<\/a><\/li>\n<li><a href=\"http:\/\/ortoflash.masterd.es\/juego-masterd-ortografia.html\" target=\"_blank\">ORTOGRAF\u00cdA<\/a><\/li>\n<li><a href=\"http:\/\/www.reglasdeortografia.com\/testvelocidad03.html\" target=\"_blank\">TEST DE VELOCIDAD LECTORA<\/a><\/li>\n<li><a href=\"http:\/\/www.isftic.mepsyd.es\/w3\/recursos2\/cuentos2\/index.html\" target=\"_blank\">CUENTOS Y LEYENDAS ILUSTRADOS PARA NI\u00d1OS III<\/a><\/li>\n<li><a href=\"http:\/\/adigital.pntic.mec.es\/~aramo\/lectura\/lma01_10.htm\" target=\"_blank\">LECTURAS<\/a><\/li>\n<\/ul>\n<\/td>\n<\/tr>\n<tr>\n<td width=\"215\" valign=\"top\"><strong>Comprensi\u00f3n lectora<\/strong><\/td>\n<td width=\"274\" valign=\"top\">\n<ul>\n<li><a href=\"http:\/\/reglasdeortografia.com\/testcomprension3ciclo.html\" target=\"_blank\">TEST DE COMPRENSI\u00d3N LECTORA<\/a><\/li>\n<li><a href=\"http:\/\/clic.xtec.net\/db\/jclicApplet.jsp?project=http:\/\/clic.xtec.net\/projects\/lenguac3\/jclic\/lenguac3.jclic.zip&amp;lang=es\" target=\"_blank\">Comprensi\u00f3n<\/a><\/li>\n<li><a href=\"http:\/\/www.edu.xunta.es\/contidos\/premios\/p2003\/b\/karaoke\/karaoke.html\" target=\"_blank\">KARAOKE LITERARIO<\/a><\/li>\n<\/ul>\n<\/td>\n<\/tr>\n<tr>\n<td width=\"215\" valign=\"top\">Otras actividades.<\/td>\n<\/tr>\n<\/tbody>\n<\/table>\n<\/div>\n","protected":false},"excerpt":{"rendered":"<p>LENGUA MI BA\u00daL DE LENGUA CONTENIDOS RECURSOS Actividades diversas Caza del tesoro: EL D\u00cdA DEL LIBRO El Quijote Cervantes y El Quijote JUEGA CON LAS PALABRAS EL COFRE DE LAS PALABRAS VELILA AL MANDO DE LA ORTONAVE 2 VELILA AL MANDO DE LA ORTONAVE 3 LECTURA ESCRITURA ORTOGRAF\u00cdA IDEOVISUAL GRAM\u00c1TICA ORTOGRAF\u00cdA TEST DE VELOCIDAD LECTORA [&hellip;]<\/p>\n","protected":false},"author":6,"featured_media":0,"parent":465,"menu_order":16,"comment_status":"open","ping_status":"open","template":"","meta":[],"_links":{"self":[{"href":"https:\/\/cpcorella.educacion.navarra.es\/blogs\/3ciclo\/wp-json\/wp\/v2\/pages\/640"}],"collection":[{"href":"https:\/\/cpcorella.educacion.navarra.es\/blogs\/3ciclo\/wp-json\/wp\/v2\/pages"}],"about":[{"href":"https:\/\/cpcorella.educacion.navarra.es\/blogs\/3ciclo\/wp-json\/wp\/v2\/types\/page"}],"author":[{"embeddable":true,"href":"https:\/\/cpcorella.educacion.navarra.es\/blogs\/3ciclo\/wp-json\/wp\/v2\/users\/6"}],"replies":[{"embeddable":true,"href":"https:\/\/cpcorella.educacion.navarra.es\/blogs\/3ciclo\/wp-json\/wp\/v2\/comments?post=640"}],"version-history":[{"count":0,"href":"https:\/\/cpcorella.educacion.navarra.es\/blogs\/3ciclo\/wp-json\/wp\/v2\/pages\/640\/revisions"}],"up":[{"embeddable":true,"href":"https:\/\/cpcorella.educacion.navarra.es\/blogs\/3ciclo\/wp-json\/wp\/v2\/pages\/465"}],"wp:attachment":[{"href":"https:\/\/cpcorella.educacion.navarra.es\/blogs\/3ciclo\/wp-json\/wp\/v2\/media?parent=640"}],"curies":[{"name":"wp","href":"https:\/\/api.w.org\/{rel}","templated":true}]}}