{"id":568,"date":"2010-01-17T22:29:47","date_gmt":"2010-01-17T22:29:47","guid":{"rendered":"http:\/\/pitagorines.wordpress.com\/?page_id=568"},"modified":"2010-01-17T22:29:47","modified_gmt":"2010-01-17T22:29:47","slug":"mi-baul-matematico","status":"publish","type":"page","link":"https:\/\/cpcorella.educacion.navarra.es\/blogs\/3ciclo\/quinto\/matematicas\/mi-baul-matematico\/","title":{"rendered":"Mi ba\u00fal matem\u00e1tico"},"content":{"rendered":"<table border=\"1\" cellspacing=\"0\" cellpadding=\"0\">\n<tbody>\n<tr>\n<td colspan=\"2\" width=\"489\" valign=\"top\">MI BA\u00daL MATEM\u00c1TICO<\/td>\n<\/tr>\n<tr>\n<td width=\"215\" valign=\"top\">CONTENIDOS<\/td>\n<td width=\"274\" valign=\"top\">RECURSOS<\/td>\n<\/tr>\n<tr>\n<td width=\"215\" valign=\"top\">PROBLEMAS<\/td>\n<td width=\"274\" valign=\"top\">\n<ul>\n<li><a href=\"http:\/\/sauce.pntic.mec.es\/jdiego\/numer\/adivina\/adivinanum1.htm\" target=\"_blank\">ADIVINA EL N\u00daMERO<\/a><\/li>\n<li><a href=\"http:\/\/clic.xtec.net\/db\/jclicApplet.jsp?project=http:\/\/clic.xtec.net\/projects\/probcast\/jclic\/probcast.jclic.zip&amp;lang=es\" target=\"_blank\">PROBLEMAS I<\/a><\/li>\n<li><a href=\"http:\/\/sauce.pntic.mec.es\/jdiego\/numer\/busca\/buscanum1.htm\" target=\"_blank\">BUSCA LOS N\u00daMEROS<\/a><\/li>\n<li><a href=\"http:\/\/clic.xtec.net\/db\/jclicApplet.jsp?project=http:\/\/clic.xtec.net\/projects\/interfes\/jclic\/interfes.jclic.zip&amp;lang=es\" target=\"_blank\">PROBLEMAS II<\/a><\/li>\n<li><a href=\"http:\/\/sauce.pntic.mec.es\/jdiego\/problem\/probabuelo\/probabuelo1.htm\" target=\"_blank\">LOS PROBLEMAS DEL ABUELO I<\/a><\/li>\n<li><a href=\"http:\/\/www.omerique.net\/polavide\/rec_polavide0708\/aplicaciones%20polavide%200708\/proyecto%20JClic%200708\/rprobl\/index.htm\" target=\"_blank\">PROBLEMAS III<\/a><\/li>\n<li><a href=\"http:\/\/sauce.pntic.mec.es\/jdiego\/problem\/probabuelo\/probabuelo2.htm\" target=\"_blank\">LOS PROBLEMAS DEL ABUELO II<\/a><\/li>\n<\/ul>\n<\/td>\n<\/tr>\n<tr>\n<td width=\"215\" valign=\"top\">ACTIVIDADES VARIADAS<\/td>\n<td width=\"274\" valign=\"top\">\n<ul>\n<li><a href=\"http:\/\/www.educarm.es\/templates\/portal\/images\/ficheros\/websDinamicas\/331\/secciones\/1084\/contenidos\/6284\/operaciones_basicas_espacio.swf\" target=\"_blank\">JUGAMOS CON LAS OPERACIONES<\/a><\/li>\n<li><a href=\"http:\/\/clic.xtec.net\/db\/jclicApplet.jsp?project=http:\/\/clic.xtec.net\/projects\/calculom\/jclic\/calculom.jclic.zip&amp;lang=es\" target=\"_blank\">C\u00c1LCULO MENTAL I<\/a><\/li>\n<li><a href=\"http:\/\/cprmerida.juntaextremadura.net\/cpr\/matematicas\/aplicacion\/grado56\/paramatematicas.html\" target=\"_blank\">TRIVIAL DE MATEM\u00c1TICAS<\/a><\/li>\n<li><a href=\"http:\/\/clic.xtec.net\/db\/jclicApplet.jsp?project=http:\/\/clic.xtec.net\/projects\/prisma\/jclic\/prisma.jclic.zip&amp;lang=es\" target=\"_blank\">C\u00c1LCULO MENTAL II<\/a><\/li>\n<li><a href=\"http:\/\/www.educa.jcyl.es\/educacyl\/cm\/gallery\/recursos%20edebe\/matematicas\/10_12_1\/index.htm\" target=\"_blank\">MEDIDAS Y GEOMETR\u00cdA<\/a><\/li>\n<li><a href=\"http:\/\/clic.xtec.net\/db\/jclicApplet.jsp?project=http:\/\/clic.xtec.net\/projects\/ocaesp\/jclic\/ocaesp.jclic.zip&amp;lang=es\" target=\"_blank\">LA OCA MATEM\u00c1TICA<\/a><\/li>\n<li><a href=\"http:\/\/www.educa.jcyl.es\/educacyl\/cm\/gallery\/recursos%20edebe\/matematicas\/10_12_2\/index.htm\" target=\"_blank\">N\u00daMEROS Y OPERACIONES<\/a><\/li>\n<li><a href=\"http:\/\/clic.xtec.net\/db\/jclicApplet.jsp?project=http:\/\/clic.xtec.net\/projects\/pasmates\/jclic\/pasmates.jclic.zip&amp;lang=es\" target=\"_blank\">PASATIEMPOS<\/a><\/li>\n<\/ul>\n<\/td>\n<\/tr>\n<\/tbody>\n<\/table>\n","protected":false},"excerpt":{"rendered":"<p>MI BA\u00daL MATEM\u00c1TICO CONTENIDOS RECURSOS PROBLEMAS ADIVINA EL N\u00daMERO PROBLEMAS I BUSCA LOS N\u00daMEROS PROBLEMAS II LOS PROBLEMAS DEL ABUELO I PROBLEMAS III LOS PROBLEMAS DEL ABUELO II ACTIVIDADES VARIADAS JUGAMOS CON LAS OPERACIONES C\u00c1LCULO MENTAL I TRIVIAL DE MATEM\u00c1TICAS C\u00c1LCULO MENTAL II MEDIDAS Y GEOMETR\u00cdA LA OCA MATEM\u00c1TICA N\u00daMEROS Y OPERACIONES PASATIEMPOS<\/p>\n","protected":false},"author":6,"featured_media":0,"parent":463,"menu_order":16,"comment_status":"open","ping_status":"open","template":"","meta":[],"_links":{"self":[{"href":"https:\/\/cpcorella.educacion.navarra.es\/blogs\/3ciclo\/wp-json\/wp\/v2\/pages\/568"}],"collection":[{"href":"https:\/\/cpcorella.educacion.navarra.es\/blogs\/3ciclo\/wp-json\/wp\/v2\/pages"}],"about":[{"href":"https:\/\/cpcorella.educacion.navarra.es\/blogs\/3ciclo\/wp-json\/wp\/v2\/types\/page"}],"author":[{"embeddable":true,"href":"https:\/\/cpcorella.educacion.navarra.es\/blogs\/3ciclo\/wp-json\/wp\/v2\/users\/6"}],"replies":[{"embeddable":true,"href":"https:\/\/cpcorella.educacion.navarra.es\/blogs\/3ciclo\/wp-json\/wp\/v2\/comments?post=568"}],"version-history":[{"count":0,"href":"https:\/\/cpcorella.educacion.navarra.es\/blogs\/3ciclo\/wp-json\/wp\/v2\/pages\/568\/revisions"}],"up":[{"embeddable":true,"href":"https:\/\/cpcorella.educacion.navarra.es\/blogs\/3ciclo\/wp-json\/wp\/v2\/pages\/463"}],"wp:attachment":[{"href":"https:\/\/cpcorella.educacion.navarra.es\/blogs\/3ciclo\/wp-json\/wp\/v2\/media?parent=568"}],"curies":[{"name":"wp","href":"https:\/\/api.w.org\/{rel}","templated":true}]}}