{"id":565,"date":"2010-01-17T18:56:54","date_gmt":"2010-01-17T18:56:54","guid":{"rendered":"http:\/\/pitagorines.wordpress.com\/?page_id=565"},"modified":"2010-01-17T18:56:54","modified_gmt":"2010-01-17T18:56:54","slug":"tema-16","status":"publish","type":"page","link":"https:\/\/cpcorella.educacion.navarra.es\/blogs\/3ciclo\/quinto\/conocimiento\/tema-16\/","title":{"rendered":"Tema 16"},"content":{"rendered":"<p>Tema 16 \u201cLa energ\u00eda\u201d<\/p>\n<p>Contenidos:<\/p>\n<ul>\n<li>La energ\u00eda.<\/li>\n<li>Fuentes de energ\u00eda no      renovables.<\/li>\n<li>Fuentes de energ\u00eda      renovables.<\/li>\n<li>El calor<\/li>\n<li>Producci\u00f3n y consumo de      energ\u00eda.<\/li>\n<li>Energ\u00eda y fuerzas.<\/li>\n<\/ul>\n<p>Recursos:<\/p>\n<ol>\n<li><a href=\"http:\/\/www.juntadeandalucia.es\/averroes\/recursos_informaticos\/proyectos2004\/la_tierra\/energia\/indexenergia.html\" target=\"_blank\">LA ENERG\u00cdA I<\/a><\/li>\n<li><a href=\"http:\/\/www.juntadeandalucia.es\/averroes\/carambolo\/WEB%20JCLIC2\/Medio\/energi\/index.htm\" target=\"_blank\">LA ENERG\u00cdA<\/a><\/li>\n<li><a href=\"http:\/\/www.natureduca.com\/energ_indice_introd.php#inicio\" target=\"_blank\">LA ENERG\u00cdA II<\/a><\/li>\n<li><a href=\"http:\/\/www.managenergy.net\/kidscorner\/es\/u11\/u11.html\" target=\"_blank\">LA ENERG\u00cdA III<\/a><\/li>\n<li><a href=\"http:\/\/contenidos.santillanaenred.com\/jukebox\/servlet\/GetPlayer?p3v=true&amp;xref=200606201402_PRE_0_1203175430&amp;mode=1&amp;rtc=1001&amp;locale=es_ES&amp;cache=false\" target=\"_blank\">LA ENERG\u00cdA IV<\/a><\/li>\n<li><a href=\"http:\/\/www.mec.es\/mnct\/pequemuseo\/CD\/content\/peque8\/index.html\" target=\"_blank\">CALOR<\/a><\/li>\n<li><a href=\"http:\/\/www.frenaelcambioclimatico.org\/blog\/popup\/RenovablesRaimon-11.swf\" target=\"_blank\">ENERG\u00cdAS RENOVABLES<\/a><\/li>\n<li><a href=\"http:\/\/conteni2.educarex.es\/mats\/14345\/contenido\/\" target=\"_blank\">LABORATORIO VIRTUAL<\/a><\/li>\n<li><a href=\"http:\/\/www.proyectohormiga.org\/inv\/wq\/energia\/index.html\" target=\"_blank\">WEBQUEST: LA ENERG\u00cdA<\/a><\/li>\n<li><a href=\"http:\/\/www.profes.net\/varios\/videos_interactivos\/index.html\" target=\"_blank\">TEMPERATURA Y CALOR<\/a><\/li>\n<li><a href=\"http:\/\/www.juntadeandalucia.es\/averroes\/carambolo\/WEB%20JCLIC2\/Medio\/calotemp\/index.htm\" target=\"_blank\">EL CALOR Y LA TEMPERATURA<\/a><\/li>\n<li><a href=\"http:\/\/www.educarm.es\/templates\/portal\/images\/ficheros\/primaria\/1\/secciones\/7\/contenidos\/993\/petroleo.swf\" target=\"_blank\">EL PETR\u00d3LEO<\/a><\/li>\n<li><a href=\"http:\/\/www.educarm.es\/templates\/portal\/images\/ficheros\/primaria\/1\/secciones\/7\/contenidos\/992\/gasnatural.swf\" target=\"_blank\">EL GAS NATURAL<\/a><\/li>\n<li><a href=\"http:\/\/www.ceipjuanherreraalcausa.es\/Recursosdidacticos\/SEXTO\/Conocimiento\/u06\/0602.htm\" target=\"_blank\">FUENTES DE ENERG\u00cdA<\/a><\/li>\n<li><a href=\"http:\/\/www.ceipjuanherreraalcausa.es\/Recursosdidacticos\/SEXTO\/Conocimiento\/u06\/0603.htm\" target=\"_blank\">FUENTES DE ENERG\u00cdA RENOVABLES Y      NO RENOVABLES<\/a><\/li>\n<li><a href=\"http:\/\/www.talentfactory.dk\/es\/kids\/index.htm\" target=\"_blank\">MOLINER Y EL VIENTO<\/a><\/li>\n<li><a href=\"http:\/\/www.librosvivos.net\/smtc\/homeTC.asp?TemaClave=1080\" target=\"_blank\">ENERG\u00cdAS ALTERNATIVAS<\/a><\/li>\n<li><a href=\"http:\/\/www.primaria.librosvivos.net\/6EP_cono_cas_ud6_fuentes_energia_2.html\" target=\"_blank\">LAS FUENTES DE ENERG\u00cdA M\u00c1S      UTILIZADAS<\/a><\/li>\n<li><a href=\"http:\/\/proyectos.cnice.mec.es\/arquimedes\/movie.php?usuario=2&amp;nivel=1&amp;movie=fp005\/gm001\/md010\/ut001\/0flash\/movie.swf\" target=\"_blank\">ENERG\u00cdA EL\u00c9CTRICA DOM\u00c9STICA<\/a><\/li>\n<li> <a href=\"http:\/\/www.primaria.librosvivos.net\/6EP_Cono_ud6_centrales_electricas_5.html\" target=\"_blank\">LA PRODUCCI\u00d3N DE ELECTRICIDAD<\/a><\/li>\n<li><a href=\"http:\/\/www.exploradores.org.pe\/cinematografo.html\" target=\"_blank\">EXPLORADORES<\/a><\/li>\n<li><a href=\"http:\/\/www.clarionweb.es\/4_curso\/c_medio\/cm_408.htm\" target=\"_blank\">LA ENERG\u00cdA<\/a><\/li>\n<li><a href=\"http:\/\/contenidos.santillanaenred.com\/jukebox\/servlet\/GetPlayer?p3v=true&amp;xref=200601201252_PRE_0_-2106392702&amp;mode=1&amp;rtc=1001&amp;locale=es_ES&amp;cache=false\" target=\"_blank\">LA ENERG\u00cdA EL\u00c9CTRICA<\/a><\/li>\n<li><a href=\"http:\/\/www.gstriatum.com\/energiasolar\/videos\/index_video1.html\" target=\"_blank\">LOS MEJORES V\u00cdDEOS DE ENERG\u00cdA      SOLAR<\/a><\/li>\n<li><a href=\"http:\/\/www.clarionweb.es\/6_curso\/jclic6\/c_medio\/tema3\/cm603.htm\" target=\"_blank\">REPASO LA UNIDAD<\/a><\/li>\n<li><a href=\"http:\/\/www.gstriatum.com\/energiasolar\/energia_renovable.html\" target=\"_blank\">ENERG\u00cdAS RENOVABLES<\/a><\/li>\n<li><a href=\"http:\/\/www.primaria.librosvivos.net\/Autoevaluacion_6EP_Cono_cas_ud6_4.html\" target=\"_blank\">AUTOEVALUACI\u00d3N DE LA UNIDAD<\/a><\/li>\n<\/ol>\n","protected":false},"excerpt":{"rendered":"<p>Tema 16 \u201cLa energ\u00eda\u201d Contenidos: La energ\u00eda. Fuentes de energ\u00eda no renovables. Fuentes de energ\u00eda renovables. El calor Producci\u00f3n y consumo de energ\u00eda. Energ\u00eda y fuerzas. Recursos: LA ENERG\u00cdA I LA ENERG\u00cdA LA ENERG\u00cdA II LA ENERG\u00cdA III LA ENERG\u00cdA IV CALOR ENERG\u00cdAS RENOVABLES LABORATORIO VIRTUAL WEBQUEST: LA ENERG\u00cdA TEMPERATURA Y CALOR EL CALOR Y [&hellip;]<\/p>\n","protected":false},"author":6,"featured_media":0,"parent":466,"menu_order":16,"comment_status":"open","ping_status":"open","template":"","meta":[],"_links":{"self":[{"href":"https:\/\/cpcorella.educacion.navarra.es\/blogs\/3ciclo\/wp-json\/wp\/v2\/pages\/565"}],"collection":[{"href":"https:\/\/cpcorella.educacion.navarra.es\/blogs\/3ciclo\/wp-json\/wp\/v2\/pages"}],"about":[{"href":"https:\/\/cpcorella.educacion.navarra.es\/blogs\/3ciclo\/wp-json\/wp\/v2\/types\/page"}],"author":[{"embeddable":true,"href":"https:\/\/cpcorella.educacion.navarra.es\/blogs\/3ciclo\/wp-json\/wp\/v2\/users\/6"}],"replies":[{"embeddable":true,"href":"https:\/\/cpcorella.educacion.navarra.es\/blogs\/3ciclo\/wp-json\/wp\/v2\/comments?post=565"}],"version-history":[{"count":0,"href":"https:\/\/cpcorella.educacion.navarra.es\/blogs\/3ciclo\/wp-json\/wp\/v2\/pages\/565\/revisions"}],"up":[{"embeddable":true,"href":"https:\/\/cpcorella.educacion.navarra.es\/blogs\/3ciclo\/wp-json\/wp\/v2\/pages\/466"}],"wp:attachment":[{"href":"https:\/\/cpcorella.educacion.navarra.es\/blogs\/3ciclo\/wp-json\/wp\/v2\/media?parent=565"}],"curies":[{"name":"wp","href":"https:\/\/api.w.org\/{rel}","templated":true}]}}